{"id":18948,"date":"2022-03-29T08:24:15","date_gmt":"2022-03-29T08:24:15","guid":{"rendered":"https:\/\/iconico.es\/cuestionarios-iconico-zinc-arquitectos\/"},"modified":"2022-03-29T08:32:55","modified_gmt":"2022-03-29T08:32:55","slug":"cuestionarios-iconico-zinc-arquitectos","status":"publish","type":"page","link":"https:\/\/iconico.es\/en\/cuestionarios-iconico-zinc-arquitectos\/","title":{"rendered":"Cuestionarios IC\u00d3NICO- Zinc Arquitectos"},"content":{"rendered":"[vc_row][vc_column css=&#8221;.vc_custom_1643902698369{padding-top: 20px !important;}&#8221;][vc_single_image image=&#8221;18933&#8243; img_size=&#8221;full&#8221; alignment=&#8221;center&#8221;][\/vc_column][\/vc_row][vc_row][vc_column css=&#8221;.vc_custom_1643902698369{padding-top: 20px !important;}&#8221;][vc_images_carousel images=&#8221;18941&#8243; img_size=&#8221;full&#8221; hide_prev_next_buttons=&#8221;yes&#8221;][\/vc_column][\/vc_row][vc_row et_column_align=&#8221;align-center&#8221; css=&#8221;.vc_custom_1634139062174{margin-top: 3% !important;}&#8221;][vc_column width=&#8221;1\/4&#8243;][vc_column_text]\n<h4>Cuestionarios IC\u00d3NICO Mar\u00e7 2022<\/h4>\n[\/vc_column_text][\/vc_column][vc_column width=&#8221;1\/2&#8243;][\/vc_column][vc_column width=&#8221;1\/4&#8243;][\/vc_column][\/vc_row][vc_row][vc_column width=&#8221;1\/2&#8243;][vc_column_text]En colaboraci\u00f3n con la firma de elementos para la arquitectura Ic\u00f3nico (www.iconico.es), AyD publica esta secci\u00f3n mensual, un retrato r\u00e1pido de arquitectos e interioristas espa\u00f1oles que en pocas palabras dicen mucho de su talento personal. En este n\u00famero hablamos con Nina G\u00f3mez-Mill\u00e1n, del estudio Zinc Arquitectos.[\/vc_column_text][\/vc_column][vc_column width=&#8221;1\/2&#8243;][\/vc_column][\/vc_row][vc_row css=&#8221;.vc_custom_1633511909561{margin-bottom: 5% !important;}&#8221;][vc_column width=&#8221;1\/2&#8243;][vc_column_text]<strong>INFORMACI\u00d3N<\/strong><\/p>\n<p>Revista: Arquitectura y dise\u00f1o<\/p>\n<p>A\u00f1o: 2022<\/p>\n<p>Art\u00edculo: Zinc Arquitectos<\/p>\n<p>Versi\u00f3n: F\u00edsica[\/vc_column_text][\/vc_column][vc_column width=&#8221;1\/2&#8243;][\/vc_column][\/vc_row][vc_row][vc_column][vc_column_text]\n<h4>PRODUCTOS RELACIONADOS<\/h4>\n[\/vc_column_text]<div class=\"woocommerce columns-4 \">\n<ul class=\"products row et-main-products hover-animation- et-shop-show-variations show-rating\" data-columns=\"4\" data-mobile-columns=\"2\" data-navigation=\"true\" data-pagination=\"true\" data-layoutmode=\"packery\">\n<li class=\"item et-listing-style2 col-6 col-sm-6 col-md-4 col-lg-3 small_grid_5 product type-product post-40702 status-publish first instock product_cat-collection-c-bathtub-faucets has-post-thumbnail shipping-taxable product-type-simple\">\n\t<div class=\"product-inner animation fade\">\n\t\t<figure class=\"product_thumbnail \">  \n\t\t<a href=\"https:\/\/iconico.es\/en\/product\/c-be28-grifo-autoportante-para-banera-con-cano-alto-y-mezclador-monomando\/\" title=\"C-BE28\"><img loading=\"lazy\" decoding=\"async\" width=\"600\" height=\"394\" src=\"https:\/\/iconico.es\/wp-content\/uploads\/C-BE28-16_grifo-banera_suelo_cromo_iconico-2-600x394.jpg\" class=\"main-image skip-lazy wp-post-image\" alt=\"\" srcset=\"https:\/\/iconico.es\/wp-content\/uploads\/C-BE28-16_grifo-banera_suelo_cromo_iconico-2-600x394.jpg 600w, https:\/\/iconico.es\/wp-content\/uploads\/C-BE28-16_grifo-banera_suelo_cromo_iconico-2-320x210.jpg 320w, https:\/\/iconico.es\/wp-content\/uploads\/C-BE28-16_grifo-banera_suelo_cromo_iconico-2-1024x672.jpg 1024w, https:\/\/iconico.es\/wp-content\/uploads\/C-BE28-16_grifo-banera_suelo_cromo_iconico-2-768x504.jpg 768w, https:\/\/iconico.es\/wp-content\/uploads\/C-BE28-16_grifo-banera_suelo_cromo_iconico-2-1536x1008.jpg 1536w, https:\/\/iconico.es\/wp-content\/uploads\/C-BE28-16_grifo-banera_suelo_cromo_iconico-2-1006x660.jpg 1006w, https:\/\/iconico.es\/wp-content\/uploads\/C-BE28-16_grifo-banera_suelo_cromo_iconico-2-150x98.jpg 150w, https:\/\/iconico.es\/wp-content\/uploads\/C-BE28-16_grifo-banera_suelo_cromo_iconico-2-900x591.jpg 900w, https:\/\/iconico.es\/wp-content\/uploads\/C-BE28-16_grifo-banera_suelo_cromo_iconico-2.jpg 1920w\" sizes=\"auto, (max-width: 600px) 100vw, 600px\" \/><\/a>\n\t\t\t\t<div class=\"actions-wrapper\">\n\t\t\t<div class=\"actions-inner\">\n\t\t\t\t\t\t\t\t<a href=\"https:\/\/iconico.es\/en\/product\/c-be28-grifo-autoportante-para-banera-con-cano-alto-y-mezclador-monomando\/\" data-quantity=\"1\" class=\"button product_type_simple\" data-product_id=\"40702\" data-product_sku=\"\" aria-label=\"Read more about &ldquo;C-BE28&rdquo;\" rel=\"nofollow\"><span class=\"text\">Read more<\/span><span class=\"icon\"><span class=\"et-icon et-shopping-cart\"><\/span><\/span><\/a>\t\t\t\t<a href=https:\/\/iconico.es\/en\/product\/c-be28-grifo-autoportante-para-banera-con-cano-alto-y-mezclador-monomando\/ title=\"Quick View\" data-product_id=\"40702\" class=\"et-quickview-btn et-tooltip product_type_simple\"><span class=\"text\">Quick View<\/span><span class=\"icon\"><span class=\"et-icon et-maximize-2\"><\/span><\/span><\/span><\/a>\t\t\t<\/div>\n\t\t<\/div>\n\t<\/figure>\n\t<div class=\"caption\">\n\t\t<div class=\"product-title\">\n\t\t\t<h3><a class=\"product-link\" href=\"https:\/\/iconico.es\/en\/product\/c-be28-grifo-autoportante-para-banera-con-cano-alto-y-mezclador-monomando\/\" title=\"C-BE28\">C-BE28<\/a><\/h3>\n\t\t\t\t\t<\/div>\n\t\t\n\t\t<div class=\"product_after_title\">\n\n\t\t\t<div class=\"product_after_shop_loop_price\">\n\t\t\t\t\t\t\t<\/div>\n\n\t\t\t<div class=\"product-excerpt\">\n\t\t\t\t<p>Grifo ba\u00f1era monomando 825,5 mm<\/p>\n\t\t\t<\/div>\n\n\t\t\t<div class=\"after_shop_loop_actions\">\n\n\t\t\t\t\t\t\t<\/div>\n\n\t\t<\/div>\n\n\t\t\n\t<\/div>\n\n\t<\/div>\n\n<\/li>\n<li class=\"item et-listing-style2 col-6 col-sm-6 col-md-4 col-lg-3 small_grid_5 product type-product post-40722 status-publish instock product_cat-collection-c-basin-faucets has-post-thumbnail shipping-taxable product-type-simple\">\n\t<div class=\"product-inner animation fade\">\n\t\t<figure class=\"product_thumbnail \">  \n\t\t<a href=\"https:\/\/iconico.es\/en\/product\/c-le33-grifo-de-lavabo-modelo-2\/\" title=\"C-LE33\"><img loading=\"lazy\" decoding=\"async\" width=\"600\" height=\"394\" src=\"https:\/\/iconico.es\/wp-content\/uploads\/C-LE33-16_grifo-lavabo_sobre-encimera_cromo_iconico-600x394.jpg\" class=\"main-image skip-lazy wp-post-image\" alt=\"\" srcset=\"https:\/\/iconico.es\/wp-content\/uploads\/C-LE33-16_grifo-lavabo_sobre-encimera_cromo_iconico-600x394.jpg 600w, https:\/\/iconico.es\/wp-content\/uploads\/C-LE33-16_grifo-lavabo_sobre-encimera_cromo_iconico-320x210.jpg 320w, https:\/\/iconico.es\/wp-content\/uploads\/C-LE33-16_grifo-lavabo_sobre-encimera_cromo_iconico-1024x672.jpg 1024w, https:\/\/iconico.es\/wp-content\/uploads\/C-LE33-16_grifo-lavabo_sobre-encimera_cromo_iconico-768x504.jpg 768w, https:\/\/iconico.es\/wp-content\/uploads\/C-LE33-16_grifo-lavabo_sobre-encimera_cromo_iconico-1536x1008.jpg 1536w, https:\/\/iconico.es\/wp-content\/uploads\/C-LE33-16_grifo-lavabo_sobre-encimera_cromo_iconico-1006x660.jpg 1006w, https:\/\/iconico.es\/wp-content\/uploads\/C-LE33-16_grifo-lavabo_sobre-encimera_cromo_iconico-150x98.jpg 150w, https:\/\/iconico.es\/wp-content\/uploads\/C-LE33-16_grifo-lavabo_sobre-encimera_cromo_iconico-900x591.jpg 900w, https:\/\/iconico.es\/wp-content\/uploads\/C-LE33-16_grifo-lavabo_sobre-encimera_cromo_iconico.jpg 1920w\" sizes=\"auto, (max-width: 600px) 100vw, 600px\" \/><\/a>\n\t\t\t\t<div class=\"actions-wrapper\">\n\t\t\t<div class=\"actions-inner\">\n\t\t\t\t\t\t\t\t<a href=\"https:\/\/iconico.es\/en\/product\/c-le33-grifo-de-lavabo-modelo-2\/\" data-quantity=\"1\" class=\"button product_type_simple\" data-product_id=\"40722\" data-product_sku=\"\" aria-label=\"Read more about &ldquo;C-LE33&rdquo;\" rel=\"nofollow\"><span class=\"text\">Read more<\/span><span class=\"icon\"><span class=\"et-icon et-shopping-cart\"><\/span><\/span><\/a>\t\t\t\t<a href=https:\/\/iconico.es\/en\/product\/c-le33-grifo-de-lavabo-modelo-2\/ title=\"Quick View\" data-product_id=\"40722\" class=\"et-quickview-btn et-tooltip product_type_simple\"><span class=\"text\">Quick View<\/span><span class=\"icon\"><span class=\"et-icon et-maximize-2\"><\/span><\/span><\/span><\/a>\t\t\t<\/div>\n\t\t<\/div>\n\t<\/figure>\n\t<div class=\"caption\">\n\t\t<div class=\"product-title\">\n\t\t\t<h3><a class=\"product-link\" href=\"https:\/\/iconico.es\/en\/product\/c-le33-grifo-de-lavabo-modelo-2\/\" title=\"C-LE33\">C-LE33<\/a><\/h3>\n\t\t\t\t\t<\/div>\n\t\t\n\t\t<div class=\"product_after_title\">\n\n\t\t\t<div class=\"product_after_shop_loop_price\">\n\t\t\t\t\t\t\t<\/div>\n\n\t\t\t<div class=\"product-excerpt\">\n\t\t\t\t<p>Grifo lavabo doblemando 365 mm<\/p>\n\t\t\t<\/div>\n\n\t\t\t<div class=\"after_shop_loop_actions\">\n\n\t\t\t\t\t\t\t<\/div>\n\n\t\t<\/div>\n\n\t\t\n\t<\/div>\n\n\t<\/div>\n\n<\/li><\/ul>\n<\/div>[\/vc_column][\/vc_row]\n","protected":false},"excerpt":{"rendered":"<p>[vc_row][vc_column css=&#8221;.vc_custom_1643902698369{padding-top: 20px !important;}&#8221;][vc_single_image image=&#8221;18933&#8243; img_size=&#8221;full&#8221; alignment=&#8221;center&#8221;][\/vc_column][\/vc_row][vc_row][vc_column css=&#8221;.vc_custom_1643902698369{padding-top: 20px !important;}&#8221;][vc_images_carousel images=&#8221;18941&#8243; img_size=&#8221;full&#8221; hide_prev_next_buttons=&#8221;yes&#8221;][\/vc_column][\/vc_row][vc_row et_column_align=&#8221;align-center&#8221; css=&#8221;.vc_custom_1634139062174{margin-top: 3% !important;}&#8221;][vc_column width=&#8221;1\/4&#8243;][vc_column_text] Cuestionarios IC\u00d3NICO Mar\u00e7 2022 [\/vc_column_text][\/vc_column][vc_column width=&#8221;1\/2&#8243;][\/vc_column][vc_column width=&#8221;1\/4&#8243;][\/vc_column][\/vc_row][vc_row][vc_column width=&#8221;1\/2&#8243;][vc_column_text]En colaboraci\u00f3n con la firma de elementos para la arquitectura Ic\u00f3nico (www.iconico.es), AyD publica esta secci\u00f3n mensual, un retrato r\u00e1pido de arquitectos e interioristas espa\u00f1oles&hellip;<\/p>\n","protected":false},"author":12,"featured_media":0,"parent":0,"menu_order":0,"comment_status":"closed","ping_status":"closed","template":"","meta":{"_acf_changed":false,"footnotes":""},"class_list":["post-18948","page","type-page","status-publish","hentry"],"acf":[],"yoast_head":"<!-- This site is optimized with the Yoast SEO plugin v22.6 - https:\/\/yoast.com\/wordpress\/plugins\/seo\/ -->\r\n<title>Cuestionarios IC\u00d3NICO- Zinc Arquitectos - IC\u00d3NICO - Dise\u00f1os para la arquitectura<\/title>\r\n<meta name=\"description\" content=\"Cuestionarios IC\u00d3NICO- Zinc Arquitectos - Cuestionarios IC\u00d3NICO- Zinc Arquitectos\" \/>\r\n<meta name=\"robots\" content=\"index, follow, max-snippet:-1, max-image-preview:large, max-video-preview:-1\" \/>\r\n<link rel=\"canonical\" href=\"https:\/\/iconico.es\/en\/cuestionarios-iconico-zinc-arquitectos\/\" \/>\r\n<meta property=\"og:locale\" content=\"en_US\" \/>\r\n<meta property=\"og:type\" content=\"article\" \/>\r\n<meta property=\"og:title\" content=\"Cuestionarios IC\u00d3NICO- Zinc Arquitectos - IC\u00d3NICO - Dise\u00f1os para la arquitectura\" \/>\r\n<meta property=\"og:description\" content=\"Cuestionarios IC\u00d3NICO- Zinc Arquitectos - Cuestionarios IC\u00d3NICO- Zinc Arquitectos\" \/>\r\n<meta property=\"og:url\" content=\"https:\/\/iconico.es\/en\/cuestionarios-iconico-zinc-arquitectos\/\" \/>\r\n<meta property=\"og:site_name\" content=\"IC\u00d3NICO - Dise\u00f1os para la arquitectura\" \/>\r\n<meta property=\"article:publisher\" content=\"https:\/\/www.facebook.com\/iconicospain\" \/>\r\n<meta property=\"article:modified_time\" content=\"2022-03-29T08:32:55+00:00\" \/>\r\n<meta name=\"twitter:card\" content=\"summary_large_image\" \/>\r\n<meta name=\"twitter:label1\" content=\"Est. reading time\" \/>\n\t<meta name=\"twitter:data1\" content=\"1 minute\" \/>\r\n<script type=\"application\/ld+json\" class=\"yoast-schema-graph\">{\"@context\":\"https:\/\/schema.org\",\"@graph\":[{\"@type\":\"WebPage\",\"@id\":\"https:\/\/iconico.es\/en\/cuestionarios-iconico-zinc-arquitectos\/\",\"url\":\"https:\/\/iconico.es\/en\/cuestionarios-iconico-zinc-arquitectos\/\",\"name\":\"Cuestionarios IC\u00d3NICO- Zinc Arquitectos - IC\u00d3NICO - Dise\u00f1os para la arquitectura\",\"isPartOf\":{\"@id\":\"https:\/\/iconico.es\/en\/#website\"},\"datePublished\":\"2022-03-29T08:24:15+00:00\",\"dateModified\":\"2022-03-29T08:32:55+00:00\",\"description\":\"Cuestionarios IC\u00d3NICO- Zinc Arquitectos - Cuestionarios IC\u00d3NICO- Zinc Arquitectos\",\"breadcrumb\":{\"@id\":\"https:\/\/iconico.es\/en\/cuestionarios-iconico-zinc-arquitectos\/#breadcrumb\"},\"inLanguage\":\"en-US\",\"potentialAction\":[{\"@type\":\"ReadAction\",\"target\":[\"https:\/\/iconico.es\/en\/cuestionarios-iconico-zinc-arquitectos\/\"]}]},{\"@type\":\"BreadcrumbList\",\"@id\":\"https:\/\/iconico.es\/en\/cuestionarios-iconico-zinc-arquitectos\/#breadcrumb\",\"itemListElement\":[{\"@type\":\"ListItem\",\"position\":1,\"name\":\"Home\",\"item\":\"https:\/\/iconico.es\/en\/\"},{\"@type\":\"ListItem\",\"position\":2,\"name\":\"Cuestionarios IC\u00d3NICO- Zinc Arquitectos\"}]},{\"@type\":\"WebSite\",\"@id\":\"https:\/\/iconico.es\/en\/#website\",\"url\":\"https:\/\/iconico.es\/en\/\",\"name\":\"IC\u00d3NICO - Dise\u00f1os para la arquitectura\",\"description\":\"IC\u00d3NICO dise\u00f1a productos atemporales para la arquitectura que responden a los mismos criterios tanto en sus formas como en sus acabados, lujo y calidad.\",\"publisher\":{\"@id\":\"https:\/\/iconico.es\/en\/#organization\"},\"potentialAction\":[{\"@type\":\"SearchAction\",\"target\":{\"@type\":\"EntryPoint\",\"urlTemplate\":\"https:\/\/iconico.es\/en\/?s={search_term_string}\"},\"query-input\":\"required name=search_term_string\"}],\"inLanguage\":\"en-US\"},{\"@type\":\"Organization\",\"@id\":\"https:\/\/iconico.es\/en\/#organization\",\"name\":\"Dise\u00f1o Ic\u00f3nico, s.l.\",\"url\":\"https:\/\/iconico.es\/en\/\",\"logo\":{\"@type\":\"ImageObject\",\"inLanguage\":\"en-US\",\"@id\":\"https:\/\/iconico.es\/en\/#\/schema\/logo\/image\/\",\"url\":\"https:\/\/iconico.es\/wp-content\/uploads\/2021\/09\/cropped-iconico_Logotipo.png\",\"contentUrl\":\"https:\/\/iconico.es\/wp-content\/uploads\/2021\/09\/cropped-iconico_Logotipo.png\",\"width\":322,\"height\":80,\"caption\":\"Dise\u00f1o Ic\u00f3nico, s.l.\"},\"image\":{\"@id\":\"https:\/\/iconico.es\/en\/#\/schema\/logo\/image\/\"},\"sameAs\":[\"https:\/\/www.facebook.com\/iconicospain\",\"https:\/\/www.instagram.com\/iconico\/\",\"https:\/\/www.linkedin.com\/company\/iconico-elements-for-architecture\",\"https:\/\/www.pinterest.es\/iconico_es\/\"]}]}<\/script>\r\n<!-- \/ Yoast SEO plugin. -->","yoast_head_json":{"title":"Cuestionarios IC\u00d3NICO- Zinc Arquitectos - IC\u00d3NICO - Dise\u00f1os para la arquitectura","description":"Cuestionarios IC\u00d3NICO- Zinc Arquitectos - Cuestionarios IC\u00d3NICO- Zinc Arquitectos","robots":{"index":"index","follow":"follow","max-snippet":"max-snippet:-1","max-image-preview":"max-image-preview:large","max-video-preview":"max-video-preview:-1"},"canonical":"https:\/\/iconico.es\/en\/cuestionarios-iconico-zinc-arquitectos\/","og_locale":"en_US","og_type":"article","og_title":"Cuestionarios IC\u00d3NICO- Zinc Arquitectos - IC\u00d3NICO - Dise\u00f1os para la arquitectura","og_description":"Cuestionarios IC\u00d3NICO- Zinc Arquitectos - Cuestionarios IC\u00d3NICO- Zinc Arquitectos","og_url":"https:\/\/iconico.es\/en\/cuestionarios-iconico-zinc-arquitectos\/","og_site_name":"IC\u00d3NICO - Dise\u00f1os para la arquitectura","article_publisher":"https:\/\/www.facebook.com\/iconicospain","article_modified_time":"2022-03-29T08:32:55+00:00","twitter_card":"summary_large_image","twitter_misc":{"Est. reading time":"1 minute"},"schema":{"@context":"https:\/\/schema.org","@graph":[{"@type":"WebPage","@id":"https:\/\/iconico.es\/en\/cuestionarios-iconico-zinc-arquitectos\/","url":"https:\/\/iconico.es\/en\/cuestionarios-iconico-zinc-arquitectos\/","name":"Cuestionarios IC\u00d3NICO- Zinc Arquitectos - IC\u00d3NICO - Dise\u00f1os para la arquitectura","isPartOf":{"@id":"https:\/\/iconico.es\/en\/#website"},"datePublished":"2022-03-29T08:24:15+00:00","dateModified":"2022-03-29T08:32:55+00:00","description":"Cuestionarios IC\u00d3NICO- Zinc Arquitectos - Cuestionarios IC\u00d3NICO- Zinc Arquitectos","breadcrumb":{"@id":"https:\/\/iconico.es\/en\/cuestionarios-iconico-zinc-arquitectos\/#breadcrumb"},"inLanguage":"en-US","potentialAction":[{"@type":"ReadAction","target":["https:\/\/iconico.es\/en\/cuestionarios-iconico-zinc-arquitectos\/"]}]},{"@type":"BreadcrumbList","@id":"https:\/\/iconico.es\/en\/cuestionarios-iconico-zinc-arquitectos\/#breadcrumb","itemListElement":[{"@type":"ListItem","position":1,"name":"Home","item":"https:\/\/iconico.es\/en\/"},{"@type":"ListItem","position":2,"name":"Cuestionarios IC\u00d3NICO- Zinc Arquitectos"}]},{"@type":"WebSite","@id":"https:\/\/iconico.es\/en\/#website","url":"https:\/\/iconico.es\/en\/","name":"IC\u00d3NICO - Dise\u00f1os para la arquitectura","description":"IC\u00d3NICO dise\u00f1a productos atemporales para la arquitectura que responden a los mismos criterios tanto en sus formas como en sus acabados, lujo y calidad.","publisher":{"@id":"https:\/\/iconico.es\/en\/#organization"},"potentialAction":[{"@type":"SearchAction","target":{"@type":"EntryPoint","urlTemplate":"https:\/\/iconico.es\/en\/?s={search_term_string}"},"query-input":"required name=search_term_string"}],"inLanguage":"en-US"},{"@type":"Organization","@id":"https:\/\/iconico.es\/en\/#organization","name":"Dise\u00f1o Ic\u00f3nico, s.l.","url":"https:\/\/iconico.es\/en\/","logo":{"@type":"ImageObject","inLanguage":"en-US","@id":"https:\/\/iconico.es\/en\/#\/schema\/logo\/image\/","url":"https:\/\/iconico.es\/wp-content\/uploads\/2021\/09\/cropped-iconico_Logotipo.png","contentUrl":"https:\/\/iconico.es\/wp-content\/uploads\/2021\/09\/cropped-iconico_Logotipo.png","width":322,"height":80,"caption":"Dise\u00f1o Ic\u00f3nico, s.l."},"image":{"@id":"https:\/\/iconico.es\/en\/#\/schema\/logo\/image\/"},"sameAs":["https:\/\/www.facebook.com\/iconicospain","https:\/\/www.instagram.com\/iconico\/","https:\/\/www.linkedin.com\/company\/iconico-elements-for-architecture","https:\/\/www.pinterest.es\/iconico_es\/"]}]}},"_links":{"self":[{"href":"https:\/\/iconico.es\/en\/wp-json\/wp\/v2\/pages\/18948","targetHints":{"allow":["GET"]}}],"collection":[{"href":"https:\/\/iconico.es\/en\/wp-json\/wp\/v2\/pages"}],"about":[{"href":"https:\/\/iconico.es\/en\/wp-json\/wp\/v2\/types\/page"}],"author":[{"embeddable":true,"href":"https:\/\/iconico.es\/en\/wp-json\/wp\/v2\/users\/12"}],"replies":[{"embeddable":true,"href":"https:\/\/iconico.es\/en\/wp-json\/wp\/v2\/comments?post=18948"}],"version-history":[{"count":0,"href":"https:\/\/iconico.es\/en\/wp-json\/wp\/v2\/pages\/18948\/revisions"}],"wp:attachment":[{"href":"https:\/\/iconico.es\/en\/wp-json\/wp\/v2\/media?parent=18948"}],"curies":[{"name":"wp","href":"https:\/\/api.w.org\/{rel}","templated":true}]}}