{"id":19005,"date":"2021-08-20T03:11:53","date_gmt":"2021-08-20T03:11:53","guid":{"rendered":"https:\/\/iconico.es\/servicios\/"},"modified":"2022-08-02T12:15:31","modified_gmt":"2022-08-02T12:15:31","slug":"services","status":"publish","type":"page","link":"https:\/\/iconico.es\/en\/services\/","title":{"rendered":"Services"},"content":{"rendered":"[vc_row et_column_align=&#8221;align-center&#8221; css=&#8221;.vc_custom_1638441291354{margin-top: 1rem !important;}&#8221;][vc_column width=&#8221;1\/4&#8243;][\/vc_column][vc_column width=&#8221;1\/2&#8243;][vc_column_text]\n<h3 style=\"text-align: center;\">From professional to professional.<\/h3>\n[\/vc_column_text][vc_column_text]\n<h3 style=\"text-align: center;\">Our Projects Department is composed of a multidisciplinary team of architects, technical architects, engineers, project managers and interior and product designers.<\/h3>\n<h3 style=\"text-align: center;\">At IC\u00d3NICO we believe that having a human team of these characteristics, with a global vision and a wide knowledge of the matter, facilitates the communication with professionals and technicians, providing fast and efficient solutions during the different phases of their projects.<\/h3>\n[\/vc_column_text][\/vc_column][vc_column width=&#8221;1\/4&#8243;][\/vc_column][\/vc_row][vc_row et_column_align=&#8221;align-center&#8221; equal_height=&#8221;yes&#8221; css=&#8221;.vc_custom_1630314981642{margin-top: 40px !important;}&#8221;][vc_column width=&#8221;1\/12&#8243;][vc_custom_heading text=&#8221;1&#8243; font_container=&#8221;tag:h2|font_size:100|text_align:left|line_height:1&#8243; google_fonts=&#8221;font_family:Quattrocento%20Sans%3Aregular%2Citalic%2C700%2C700italic|font_style:700%20bold%20regular%3A700%3Anormal&#8221;][\/vc_column][vc_column width=&#8221;5\/12&#8243; el_class=&#8221;border_box&#8221;][vc_column_text]\n<h2>CUSTOMIZED SERVICE: ONE PROJECT, ONE PROFESSIONAL<\/h2>\n<p>We assign a technician from our Project Department to define the necessary requirements together with the prescriber.[\/vc_column_text][\/vc_column][vc_column width=&#8221;1\/12&#8243;][vc_custom_heading text=&#8221;2&#8243; font_container=&#8221;tag:h2|font_size:100|text_align:left|line_height:1&#8243; google_fonts=&#8221;font_family:Quattrocento%20Sans%3Aregular%2Citalic%2C700%2C700italic|font_style:700%20bold%20regular%3A700%3Anormal&#8221;][\/vc_column][vc_column width=&#8221;5\/12&#8243; el_class=&#8221;border_box&#8221;][vc_column_text]\n<h2>PROJECT STUDY THROUGH INFOGRAPHICS<\/h2>\n<p>We carry out the study of the distribution plant through plans, renderings or moodboards, and recommend the products and elements that best suit your project.<\/p>\n<p>If the prescriber has previously consulted our catalogue and has already selected the products and units needed, we can move on directly to the budget phase.[\/vc_column_text][\/vc_column][\/vc_row][vc_row et_column_align=&#8221;align-center&#8221;][vc_column width=&#8221;1\/12&#8243;][vc_custom_heading text=&#8221;3&#8243; font_container=&#8221;tag:h2|font_size:100|text_align:left|line_height:1&#8243; google_fonts=&#8221;font_family:Quattrocento%20Sans%3Aregular%2Citalic%2C700%2C700italic|font_style:700%20bold%20regular%3A700%3Anormal&#8221;][\/vc_column][vc_column width=&#8221;5\/12&#8243; el_class=&#8221;border_box&#8221;][vc_column_text]\n<h2>PRODUCT SELECTION<\/h2>\n<p>Once the products are selected, we plan a meeting at our offices to show the material and finishes.<\/p>\n<p>If a face-to-face meeting is not feasible, we can ship some samples to the studio within 24\/48 hours and schedule a meeting through video conference.[\/vc_column_text][\/vc_column][vc_column width=&#8221;1\/12&#8243;][vc_custom_heading text=&#8221;4&#8243; font_container=&#8221;tag:h2|font_size:100|text_align:left|line_height:1&#8243; google_fonts=&#8221;font_family:Quattrocento%20Sans%3Aregular%2Citalic%2C700%2C700italic|font_style:700%20bold%20regular%3A700%3Anormal&#8221;][\/vc_column][vc_column width=&#8221;5\/12&#8243; el_class=&#8221;border_box&#8221;][vc_column_text]\n<h2>BUDGET<\/h2>\n<p>After choosing the products and their finishes, we prepare a budget with our best sales conditions.[\/vc_column_text][\/vc_column][\/vc_row][vc_row et_column_align=&#8221;align-center&#8221;][vc_column width=&#8221;1\/12&#8243;][vc_custom_heading text=&#8221;5&#8243; font_container=&#8221;tag:h2|font_size:100|text_align:left|line_height:1&#8243; google_fonts=&#8221;font_family:Quattrocento%20Sans%3Aregular%2Citalic%2C700%2C700italic|font_style:700%20bold%20regular%3A700%3Anormal&#8221;][\/vc_column][vc_column width=&#8221;5\/12&#8243; el_class=&#8221;border_box&#8221;][vc_column_text]\n<h2>TECHNICAL DOCUMENTATION<\/h2>\n<p>Our website has all the necessary documentation: images, technical sheets, 2D-3D archives or in BIM format. In addition, our Technical Office agents provide support for any questions or further information.[\/vc_column_text][\/vc_column][vc_column width=&#8221;1\/12&#8243;][vc_custom_heading text=&#8221;6&#8243; font_container=&#8221;tag:h2|font_size:100|text_align:left|line_height:1&#8243; google_fonts=&#8221;font_family:Quattrocento%20Sans%3Aregular%2Citalic%2C700%2C700italic|font_style:700%20bold%20regular%3A700%3Anormal&#8221;][\/vc_column][vc_column width=&#8221;5\/12&#8243; el_class=&#8221;border_box&#8221;][vc_column_text]\n<h2>ORDER AND DELIVERY PLANNING<\/h2>\n<p>Once the budget is approved, we pass the order details to our Back Office Department, which coordinates the production with the material delivery according to the project\u2019s agenda.[\/vc_column_text][\/vc_column][\/vc_row][vc_row et_column_align=&#8221;align-center&#8221;][vc_column width=&#8221;1\/12&#8243;][vc_custom_heading text=&#8221;7&#8243; font_container=&#8221;tag:h2|font_size:100|text_align:left|line_height:1&#8243; google_fonts=&#8221;font_family:Quattrocento%20Sans%3Aregular%2Citalic%2C700%2C700italic|font_style:700%20bold%20regular%3A700%3Anormal&#8221;][\/vc_column][vc_column width=&#8221;5\/12&#8243; el_class=&#8221;border_box&#8221;][vc_column_text]\n<h2>WE SOLVE YOUR DOUBTS DURING THE CONSTRUCTION: TECHNICAL RESULTS<\/h2>\n<p>If during the execution process technicians or installers of the project have any questions about our products, we have a Technical Support Service to help you with any of your doubts.[\/vc_column_text][\/vc_column][vc_column width=&#8221;1\/12&#8243;][vc_custom_heading text=&#8221;8&#8243; font_container=&#8221;tag:h2|font_size:100|text_align:left|line_height:1&#8243; google_fonts=&#8221;font_family:Quattrocento%20Sans%3Aregular%2Citalic%2C700%2C700italic|font_style:700%20bold%20regular%3A700%3Anormal&#8221;][\/vc_column][vc_column width=&#8221;5\/12&#8243; el_class=&#8221;border_box&#8221;][vc_column_text]\n<h2>AFTER-SALE SERVICE<\/h2>\n<p>We have an After-Sale Department, always available to improve the experience after your purchase.[\/vc_column_text][\/vc_column][\/vc_row][vc_row css=&#8221;.vc_custom_1638441998674{margin-top: -3% !important;margin-bottom: 5% !important;}&#8221;][vc_column][vc_btn title=&#8221;CONTACT&#8221; style=&#8221;outline-custom&#8221; outline_custom_color=&#8221;#666666&#8243; outline_custom_hover_background=&#8221;#666666&#8243; outline_custom_hover_text=&#8221;#ffffff&#8221; shape=&#8221;square&#8221; align=&#8221;center&#8221; link=&#8221;url:https%3A%2F%2Ficonico.es%2Fcontacto%2F|title:Contact|&#8221;][\/vc_column][\/vc_row]\n","protected":false},"excerpt":{"rendered":"<p>[vc_row et_column_align=&#8221;align-center&#8221; css=&#8221;.vc_custom_1638441291354{margin-top: 1rem !important;}&#8221;][vc_column width=&#8221;1\/4&#8243;][\/vc_column][vc_column width=&#8221;1\/2&#8243;][vc_column_text] From professional to professional. [\/vc_column_text][vc_column_text] Our Projects Department is composed of a multidisciplinary team of architects, technical architects, engineers, project managers and interior and product designers. At IC\u00d3NICO we believe that having a human team of these characteristics, with a global vision and&hellip;<\/p>\n","protected":false},"author":12,"featured_media":0,"parent":0,"menu_order":0,"comment_status":"closed","ping_status":"closed","template":"","meta":{"_acf_changed":false,"footnotes":""},"class_list":["post-19005","page","type-page","status-publish","hentry"],"acf":[],"yoast_head":"<!-- This site is optimized with the Yoast SEO plugin v22.6 - https:\/\/yoast.com\/wordpress\/plugins\/seo\/ -->\r\n<title>Services - IC\u00d3NICO - Dise\u00f1os para la arquitectura<\/title>\r\n<meta name=\"description\" content=\"We manage architectural and interior design projects offering a 100% personalised service by assigning a technician from our project department.\" \/>\r\n<meta name=\"robots\" content=\"index, follow, max-snippet:-1, max-image-preview:large, max-video-preview:-1\" \/>\r\n<link rel=\"canonical\" href=\"https:\/\/iconico.es\/en\/services\/\" \/>\r\n<meta property=\"og:locale\" content=\"en_US\" \/>\r\n<meta property=\"og:type\" content=\"article\" \/>\r\n<meta property=\"og:title\" content=\"Services - IC\u00d3NICO - Dise\u00f1os para la arquitectura\" \/>\r\n<meta property=\"og:description\" content=\"We manage architectural and interior design projects offering a 100% personalised service by assigning a technician from our project department.\" \/>\r\n<meta property=\"og:url\" content=\"https:\/\/iconico.es\/en\/services\/\" \/>\r\n<meta property=\"og:site_name\" content=\"IC\u00d3NICO - Dise\u00f1os para la arquitectura\" \/>\r\n<meta property=\"article:publisher\" content=\"https:\/\/www.facebook.com\/iconicospain\" \/>\r\n<meta property=\"article:modified_time\" content=\"2022-08-02T12:15:31+00:00\" \/>\r\n<meta name=\"twitter:card\" content=\"summary_large_image\" \/>\r\n<meta name=\"twitter:label1\" content=\"Est. reading time\" \/>\n\t<meta name=\"twitter:data1\" content=\"2 minutes\" \/>\r\n<script type=\"application\/ld+json\" class=\"yoast-schema-graph\">{\"@context\":\"https:\/\/schema.org\",\"@graph\":[{\"@type\":\"WebPage\",\"@id\":\"https:\/\/iconico.es\/en\/services\/\",\"url\":\"https:\/\/iconico.es\/en\/services\/\",\"name\":\"Services - IC\u00d3NICO - Dise\u00f1os para la arquitectura\",\"isPartOf\":{\"@id\":\"https:\/\/iconico.es\/en\/#website\"},\"datePublished\":\"2021-08-20T03:11:53+00:00\",\"dateModified\":\"2022-08-02T12:15:31+00:00\",\"description\":\"We manage architectural and interior design projects offering a 100% personalised service by assigning a technician from our project department.\",\"breadcrumb\":{\"@id\":\"https:\/\/iconico.es\/en\/services\/#breadcrumb\"},\"inLanguage\":\"en-US\",\"potentialAction\":[{\"@type\":\"ReadAction\",\"target\":[\"https:\/\/iconico.es\/en\/services\/\"]}]},{\"@type\":\"BreadcrumbList\",\"@id\":\"https:\/\/iconico.es\/en\/services\/#breadcrumb\",\"itemListElement\":[{\"@type\":\"ListItem\",\"position\":1,\"name\":\"Home\",\"item\":\"https:\/\/iconico.es\/en\/\"},{\"@type\":\"ListItem\",\"position\":2,\"name\":\"Services\"}]},{\"@type\":\"WebSite\",\"@id\":\"https:\/\/iconico.es\/en\/#website\",\"url\":\"https:\/\/iconico.es\/en\/\",\"name\":\"IC\u00d3NICO - Dise\u00f1os para la arquitectura\",\"description\":\"IC\u00d3NICO dise\u00f1a productos atemporales para la arquitectura que responden a los mismos criterios tanto en sus formas como en sus acabados, lujo y calidad.\",\"publisher\":{\"@id\":\"https:\/\/iconico.es\/en\/#organization\"},\"potentialAction\":[{\"@type\":\"SearchAction\",\"target\":{\"@type\":\"EntryPoint\",\"urlTemplate\":\"https:\/\/iconico.es\/en\/?s={search_term_string}\"},\"query-input\":\"required name=search_term_string\"}],\"inLanguage\":\"en-US\"},{\"@type\":\"Organization\",\"@id\":\"https:\/\/iconico.es\/en\/#organization\",\"name\":\"Dise\u00f1o Ic\u00f3nico, s.l.\",\"url\":\"https:\/\/iconico.es\/en\/\",\"logo\":{\"@type\":\"ImageObject\",\"inLanguage\":\"en-US\",\"@id\":\"https:\/\/iconico.es\/en\/#\/schema\/logo\/image\/\",\"url\":\"https:\/\/iconico.es\/wp-content\/uploads\/2021\/09\/cropped-iconico_Logotipo.png\",\"contentUrl\":\"https:\/\/iconico.es\/wp-content\/uploads\/2021\/09\/cropped-iconico_Logotipo.png\",\"width\":322,\"height\":80,\"caption\":\"Dise\u00f1o Ic\u00f3nico, s.l.\"},\"image\":{\"@id\":\"https:\/\/iconico.es\/en\/#\/schema\/logo\/image\/\"},\"sameAs\":[\"https:\/\/www.facebook.com\/iconicospain\",\"https:\/\/www.instagram.com\/iconico\/\",\"https:\/\/www.linkedin.com\/company\/iconico-elements-for-architecture\",\"https:\/\/www.pinterest.es\/iconico_es\/\"]}]}<\/script>\r\n<!-- \/ Yoast SEO plugin. -->","yoast_head_json":{"title":"Services - IC\u00d3NICO - Dise\u00f1os para la arquitectura","description":"We manage architectural and interior design projects offering a 100% personalised service by assigning a technician from our project department.","robots":{"index":"index","follow":"follow","max-snippet":"max-snippet:-1","max-image-preview":"max-image-preview:large","max-video-preview":"max-video-preview:-1"},"canonical":"https:\/\/iconico.es\/en\/services\/","og_locale":"en_US","og_type":"article","og_title":"Services - IC\u00d3NICO - Dise\u00f1os para la arquitectura","og_description":"We manage architectural and interior design projects offering a 100% personalised service by assigning a technician from our project department.","og_url":"https:\/\/iconico.es\/en\/services\/","og_site_name":"IC\u00d3NICO - Dise\u00f1os para la arquitectura","article_publisher":"https:\/\/www.facebook.com\/iconicospain","article_modified_time":"2022-08-02T12:15:31+00:00","twitter_card":"summary_large_image","twitter_misc":{"Est. reading time":"2 minutes"},"schema":{"@context":"https:\/\/schema.org","@graph":[{"@type":"WebPage","@id":"https:\/\/iconico.es\/en\/services\/","url":"https:\/\/iconico.es\/en\/services\/","name":"Services - IC\u00d3NICO - Dise\u00f1os para la arquitectura","isPartOf":{"@id":"https:\/\/iconico.es\/en\/#website"},"datePublished":"2021-08-20T03:11:53+00:00","dateModified":"2022-08-02T12:15:31+00:00","description":"We manage architectural and interior design projects offering a 100% personalised service by assigning a technician from our project department.","breadcrumb":{"@id":"https:\/\/iconico.es\/en\/services\/#breadcrumb"},"inLanguage":"en-US","potentialAction":[{"@type":"ReadAction","target":["https:\/\/iconico.es\/en\/services\/"]}]},{"@type":"BreadcrumbList","@id":"https:\/\/iconico.es\/en\/services\/#breadcrumb","itemListElement":[{"@type":"ListItem","position":1,"name":"Home","item":"https:\/\/iconico.es\/en\/"},{"@type":"ListItem","position":2,"name":"Services"}]},{"@type":"WebSite","@id":"https:\/\/iconico.es\/en\/#website","url":"https:\/\/iconico.es\/en\/","name":"IC\u00d3NICO - Dise\u00f1os para la arquitectura","description":"IC\u00d3NICO dise\u00f1a productos atemporales para la arquitectura que responden a los mismos criterios tanto en sus formas como en sus acabados, lujo y calidad.","publisher":{"@id":"https:\/\/iconico.es\/en\/#organization"},"potentialAction":[{"@type":"SearchAction","target":{"@type":"EntryPoint","urlTemplate":"https:\/\/iconico.es\/en\/?s={search_term_string}"},"query-input":"required name=search_term_string"}],"inLanguage":"en-US"},{"@type":"Organization","@id":"https:\/\/iconico.es\/en\/#organization","name":"Dise\u00f1o Ic\u00f3nico, s.l.","url":"https:\/\/iconico.es\/en\/","logo":{"@type":"ImageObject","inLanguage":"en-US","@id":"https:\/\/iconico.es\/en\/#\/schema\/logo\/image\/","url":"https:\/\/iconico.es\/wp-content\/uploads\/2021\/09\/cropped-iconico_Logotipo.png","contentUrl":"https:\/\/iconico.es\/wp-content\/uploads\/2021\/09\/cropped-iconico_Logotipo.png","width":322,"height":80,"caption":"Dise\u00f1o Ic\u00f3nico, s.l."},"image":{"@id":"https:\/\/iconico.es\/en\/#\/schema\/logo\/image\/"},"sameAs":["https:\/\/www.facebook.com\/iconicospain","https:\/\/www.instagram.com\/iconico\/","https:\/\/www.linkedin.com\/company\/iconico-elements-for-architecture","https:\/\/www.pinterest.es\/iconico_es\/"]}]}},"_links":{"self":[{"href":"https:\/\/iconico.es\/en\/wp-json\/wp\/v2\/pages\/19005","targetHints":{"allow":["GET"]}}],"collection":[{"href":"https:\/\/iconico.es\/en\/wp-json\/wp\/v2\/pages"}],"about":[{"href":"https:\/\/iconico.es\/en\/wp-json\/wp\/v2\/types\/page"}],"author":[{"embeddable":true,"href":"https:\/\/iconico.es\/en\/wp-json\/wp\/v2\/users\/12"}],"replies":[{"embeddable":true,"href":"https:\/\/iconico.es\/en\/wp-json\/wp\/v2\/comments?post=19005"}],"version-history":[{"count":0,"href":"https:\/\/iconico.es\/en\/wp-json\/wp\/v2\/pages\/19005\/revisions"}],"wp:attachment":[{"href":"https:\/\/iconico.es\/en\/wp-json\/wp\/v2\/media?parent=19005"}],"curies":[{"name":"wp","href":"https:\/\/api.w.org\/{rel}","templated":true}]}}