{"id":37207,"date":"2022-08-02T11:52:29","date_gmt":"2022-08-02T11:52:29","guid":{"rendered":"https:\/\/iconico.es\/about-us\/"},"modified":"2022-08-02T12:25:00","modified_gmt":"2022-08-02T12:25:00","slug":"about-us","status":"publish","type":"page","link":"https:\/\/iconico.es\/en\/about-us\/","title":{"rendered":"About us"},"content":{"rendered":"[vc_row et_column_align=&#8221;align-center&#8221;][vc_column width=&#8221;1\/4&#8243;][\/vc_column][vc_column width=&#8221;1\/2&#8243; el_class=&#8221;dmw&#8221; css=&#8221;.vc_custom_1643708576868{margin-top: 3% !important;padding-right: 4% !important;padding-left: 4% !important;}&#8221;][vc_column_text css=&#8221;.vc_custom_1650899403324{margin-right: 6% !important;margin-left: 6% !important;}&#8221;]\n<h3 style=\"text-align: center;\">At IC\u00d3NICO we select, edit and design products and architectural elements of pure and timeless lines since 2008.<\/h3>\n<h3 style=\"text-align: center;\">Our catalogue offers different categories of products: basin faucets, shower faucets, bathtub faucets, bathroom accessories, outdoor showers, Solid Surface basins, custom-made countertops, bathtubs, drains, handles, switches and sockets and ceramics.<\/h3>\n[\/vc_column_text][\/vc_column][vc_column width=&#8221;1\/4&#8243;][\/vc_column][\/vc_row][vc_row css=&#8221;.vc_custom_1650550384715{margin-top: 5% !important;}&#8221;][vc_column width=&#8221;1\/2&#8243;][vc_images_carousel images=&#8221;16679,16677&#8243; img_size=&#8221;full&#8221; onclick=&#8221;link_no&#8221; hide_pagination_control=&#8221;yes&#8221; css=&#8221;.vc_custom_1648203910321{margin-right: 5% !important;}&#8221;][\/vc_column][vc_column width=&#8221;1\/2&#8243;][vc_column_text]\n<h2><strong>A PRODUCT CATALOGUE WITH UNIFIED CRITERIA<\/strong><\/h2>\n<p>Our catalogue is carefully selected under two main criteria: quality and design. We look for a balance between the aesthetic, formal and functional coherence in all of our products.<\/p>\n<p>These selection criteria enables us to offer a highest quality portfolio with different finishes and materials to facilitate the selection process of technicians and professionals for their projects.[\/vc_column_text][\/vc_column][\/vc_row][vc_row css=&#8221;.vc_custom_1648203935467{margin-top: 5% !important;}&#8221;][vc_column width=&#8221;1\/2&#8243;][vc_column_text]\n<h2><strong>PURE, ICONIC AND TIMELESS SHAPES<\/strong><\/h2>\n<p>Good design lasts over time and becomes iconic. Therefore, we offer timeless, fine as well as functional products. We believe in providing good quality and well-conceptualized and produced design to last over time. Our products seek to value the architecture and interiorismo of each project. Our goal is to offer a coherent selection in terms of shape, function and material.[\/vc_column_text][vc_btn title=&#8221;VIEW SERVICES&#8221; style=&#8221;outline-custom&#8221; outline_custom_color=&#8221;#666666&#8243; outline_custom_hover_background=&#8221;#666666&#8243; outline_custom_hover_text=&#8221;#ffffff&#8221; shape=&#8221;square&#8221; align=&#8221;left&#8221; link=&#8221;url:https%3A%2F%2Ficonico.es%2Fen%2Fservices%2F|title:Servicies&#8221;][\/vc_column][vc_column width=&#8221;1\/2&#8243;][vc_images_carousel images=&#8221;16681&#8243; img_size=&#8221;full&#8221; onclick=&#8221;link_no&#8221; hide_pagination_control=&#8221;yes&#8221; css=&#8221;.vc_custom_1648203887630{margin-left: 5% !important;}&#8221;][\/vc_column][\/vc_row][vc_row css=&#8221;.vc_custom_1649411857593{margin-top: -8% !important;margin-bottom: 15px !important;}&#8221;][vc_column width=&#8221;1\/2&#8243; offset=&#8221;vc_hidden-xs&#8221; css=&#8221;.vc_custom_1650550418703{margin-bottom: 20% !important;}&#8221;][\/vc_column][vc_column width=&#8221;1\/2&#8243;][\/vc_column][\/vc_row][vc_row][vc_column offset=&#8221;vc_hidden-lg vc_hidden-md vc_hidden-sm&#8221;][vc_btn title=&#8221;VIEW SERVICIES&#8221; style=&#8221;outline-custom&#8221; outline_custom_color=&#8221;#666666&#8243; outline_custom_hover_background=&#8221;#666666&#8243; outline_custom_hover_text=&#8221;#ffffff&#8221; shape=&#8221;square&#8221; align=&#8221;center&#8221; link=&#8221;url:https%3A%2F%2Ficonico.es%2Fen%2Fservicios%2F|title:Servicies|&#8221;][\/vc_column][\/vc_row]\n","protected":false},"excerpt":{"rendered":"<p>[vc_row et_column_align=&#8221;align-center&#8221;][vc_column width=&#8221;1\/4&#8243;][\/vc_column][vc_column width=&#8221;1\/2&#8243; el_class=&#8221;dmw&#8221; css=&#8221;.vc_custom_1643708576868{margin-top: 3% !important;padding-right: 4% !important;padding-left: 4% !important;}&#8221;][vc_column_text css=&#8221;.vc_custom_1650899403324{margin-right: 6% !important;margin-left: 6% !important;}&#8221;] At IC\u00d3NICO we select, edit and design products and architectural elements of pure and timeless lines since 2008. Our catalogue offers different categories of products: basin faucets, shower faucets, bathtub faucets, bathroom accessories,&hellip;<\/p>\n","protected":false},"author":12,"featured_media":0,"parent":0,"menu_order":0,"comment_status":"closed","ping_status":"closed","template":"","meta":{"_acf_changed":false,"footnotes":""},"class_list":["post-37207","page","type-page","status-publish","hentry"],"acf":[],"yoast_head":"<!-- This site is optimized with the Yoast SEO plugin v22.6 - https:\/\/yoast.com\/wordpress\/plugins\/seo\/ -->\r\n<title>About us - IC\u00d3NICO - Dise\u00f1os para la arquitectura<\/title>\r\n<meta name=\"description\" content=\"Pure, iconic and timeless forms in a catalogue of products with unified criteria that allow us to offer a portfolio of the highest quality.\" \/>\r\n<meta name=\"robots\" content=\"index, follow, max-snippet:-1, max-image-preview:large, max-video-preview:-1\" \/>\r\n<link rel=\"canonical\" href=\"https:\/\/iconico.es\/en\/about-us\/\" \/>\r\n<meta property=\"og:locale\" content=\"en_US\" \/>\r\n<meta property=\"og:type\" content=\"article\" \/>\r\n<meta property=\"og:title\" content=\"About us - IC\u00d3NICO - Dise\u00f1os para la arquitectura\" \/>\r\n<meta property=\"og:description\" content=\"Pure, iconic and timeless forms in a catalogue of products with unified criteria that allow us to offer a portfolio of the highest quality.\" \/>\r\n<meta property=\"og:url\" content=\"https:\/\/iconico.es\/en\/about-us\/\" \/>\r\n<meta property=\"og:site_name\" content=\"IC\u00d3NICO - Dise\u00f1os para la arquitectura\" \/>\r\n<meta property=\"article:publisher\" content=\"https:\/\/www.facebook.com\/iconicospain\" \/>\r\n<meta property=\"article:modified_time\" content=\"2022-08-02T12:25:00+00:00\" \/>\r\n<meta name=\"twitter:card\" content=\"summary_large_image\" \/>\r\n<meta name=\"twitter:label1\" content=\"Est. reading time\" \/>\n\t<meta name=\"twitter:data1\" content=\"2 minutes\" \/>\r\n<script type=\"application\/ld+json\" class=\"yoast-schema-graph\">{\"@context\":\"https:\/\/schema.org\",\"@graph\":[{\"@type\":\"WebPage\",\"@id\":\"https:\/\/iconico.es\/en\/about-us\/\",\"url\":\"https:\/\/iconico.es\/en\/about-us\/\",\"name\":\"About us - IC\u00d3NICO - Dise\u00f1os para la arquitectura\",\"isPartOf\":{\"@id\":\"https:\/\/iconico.es\/en\/#website\"},\"datePublished\":\"2022-08-02T11:52:29+00:00\",\"dateModified\":\"2022-08-02T12:25:00+00:00\",\"description\":\"Pure, iconic and timeless forms in a catalogue of products with unified criteria that allow us to offer a portfolio of the highest quality.\",\"breadcrumb\":{\"@id\":\"https:\/\/iconico.es\/en\/about-us\/#breadcrumb\"},\"inLanguage\":\"en-US\",\"potentialAction\":[{\"@type\":\"ReadAction\",\"target\":[\"https:\/\/iconico.es\/en\/about-us\/\"]}]},{\"@type\":\"BreadcrumbList\",\"@id\":\"https:\/\/iconico.es\/en\/about-us\/#breadcrumb\",\"itemListElement\":[{\"@type\":\"ListItem\",\"position\":1,\"name\":\"Home\",\"item\":\"https:\/\/iconico.es\/en\/\"},{\"@type\":\"ListItem\",\"position\":2,\"name\":\"About us\"}]},{\"@type\":\"WebSite\",\"@id\":\"https:\/\/iconico.es\/en\/#website\",\"url\":\"https:\/\/iconico.es\/en\/\",\"name\":\"IC\u00d3NICO - Dise\u00f1os para la arquitectura\",\"description\":\"IC\u00d3NICO dise\u00f1a productos atemporales para la arquitectura que responden a los mismos criterios tanto en sus formas como en sus acabados, lujo y calidad.\",\"publisher\":{\"@id\":\"https:\/\/iconico.es\/en\/#organization\"},\"potentialAction\":[{\"@type\":\"SearchAction\",\"target\":{\"@type\":\"EntryPoint\",\"urlTemplate\":\"https:\/\/iconico.es\/en\/?s={search_term_string}\"},\"query-input\":\"required name=search_term_string\"}],\"inLanguage\":\"en-US\"},{\"@type\":\"Organization\",\"@id\":\"https:\/\/iconico.es\/en\/#organization\",\"name\":\"Dise\u00f1o Ic\u00f3nico, s.l.\",\"url\":\"https:\/\/iconico.es\/en\/\",\"logo\":{\"@type\":\"ImageObject\",\"inLanguage\":\"en-US\",\"@id\":\"https:\/\/iconico.es\/en\/#\/schema\/logo\/image\/\",\"url\":\"https:\/\/iconico.es\/wp-content\/uploads\/2021\/09\/cropped-iconico_Logotipo.png\",\"contentUrl\":\"https:\/\/iconico.es\/wp-content\/uploads\/2021\/09\/cropped-iconico_Logotipo.png\",\"width\":322,\"height\":80,\"caption\":\"Dise\u00f1o Ic\u00f3nico, s.l.\"},\"image\":{\"@id\":\"https:\/\/iconico.es\/en\/#\/schema\/logo\/image\/\"},\"sameAs\":[\"https:\/\/www.facebook.com\/iconicospain\",\"https:\/\/www.instagram.com\/iconico\/\",\"https:\/\/www.linkedin.com\/company\/iconico-elements-for-architecture\",\"https:\/\/www.pinterest.es\/iconico_es\/\"]}]}<\/script>\r\n<!-- \/ Yoast SEO plugin. -->","yoast_head_json":{"title":"About us - IC\u00d3NICO - Dise\u00f1os para la arquitectura","description":"Pure, iconic and timeless forms in a catalogue of products with unified criteria that allow us to offer a portfolio of the highest quality.","robots":{"index":"index","follow":"follow","max-snippet":"max-snippet:-1","max-image-preview":"max-image-preview:large","max-video-preview":"max-video-preview:-1"},"canonical":"https:\/\/iconico.es\/en\/about-us\/","og_locale":"en_US","og_type":"article","og_title":"About us - IC\u00d3NICO - Dise\u00f1os para la arquitectura","og_description":"Pure, iconic and timeless forms in a catalogue of products with unified criteria that allow us to offer a portfolio of the highest quality.","og_url":"https:\/\/iconico.es\/en\/about-us\/","og_site_name":"IC\u00d3NICO - Dise\u00f1os para la arquitectura","article_publisher":"https:\/\/www.facebook.com\/iconicospain","article_modified_time":"2022-08-02T12:25:00+00:00","twitter_card":"summary_large_image","twitter_misc":{"Est. reading time":"2 minutes"},"schema":{"@context":"https:\/\/schema.org","@graph":[{"@type":"WebPage","@id":"https:\/\/iconico.es\/en\/about-us\/","url":"https:\/\/iconico.es\/en\/about-us\/","name":"About us - IC\u00d3NICO - Dise\u00f1os para la arquitectura","isPartOf":{"@id":"https:\/\/iconico.es\/en\/#website"},"datePublished":"2022-08-02T11:52:29+00:00","dateModified":"2022-08-02T12:25:00+00:00","description":"Pure, iconic and timeless forms in a catalogue of products with unified criteria that allow us to offer a portfolio of the highest quality.","breadcrumb":{"@id":"https:\/\/iconico.es\/en\/about-us\/#breadcrumb"},"inLanguage":"en-US","potentialAction":[{"@type":"ReadAction","target":["https:\/\/iconico.es\/en\/about-us\/"]}]},{"@type":"BreadcrumbList","@id":"https:\/\/iconico.es\/en\/about-us\/#breadcrumb","itemListElement":[{"@type":"ListItem","position":1,"name":"Home","item":"https:\/\/iconico.es\/en\/"},{"@type":"ListItem","position":2,"name":"About us"}]},{"@type":"WebSite","@id":"https:\/\/iconico.es\/en\/#website","url":"https:\/\/iconico.es\/en\/","name":"IC\u00d3NICO - Dise\u00f1os para la arquitectura","description":"IC\u00d3NICO dise\u00f1a productos atemporales para la arquitectura que responden a los mismos criterios tanto en sus formas como en sus acabados, lujo y calidad.","publisher":{"@id":"https:\/\/iconico.es\/en\/#organization"},"potentialAction":[{"@type":"SearchAction","target":{"@type":"EntryPoint","urlTemplate":"https:\/\/iconico.es\/en\/?s={search_term_string}"},"query-input":"required name=search_term_string"}],"inLanguage":"en-US"},{"@type":"Organization","@id":"https:\/\/iconico.es\/en\/#organization","name":"Dise\u00f1o Ic\u00f3nico, s.l.","url":"https:\/\/iconico.es\/en\/","logo":{"@type":"ImageObject","inLanguage":"en-US","@id":"https:\/\/iconico.es\/en\/#\/schema\/logo\/image\/","url":"https:\/\/iconico.es\/wp-content\/uploads\/2021\/09\/cropped-iconico_Logotipo.png","contentUrl":"https:\/\/iconico.es\/wp-content\/uploads\/2021\/09\/cropped-iconico_Logotipo.png","width":322,"height":80,"caption":"Dise\u00f1o Ic\u00f3nico, s.l."},"image":{"@id":"https:\/\/iconico.es\/en\/#\/schema\/logo\/image\/"},"sameAs":["https:\/\/www.facebook.com\/iconicospain","https:\/\/www.instagram.com\/iconico\/","https:\/\/www.linkedin.com\/company\/iconico-elements-for-architecture","https:\/\/www.pinterest.es\/iconico_es\/"]}]}},"_links":{"self":[{"href":"https:\/\/iconico.es\/en\/wp-json\/wp\/v2\/pages\/37207","targetHints":{"allow":["GET"]}}],"collection":[{"href":"https:\/\/iconico.es\/en\/wp-json\/wp\/v2\/pages"}],"about":[{"href":"https:\/\/iconico.es\/en\/wp-json\/wp\/v2\/types\/page"}],"author":[{"embeddable":true,"href":"https:\/\/iconico.es\/en\/wp-json\/wp\/v2\/users\/12"}],"replies":[{"embeddable":true,"href":"https:\/\/iconico.es\/en\/wp-json\/wp\/v2\/comments?post=37207"}],"version-history":[{"count":0,"href":"https:\/\/iconico.es\/en\/wp-json\/wp\/v2\/pages\/37207\/revisions"}],"wp:attachment":[{"href":"https:\/\/iconico.es\/en\/wp-json\/wp\/v2\/media?parent=37207"}],"curies":[{"name":"wp","href":"https:\/\/api.w.org\/{rel}","templated":true}]}}