{"id":37221,"date":"2022-08-02T12:40:31","date_gmt":"2022-08-02T12:40:31","guid":{"rendered":"https:\/\/iconico.es\/team\/"},"modified":"2023-01-17T08:22:05","modified_gmt":"2023-01-17T08:22:05","slug":"team","status":"publish","type":"page","link":"https:\/\/iconico.es\/en\/team\/","title":{"rendered":"Team"},"content":{"rendered":"[vc_row et_column_align=&#8221;align-center&#8221; css=&#8221;.vc_custom_1634117553476{margin-top: 1% !important;}&#8221;][vc_column width=&#8221;1\/4&#8243;][\/vc_column][vc_column width=&#8221;1\/2&#8243;][vc_column_text css=&#8221;.vc_custom_1651055751856{margin-top: 3% !important;}&#8221;]\n<h3 style=\"text-align: center;\">IC\u00d3NICO if formed by a group of professionals whose mission is to help architects, interior designers, construction companies, promoters and engineers over the course of their projects to offer the best possible solution with an architectonic project.<\/h3>\n<h3 style=\"text-align: center;\">Our team is formed by: architects, technical architects, interior designers, product designers, graphic designers, publicists, journalists, administrative staff and accountants.<\/h3>\n[\/vc_column_text][\/vc_column][vc_column width=&#8221;1\/4&#8243;][\/vc_column][\/vc_row][vc_row et_full_width=&#8221;true&#8221; et_row_padding=&#8221;true&#8221; et_column_align=&#8221;align-center&#8221;][vc_column][vc_row_inner][vc_column_inner width=&#8221;1\/4&#8243;][vc_single_image image=&#8221;22159&#8243; img_size=&#8221;medium&#8221; alignment=&#8221;center&#8221;][vc_column_text]\n<p style=\"text-align: center;\"><strong>RAMON COMELLES RIC\u00d3S<\/strong><br \/>\nCEO<\/p>\n[\/vc_column_text][\/vc_column_inner][vc_column_inner width=&#8221;1\/4&#8243;][vc_single_image image=&#8221;22157&#8243; img_size=&#8221;medium&#8221; alignment=&#8221;center&#8221;][vc_column_text]\n<p class=\"title_block\" style=\"text-align: center;\"><strong>CLAUDIA DIVO<\/strong><br \/>\nCIO<\/p>\n[\/vc_column_text][\/vc_column_inner][vc_column_inner width=&#8221;1\/4&#8243;][vc_single_image image=&#8221;22163&#8243; img_size=&#8221;medium&#8221; alignment=&#8221;center&#8221;][vc_column_text]\n<p class=\"title_block\" style=\"text-align: center;\"><strong>JAVIER ALONSO<br \/>\n<\/strong>Administration<\/p>\n[\/vc_column_text][\/vc_column_inner][vc_column_inner width=&#8221;1\/4&#8243;][vc_single_image image=&#8221;14610&#8243; img_size=&#8221;medium&#8221; alignment=&#8221;center&#8221;][vc_column_text]\n<p class=\"title_block\" style=\"text-align: center;\"><strong>ENRIC ESCODA<br \/>\n<\/strong>Architect and Project Director<\/p>\n[\/vc_column_text][\/vc_column_inner][\/vc_row_inner][vc_row_inner][vc_column_inner width=&#8221;1\/4&#8243;][vc_single_image image=&#8221;22165&#8243; img_size=&#8221;medium&#8221; alignment=&#8221;center&#8221;][vc_column_text]\n<p class=\"title_block\" style=\"text-align: center;\"><strong>MARC PUJAGUT<\/strong><br \/>\nProduct Manager<\/p>\n[\/vc_column_text][\/vc_column_inner][vc_column_inner width=&#8221;1\/4&#8243;][vc_single_image image=&#8221;22151&#8243; img_size=&#8221;medium&#8221; alignment=&#8221;center&#8221;][vc_column_text]\n<p class=\"title_block\" style=\"text-align: center;\"><strong>SARA MOLINA<br \/>\n<\/strong>Sales Manager<\/p>\n[\/vc_column_text][\/vc_column_inner][vc_column_inner width=&#8221;1\/4&#8243;][vc_single_image image=&#8221;22175&#8243; img_size=&#8221;medium&#8221; alignment=&#8221;center&#8221;][vc_column_text]\n<p class=\"title_block\" style=\"text-align: center;\"><strong>MARC F\u00c9RRIZ<br \/>\n<\/strong>Post-Sale Service<\/p>\n[\/vc_column_text][\/vc_column_inner][vc_column_inner width=&#8221;1\/4&#8243;][vc_single_image image=&#8221;22193&#8243; img_size=&#8221;medium&#8221; alignment=&#8221;center&#8221;][vc_column_text]\n<p class=\"title_block\" style=\"text-align: center;\"><strong>FELI MOYA<br \/>\n<\/strong>IT Specialist<\/p>\n[\/vc_column_text][\/vc_column_inner][\/vc_row_inner][vc_row_inner][vc_column_inner width=&#8221;1\/4&#8243;][vc_single_image image=&#8221;16300&#8243; img_size=&#8221;medium&#8221; alignment=&#8221;center&#8221;][vc_column_text]\n<p class=\"title_block\" style=\"text-align: center;\"><strong>MELISSA JONKER<br \/>\n<\/strong>Graphic Designer<\/p>\n[\/vc_column_text][\/vc_column_inner][vc_column_inner width=&#8221;1\/4&#8243;][vc_single_image image=&#8221;22187&#8243; img_size=&#8221;medium&#8221; alignment=&#8221;center&#8221;][vc_column_text]\n<p class=\"title_block\" style=\"text-align: center;\"><strong>AINHOA MART\u00cdNEZ<br \/>\n<\/strong>Marketing<\/p>\n[\/vc_column_text][\/vc_column_inner][vc_column_inner width=&#8221;1\/4&#8243;][vc_single_image image=&#8221;16292&#8243; img_size=&#8221;medium&#8221; alignment=&#8221;center&#8221;][vc_column_text]\n<p class=\"title_block\" style=\"text-align: center;\"><strong>AINHOA JIM\u00c9NEZ<\/strong><br \/>\nSales Assistant<\/p>\n[\/vc_column_text][\/vc_column_inner][vc_column_inner width=&#8221;1\/4&#8243;][vc_single_image image=&#8221;19344&#8243; img_size=&#8221;medium&#8221; alignment=&#8221;center&#8221;][vc_column_text]\n<p class=\"title_block\" style=\"text-align: center;\"><strong>L\u00cdDIA BU\u00d1UEL<\/strong><br \/>\nAdministration Assistant<\/p>\n[\/vc_column_text][\/vc_column_inner][\/vc_row_inner][vc_row_inner][vc_column_inner width=&#8221;1\/4&#8243;][vc_single_image image=&#8221;22169&#8243; img_size=&#8221;medium&#8221; alignment=&#8221;center&#8221;][vc_column_text]\n<p class=\"title_block\" style=\"text-align: center;\"><strong>DAVID MURILLO<br \/>\n<\/strong>Project Technician<\/p>\n[\/vc_column_text][\/vc_column_inner][vc_column_inner width=&#8221;1\/4&#8243;][vc_single_image image=&#8221;22181&#8243; img_size=&#8221;medium&#8221; alignment=&#8221;center&#8221;][vc_column_text]\n<p class=\"title_block\" style=\"text-align: center;\"><strong>GEMA GUERRERO<br \/>\n<\/strong>Project Technician<\/p>\n[\/vc_column_text][\/vc_column_inner][vc_column_inner width=&#8221;1\/4&#8243;][vc_single_image image=&#8221;22137&#8243; img_size=&#8221;medium&#8221; alignment=&#8221;center&#8221;][vc_column_text]\n<p class=\"title_block\" style=\"text-align: center;\"><strong>MONTSE TORRES<br \/>\n<\/strong>Project Technician<\/p>\n[\/vc_column_text][\/vc_column_inner][vc_column_inner width=&#8221;1\/4&#8243;][vc_single_image image=&#8221;22101&#8243; img_size=&#8221;medium&#8221; alignment=&#8221;center&#8221;][vc_column_text]\n<p class=\"title_block\" style=\"text-align: center;\"><strong>ANDER JAUREGUI<br \/>\n<\/strong>Project Technician<\/p>\n[\/vc_column_text][\/vc_column_inner][\/vc_row_inner][vc_row_inner][vc_column_inner width=&#8221;1\/4&#8243;][vc_single_image image=&#8221;22195&#8243; img_size=&#8221;medium&#8221; alignment=&#8221;center&#8221;][vc_column_text]\n<p class=\"title_block\" style=\"text-align: center;\"><strong>GUILLEM CORBERA<br \/>\n<\/strong>Project Technician<\/p>\n[\/vc_column_text][\/vc_column_inner][vc_column_inner width=&#8221;1\/4&#8243;][vc_single_image image=&#8221;22099&#8243; img_size=&#8221;medium&#8221; alignment=&#8221;center&#8221;][vc_column_text]\n<p class=\"title_block\" style=\"text-align: center;\"><strong>ALBA BOADA<\/strong><br \/>\nProject Technician<\/p>\n[\/vc_column_text][\/vc_column_inner][vc_column_inner width=&#8221;1\/4&#8243;][vc_single_image image=&#8221;22207&#8243; img_size=&#8221;medium&#8221; alignment=&#8221;center&#8221;][vc_column_text]\n<p class=\"title_block\" style=\"text-align: center;\"><strong>MANUELA BATTIPAGLIA<\/strong><br \/>\nProject Technician<\/p>\n[\/vc_column_text][\/vc_column_inner][vc_column_inner width=&#8221;1\/4&#8243;][vc_single_image image=&#8221;16282&#8243; img_size=&#8221;medium&#8221; alignment=&#8221;center&#8221;][vc_column_text]\n<p class=\"title_block\" style=\"text-align: center;\"><strong>MATEU SERRA<\/strong><br \/>\nProject Technician<\/p>\n[\/vc_column_text][\/vc_column_inner][\/vc_row_inner][vc_row_inner][vc_column_inner width=&#8221;1\/4&#8243;][vc_single_image image=&#8221;16288&#8243; img_size=&#8221;medium&#8221; alignment=&#8221;center&#8221;][vc_column_text]\n<p class=\"title_block\" style=\"text-align: center;\"><strong>MARIUS SOL\u00d3N<\/strong><br \/>\nProject Technician<\/p>\n[\/vc_column_text][\/vc_column_inner][vc_column_inner width=&#8221;1\/4&#8243;][vc_single_image image=&#8221;16290&#8243; img_size=&#8221;medium&#8221; alignment=&#8221;center&#8221;][vc_column_text]\n<p class=\"title_block\" style=\"text-align: center;\"><strong>ALBERTO TICUSAN<\/strong><br \/>\nProject Technician<\/p>\n[\/vc_column_text][\/vc_column_inner][vc_column_inner width=&#8221;1\/4&#8243;][vc_single_image image=&#8221;16307&#8243; img_size=&#8221;medium&#8221; alignment=&#8221;center&#8221;][vc_column_text]\n<p class=\"title_block\" style=\"text-align: center;\"><strong>NADIA VIDAL<\/strong><br \/>\nProject Technician<\/p>\n[\/vc_column_text][\/vc_column_inner][vc_column_inner width=&#8221;1\/4&#8243;][vc_single_image image=&#8221;22177&#8243; img_size=&#8221;medium&#8221; alignment=&#8221;center&#8221;][vc_column_text]\n<p class=\"title_block\" style=\"text-align: center;\"><strong>GUILLEM PEITX<\/strong><br \/>\nProject Technician<\/p>\n[\/vc_column_text][\/vc_column_inner][\/vc_row_inner][vc_row_inner][vc_column_inner width=&#8221;1\/4&#8243;][vc_single_image image=&#8221;16284&#8243; img_size=&#8221;medium&#8221; alignment=&#8221;center&#8221;][vc_column_text]\n<p class=\"title_block\" style=\"text-align: center;\"><strong>JULIA SOLER<\/strong><br \/>\nProject Technician<\/p>\n[\/vc_column_text][\/vc_column_inner][vc_column_inner width=&#8221;1\/4&#8243;][vc_single_image image=&#8221;16316&#8243; img_size=&#8221;medium&#8221; alignment=&#8221;center&#8221;][vc_column_text]\n<p class=\"title_block\" style=\"text-align: center;\"><strong>ALBERT VENTOSA<\/strong><br \/>\nAuthor and project manager<\/p>\n[\/vc_column_text][\/vc_column_inner][vc_column_inner width=&#8221;1\/4&#8243;][\/vc_column_inner][vc_column_inner width=&#8221;1\/4&#8243;][\/vc_column_inner][\/vc_row_inner][\/vc_column][\/vc_row]\n","protected":false},"excerpt":{"rendered":"<p>[vc_row et_column_align=&#8221;align-center&#8221; css=&#8221;.vc_custom_1634117553476{margin-top: 1% !important;}&#8221;][vc_column width=&#8221;1\/4&#8243;][\/vc_column][vc_column width=&#8221;1\/2&#8243;][vc_column_text css=&#8221;.vc_custom_1651055751856{margin-top: 3% !important;}&#8221;] IC\u00d3NICO if formed by a group of professionals whose mission is to help architects, interior designers, construction companies, promoters and engineers over the course of their projects to offer the best possible solution with an architectonic project. Our team is&hellip;<\/p>\n","protected":false},"author":12,"featured_media":0,"parent":0,"menu_order":0,"comment_status":"closed","ping_status":"closed","template":"","meta":{"_acf_changed":false,"footnotes":""},"class_list":["post-37221","page","type-page","status-publish","hentry"],"acf":[],"yoast_head":"<!-- This site is optimized with the Yoast SEO plugin v22.6 - https:\/\/yoast.com\/wordpress\/plugins\/seo\/ -->\r\n<title>Team - IC\u00d3NICO - Dise\u00f1os para la arquitectura<\/title>\r\n<meta name=\"description\" content=\"Our team is made up of a group of professionals whose mission is to offer the best solution for any architectural project.\" \/>\r\n<meta name=\"robots\" content=\"index, follow, max-snippet:-1, max-image-preview:large, max-video-preview:-1\" \/>\r\n<link rel=\"canonical\" href=\"https:\/\/iconico.es\/en\/team\/\" \/>\r\n<meta property=\"og:locale\" content=\"en_US\" \/>\r\n<meta property=\"og:type\" content=\"article\" \/>\r\n<meta property=\"og:title\" content=\"Team - IC\u00d3NICO - Dise\u00f1os para la arquitectura\" \/>\r\n<meta property=\"og:description\" content=\"Our team is made up of a group of professionals whose mission is to offer the best solution for any architectural project.\" \/>\r\n<meta property=\"og:url\" content=\"https:\/\/iconico.es\/en\/team\/\" \/>\r\n<meta property=\"og:site_name\" content=\"IC\u00d3NICO - Dise\u00f1os para la arquitectura\" \/>\r\n<meta property=\"article:publisher\" content=\"https:\/\/www.facebook.com\/iconicospain\" \/>\r\n<meta property=\"article:modified_time\" content=\"2023-01-17T08:22:05+00:00\" \/>\r\n<meta name=\"twitter:card\" content=\"summary_large_image\" \/>\r\n<meta name=\"twitter:label1\" content=\"Est. reading time\" \/>\n\t<meta name=\"twitter:data1\" content=\"2 minutes\" \/>\r\n<script type=\"application\/ld+json\" class=\"yoast-schema-graph\">{\"@context\":\"https:\/\/schema.org\",\"@graph\":[{\"@type\":\"WebPage\",\"@id\":\"https:\/\/iconico.es\/en\/team\/\",\"url\":\"https:\/\/iconico.es\/en\/team\/\",\"name\":\"Team - IC\u00d3NICO - Dise\u00f1os para la arquitectura\",\"isPartOf\":{\"@id\":\"https:\/\/iconico.es\/en\/#website\"},\"datePublished\":\"2022-08-02T12:40:31+00:00\",\"dateModified\":\"2023-01-17T08:22:05+00:00\",\"description\":\"Our team is made up of a group of professionals whose mission is to offer the best solution for any architectural project.\",\"breadcrumb\":{\"@id\":\"https:\/\/iconico.es\/en\/team\/#breadcrumb\"},\"inLanguage\":\"en-US\",\"potentialAction\":[{\"@type\":\"ReadAction\",\"target\":[\"https:\/\/iconico.es\/en\/team\/\"]}]},{\"@type\":\"BreadcrumbList\",\"@id\":\"https:\/\/iconico.es\/en\/team\/#breadcrumb\",\"itemListElement\":[{\"@type\":\"ListItem\",\"position\":1,\"name\":\"Home\",\"item\":\"https:\/\/iconico.es\/en\/\"},{\"@type\":\"ListItem\",\"position\":2,\"name\":\"Team\"}]},{\"@type\":\"WebSite\",\"@id\":\"https:\/\/iconico.es\/en\/#website\",\"url\":\"https:\/\/iconico.es\/en\/\",\"name\":\"IC\u00d3NICO - Dise\u00f1os para la arquitectura\",\"description\":\"IC\u00d3NICO dise\u00f1a productos atemporales para la arquitectura que responden a los mismos criterios tanto en sus formas como en sus acabados, lujo y calidad.\",\"publisher\":{\"@id\":\"https:\/\/iconico.es\/en\/#organization\"},\"potentialAction\":[{\"@type\":\"SearchAction\",\"target\":{\"@type\":\"EntryPoint\",\"urlTemplate\":\"https:\/\/iconico.es\/en\/?s={search_term_string}\"},\"query-input\":\"required name=search_term_string\"}],\"inLanguage\":\"en-US\"},{\"@type\":\"Organization\",\"@id\":\"https:\/\/iconico.es\/en\/#organization\",\"name\":\"Dise\u00f1o Ic\u00f3nico, s.l.\",\"url\":\"https:\/\/iconico.es\/en\/\",\"logo\":{\"@type\":\"ImageObject\",\"inLanguage\":\"en-US\",\"@id\":\"https:\/\/iconico.es\/en\/#\/schema\/logo\/image\/\",\"url\":\"https:\/\/iconico.es\/wp-content\/uploads\/2021\/09\/cropped-iconico_Logotipo.png\",\"contentUrl\":\"https:\/\/iconico.es\/wp-content\/uploads\/2021\/09\/cropped-iconico_Logotipo.png\",\"width\":322,\"height\":80,\"caption\":\"Dise\u00f1o Ic\u00f3nico, s.l.\"},\"image\":{\"@id\":\"https:\/\/iconico.es\/en\/#\/schema\/logo\/image\/\"},\"sameAs\":[\"https:\/\/www.facebook.com\/iconicospain\",\"https:\/\/www.instagram.com\/iconico\/\",\"https:\/\/www.linkedin.com\/company\/iconico-elements-for-architecture\",\"https:\/\/www.pinterest.es\/iconico_es\/\"]}]}<\/script>\r\n<!-- \/ Yoast SEO plugin. -->","yoast_head_json":{"title":"Team - IC\u00d3NICO - Dise\u00f1os para la arquitectura","description":"Our team is made up of a group of professionals whose mission is to offer the best solution for any architectural project.","robots":{"index":"index","follow":"follow","max-snippet":"max-snippet:-1","max-image-preview":"max-image-preview:large","max-video-preview":"max-video-preview:-1"},"canonical":"https:\/\/iconico.es\/en\/team\/","og_locale":"en_US","og_type":"article","og_title":"Team - IC\u00d3NICO - Dise\u00f1os para la arquitectura","og_description":"Our team is made up of a group of professionals whose mission is to offer the best solution for any architectural project.","og_url":"https:\/\/iconico.es\/en\/team\/","og_site_name":"IC\u00d3NICO - Dise\u00f1os para la arquitectura","article_publisher":"https:\/\/www.facebook.com\/iconicospain","article_modified_time":"2023-01-17T08:22:05+00:00","twitter_card":"summary_large_image","twitter_misc":{"Est. reading time":"2 minutes"},"schema":{"@context":"https:\/\/schema.org","@graph":[{"@type":"WebPage","@id":"https:\/\/iconico.es\/en\/team\/","url":"https:\/\/iconico.es\/en\/team\/","name":"Team - IC\u00d3NICO - Dise\u00f1os para la arquitectura","isPartOf":{"@id":"https:\/\/iconico.es\/en\/#website"},"datePublished":"2022-08-02T12:40:31+00:00","dateModified":"2023-01-17T08:22:05+00:00","description":"Our team is made up of a group of professionals whose mission is to offer the best solution for any architectural project.","breadcrumb":{"@id":"https:\/\/iconico.es\/en\/team\/#breadcrumb"},"inLanguage":"en-US","potentialAction":[{"@type":"ReadAction","target":["https:\/\/iconico.es\/en\/team\/"]}]},{"@type":"BreadcrumbList","@id":"https:\/\/iconico.es\/en\/team\/#breadcrumb","itemListElement":[{"@type":"ListItem","position":1,"name":"Home","item":"https:\/\/iconico.es\/en\/"},{"@type":"ListItem","position":2,"name":"Team"}]},{"@type":"WebSite","@id":"https:\/\/iconico.es\/en\/#website","url":"https:\/\/iconico.es\/en\/","name":"IC\u00d3NICO - Dise\u00f1os para la arquitectura","description":"IC\u00d3NICO dise\u00f1a productos atemporales para la arquitectura que responden a los mismos criterios tanto en sus formas como en sus acabados, lujo y calidad.","publisher":{"@id":"https:\/\/iconico.es\/en\/#organization"},"potentialAction":[{"@type":"SearchAction","target":{"@type":"EntryPoint","urlTemplate":"https:\/\/iconico.es\/en\/?s={search_term_string}"},"query-input":"required name=search_term_string"}],"inLanguage":"en-US"},{"@type":"Organization","@id":"https:\/\/iconico.es\/en\/#organization","name":"Dise\u00f1o Ic\u00f3nico, s.l.","url":"https:\/\/iconico.es\/en\/","logo":{"@type":"ImageObject","inLanguage":"en-US","@id":"https:\/\/iconico.es\/en\/#\/schema\/logo\/image\/","url":"https:\/\/iconico.es\/wp-content\/uploads\/2021\/09\/cropped-iconico_Logotipo.png","contentUrl":"https:\/\/iconico.es\/wp-content\/uploads\/2021\/09\/cropped-iconico_Logotipo.png","width":322,"height":80,"caption":"Dise\u00f1o Ic\u00f3nico, s.l."},"image":{"@id":"https:\/\/iconico.es\/en\/#\/schema\/logo\/image\/"},"sameAs":["https:\/\/www.facebook.com\/iconicospain","https:\/\/www.instagram.com\/iconico\/","https:\/\/www.linkedin.com\/company\/iconico-elements-for-architecture","https:\/\/www.pinterest.es\/iconico_es\/"]}]}},"_links":{"self":[{"href":"https:\/\/iconico.es\/en\/wp-json\/wp\/v2\/pages\/37221","targetHints":{"allow":["GET"]}}],"collection":[{"href":"https:\/\/iconico.es\/en\/wp-json\/wp\/v2\/pages"}],"about":[{"href":"https:\/\/iconico.es\/en\/wp-json\/wp\/v2\/types\/page"}],"author":[{"embeddable":true,"href":"https:\/\/iconico.es\/en\/wp-json\/wp\/v2\/users\/12"}],"replies":[{"embeddable":true,"href":"https:\/\/iconico.es\/en\/wp-json\/wp\/v2\/comments?post=37221"}],"version-history":[{"count":0,"href":"https:\/\/iconico.es\/en\/wp-json\/wp\/v2\/pages\/37221\/revisions"}],"wp:attachment":[{"href":"https:\/\/iconico.es\/en\/wp-json\/wp\/v2\/media?parent=37221"}],"curies":[{"name":"wp","href":"https:\/\/api.w.org\/{rel}","templated":true}]}}