{"id":37290,"date":"2022-08-04T08:31:22","date_gmt":"2022-08-04T08:31:22","guid":{"rendered":"https:\/\/iconico.es\/bathtubs\/"},"modified":"2022-09-22T09:53:37","modified_gmt":"2022-09-22T09:53:37","slug":"bathtubs","status":"publish","type":"page","link":"https:\/\/iconico.es\/en\/catalogue\/sanitary-ware\/bathtubs\/","title":{"rendered":"Bathtubs"},"content":{"rendered":"[vc_row et_column_align=&#8221;align-center&#8221; css=&#8221;.vc_custom_1633433517052{margin-top: 3% !important;}&#8221;][vc_column width=&#8221;1\/4&#8243;][\/vc_column][vc_column width=&#8221;1\/2&#8243;][vc_column_text]\n<h3 style=\"text-align: center;\">Our family of bathtubs is made up of various models made of Solid Surface or Mineral Composite. Its ergonomic and minimalist shapes, together with its smooth and silky finish, provide the bathroom with a therapeutic experience that will immerse us in moments of relaxation and wellness.<\/h3>\n[\/vc_column_text][\/vc_column][vc_column width=&#8221;1\/4&#8243;][\/vc_column][vc_column]\t<div id=\"et-hovercard-69d45bfc17654\" class=\" et-hovercard \">\n\t\t<a class=\"et-hovercard-link\" href=\"https:\/\/iconico.es\/productos\/sanitarios\/baneras\/\" target=\"_self\">\t\t<div class=\"et-hovercard-front et-hovercard-side\">\n\t\t\t<div class=\"et-hovercard-inner\">\n\t\t\t\t<h3 class=\"et-pricing-head\"><\/h3>\n\t\t\t<\/div>\n\t\t<\/div>\n\t\t<div class=\"et-hovercard-back et-hovercard-side\">\n\t\t\t<div class=\"et-hovercard-inner\">\n\t\t\t\t<figure class=\"et-pricing-icon\">\n\t\t\t\t\t\t\t\t\t\t<span class=\"\"><\/span>\n\t\t\t\t\t\t\t\t\t<\/figure>\n\t\t\t\t<h3 class=\"et-pricing-head\"><\/h3>\n\t\t\t\t<div class=\"et-pricing-content\"><\/div>\n\t\t\t<\/div>\n\t\t<\/div>\n\t\t<\/a>\n\t<\/div>\n\t[\/vc_column][\/vc_row][vc_row css=&#8221;.vc_custom_1642506302366{margin-top: 2% !important;}&#8221;][vc_column][vc_btn title=&#8221;VIEW PRODUCTS&#8221; style=&#8221;outline&#8221; shape=&#8221;square&#8221; color=&#8221;black&#8221; align=&#8221;center&#8221; link=&#8221;url:https%3A%2F%2Ficonico.es%2Fproductos%2Fsanitarios%2Fbaneras%2F&#8221; css=&#8221;.vc_custom_1663840372998{margin-top: 45px !important;margin-bottom: 45px !important;}&#8221;][\/vc_column][\/vc_row][vc_row css=&#8221;.vc_custom_1650385619333{margin-top: 2% !important;}&#8221;][vc_column][vc_column_text css=&#8221;.vc_custom_1644339939491{margin-top: 3% !important;margin-bottom: 3% !important;}&#8221;]\n<h3 style=\"text-align: center;\"><strong>Solid Surface bathtubs<\/strong><\/h3>\n[\/vc_column_text][\/vc_column][\/vc_row][vc_row et_column_align=&#8221;align-center&#8221; content_placement=&#8221;top&#8221; css=&#8221;.vc_custom_1650385553589{margin-top: 2% !important;margin-right: 10% !important;margin-left: 10% !important;}&#8221;][vc_column width=&#8221;1\/2&#8243;][vc_column_text]\n<h4 style=\"text-align: left;\">ABOUT SOLID SURFACE<\/h4>\n[\/vc_column_text][\/vc_column][vc_column width=&#8221;1\/2&#8243;][vc_column_text]\n<p>Solid Surface bathtubs are made with high-end minerals and resins through a meticulous craftsmanship process. Composed from natural minerals and highly resistant polymers, they make it a 100% recyclable material with great technical and aesthetic benefits. Compact, resistant, non-porous, highly durable and hygienic, it is characterized by its smooth and silky finish, bringing aesthetically impeccable products to the sanitaryware world.<\/p>\n[\/vc_column_text][\/vc_column][\/vc_row][vc_row et_column_align=&#8221;align-center&#8221; content_placement=&#8221;top&#8221; css=&#8221;.vc_custom_1636994471639{margin-top: 2% !important;margin-right: 10% !important;margin-left: 10% !important;}&#8221;][vc_column width=&#8221;1\/2&#8243;][vc_column_text]\n<h4 style=\"text-align: left;\">BI-LAYER STRUCTURE<\/h4>\n[\/vc_column_text][\/vc_column][vc_column width=&#8221;1\/2&#8243;][vc_column_text]\n<p>Its design, with a bi-layer structure, is assembled creating an air chamber inside that maintains the temperature of the water. Furthermore, Solid Surface bathtubs are distinguished by their pure matt white color and non-porous finish that facilitate cleaning and maintenance.<\/p>\n[\/vc_column_text][\/vc_column][\/vc_row][vc_row et_column_align=&#8221;align-center&#8221; content_placement=&#8221;top&#8221; css=&#8221;.vc_custom_1633433569926{margin-top: 2% !important;margin-right: 10% !important;margin-left: 10% !important;}&#8221;][vc_column width=&#8221;1\/2&#8243;][vc_column_text]\n<h4 style=\"text-align: left;\">CUSTOMIZABLE EXTERIORS<\/h4>\n[\/vc_column_text][\/vc_column][vc_column width=&#8221;1\/2&#8243;][vc_column_text]\n<p>The exterior panels of these bathtubs are fully customizable according to the RAL Classic system, creating an aesthetic and visual coherence in accordance with the selected materials and the chromatic range of each bathroom.<\/p>\n[\/vc_column_text][\/vc_column][\/vc_row][vc_row][vc_column][vc_column_text css=&#8221;.vc_custom_1644339960463{margin-top: 3% !important;margin-bottom: 3% !important;}&#8221;]\n<h3><\/h3>\n<h3 style=\"text-align: center;\"><strong>Mineral Composite bathtubs<\/strong><\/h3>\n[\/vc_column_text][\/vc_column][\/vc_row][vc_row et_column_align=&#8221;align-center&#8221; content_placement=&#8221;top&#8221; css=&#8221;.vc_custom_1633433569926{margin-top: 2% !important;margin-right: 10% !important;margin-left: 10% !important;}&#8221;][vc_column width=&#8221;1\/2&#8243;][vc_column_text]\n<h4 style=\"text-align: left;\">ABOUT MINERAL COMPOSITE<\/h4>\n[\/vc_column_text][\/vc_column][vc_column width=&#8221;1\/2&#8243;][vc_column_text]\n<p>Mineral Composite is a compact and highly durable material composed of 75% dolomite rock and 25% elastic resin. Its exterior, coated with Nanocoat, gives these bathtubs excellent anti-bacterial properties, being resistant to the growth of bacteria and germs. The combination of these two components makes the bathtubs made of this material extraordinarily resistant to damage and impact.<\/p>\n[\/vc_column_text][\/vc_column][\/vc_row][vc_row et_column_align=&#8221;align-center&#8221; content_placement=&#8221;top&#8221; css=&#8221;.vc_custom_1633433569926{margin-top: 2% !important;margin-right: 10% !important;margin-left: 10% !important;}&#8221;][vc_column width=&#8221;1\/2&#8243;][vc_column_text]\n<h4 style=\"text-align: left;\">UNIQUE STRUCTURE<\/h4>\n[\/vc_column_text][\/vc_column][vc_column width=&#8221;1\/2&#8243;][vc_column_text]\n<p>The unique structure of the material takes advantage of the properties of dolomite rock, acquiring great technical benefits as it is reinforced with elastic resin. Its exceptional acoustic absorption prevents the water from making noise when it hits the surface. The thermal insulation of its walls maintains the temperature of the water for a long time.<\/p>\n[\/vc_column_text][\/vc_column][\/vc_row][vc_row et_column_align=&#8221;align-center&#8221; content_placement=&#8221;top&#8221; css=&#8221;.vc_custom_1650385580892{margin-top: 2% !important;margin-right: 10% !important;margin-left: 10% !important;}&#8221;][vc_column width=&#8221;1\/2&#8243;][vc_column_text]\n<h4 style=\"text-align: left;\">MATT WHITE FINISH<\/h4>\n[\/vc_column_text][\/vc_column][vc_column width=&#8221;1\/2&#8243;][vc_column_text]\n<p>Our selection of Mineral Composite bathtubs is available in a matt white finish. With a high resistance to loss of shine, its easy cleaning and maintenance make these bathtubs a great choice to complete the bathroom.<\/p>\n[\/vc_column_text][\/vc_column][\/vc_row][vc_row css=&#8221;.vc_custom_1663840410279{margin-top: 2% !important;}&#8221;][vc_column offset=&#8221;vc_hidden-xs&#8221;][vc_separator][vc_column_text css=&#8221;.vc_custom_1642501934727{margin-top: 3% !important;margin-bottom: 3% !important;}&#8221;]\n<h3 style=\"text-align: center;\">Inspiration<\/h3>\n[\/vc_column_text][vc_row_inner][vc_column_inner width=&#8221;1\/3&#8243;]\t<div id=\"et-hovercard-69d45bfc1840e\" class=\" et-hovercard \">\n\t\t<a class=\"et-hovercard-link\" href=\"http:\/\/iconico.es\/wp-content\/uploads\/A-BE28-64_B2-28_M2LB-MP-64_A-LE11-64_Sifon-64_iconico-scaled.jpg\" target=\"_blank\">\t\t<div class=\"et-hovercard-front et-hovercard-side\">\n\t\t\t<div class=\"et-hovercard-inner\">\n\t\t\t\t<h3 class=\"et-pricing-head\"><\/h3>\n\t\t\t<\/div>\n\t\t<\/div>\n\t\t<div class=\"et-hovercard-back et-hovercard-side\">\n\t\t\t<div class=\"et-hovercard-inner\">\n\t\t\t\t<figure class=\"et-pricing-icon\">\n\t\t\t\t\t\t\t\t\t\t<span class=\"\"><\/span>\n\t\t\t\t\t\t\t\t\t<\/figure>\n\t\t\t\t<h3 class=\"et-pricing-head\"><\/h3>\n\t\t\t\t<div class=\"et-pricing-content\"><\/div>\n\t\t\t<\/div>\n\t\t<\/div>\n\t\t<\/a>\n\t<\/div>\n\t[\/vc_column_inner][vc_column_inner width=&#8221;1\/3&#8243;]\t<div id=\"et-hovercard-69d45bfc18f1b\" class=\" et-hovercard \">\n\t\t<a class=\"et-hovercard-link\" href=\"http:\/\/iconico.es\/wp-content\/uploads\/DH0ADHX-scaled.jpg\" target=\"_blank\">\t\t<div class=\"et-hovercard-front et-hovercard-side\">\n\t\t\t<div class=\"et-hovercard-inner\">\n\t\t\t\t<h3 class=\"et-pricing-head\"><\/h3>\n\t\t\t<\/div>\n\t\t<\/div>\n\t\t<div class=\"et-hovercard-back et-hovercard-side\">\n\t\t\t<div class=\"et-hovercard-inner\">\n\t\t\t\t<figure class=\"et-pricing-icon\">\n\t\t\t\t\t\t\t\t\t\t<span class=\"\"><\/span>\n\t\t\t\t\t\t\t\t\t<\/figure>\n\t\t\t\t<h3 class=\"et-pricing-head\"><\/h3>\n\t\t\t\t<div class=\"et-pricing-content\"><\/div>\n\t\t\t<\/div>\n\t\t<\/div>\n\t\t<\/a>\n\t<\/div>\n\t[\/vc_column_inner][vc_column_inner width=&#8221;1\/3&#8243;]\t<div id=\"et-hovercard-69d45bfc1980c\" class=\" et-hovercard \">\n\t\t<a class=\"et-hovercard-link\" href=\"http:\/\/iconico.es\/wp-content\/uploads\/A2-BP223_B5-28_D-R300-20_D-ST50_14560502002-40_iconico-scaled.jpg\" target=\"_blank\">\t\t<div class=\"et-hovercard-front et-hovercard-side\">\n\t\t\t<div class=\"et-hovercard-inner\">\n\t\t\t\t<h3 class=\"et-pricing-head\"><\/h3>\n\t\t\t<\/div>\n\t\t<\/div>\n\t\t<div class=\"et-hovercard-back et-hovercard-side\">\n\t\t\t<div class=\"et-hovercard-inner\">\n\t\t\t\t<figure class=\"et-pricing-icon\">\n\t\t\t\t\t\t\t\t\t\t<span class=\"\"><\/span>\n\t\t\t\t\t\t\t\t\t<\/figure>\n\t\t\t\t<h3 class=\"et-pricing-head\"><\/h3>\n\t\t\t\t<div class=\"et-pricing-content\"><\/div>\n\t\t\t<\/div>\n\t\t<\/div>\n\t\t<\/a>\n\t<\/div>\n\t[\/vc_column_inner][\/vc_row_inner][vc_row_inner css=&#8221;.vc_custom_1631636612375{margin-top: 2% !important;}&#8221;][vc_column_inner width=&#8221;1\/2&#8243;]\t<div id=\"et-hovercard-69d45bfc1a14c\" class=\" et-hovercard \">\n\t\t<a class=\"et-hovercard-link\" href=\"http:\/\/iconico.es\/wp-content\/uploads\/A-LE22-27_B3-28_iconico.jpg\" target=\"_blank\">\t\t<div class=\"et-hovercard-front et-hovercard-side\">\n\t\t\t<div class=\"et-hovercard-inner\">\n\t\t\t\t<h3 class=\"et-pricing-head\"><\/h3>\n\t\t\t<\/div>\n\t\t<\/div>\n\t\t<div class=\"et-hovercard-back et-hovercard-side\">\n\t\t\t<div class=\"et-hovercard-inner\">\n\t\t\t\t<figure class=\"et-pricing-icon\">\n\t\t\t\t\t\t\t\t\t\t<span class=\"\"><\/span>\n\t\t\t\t\t\t\t\t\t<\/figure>\n\t\t\t\t<h3 class=\"et-pricing-head\"><\/h3>\n\t\t\t\t<div class=\"et-pricing-content\"><\/div>\n\t\t\t<\/div>\n\t\t<\/div>\n\t\t<\/a>\n\t<\/div>\n\t[\/vc_column_inner][vc_column_inner width=&#8221;1\/2&#8243;]\t<div id=\"et-hovercard-69d45bfc1aabf\" class=\" et-hovercard \">\n\t\t<a class=\"et-hovercard-link\" href=\"http:\/\/iconico.es\/wp-content\/uploads\/B6-28_D-C200-70_D-SP420-70_A-BP42-70_M1LB-MP-70_IC3480-70_IC7650-70_iconico-1-scaled.jpg\" target=\"_blank\">\t\t<div class=\"et-hovercard-front et-hovercard-side\">\n\t\t\t<div class=\"et-hovercard-inner\">\n\t\t\t\t<h3 class=\"et-pricing-head\"><\/h3>\n\t\t\t<\/div>\n\t\t<\/div>\n\t\t<div class=\"et-hovercard-back et-hovercard-side\">\n\t\t\t<div class=\"et-hovercard-inner\">\n\t\t\t\t<figure class=\"et-pricing-icon\">\n\t\t\t\t\t\t\t\t\t\t<span class=\"\"><\/span>\n\t\t\t\t\t\t\t\t\t<\/figure>\n\t\t\t\t<h3 class=\"et-pricing-head\"><\/h3>\n\t\t\t\t<div class=\"et-pricing-content\"><\/div>\n\t\t\t<\/div>\n\t\t<\/div>\n\t\t<\/a>\n\t<\/div>\n\t[\/vc_column_inner][\/vc_row_inner][vc_row_inner css=&#8221;.vc_custom_1631636657462{margin-top: 2% !important;}&#8221;][vc_column_inner width=&#8221;1\/3&#8243;]\t<div id=\"et-hovercard-69d45bfc1b3ca\" class=\" et-hovercard \">\n\t\t<a class=\"et-hovercard-link\" href=\"http:\/\/iconico.es\/wp-content\/uploads\/B18-28_A2-BP22-20_D-ST50-40_D-R400-40_DI2-20_iconico-scaled.jpg\" target=\"_blank\">\t\t<div class=\"et-hovercard-front et-hovercard-side\">\n\t\t\t<div class=\"et-hovercard-inner\">\n\t\t\t\t<h3 class=\"et-pricing-head\"><\/h3>\n\t\t\t<\/div>\n\t\t<\/div>\n\t\t<div class=\"et-hovercard-back et-hovercard-side\">\n\t\t\t<div class=\"et-hovercard-inner\">\n\t\t\t\t<figure class=\"et-pricing-icon\">\n\t\t\t\t\t\t\t\t\t\t<span class=\"\"><\/span>\n\t\t\t\t\t\t\t\t\t<\/figure>\n\t\t\t\t<h3 class=\"et-pricing-head\"><\/h3>\n\t\t\t\t<div class=\"et-pricing-content\"><\/div>\n\t\t\t<\/div>\n\t\t<\/div>\n\t\t<\/a>\n\t<\/div>\n\t[\/vc_column_inner][vc_column_inner width=&#8221;1\/3&#8243;]\t<div id=\"et-hovercard-69d45bfc1b7a2\" class=\" et-hovercard \">\n\t\t<a class=\"et-hovercard-link\" href=\"http:\/\/iconico.es\/wp-content\/uploads\/D-SP3-27_A-BE28-27_B2-28_14705002305-27_14561002003-27_iconico.jpg\" target=\"_blank\">\t\t<div class=\"et-hovercard-front et-hovercard-side\">\n\t\t\t<div class=\"et-hovercard-inner\">\n\t\t\t\t<h3 class=\"et-pricing-head\"><\/h3>\n\t\t\t<\/div>\n\t\t<\/div>\n\t\t<div class=\"et-hovercard-back et-hovercard-side\">\n\t\t\t<div class=\"et-hovercard-inner\">\n\t\t\t\t<figure class=\"et-pricing-icon\">\n\t\t\t\t\t\t\t\t\t\t<span class=\"\"><\/span>\n\t\t\t\t\t\t\t\t\t<\/figure>\n\t\t\t\t<h3 class=\"et-pricing-head\"><\/h3>\n\t\t\t\t<div class=\"et-pricing-content\"><\/div>\n\t\t\t<\/div>\n\t\t<\/div>\n\t\t<\/a>\n\t<\/div>\n\t[\/vc_column_inner][vc_column_inner width=&#8221;1\/3&#8243;]\t<div id=\"et-hovercard-69d45bfc1bc39\" class=\" et-hovercard \">\n\t\t<a class=\"et-hovercard-link\" href=\"http:\/\/iconico.es\/wp-content\/uploads\/A-BE28-28_B16-28_iconico-scaled.jpg\" target=\"_blank\">\t\t<div class=\"et-hovercard-front et-hovercard-side\">\n\t\t\t<div class=\"et-hovercard-inner\">\n\t\t\t\t<h3 class=\"et-pricing-head\"><\/h3>\n\t\t\t<\/div>\n\t\t<\/div>\n\t\t<div class=\"et-hovercard-back et-hovercard-side\">\n\t\t\t<div class=\"et-hovercard-inner\">\n\t\t\t\t<figure class=\"et-pricing-icon\">\n\t\t\t\t\t\t\t\t\t\t<span class=\"\"><\/span>\n\t\t\t\t\t\t\t\t\t<\/figure>\n\t\t\t\t<h3 class=\"et-pricing-head\"><\/h3>\n\t\t\t\t<div class=\"et-pricing-content\"><\/div>\n\t\t\t<\/div>\n\t\t<\/div>\n\t\t<\/a>\n\t<\/div>\n\t[\/vc_column_inner][\/vc_row_inner][vc_row_inner css=&#8221;.vc_custom_1631636612375{margin-top: 2% !important;}&#8221;][vc_column_inner width=&#8221;1\/2&#8243;]\t<div id=\"et-hovercard-69d45bfc1c5ae\" class=\" et-hovercard \">\n\t\t<a class=\"et-hovercard-link\" href=\"http:\/\/iconico.es\/wp-content\/uploads\/D62ORQP-scaled.jpg\" target=\"_blank\">\t\t<div class=\"et-hovercard-front et-hovercard-side\">\n\t\t\t<div class=\"et-hovercard-inner\">\n\t\t\t\t<h3 class=\"et-pricing-head\"><\/h3>\n\t\t\t<\/div>\n\t\t<\/div>\n\t\t<div class=\"et-hovercard-back et-hovercard-side\">\n\t\t\t<div class=\"et-hovercard-inner\">\n\t\t\t\t<figure class=\"et-pricing-icon\">\n\t\t\t\t\t\t\t\t\t\t<span class=\"\"><\/span>\n\t\t\t\t\t\t\t\t\t<\/figure>\n\t\t\t\t<h3 class=\"et-pricing-head\"><\/h3>\n\t\t\t\t<div class=\"et-pricing-content\"><\/div>\n\t\t\t<\/div>\n\t\t<\/div>\n\t\t<\/a>\n\t<\/div>\n\t[\/vc_column_inner][vc_column_inner width=&#8221;1\/2&#8243;]\t<div id=\"et-hovercard-69d45bfc1ce69\" class=\" et-hovercard \">\n\t\t<a class=\"et-hovercard-link\" href=\"http:\/\/iconico.es\/wp-content\/uploads\/B17-28_C-BP42-27_iconico-scaled.jpg\" target=\"_blank\">\t\t<div class=\"et-hovercard-front et-hovercard-side\">\n\t\t\t<div class=\"et-hovercard-inner\">\n\t\t\t\t<h3 class=\"et-pricing-head\"><\/h3>\n\t\t\t<\/div>\n\t\t<\/div>\n\t\t<div class=\"et-hovercard-back et-hovercard-side\">\n\t\t\t<div class=\"et-hovercard-inner\">\n\t\t\t\t<figure class=\"et-pricing-icon\">\n\t\t\t\t\t\t\t\t\t\t<span class=\"\"><\/span>\n\t\t\t\t\t\t\t\t\t<\/figure>\n\t\t\t\t<h3 class=\"et-pricing-head\"><\/h3>\n\t\t\t\t<div class=\"et-pricing-content\"><\/div>\n\t\t\t<\/div>\n\t\t<\/div>\n\t\t<\/a>\n\t<\/div>\n\t[\/vc_column_inner][\/vc_row_inner][\/vc_column][\/vc_row][vc_row][vc_column offset=&#8221;vc_hidden-lg vc_hidden-md vc_hidden-sm&#8221;][vc_separator][vc_column_text css=&#8221;.vc_custom_1642501934727{margin-top: 3% !important;margin-bottom: 3% !important;}&#8221;]\n<h3 style=\"text-align: center;\">Inspiration<\/h3>\n[\/vc_column_text][vc_images_carousel images=&#8221;6596,6585,6633,6627,6620,22407,15942&#8243; img_size=&#8221;350X400&#8243; hide_pagination_control=&#8221;yes&#8221;][\/vc_column][\/vc_row][vc_row css=&#8221;.vc_custom_1642506302366{margin-top: 2% !important;}&#8221;][vc_column][vc_btn title=&#8221;VIEW PRODUCTS&#8221; style=&#8221;outline&#8221; shape=&#8221;square&#8221; color=&#8221;black&#8221; align=&#8221;center&#8221; link=&#8221;url:https%3A%2F%2Ficonico.es%2Fproductos%2Fsanitarios%2Fbaneras%2F&#8221; css=&#8221;.vc_custom_1663840372998{margin-top: 45px !important;margin-bottom: 45px !important;}&#8221;][\/vc_column][\/vc_row]\n","protected":false},"excerpt":{"rendered":"<p>[vc_row et_column_align=&#8221;align-center&#8221; css=&#8221;.vc_custom_1633433517052{margin-top: 3% !important;}&#8221;][vc_column width=&#8221;1\/4&#8243;][\/vc_column][vc_column width=&#8221;1\/2&#8243;][vc_column_text] Our family of bathtubs is made up of various models made of Solid Surface or Mineral Composite. Its ergonomic and minimalist shapes, together with its smooth and silky finish, provide the bathroom with a therapeutic experience that will immerse us in moments of&hellip;<\/p>\n","protected":false},"author":12,"featured_media":0,"parent":38575,"menu_order":0,"comment_status":"closed","ping_status":"closed","template":"","meta":{"_acf_changed":false,"footnotes":""},"class_list":["post-37290","page","type-page","status-publish","hentry"],"acf":[],"yoast_head":"<!-- This site is optimized with the Yoast SEO plugin v22.6 - https:\/\/yoast.com\/wordpress\/plugins\/seo\/ -->\r\n<title>Bathtubs - IC\u00d3NICO - Dise\u00f1os para la arquitectura<\/title>\r\n<meta name=\"description\" content=\"Freestanding bathtubs available in different shapes and dimensions made of Solid Surface or Mineral Composite.\" \/>\r\n<meta name=\"robots\" content=\"index, follow, max-snippet:-1, max-image-preview:large, max-video-preview:-1\" \/>\r\n<link rel=\"canonical\" href=\"https:\/\/iconico.es\/en\/catalogue\/sanitary-ware\/bathtubs\/\" \/>\r\n<meta property=\"og:locale\" content=\"en_US\" \/>\r\n<meta property=\"og:type\" content=\"article\" \/>\r\n<meta property=\"og:title\" content=\"Bathtubs - IC\u00d3NICO - Dise\u00f1os para la arquitectura\" \/>\r\n<meta property=\"og:description\" content=\"Freestanding bathtubs available in different shapes and dimensions made of Solid Surface or Mineral Composite.\" \/>\r\n<meta property=\"og:url\" content=\"https:\/\/iconico.es\/en\/catalogue\/sanitary-ware\/bathtubs\/\" \/>\r\n<meta property=\"og:site_name\" content=\"IC\u00d3NICO - Dise\u00f1os para la arquitectura\" \/>\r\n<meta property=\"article:publisher\" content=\"https:\/\/www.facebook.com\/iconicospain\" \/>\r\n<meta property=\"article:modified_time\" content=\"2022-09-22T09:53:37+00:00\" \/>\r\n<meta name=\"twitter:card\" content=\"summary_large_image\" \/>\r\n<meta name=\"twitter:label1\" content=\"Est. reading time\" \/>\n\t<meta name=\"twitter:data1\" content=\"3 minutes\" \/>\r\n<script type=\"application\/ld+json\" class=\"yoast-schema-graph\">{\"@context\":\"https:\/\/schema.org\",\"@graph\":[{\"@type\":\"WebPage\",\"@id\":\"https:\/\/iconico.es\/en\/catalogue\/sanitary-ware\/bathtubs\/\",\"url\":\"https:\/\/iconico.es\/en\/catalogue\/sanitary-ware\/bathtubs\/\",\"name\":\"Bathtubs - IC\u00d3NICO - Dise\u00f1os para la arquitectura\",\"isPartOf\":{\"@id\":\"https:\/\/iconico.es\/en\/#website\"},\"datePublished\":\"2022-08-04T08:31:22+00:00\",\"dateModified\":\"2022-09-22T09:53:37+00:00\",\"description\":\"Freestanding bathtubs available in different shapes and dimensions made of Solid Surface or Mineral Composite.\",\"breadcrumb\":{\"@id\":\"https:\/\/iconico.es\/en\/catalogue\/sanitary-ware\/bathtubs\/#breadcrumb\"},\"inLanguage\":\"en-US\",\"potentialAction\":[{\"@type\":\"ReadAction\",\"target\":[\"https:\/\/iconico.es\/en\/catalogue\/sanitary-ware\/bathtubs\/\"]}]},{\"@type\":\"BreadcrumbList\",\"@id\":\"https:\/\/iconico.es\/en\/catalogue\/sanitary-ware\/bathtubs\/#breadcrumb\",\"itemListElement\":[{\"@type\":\"ListItem\",\"position\":1,\"name\":\"Home\",\"item\":\"https:\/\/iconico.es\/en\/\"},{\"@type\":\"ListItem\",\"position\":2,\"name\":\"Product&#8217;s catalogue\",\"item\":\"https:\/\/iconico.es\/en\/catalogue\/\"},{\"@type\":\"ListItem\",\"position\":3,\"name\":\"Sanitary Ware\",\"item\":\"https:\/\/iconico.es\/en\/catalogue\/sanitary-ware\/\"},{\"@type\":\"ListItem\",\"position\":4,\"name\":\"Bathtubs\"}]},{\"@type\":\"WebSite\",\"@id\":\"https:\/\/iconico.es\/en\/#website\",\"url\":\"https:\/\/iconico.es\/en\/\",\"name\":\"IC\u00d3NICO - Dise\u00f1os para la arquitectura\",\"description\":\"IC\u00d3NICO dise\u00f1a productos atemporales para la arquitectura que responden a los mismos criterios tanto en sus formas como en sus acabados, lujo y calidad.\",\"publisher\":{\"@id\":\"https:\/\/iconico.es\/en\/#organization\"},\"potentialAction\":[{\"@type\":\"SearchAction\",\"target\":{\"@type\":\"EntryPoint\",\"urlTemplate\":\"https:\/\/iconico.es\/en\/?s={search_term_string}\"},\"query-input\":\"required name=search_term_string\"}],\"inLanguage\":\"en-US\"},{\"@type\":\"Organization\",\"@id\":\"https:\/\/iconico.es\/en\/#organization\",\"name\":\"Dise\u00f1o Ic\u00f3nico, s.l.\",\"url\":\"https:\/\/iconico.es\/en\/\",\"logo\":{\"@type\":\"ImageObject\",\"inLanguage\":\"en-US\",\"@id\":\"https:\/\/iconico.es\/en\/#\/schema\/logo\/image\/\",\"url\":\"https:\/\/iconico.es\/wp-content\/uploads\/2021\/09\/cropped-iconico_Logotipo.png\",\"contentUrl\":\"https:\/\/iconico.es\/wp-content\/uploads\/2021\/09\/cropped-iconico_Logotipo.png\",\"width\":322,\"height\":80,\"caption\":\"Dise\u00f1o Ic\u00f3nico, s.l.\"},\"image\":{\"@id\":\"https:\/\/iconico.es\/en\/#\/schema\/logo\/image\/\"},\"sameAs\":[\"https:\/\/www.facebook.com\/iconicospain\",\"https:\/\/www.instagram.com\/iconico\/\",\"https:\/\/www.linkedin.com\/company\/iconico-elements-for-architecture\",\"https:\/\/www.pinterest.es\/iconico_es\/\"]}]}<\/script>\r\n<!-- \/ Yoast SEO plugin. -->","yoast_head_json":{"title":"Bathtubs - IC\u00d3NICO - Dise\u00f1os para la arquitectura","description":"Freestanding bathtubs available in different shapes and dimensions made of Solid Surface or Mineral Composite.","robots":{"index":"index","follow":"follow","max-snippet":"max-snippet:-1","max-image-preview":"max-image-preview:large","max-video-preview":"max-video-preview:-1"},"canonical":"https:\/\/iconico.es\/en\/catalogue\/sanitary-ware\/bathtubs\/","og_locale":"en_US","og_type":"article","og_title":"Bathtubs - IC\u00d3NICO - Dise\u00f1os para la arquitectura","og_description":"Freestanding bathtubs available in different shapes and dimensions made of Solid Surface or Mineral Composite.","og_url":"https:\/\/iconico.es\/en\/catalogue\/sanitary-ware\/bathtubs\/","og_site_name":"IC\u00d3NICO - Dise\u00f1os para la arquitectura","article_publisher":"https:\/\/www.facebook.com\/iconicospain","article_modified_time":"2022-09-22T09:53:37+00:00","twitter_card":"summary_large_image","twitter_misc":{"Est. reading time":"3 minutes"},"schema":{"@context":"https:\/\/schema.org","@graph":[{"@type":"WebPage","@id":"https:\/\/iconico.es\/en\/catalogue\/sanitary-ware\/bathtubs\/","url":"https:\/\/iconico.es\/en\/catalogue\/sanitary-ware\/bathtubs\/","name":"Bathtubs - IC\u00d3NICO - Dise\u00f1os para la arquitectura","isPartOf":{"@id":"https:\/\/iconico.es\/en\/#website"},"datePublished":"2022-08-04T08:31:22+00:00","dateModified":"2022-09-22T09:53:37+00:00","description":"Freestanding bathtubs available in different shapes and dimensions made of Solid Surface or Mineral Composite.","breadcrumb":{"@id":"https:\/\/iconico.es\/en\/catalogue\/sanitary-ware\/bathtubs\/#breadcrumb"},"inLanguage":"en-US","potentialAction":[{"@type":"ReadAction","target":["https:\/\/iconico.es\/en\/catalogue\/sanitary-ware\/bathtubs\/"]}]},{"@type":"BreadcrumbList","@id":"https:\/\/iconico.es\/en\/catalogue\/sanitary-ware\/bathtubs\/#breadcrumb","itemListElement":[{"@type":"ListItem","position":1,"name":"Home","item":"https:\/\/iconico.es\/en\/"},{"@type":"ListItem","position":2,"name":"Product&#8217;s catalogue","item":"https:\/\/iconico.es\/en\/catalogue\/"},{"@type":"ListItem","position":3,"name":"Sanitary Ware","item":"https:\/\/iconico.es\/en\/catalogue\/sanitary-ware\/"},{"@type":"ListItem","position":4,"name":"Bathtubs"}]},{"@type":"WebSite","@id":"https:\/\/iconico.es\/en\/#website","url":"https:\/\/iconico.es\/en\/","name":"IC\u00d3NICO - Dise\u00f1os para la arquitectura","description":"IC\u00d3NICO dise\u00f1a productos atemporales para la arquitectura que responden a los mismos criterios tanto en sus formas como en sus acabados, lujo y calidad.","publisher":{"@id":"https:\/\/iconico.es\/en\/#organization"},"potentialAction":[{"@type":"SearchAction","target":{"@type":"EntryPoint","urlTemplate":"https:\/\/iconico.es\/en\/?s={search_term_string}"},"query-input":"required name=search_term_string"}],"inLanguage":"en-US"},{"@type":"Organization","@id":"https:\/\/iconico.es\/en\/#organization","name":"Dise\u00f1o Ic\u00f3nico, s.l.","url":"https:\/\/iconico.es\/en\/","logo":{"@type":"ImageObject","inLanguage":"en-US","@id":"https:\/\/iconico.es\/en\/#\/schema\/logo\/image\/","url":"https:\/\/iconico.es\/wp-content\/uploads\/2021\/09\/cropped-iconico_Logotipo.png","contentUrl":"https:\/\/iconico.es\/wp-content\/uploads\/2021\/09\/cropped-iconico_Logotipo.png","width":322,"height":80,"caption":"Dise\u00f1o Ic\u00f3nico, s.l."},"image":{"@id":"https:\/\/iconico.es\/en\/#\/schema\/logo\/image\/"},"sameAs":["https:\/\/www.facebook.com\/iconicospain","https:\/\/www.instagram.com\/iconico\/","https:\/\/www.linkedin.com\/company\/iconico-elements-for-architecture","https:\/\/www.pinterest.es\/iconico_es\/"]}]}},"_links":{"self":[{"href":"https:\/\/iconico.es\/en\/wp-json\/wp\/v2\/pages\/37290","targetHints":{"allow":["GET"]}}],"collection":[{"href":"https:\/\/iconico.es\/en\/wp-json\/wp\/v2\/pages"}],"about":[{"href":"https:\/\/iconico.es\/en\/wp-json\/wp\/v2\/types\/page"}],"author":[{"embeddable":true,"href":"https:\/\/iconico.es\/en\/wp-json\/wp\/v2\/users\/12"}],"replies":[{"embeddable":true,"href":"https:\/\/iconico.es\/en\/wp-json\/wp\/v2\/comments?post=37290"}],"version-history":[{"count":0,"href":"https:\/\/iconico.es\/en\/wp-json\/wp\/v2\/pages\/37290\/revisions"}],"up":[{"embeddable":true,"href":"https:\/\/iconico.es\/en\/wp-json\/wp\/v2\/pages\/38575"}],"wp:attachment":[{"href":"https:\/\/iconico.es\/en\/wp-json\/wp\/v2\/media?parent=37290"}],"curies":[{"name":"wp","href":"https:\/\/api.w.org\/{rel}","templated":true}]}}