{"id":37310,"date":"2022-08-04T08:46:31","date_gmt":"2022-08-04T08:46:31","guid":{"rendered":"https:\/\/iconico.es\/catalogue\/custom-ceramics\/"},"modified":"2022-09-02T08:44:28","modified_gmt":"2022-09-02T08:44:28","slug":"custom-ceramics","status":"publish","type":"page","link":"https:\/\/iconico.es\/en\/catalogue\/custom-ceramics\/","title":{"rendered":"Custom ceramics"},"content":{"rendered":"[vc_row et_column_align=&#8221;align-center&#8221; css=&#8221;.vc_custom_1633430269044{margin-top: 3% !important;}&#8221;][vc_column width=&#8221;1\/4&#8243;][\/vc_column][vc_column width=&#8221;1\/2&#8243;][vc_column_text]\n<h3 style=\"text-align: center;\">Our ceramic catalogue includes two new lines of 100% customizable ceramic tiles. Customizable tiles that allow to create exclusive and unique spaces through different formats.<\/h3>\n[\/vc_column_text][\/vc_column][vc_column width=&#8221;1\/4&#8243;][\/vc_column][\/vc_row][vc_row et_column_align=&#8221;align-center&#8221; el_class=&#8221;cuadrados-2&#8243;][vc_column width=&#8221;1\/2&#8243;]\t<div id=\"et-hovercard-69d47563ab0bd\" class=\" et-hovercard \">\n\t\t<a class=\"et-hovercard-link\" href=\"https:\/\/iconico.es\/en\/catalogue\/custom-ceramics\/mural-ceramics\/\" target=\"_self\">\t\t<div class=\"et-hovercard-front et-hovercard-side\">\n\t\t\t<div class=\"et-hovercard-inner\">\n\t\t\t\t<h3 class=\"et-pricing-head\">MURAL CERAMICS<\/h3>\n\t\t\t<\/div>\n\t\t<\/div>\n\t\t<div class=\"et-hovercard-back et-hovercard-side\">\n\t\t\t<div class=\"et-hovercard-inner\">\n\t\t\t\t<figure class=\"et-pricing-icon\">\n\t\t\t\t\t\t\t\t\t\t<span class=\"\"><\/span>\n\t\t\t\t\t\t\t\t\t<\/figure>\n\t\t\t\t<h3 class=\"et-pricing-head\">MURAL CERAMICS<\/h3>\n\t\t\t\t<div class=\"et-pricing-content\"><\/div>\n\t\t\t<\/div>\n\t\t<\/div>\n\t\t<\/a>\n\t<\/div>\n\t[\/vc_column][vc_column width=&#8221;1\/2&#8243;]\t<div id=\"et-hovercard-69d47563abbf0\" class=\" et-hovercard \">\n\t\t<a class=\"et-hovercard-link\" href=\"https:\/\/iconico.es\/en\/catalogue\/custom-ceramics\/decorated-ceramics\/\" target=\"_self\">\t\t<div class=\"et-hovercard-front et-hovercard-side\">\n\t\t\t<div class=\"et-hovercard-inner\">\n\t\t\t\t<h3 class=\"et-pricing-head\">DECORATED CERAMICS<\/h3>\n\t\t\t<\/div>\n\t\t<\/div>\n\t\t<div class=\"et-hovercard-back et-hovercard-side\">\n\t\t\t<div class=\"et-hovercard-inner\">\n\t\t\t\t<figure class=\"et-pricing-icon\">\n\t\t\t\t\t\t\t\t\t\t<span class=\"\"><\/span>\n\t\t\t\t\t\t\t\t\t<\/figure>\n\t\t\t\t<h3 class=\"et-pricing-head\">DECORATED CERAMICS<\/h3>\n\t\t\t\t<div class=\"et-pricing-content\"><\/div>\n\t\t\t<\/div>\n\t\t<\/div>\n\t\t<\/a>\n\t<\/div>\n\t[\/vc_column][\/vc_row][vc_row et_column_align=&#8221;align-center&#8221; content_placement=&#8221;top&#8221; css=&#8221;.vc_custom_1633432982302{margin-top: 5% !important;margin-right: 10% !important;margin-left: 10% !important;}&#8221;][vc_column width=&#8221;1\/2&#8243;][vc_column_text]\n<h4>ABOUT THE MANUFACTURING PROCESS<\/h4>\n[\/vc_column_text][\/vc_column][vc_column width=&#8221;1\/2&#8243;][vc_column_text]Our ceramic tiles are manufactured using the double firing technique. This technique allows us to separate the pressing process from the glazing process, facilitating the production of exclusive and unique tiles for those spaces that seek their own, different and special personality.[\/vc_column_text][\/vc_column][\/vc_row][vc_row et_column_align=&#8221;align-center&#8221; content_placement=&#8221;top&#8221; css=&#8221;.vc_custom_1642524702993{margin-top: 1% !important;margin-right: 10% !important;margin-left: 10% !important;}&#8221;][vc_column width=&#8221;1\/2&#8243;][vc_column_text]\n<h4>ARTESANAL COLORS<\/h4>\n[\/vc_column_text][\/vc_column][vc_column width=&#8221;1\/2&#8243;][vc_column_text]Double firing applied to ceramic finish tiles allows us to offer a variety of colors and shades. Thanks to the versatility of the technique in the production lines and its low-speed artisanal process, we can very precisely control the color of the enamels, as well as their technical performance. Thus providing each piece with a high resistance to abrasion (PEI) and a high resistance to scratching (MOHS).[\/vc_column_text][\/vc_column][\/vc_row][vc_row et_column_align=&#8221;align-center&#8221; content_placement=&#8221;top&#8221; css=&#8221;.vc_custom_1642524716691{margin-top: 1% !important;margin-right: 10% !important;margin-left: 10% !important;}&#8221;][vc_column width=&#8221;1\/2&#8243;][vc_column_text]\n<h4>IMAGE PRINTING<\/h4>\n[\/vc_column_text][\/vc_column][vc_column width=&#8221;1\/2&#8243;][vc_column_text]Short and customized productions offer high definition, resolution and intensity of enameled colors in illustrations and images.[\/vc_column_text][\/vc_column][\/vc_row][vc_row css=&#8221;.vc_custom_1642580516412{margin-top: 2% !important;}&#8221;][vc_column width=&#8221;1\/2&#8243;][vc_single_image image=&#8221;7929&#8243; img_size=&#8221;650&#215;700&#8243; alignment=&#8221;right&#8221;][\/vc_column][vc_column width=&#8221;1\/2&#8243;][vc_single_image image=&#8221;7926&#8243; img_size=&#8221;650&#215;700&#8243;][\/vc_column][\/vc_row][vc_row css=&#8221;.vc_custom_1642580465893{margin-top: 2% !important;margin-bottom: 2% !important;}&#8221;][vc_column][vc_column_text]\n<h3 style=\"text-align: center;\"><strong>Types of material<\/strong><\/h3>\n[\/vc_column_text][\/vc_column][\/vc_row][vc_row et_column_align=&#8221;align-center&#8221; content_placement=&#8221;top&#8221; css=&#8221;.vc_custom_1642580398700{margin-top: 1% !important;margin-right: 10% !important;margin-left: 10% !important;}&#8221;][vc_column width=&#8221;1\/2&#8243;][vc_column_text]\n<h4>WHITE BODY TALES<\/h4>\n[\/vc_column_text][\/vc_column][vc_column width=&#8221;1\/2&#8243;][vc_column_text]White body ceramic tiles are available in a wide variety of formats. Double firing allows us to offer very intense colors with an excellent gloss.[\/vc_column_text][\/vc_column][\/vc_row][vc_row et_column_align=&#8221;align-center&#8221; content_placement=&#8221;top&#8221; css=&#8221;.vc_custom_1642580403181{margin-top: 1% !important;margin-right: 10% !important;margin-left: 10% !important;}&#8221;][vc_column width=&#8221;1\/2&#8243;][vc_column_text]\n<h4>PORCELAIN TILES<\/h4>\n[\/vc_column_text][\/vc_column][vc_column width=&#8221;1\/2&#8243;][vc_column_text]Porcelain tile is characterized by its hardness, resistance and impermeability. It is a compact material that in its firing process reaches a temperature of 1,200 degrees. It is also a non-porous material, so it absorbs little water. These properties mean that porcelain tiles can be used as flooring or cladding for both interiors and exteriors.[\/vc_column_text][\/vc_column][\/vc_row]\n","protected":false},"excerpt":{"rendered":"<p>[vc_row et_column_align=&#8221;align-center&#8221; css=&#8221;.vc_custom_1633430269044{margin-top: 3% !important;}&#8221;][vc_column width=&#8221;1\/4&#8243;][\/vc_column][vc_column width=&#8221;1\/2&#8243;][vc_column_text] Our ceramic catalogue includes two new lines of 100% customizable ceramic tiles. Customizable tiles that allow to create exclusive and unique spaces through different formats. [\/vc_column_text][\/vc_column][vc_column width=&#8221;1\/4&#8243;][\/vc_column][\/vc_row][vc_row et_column_align=&#8221;align-center&#8221; el_class=&#8221;cuadrados-2&#8243;][vc_column width=&#8221;1\/2&#8243;][\/vc_column][vc_column width=&#8221;1\/2&#8243;][\/vc_column][\/vc_row][vc_row et_column_align=&#8221;align-center&#8221; content_placement=&#8221;top&#8221; css=&#8221;.vc_custom_1633432982302{margin-top: 5% !important;margin-right: 10% !important;margin-left: 10% !important;}&#8221;][vc_column width=&#8221;1\/2&#8243;][vc_column_text] ABOUT THE&hellip;<\/p>\n","protected":false},"author":12,"featured_media":0,"parent":19003,"menu_order":0,"comment_status":"closed","ping_status":"closed","template":"","meta":{"_acf_changed":false,"footnotes":""},"class_list":["post-37310","page","type-page","status-publish","hentry"],"acf":[],"yoast_head":"<!-- This site is optimized with the Yoast SEO plugin v22.6 - https:\/\/yoast.com\/wordpress\/plugins\/seo\/ -->\r\n<title>Custom ceramics - IC\u00d3NICO - Dise\u00f1os para la arquitectura<\/title>\r\n<meta name=\"description\" content=\"Mural and\/or decorated ceramic tiles. 100% customizable tiles that allow you to create exclusive and unique environments through different formats.\" \/>\r\n<meta name=\"robots\" content=\"index, follow, max-snippet:-1, max-image-preview:large, max-video-preview:-1\" \/>\r\n<link rel=\"canonical\" href=\"https:\/\/iconico.es\/en\/catalogue\/custom-ceramics\/\" \/>\r\n<meta property=\"og:locale\" content=\"en_US\" \/>\r\n<meta property=\"og:type\" content=\"article\" \/>\r\n<meta property=\"og:title\" content=\"Custom ceramics - IC\u00d3NICO - Dise\u00f1os para la arquitectura\" \/>\r\n<meta property=\"og:description\" content=\"Mural and\/or decorated ceramic tiles. 100% customizable tiles that allow you to create exclusive and unique environments through different formats.\" \/>\r\n<meta property=\"og:url\" content=\"https:\/\/iconico.es\/en\/catalogue\/custom-ceramics\/\" \/>\r\n<meta property=\"og:site_name\" content=\"IC\u00d3NICO - Dise\u00f1os para la arquitectura\" \/>\r\n<meta property=\"article:publisher\" content=\"https:\/\/www.facebook.com\/iconicospain\" \/>\r\n<meta property=\"article:modified_time\" content=\"2022-09-02T08:44:28+00:00\" \/>\r\n<meta name=\"twitter:card\" content=\"summary_large_image\" \/>\r\n<meta name=\"twitter:label1\" content=\"Est. reading time\" \/>\n\t<meta name=\"twitter:data1\" content=\"3 minutes\" \/>\r\n<script type=\"application\/ld+json\" class=\"yoast-schema-graph\">{\"@context\":\"https:\/\/schema.org\",\"@graph\":[{\"@type\":\"WebPage\",\"@id\":\"https:\/\/iconico.es\/en\/catalogue\/custom-ceramics\/\",\"url\":\"https:\/\/iconico.es\/en\/catalogue\/custom-ceramics\/\",\"name\":\"Custom ceramics - IC\u00d3NICO - Dise\u00f1os para la arquitectura\",\"isPartOf\":{\"@id\":\"https:\/\/iconico.es\/en\/#website\"},\"datePublished\":\"2022-08-04T08:46:31+00:00\",\"dateModified\":\"2022-09-02T08:44:28+00:00\",\"description\":\"Mural and\/or decorated ceramic tiles. 100% customizable tiles that allow you to create exclusive and unique environments through different formats.\",\"breadcrumb\":{\"@id\":\"https:\/\/iconico.es\/en\/catalogue\/custom-ceramics\/#breadcrumb\"},\"inLanguage\":\"en-US\",\"potentialAction\":[{\"@type\":\"ReadAction\",\"target\":[\"https:\/\/iconico.es\/en\/catalogue\/custom-ceramics\/\"]}]},{\"@type\":\"BreadcrumbList\",\"@id\":\"https:\/\/iconico.es\/en\/catalogue\/custom-ceramics\/#breadcrumb\",\"itemListElement\":[{\"@type\":\"ListItem\",\"position\":1,\"name\":\"Home\",\"item\":\"https:\/\/iconico.es\/en\/\"},{\"@type\":\"ListItem\",\"position\":2,\"name\":\"Product&#8217;s catalogue\",\"item\":\"https:\/\/iconico.es\/en\/catalogue\/\"},{\"@type\":\"ListItem\",\"position\":3,\"name\":\"Custom ceramics\"}]},{\"@type\":\"WebSite\",\"@id\":\"https:\/\/iconico.es\/en\/#website\",\"url\":\"https:\/\/iconico.es\/en\/\",\"name\":\"IC\u00d3NICO - Dise\u00f1os para la arquitectura\",\"description\":\"IC\u00d3NICO dise\u00f1a productos atemporales para la arquitectura que responden a los mismos criterios tanto en sus formas como en sus acabados, lujo y calidad.\",\"publisher\":{\"@id\":\"https:\/\/iconico.es\/en\/#organization\"},\"potentialAction\":[{\"@type\":\"SearchAction\",\"target\":{\"@type\":\"EntryPoint\",\"urlTemplate\":\"https:\/\/iconico.es\/en\/?s={search_term_string}\"},\"query-input\":\"required name=search_term_string\"}],\"inLanguage\":\"en-US\"},{\"@type\":\"Organization\",\"@id\":\"https:\/\/iconico.es\/en\/#organization\",\"name\":\"Dise\u00f1o Ic\u00f3nico, s.l.\",\"url\":\"https:\/\/iconico.es\/en\/\",\"logo\":{\"@type\":\"ImageObject\",\"inLanguage\":\"en-US\",\"@id\":\"https:\/\/iconico.es\/en\/#\/schema\/logo\/image\/\",\"url\":\"https:\/\/iconico.es\/wp-content\/uploads\/2021\/09\/cropped-iconico_Logotipo.png\",\"contentUrl\":\"https:\/\/iconico.es\/wp-content\/uploads\/2021\/09\/cropped-iconico_Logotipo.png\",\"width\":322,\"height\":80,\"caption\":\"Dise\u00f1o Ic\u00f3nico, s.l.\"},\"image\":{\"@id\":\"https:\/\/iconico.es\/en\/#\/schema\/logo\/image\/\"},\"sameAs\":[\"https:\/\/www.facebook.com\/iconicospain\",\"https:\/\/www.instagram.com\/iconico\/\",\"https:\/\/www.linkedin.com\/company\/iconico-elements-for-architecture\",\"https:\/\/www.pinterest.es\/iconico_es\/\"]}]}<\/script>\r\n<!-- \/ Yoast SEO plugin. -->","yoast_head_json":{"title":"Custom ceramics - IC\u00d3NICO - Dise\u00f1os para la arquitectura","description":"Mural and\/or decorated ceramic tiles. 100% customizable tiles that allow you to create exclusive and unique environments through different formats.","robots":{"index":"index","follow":"follow","max-snippet":"max-snippet:-1","max-image-preview":"max-image-preview:large","max-video-preview":"max-video-preview:-1"},"canonical":"https:\/\/iconico.es\/en\/catalogue\/custom-ceramics\/","og_locale":"en_US","og_type":"article","og_title":"Custom ceramics - IC\u00d3NICO - Dise\u00f1os para la arquitectura","og_description":"Mural and\/or decorated ceramic tiles. 100% customizable tiles that allow you to create exclusive and unique environments through different formats.","og_url":"https:\/\/iconico.es\/en\/catalogue\/custom-ceramics\/","og_site_name":"IC\u00d3NICO - Dise\u00f1os para la arquitectura","article_publisher":"https:\/\/www.facebook.com\/iconicospain","article_modified_time":"2022-09-02T08:44:28+00:00","twitter_card":"summary_large_image","twitter_misc":{"Est. reading time":"3 minutes"},"schema":{"@context":"https:\/\/schema.org","@graph":[{"@type":"WebPage","@id":"https:\/\/iconico.es\/en\/catalogue\/custom-ceramics\/","url":"https:\/\/iconico.es\/en\/catalogue\/custom-ceramics\/","name":"Custom ceramics - IC\u00d3NICO - Dise\u00f1os para la arquitectura","isPartOf":{"@id":"https:\/\/iconico.es\/en\/#website"},"datePublished":"2022-08-04T08:46:31+00:00","dateModified":"2022-09-02T08:44:28+00:00","description":"Mural and\/or decorated ceramic tiles. 100% customizable tiles that allow you to create exclusive and unique environments through different formats.","breadcrumb":{"@id":"https:\/\/iconico.es\/en\/catalogue\/custom-ceramics\/#breadcrumb"},"inLanguage":"en-US","potentialAction":[{"@type":"ReadAction","target":["https:\/\/iconico.es\/en\/catalogue\/custom-ceramics\/"]}]},{"@type":"BreadcrumbList","@id":"https:\/\/iconico.es\/en\/catalogue\/custom-ceramics\/#breadcrumb","itemListElement":[{"@type":"ListItem","position":1,"name":"Home","item":"https:\/\/iconico.es\/en\/"},{"@type":"ListItem","position":2,"name":"Product&#8217;s catalogue","item":"https:\/\/iconico.es\/en\/catalogue\/"},{"@type":"ListItem","position":3,"name":"Custom ceramics"}]},{"@type":"WebSite","@id":"https:\/\/iconico.es\/en\/#website","url":"https:\/\/iconico.es\/en\/","name":"IC\u00d3NICO - Dise\u00f1os para la arquitectura","description":"IC\u00d3NICO dise\u00f1a productos atemporales para la arquitectura que responden a los mismos criterios tanto en sus formas como en sus acabados, lujo y calidad.","publisher":{"@id":"https:\/\/iconico.es\/en\/#organization"},"potentialAction":[{"@type":"SearchAction","target":{"@type":"EntryPoint","urlTemplate":"https:\/\/iconico.es\/en\/?s={search_term_string}"},"query-input":"required name=search_term_string"}],"inLanguage":"en-US"},{"@type":"Organization","@id":"https:\/\/iconico.es\/en\/#organization","name":"Dise\u00f1o Ic\u00f3nico, s.l.","url":"https:\/\/iconico.es\/en\/","logo":{"@type":"ImageObject","inLanguage":"en-US","@id":"https:\/\/iconico.es\/en\/#\/schema\/logo\/image\/","url":"https:\/\/iconico.es\/wp-content\/uploads\/2021\/09\/cropped-iconico_Logotipo.png","contentUrl":"https:\/\/iconico.es\/wp-content\/uploads\/2021\/09\/cropped-iconico_Logotipo.png","width":322,"height":80,"caption":"Dise\u00f1o Ic\u00f3nico, s.l."},"image":{"@id":"https:\/\/iconico.es\/en\/#\/schema\/logo\/image\/"},"sameAs":["https:\/\/www.facebook.com\/iconicospain","https:\/\/www.instagram.com\/iconico\/","https:\/\/www.linkedin.com\/company\/iconico-elements-for-architecture","https:\/\/www.pinterest.es\/iconico_es\/"]}]}},"_links":{"self":[{"href":"https:\/\/iconico.es\/en\/wp-json\/wp\/v2\/pages\/37310","targetHints":{"allow":["GET"]}}],"collection":[{"href":"https:\/\/iconico.es\/en\/wp-json\/wp\/v2\/pages"}],"about":[{"href":"https:\/\/iconico.es\/en\/wp-json\/wp\/v2\/types\/page"}],"author":[{"embeddable":true,"href":"https:\/\/iconico.es\/en\/wp-json\/wp\/v2\/users\/12"}],"replies":[{"embeddable":true,"href":"https:\/\/iconico.es\/en\/wp-json\/wp\/v2\/comments?post=37310"}],"version-history":[{"count":0,"href":"https:\/\/iconico.es\/en\/wp-json\/wp\/v2\/pages\/37310\/revisions"}],"up":[{"embeddable":true,"href":"https:\/\/iconico.es\/en\/wp-json\/wp\/v2\/pages\/19003"}],"wp:attachment":[{"href":"https:\/\/iconico.es\/en\/wp-json\/wp\/v2\/media?parent=37310"}],"curies":[{"name":"wp","href":"https:\/\/api.w.org\/{rel}","templated":true}]}}