{"id":37344,"date":"2022-08-04T10:14:35","date_gmt":"2022-08-04T10:14:35","guid":{"rendered":"https:\/\/iconico.es\/catalogue\/cleaning-and-manteinance\/"},"modified":"2022-09-02T08:52:38","modified_gmt":"2022-09-02T08:52:38","slug":"cleaning-and-manteinance","status":"publish","type":"page","link":"https:\/\/iconico.es\/en\/catalogue\/cleaning-and-manteinance\/","title":{"rendered":"Cleaning and manteinance"},"content":{"rendered":"[vc_row et_column_align=&#8221;align-center&#8221; css=&#8221;.vc_custom_1633444531071{margin-top: 3% !important;}&#8221;][vc_column width=&#8221;1\/6&#8243;][\/vc_column][vc_column width=&#8221;4\/6&#8243; el_class=&#8221;dmw&#8221;][vc_column_text]\n<h3 style=\"text-align: center;\">To avoid damage and to ensure the durability of the products, follow the recommendations below.<\/h3>\n[\/vc_column_text][\/vc_column][vc_column width=&#8221;1\/6&#8243;][\/vc_column][\/vc_row][vc_row css=&#8221;.vc_custom_1647945387144{margin-left: 10% !important;}&#8221;][vc_column][vc_toggle title=&#8221;GENERAL&#8221; open=&#8221;true&#8221;]\u2014 Use only detergents intended for the product. In the case of enameled products, it is advisable to use water and neutral soap to avoid damaging the surfaces.<br \/>\n\u2014 Always follow the instructions for the use of detergents.<br \/>\n\u2014 Do not use aggressive or powder detergents, steel brushes or other abrasives.<br \/>\n\u2014 Do not apply detergent spray directly on the surface, always do it on a cloth.<br \/>\n\u2014 Rinse thoroughly with water after cleaning the product with detergent.<br \/>\n\u2014 Shampoo, liquid soap and other body lotions deposits should be rinsed off with water immediately.[\/vc_toggle][\/vc_column][\/vc_row][vc_row css=&#8221;.vc_custom_1646998036044{margin-left: 10% !important;}&#8221;][vc_column][vc_toggle title=&#8221;SPOUTS&#8221;]The spouts may have aerators to regulate the water flow. In order to maintain optimum performance in your faucet and if required, these parts can be removed and immersed for a few hours in vinegar.[\/vc_toggle][\/vc_column][\/vc_row][vc_row css=&#8221;.vc_custom_1646998036044{margin-left: 10% !important;}&#8221;][vc_column][vc_toggle title=&#8221;SHOWERS&#8221;]The shower should be cleaned with a clean, dry cloth and neutral detergent. Let the detergent work for a short time and rinse thoroughly with water. To avoid limescale build-up on the nozzles, they should be rubbed with your fingers or a not too hard plastic.[\/vc_toggle][\/vc_column][\/vc_row][vc_row css=&#8221;.vc_custom_1646998036044{margin-left: 10% !important;}&#8221;][vc_column][vc_toggle title=&#8221;OUTDOOR SHOWERS&#8221;]\u2014 Water contains lime scale which can form stains on shower surfaces. To avoid the formation of stains, dry the product after each use.<br \/>\n\u2014 In the event that stains appear, we recommend using a metal cleaner in the case of stainless steel showers. Subsequently, clean with abundant water and neutral soap.<br \/>\n\u2014 Do not use abrasive detergents or disinfectants.[\/vc_toggle][\/vc_column][\/vc_row][vc_row css=&#8221;.vc_custom_1646998036044{margin-left: 10% !important;}&#8221;][vc_column][vc_toggle title=&#8221;HANDS FREE&#8221;]When cleaning Hands Free faucets and soap dishes, you must be careful not to damage the sensor with detergents. It is recommended to clean them with a cotton swab, water and a little soap.<\/p>\n<p><span style=\"font-weight: 400;\">\u00a0<\/span>[\/vc_toggle][\/vc_column][\/vc_row][vc_row css=&#8221;.vc_custom_1646998036044{margin-left: 10% !important;}&#8221;][vc_column][vc_toggle title=&#8221;SANITARY&#8221;]The surface of our sanitary is characterized for the highest quality among the products available on the market. Under normal conditions of use, the surface requires a minimum of care to retain their beauty for years to come.<\/p>\n<p>\u2014 To maintain the surface of the product and to avoid tough stains (for example, stains from hair dye, lipstick or other colouring products), we recommend cleaning it immediately.<br \/>\n\u2014 For regular cleaning, we recommend universal cleaning agents without abrasive properties or mild dishwashing detergents.<br \/>\n\u2014 After each use, rinse the inside surface with water and dry with a cotton cloth.<br \/>\n\u2014 Clean tough stains (grease, oil, paint, ink and mildew stains) with a mild cleaning cream. Removing stains completely may require some effort.<br \/>\n\u2014 It is recommended to apply skin care oil to the surface of the product once a month to maintain its aesthetic appearance.<br \/>\n\u2014 Clean stubborn dirt with warm water and mild detergents or soapy water.<br \/>\n\u2014 Remove scratches from the surface with a rough sponge and then apply skin care oil. Limescale is removed with vinegar diluted in water (3 parts water to 1 part vinegar).[\/vc_toggle][\/vc_column][\/vc_row][vc_row css=&#8221;.vc_custom_1646998036044{margin-left: 10% !important;}&#8221;][vc_column][vc_toggle title=&#8221;SMART TOILETS&#8221;]For a safe cleaning of our smart toilets, unplug the unit before maintenance. We recommend using a soft and damp cloth for cleaning, avoiding the use of harsh chemicals.<br \/>\nDownload\u00a0<a href=\"https:\/\/iconico.es\/wp-content\/uploads\/guia-limpieza-smart-toilets_iconico.pdf\">here<\/a>\u00a0the complete cleaning manual for our Smart Toilets.[\/vc_toggle][\/vc_column][\/vc_row][vc_row css=&#8221;.vc_custom_1646998036044{margin-left: 10% !important;}&#8221;][vc_column][vc_toggle title=&#8221;BATHROOM ACCESSORIES AND HARDWARE&#8221;]Our accessories are made of stainless steel or brass. To maintain the finishes, follow the next steps:<\/p>\n<p>\u2014 The products should be wiped along the structure, not crosswise.<br \/>\n\u2014 A clean and dust free cloth should be used to avoid scratching the products.<br \/>\n\u2014 Fingerprints, residues and other marks can be cleaned with water and soap and a soft cloth.[\/vc_toggle][\/vc_column][\/vc_row][vc_row css=&#8221;.vc_custom_1646998036044{margin-left: 10% !important;}&#8221;][vc_column][vc_toggle title=&#8221;DRAINS&#8221;]Our drains are made of brushed stainless steel (AISI 304). The product should be cleaned regularly, so that the drainage systems last longer and functions optimally.<br \/>\n\u2014 Do not spray the cleaning products directly on the surface, spray it on a cloth.<br \/>\n\u2014 Do not use cleaning agents with a high concentration of fluorine, chlorine and hydrogen peroxide.<br \/>\n\u2014 Always rinse the surface thoroughly with water after using cleaning agents.<\/p>\n<p><strong>Grille, drain and filter cleaning<\/strong><\/p>\n<p>Stainless steel is very durable if cleaned regularly. The surface is covered with a thin protective layer of chromium oxide. Corrosion can occur if this protective layer is damaged, for example, by impurities present in the steel itself, strong acids or chemicals such as iodine, chlorine, fluorine or bromine can impede the oxygen reaction process, consequently removing the protective layer.<\/p>\n<p>To clean, lift up the grille and remove the filter from the drain unit. Clean all three parts with a soft cloth or soft bristle brush lathered with mild, non-abrasive soap and warm water. The grille can also be treated for limescale deposits using ordinary descaling agents. Always follow the instructions on the product label.[\/vc_toggle][\/vc_column][\/vc_row][vc_row css=&#8221;.vc_custom_1647945402058{margin-left: 10% !important;}&#8221;][vc_column][vc_toggle title=&#8221;SPARE PARTS AND WARRANTY&#8221;]\nFor damaged products, ICONICO has spare parts available for all products in its catalogue. Warranties on ICONICO items will be void if the products are damaged due to improper use or maintenance. Download <a href=\"https:\/\/iconico.es\/wp-content\/uploads\/Garantia-Warranty-Garantie_ICONICO.pdf\">here<\/a> our warranty.<br \/>\n[\/vc_toggle][\/vc_column][\/vc_row]\n","protected":false},"excerpt":{"rendered":"<p>[vc_row et_column_align=&#8221;align-center&#8221; css=&#8221;.vc_custom_1633444531071{margin-top: 3% !important;}&#8221;][vc_column width=&#8221;1\/6&#8243;][\/vc_column][vc_column width=&#8221;4\/6&#8243; el_class=&#8221;dmw&#8221;][vc_column_text] To avoid damage and to ensure the durability of the products, follow the recommendations below. [\/vc_column_text][\/vc_column][vc_column width=&#8221;1\/6&#8243;][\/vc_column][\/vc_row][vc_row css=&#8221;.vc_custom_1647945387144{margin-left: 10% !important;}&#8221;][vc_column][vc_toggle title=&#8221;GENERAL&#8221; open=&#8221;true&#8221;]\u2014 Use only detergents intended for the product. In the case of enameled products, it is advisable to use water and&hellip;<\/p>\n","protected":false},"author":12,"featured_media":0,"parent":19003,"menu_order":0,"comment_status":"closed","ping_status":"closed","template":"","meta":{"_acf_changed":false,"footnotes":""},"class_list":["post-37344","page","type-page","status-publish","hentry"],"acf":[],"yoast_head":"<!-- This site is optimized with the Yoast SEO plugin v22.6 - https:\/\/yoast.com\/wordpress\/plugins\/seo\/ -->\r\n<title>Cleaning and manteinance - IC\u00d3NICO - Dise\u00f1os para la arquitectura<\/title>\r\n<meta name=\"description\" content=\"Cleaning and manteinance - Cleaning and manteinance\" \/>\r\n<meta name=\"robots\" content=\"index, follow, max-snippet:-1, max-image-preview:large, max-video-preview:-1\" \/>\r\n<link rel=\"canonical\" href=\"https:\/\/iconico.es\/en\/catalogue\/cleaning-and-manteinance\/\" \/>\r\n<meta property=\"og:locale\" content=\"en_US\" \/>\r\n<meta property=\"og:type\" content=\"article\" \/>\r\n<meta property=\"og:title\" content=\"Cleaning and manteinance - IC\u00d3NICO - Dise\u00f1os para la arquitectura\" \/>\r\n<meta property=\"og:description\" content=\"Cleaning and manteinance - Cleaning and manteinance\" \/>\r\n<meta property=\"og:url\" content=\"https:\/\/iconico.es\/en\/catalogue\/cleaning-and-manteinance\/\" \/>\r\n<meta property=\"og:site_name\" content=\"IC\u00d3NICO - Dise\u00f1os para la arquitectura\" \/>\r\n<meta property=\"article:publisher\" content=\"https:\/\/www.facebook.com\/iconicospain\" \/>\r\n<meta property=\"article:modified_time\" content=\"2022-09-02T08:52:38+00:00\" \/>\r\n<meta name=\"twitter:card\" content=\"summary_large_image\" \/>\r\n<meta name=\"twitter:label1\" content=\"Est. reading time\" \/>\n\t<meta name=\"twitter:data1\" content=\"4 minutes\" \/>\r\n<script type=\"application\/ld+json\" class=\"yoast-schema-graph\">{\"@context\":\"https:\/\/schema.org\",\"@graph\":[{\"@type\":\"WebPage\",\"@id\":\"https:\/\/iconico.es\/en\/catalogue\/cleaning-and-manteinance\/\",\"url\":\"https:\/\/iconico.es\/en\/catalogue\/cleaning-and-manteinance\/\",\"name\":\"Cleaning and manteinance - IC\u00d3NICO - Dise\u00f1os para la arquitectura\",\"isPartOf\":{\"@id\":\"https:\/\/iconico.es\/en\/#website\"},\"datePublished\":\"2022-08-04T10:14:35+00:00\",\"dateModified\":\"2022-09-02T08:52:38+00:00\",\"description\":\"Cleaning and manteinance - Cleaning and manteinance\",\"breadcrumb\":{\"@id\":\"https:\/\/iconico.es\/en\/catalogue\/cleaning-and-manteinance\/#breadcrumb\"},\"inLanguage\":\"en-US\",\"potentialAction\":[{\"@type\":\"ReadAction\",\"target\":[\"https:\/\/iconico.es\/en\/catalogue\/cleaning-and-manteinance\/\"]}]},{\"@type\":\"BreadcrumbList\",\"@id\":\"https:\/\/iconico.es\/en\/catalogue\/cleaning-and-manteinance\/#breadcrumb\",\"itemListElement\":[{\"@type\":\"ListItem\",\"position\":1,\"name\":\"Home\",\"item\":\"https:\/\/iconico.es\/en\/\"},{\"@type\":\"ListItem\",\"position\":2,\"name\":\"Product&#8217;s catalogue\",\"item\":\"https:\/\/iconico.es\/en\/catalogue\/\"},{\"@type\":\"ListItem\",\"position\":3,\"name\":\"Cleaning and manteinance\"}]},{\"@type\":\"WebSite\",\"@id\":\"https:\/\/iconico.es\/en\/#website\",\"url\":\"https:\/\/iconico.es\/en\/\",\"name\":\"IC\u00d3NICO - Dise\u00f1os para la arquitectura\",\"description\":\"IC\u00d3NICO dise\u00f1a productos atemporales para la arquitectura que responden a los mismos criterios tanto en sus formas como en sus acabados, lujo y calidad.\",\"publisher\":{\"@id\":\"https:\/\/iconico.es\/en\/#organization\"},\"potentialAction\":[{\"@type\":\"SearchAction\",\"target\":{\"@type\":\"EntryPoint\",\"urlTemplate\":\"https:\/\/iconico.es\/en\/?s={search_term_string}\"},\"query-input\":\"required name=search_term_string\"}],\"inLanguage\":\"en-US\"},{\"@type\":\"Organization\",\"@id\":\"https:\/\/iconico.es\/en\/#organization\",\"name\":\"Dise\u00f1o Ic\u00f3nico, s.l.\",\"url\":\"https:\/\/iconico.es\/en\/\",\"logo\":{\"@type\":\"ImageObject\",\"inLanguage\":\"en-US\",\"@id\":\"https:\/\/iconico.es\/en\/#\/schema\/logo\/image\/\",\"url\":\"https:\/\/iconico.es\/wp-content\/uploads\/2021\/09\/cropped-iconico_Logotipo.png\",\"contentUrl\":\"https:\/\/iconico.es\/wp-content\/uploads\/2021\/09\/cropped-iconico_Logotipo.png\",\"width\":322,\"height\":80,\"caption\":\"Dise\u00f1o Ic\u00f3nico, s.l.\"},\"image\":{\"@id\":\"https:\/\/iconico.es\/en\/#\/schema\/logo\/image\/\"},\"sameAs\":[\"https:\/\/www.facebook.com\/iconicospain\",\"https:\/\/www.instagram.com\/iconico\/\",\"https:\/\/www.linkedin.com\/company\/iconico-elements-for-architecture\",\"https:\/\/www.pinterest.es\/iconico_es\/\"]}]}<\/script>\r\n<!-- \/ Yoast SEO plugin. -->","yoast_head_json":{"title":"Cleaning and manteinance - IC\u00d3NICO - Dise\u00f1os para la arquitectura","description":"Cleaning and manteinance - Cleaning and manteinance","robots":{"index":"index","follow":"follow","max-snippet":"max-snippet:-1","max-image-preview":"max-image-preview:large","max-video-preview":"max-video-preview:-1"},"canonical":"https:\/\/iconico.es\/en\/catalogue\/cleaning-and-manteinance\/","og_locale":"en_US","og_type":"article","og_title":"Cleaning and manteinance - IC\u00d3NICO - Dise\u00f1os para la arquitectura","og_description":"Cleaning and manteinance - Cleaning and manteinance","og_url":"https:\/\/iconico.es\/en\/catalogue\/cleaning-and-manteinance\/","og_site_name":"IC\u00d3NICO - Dise\u00f1os para la arquitectura","article_publisher":"https:\/\/www.facebook.com\/iconicospain","article_modified_time":"2022-09-02T08:52:38+00:00","twitter_card":"summary_large_image","twitter_misc":{"Est. reading time":"4 minutes"},"schema":{"@context":"https:\/\/schema.org","@graph":[{"@type":"WebPage","@id":"https:\/\/iconico.es\/en\/catalogue\/cleaning-and-manteinance\/","url":"https:\/\/iconico.es\/en\/catalogue\/cleaning-and-manteinance\/","name":"Cleaning and manteinance - IC\u00d3NICO - Dise\u00f1os para la arquitectura","isPartOf":{"@id":"https:\/\/iconico.es\/en\/#website"},"datePublished":"2022-08-04T10:14:35+00:00","dateModified":"2022-09-02T08:52:38+00:00","description":"Cleaning and manteinance - Cleaning and manteinance","breadcrumb":{"@id":"https:\/\/iconico.es\/en\/catalogue\/cleaning-and-manteinance\/#breadcrumb"},"inLanguage":"en-US","potentialAction":[{"@type":"ReadAction","target":["https:\/\/iconico.es\/en\/catalogue\/cleaning-and-manteinance\/"]}]},{"@type":"BreadcrumbList","@id":"https:\/\/iconico.es\/en\/catalogue\/cleaning-and-manteinance\/#breadcrumb","itemListElement":[{"@type":"ListItem","position":1,"name":"Home","item":"https:\/\/iconico.es\/en\/"},{"@type":"ListItem","position":2,"name":"Product&#8217;s catalogue","item":"https:\/\/iconico.es\/en\/catalogue\/"},{"@type":"ListItem","position":3,"name":"Cleaning and manteinance"}]},{"@type":"WebSite","@id":"https:\/\/iconico.es\/en\/#website","url":"https:\/\/iconico.es\/en\/","name":"IC\u00d3NICO - Dise\u00f1os para la arquitectura","description":"IC\u00d3NICO dise\u00f1a productos atemporales para la arquitectura que responden a los mismos criterios tanto en sus formas como en sus acabados, lujo y calidad.","publisher":{"@id":"https:\/\/iconico.es\/en\/#organization"},"potentialAction":[{"@type":"SearchAction","target":{"@type":"EntryPoint","urlTemplate":"https:\/\/iconico.es\/en\/?s={search_term_string}"},"query-input":"required name=search_term_string"}],"inLanguage":"en-US"},{"@type":"Organization","@id":"https:\/\/iconico.es\/en\/#organization","name":"Dise\u00f1o Ic\u00f3nico, s.l.","url":"https:\/\/iconico.es\/en\/","logo":{"@type":"ImageObject","inLanguage":"en-US","@id":"https:\/\/iconico.es\/en\/#\/schema\/logo\/image\/","url":"https:\/\/iconico.es\/wp-content\/uploads\/2021\/09\/cropped-iconico_Logotipo.png","contentUrl":"https:\/\/iconico.es\/wp-content\/uploads\/2021\/09\/cropped-iconico_Logotipo.png","width":322,"height":80,"caption":"Dise\u00f1o Ic\u00f3nico, s.l."},"image":{"@id":"https:\/\/iconico.es\/en\/#\/schema\/logo\/image\/"},"sameAs":["https:\/\/www.facebook.com\/iconicospain","https:\/\/www.instagram.com\/iconico\/","https:\/\/www.linkedin.com\/company\/iconico-elements-for-architecture","https:\/\/www.pinterest.es\/iconico_es\/"]}]}},"_links":{"self":[{"href":"https:\/\/iconico.es\/en\/wp-json\/wp\/v2\/pages\/37344","targetHints":{"allow":["GET"]}}],"collection":[{"href":"https:\/\/iconico.es\/en\/wp-json\/wp\/v2\/pages"}],"about":[{"href":"https:\/\/iconico.es\/en\/wp-json\/wp\/v2\/types\/page"}],"author":[{"embeddable":true,"href":"https:\/\/iconico.es\/en\/wp-json\/wp\/v2\/users\/12"}],"replies":[{"embeddable":true,"href":"https:\/\/iconico.es\/en\/wp-json\/wp\/v2\/comments?post=37344"}],"version-history":[{"count":0,"href":"https:\/\/iconico.es\/en\/wp-json\/wp\/v2\/pages\/37344\/revisions"}],"up":[{"embeddable":true,"href":"https:\/\/iconico.es\/en\/wp-json\/wp\/v2\/pages\/19003"}],"wp:attachment":[{"href":"https:\/\/iconico.es\/en\/wp-json\/wp\/v2\/media?parent=37344"}],"curies":[{"name":"wp","href":"https:\/\/api.w.org\/{rel}","templated":true}]}}