{"id":37412,"date":"2022-08-04T12:55:52","date_gmt":"2022-08-04T12:55:52","guid":{"rendered":"https:\/\/iconico.es\/privacy-policy\/"},"modified":"2022-11-14T13:52:49","modified_gmt":"2022-11-14T13:52:49","slug":"privacy-policy","status":"publish","type":"page","link":"https:\/\/iconico.es\/en\/privacy-policy\/","title":{"rendered":"Privacy policy"},"content":{"rendered":"[vc_row css=&#8221;.vc_custom_1634118839477{margin-top: 3% !important;}&#8221;][vc_column width=&#8221;1\/6&#8243;][\/vc_column][vc_column width=&#8221;2\/3&#8243;][vc_column_text]\n<p><strong>Privacy Policy<\/strong><\/p>\n<p><strong>Basic information about Data Protection<\/strong><\/p>\n<p><strong>Responsible: <\/strong><\/p>\n<p>DISE\u00d1O ICONICO, S.L.<\/p>\n<p><strong>Purpose: <\/strong><\/p>\n<p><strong>Provision of online services<\/strong><\/p>\n<p><strong>Management of web users<\/strong><\/p>\n<p><strong>Commercial communications related to our services<\/strong><\/p>\n<p><strong>Legitimation:<\/strong><br \/><strong>Express consent and legitimate interest.<\/strong><\/p>\n<p><strong>Recipients: <\/strong><\/p>\n<p><strong>No data is transferred to third parties, unless legally required.<\/strong><\/p>\n<p><strong>Rights: &nbsp; Access, rectify and delete data, as well as other rights, as explained in the additional information.<\/strong><\/p>\n<p><strong>Additional: You can consult the additional and detailed information on Data Protection in the attached clauses found in www.iconico.es\/politica-privacidad.<\/strong><\/p>\n<p><strong>In DISE\u00d1O ICONICO, S.L. we work to offer you through our products and services the best possible experience. In some cases, it is necessary to collect information to achieve this. We care about your privacy and we believe we should be transparent about it.<\/strong><\/p>\n<p><strong>Therefore, and for the purposes of the provisions of REGULATION (EU) 2016\/679 OF THE EUROPEAN PARLIAMENT AND OF THE COUNCIL of 27 April 2016 (hereinafter, &#8220;GDPR&#8221;) on the protection of individuals with regard to the processing of personal data and the free movement of such data, and the LAW 34\/2002 of 11 July, of Information Society Services and Electronic Commerce (hereinafter, &#8220;LSSI&#8221;), DISE\u00d1O ICONICO, S. L. informs the user that, as responsible for the treatment, will incorporate the personal data provided by users in an automated file.<\/strong><\/p>\n<p><strong>Our commitment begins by explaining the following:<\/strong><\/p>\n<p><strong>Your data is collected so that the user experience improves, attending to your interests and needs.<\/strong><\/p>\n<p><strong>We are transparent about what information we collect about you and why we collect it.<\/strong><\/p>\n<p><strong>Our intention is to provide you with the best possible experience. Therefore, when we use your personal information, we will always do so in a compliant manner, and when necessary, we will ask for your consent.<\/strong><\/p>\n<p><strong>We understand that your information belongs to you. Therefore, if you decide not to authorize us to process it, you can ask us to stop processing it.<\/strong><\/p>\n<p><strong>Our priority is to ensure your security and to process your data in accordance with European regulations.<\/strong><\/p>\n<p><strong>For more information about the processing of your data, please refer to the different sections of the privacy policy below:<\/strong><\/p>\n<p><strong>Who is responsible for the processing of your personal data?<\/strong><\/p>\n<p><strong>Identity: DISE\u00d1O ICONICO, S.L.<\/strong><\/p>\n<p><strong>Registered office: Avinguda Turo de la Penya 42<\/strong><\/p>\n<p><strong>C.I.F. n\u00ba: B66927260<\/strong><\/p>\n<p><strong>Email: contabilidad@iconico.es<\/strong><\/p>\n<p><strong>DISE\u00d1O ICONICO, S.L. has designated a Data Protection Delegate or an internal contact person within its organization. If you wish to make a query in relation to the processing of your personal data, you can contact him by mail contabilidad@iconico.es<\/strong><\/p>\n<p><strong>What personal data do we collect?<\/strong><\/p>\n<p><strong>The personal data that the user may provide:<\/strong><\/p>\n<p><strong>Name, address and date of birth.<\/strong><\/p>\n<p><strong>Telephone number and e-mail address.<\/strong><\/p>\n<p><strong>Location.<\/strong><\/p>\n<p><strong>Information related to payments and returns.<\/strong><\/p>\n<p><strong>IP address, date and time you have accessed our services, internet browser you use and data about the operating system of the device.<\/strong><\/p>\n<p><strong>Any other information or data you choose to share with us.<\/strong><\/p>\n<p><strong>In some cases, it is mandatory to fill out the registration form to access and enjoy certain services offered on the web; also, not providing the requested personal data or not accepting this data protection policy means the impossibility to subscribe, register or participate in any of the promotions in which personal data is requested.<\/strong><\/p>\n<p><strong>Why and for what purpose we treat your data?<\/strong><\/p>\n<p><strong>In DISE\u00d1O ICONICO, S.L. treat the information provided by interested parties for the following purposes:<\/strong><\/p>\n<p><strong>Manage orders or hire any of our services, either online or in physical stores.<\/strong><\/p>\n<p><strong>To manage the sending of the information requested.<\/strong><\/p>\n<p><strong>Develop commercial actions and perform the maintenance and management of the relationship with the user, as well as the management of the services offered through the website and the work of information, being able to perform automatic assessments, profiling and segmentation of customers in order to customize the treatment according to their characteristics and needs and improve the online customer experience.<\/strong><\/p>\n<p><strong>Develop and manage contests, sweepstakes or other promotional activities that may be organized.<\/strong><\/p>\n<p><strong>In some cases it will be necessary to provide information to Authorities or third party companies for auditing purposes, as well as to handle personal data from invoices, contracts and documents in order to respond to customer or governmental complaints.<\/strong><\/p>\n[\/vc_column_text][\/vc_column][vc_column width=&#8221;1\/6&#8243;][\/vc_column][\/vc_row]\n","protected":false},"excerpt":{"rendered":"<p>[vc_row css=&#8221;.vc_custom_1634118839477{margin-top: 3% !important;}&#8221;][vc_column width=&#8221;1\/6&#8243;][\/vc_column][vc_column width=&#8221;2\/3&#8243;][vc_column_text] Privacy Policy Basic information about Data Protection Responsible: DISE\u00d1O ICONICO, S.L. Purpose: Provision of online services Management of web users Commercial communications related to our services Legitimation:Express consent and legitimate interest. Recipients: No data is transferred to third parties, unless legally required. Rights: &nbsp;&hellip;<\/p>\n","protected":false},"author":12,"featured_media":0,"parent":0,"menu_order":0,"comment_status":"closed","ping_status":"open","template":"","meta":{"_acf_changed":false,"footnotes":""},"class_list":["post-37412","page","type-page","status-publish","hentry"],"acf":[],"yoast_head":"<!-- This site is optimized with the Yoast SEO plugin v22.6 - https:\/\/yoast.com\/wordpress\/plugins\/seo\/ -->\r\n<title>Privacy policy - IC\u00d3NICO - Dise\u00f1os para la arquitectura<\/title>\r\n<meta name=\"description\" content=\"Privacy policy - Privacy policy\" \/>\r\n<meta name=\"robots\" content=\"index, follow, max-snippet:-1, max-image-preview:large, max-video-preview:-1\" \/>\r\n<link rel=\"canonical\" href=\"https:\/\/iconico.es\/en\/privacy-policy\/\" \/>\r\n<meta property=\"og:locale\" content=\"en_US\" \/>\r\n<meta property=\"og:type\" content=\"article\" \/>\r\n<meta property=\"og:title\" content=\"Privacy policy - IC\u00d3NICO - Dise\u00f1os para la arquitectura\" \/>\r\n<meta property=\"og:description\" content=\"Privacy policy - Privacy policy\" \/>\r\n<meta property=\"og:url\" content=\"https:\/\/iconico.es\/en\/privacy-policy\/\" \/>\r\n<meta property=\"og:site_name\" content=\"IC\u00d3NICO - Dise\u00f1os para la arquitectura\" \/>\r\n<meta property=\"article:publisher\" content=\"https:\/\/www.facebook.com\/iconicospain\" \/>\r\n<meta property=\"article:modified_time\" content=\"2022-11-14T13:52:49+00:00\" \/>\r\n<meta name=\"twitter:card\" content=\"summary_large_image\" \/>\r\n<meta name=\"twitter:label1\" content=\"Est. reading time\" \/>\n\t<meta name=\"twitter:data1\" content=\"4 minutes\" \/>\r\n<script type=\"application\/ld+json\" class=\"yoast-schema-graph\">{\"@context\":\"https:\/\/schema.org\",\"@graph\":[{\"@type\":\"WebPage\",\"@id\":\"https:\/\/iconico.es\/en\/privacy-policy\/\",\"url\":\"https:\/\/iconico.es\/en\/privacy-policy\/\",\"name\":\"Privacy policy - IC\u00d3NICO - Dise\u00f1os para la arquitectura\",\"isPartOf\":{\"@id\":\"https:\/\/iconico.es\/en\/#website\"},\"datePublished\":\"2022-08-04T12:55:52+00:00\",\"dateModified\":\"2022-11-14T13:52:49+00:00\",\"description\":\"Privacy policy - Privacy policy\",\"breadcrumb\":{\"@id\":\"https:\/\/iconico.es\/en\/privacy-policy\/#breadcrumb\"},\"inLanguage\":\"en-US\",\"potentialAction\":[{\"@type\":\"ReadAction\",\"target\":[\"https:\/\/iconico.es\/en\/privacy-policy\/\"]}]},{\"@type\":\"BreadcrumbList\",\"@id\":\"https:\/\/iconico.es\/en\/privacy-policy\/#breadcrumb\",\"itemListElement\":[{\"@type\":\"ListItem\",\"position\":1,\"name\":\"Home\",\"item\":\"https:\/\/iconico.es\/en\/\"},{\"@type\":\"ListItem\",\"position\":2,\"name\":\"Privacy policy\"}]},{\"@type\":\"WebSite\",\"@id\":\"https:\/\/iconico.es\/en\/#website\",\"url\":\"https:\/\/iconico.es\/en\/\",\"name\":\"IC\u00d3NICO - Dise\u00f1os para la arquitectura\",\"description\":\"IC\u00d3NICO dise\u00f1a productos atemporales para la arquitectura que responden a los mismos criterios tanto en sus formas como en sus acabados, lujo y calidad.\",\"publisher\":{\"@id\":\"https:\/\/iconico.es\/en\/#organization\"},\"potentialAction\":[{\"@type\":\"SearchAction\",\"target\":{\"@type\":\"EntryPoint\",\"urlTemplate\":\"https:\/\/iconico.es\/en\/?s={search_term_string}\"},\"query-input\":\"required name=search_term_string\"}],\"inLanguage\":\"en-US\"},{\"@type\":\"Organization\",\"@id\":\"https:\/\/iconico.es\/en\/#organization\",\"name\":\"Dise\u00f1o Ic\u00f3nico, s.l.\",\"url\":\"https:\/\/iconico.es\/en\/\",\"logo\":{\"@type\":\"ImageObject\",\"inLanguage\":\"en-US\",\"@id\":\"https:\/\/iconico.es\/en\/#\/schema\/logo\/image\/\",\"url\":\"https:\/\/iconico.es\/wp-content\/uploads\/2021\/09\/cropped-iconico_Logotipo.png\",\"contentUrl\":\"https:\/\/iconico.es\/wp-content\/uploads\/2021\/09\/cropped-iconico_Logotipo.png\",\"width\":322,\"height\":80,\"caption\":\"Dise\u00f1o Ic\u00f3nico, s.l.\"},\"image\":{\"@id\":\"https:\/\/iconico.es\/en\/#\/schema\/logo\/image\/\"},\"sameAs\":[\"https:\/\/www.facebook.com\/iconicospain\",\"https:\/\/www.instagram.com\/iconico\/\",\"https:\/\/www.linkedin.com\/company\/iconico-elements-for-architecture\",\"https:\/\/www.pinterest.es\/iconico_es\/\"]}]}<\/script>\r\n<!-- \/ Yoast SEO plugin. -->","yoast_head_json":{"title":"Privacy policy - IC\u00d3NICO - Dise\u00f1os para la arquitectura","description":"Privacy policy - Privacy policy","robots":{"index":"index","follow":"follow","max-snippet":"max-snippet:-1","max-image-preview":"max-image-preview:large","max-video-preview":"max-video-preview:-1"},"canonical":"https:\/\/iconico.es\/en\/privacy-policy\/","og_locale":"en_US","og_type":"article","og_title":"Privacy policy - IC\u00d3NICO - Dise\u00f1os para la arquitectura","og_description":"Privacy policy - Privacy policy","og_url":"https:\/\/iconico.es\/en\/privacy-policy\/","og_site_name":"IC\u00d3NICO - Dise\u00f1os para la arquitectura","article_publisher":"https:\/\/www.facebook.com\/iconicospain","article_modified_time":"2022-11-14T13:52:49+00:00","twitter_card":"summary_large_image","twitter_misc":{"Est. reading time":"4 minutes"},"schema":{"@context":"https:\/\/schema.org","@graph":[{"@type":"WebPage","@id":"https:\/\/iconico.es\/en\/privacy-policy\/","url":"https:\/\/iconico.es\/en\/privacy-policy\/","name":"Privacy policy - IC\u00d3NICO - Dise\u00f1os para la arquitectura","isPartOf":{"@id":"https:\/\/iconico.es\/en\/#website"},"datePublished":"2022-08-04T12:55:52+00:00","dateModified":"2022-11-14T13:52:49+00:00","description":"Privacy policy - Privacy policy","breadcrumb":{"@id":"https:\/\/iconico.es\/en\/privacy-policy\/#breadcrumb"},"inLanguage":"en-US","potentialAction":[{"@type":"ReadAction","target":["https:\/\/iconico.es\/en\/privacy-policy\/"]}]},{"@type":"BreadcrumbList","@id":"https:\/\/iconico.es\/en\/privacy-policy\/#breadcrumb","itemListElement":[{"@type":"ListItem","position":1,"name":"Home","item":"https:\/\/iconico.es\/en\/"},{"@type":"ListItem","position":2,"name":"Privacy policy"}]},{"@type":"WebSite","@id":"https:\/\/iconico.es\/en\/#website","url":"https:\/\/iconico.es\/en\/","name":"IC\u00d3NICO - Dise\u00f1os para la arquitectura","description":"IC\u00d3NICO dise\u00f1a productos atemporales para la arquitectura que responden a los mismos criterios tanto en sus formas como en sus acabados, lujo y calidad.","publisher":{"@id":"https:\/\/iconico.es\/en\/#organization"},"potentialAction":[{"@type":"SearchAction","target":{"@type":"EntryPoint","urlTemplate":"https:\/\/iconico.es\/en\/?s={search_term_string}"},"query-input":"required name=search_term_string"}],"inLanguage":"en-US"},{"@type":"Organization","@id":"https:\/\/iconico.es\/en\/#organization","name":"Dise\u00f1o Ic\u00f3nico, s.l.","url":"https:\/\/iconico.es\/en\/","logo":{"@type":"ImageObject","inLanguage":"en-US","@id":"https:\/\/iconico.es\/en\/#\/schema\/logo\/image\/","url":"https:\/\/iconico.es\/wp-content\/uploads\/2021\/09\/cropped-iconico_Logotipo.png","contentUrl":"https:\/\/iconico.es\/wp-content\/uploads\/2021\/09\/cropped-iconico_Logotipo.png","width":322,"height":80,"caption":"Dise\u00f1o Ic\u00f3nico, s.l."},"image":{"@id":"https:\/\/iconico.es\/en\/#\/schema\/logo\/image\/"},"sameAs":["https:\/\/www.facebook.com\/iconicospain","https:\/\/www.instagram.com\/iconico\/","https:\/\/www.linkedin.com\/company\/iconico-elements-for-architecture","https:\/\/www.pinterest.es\/iconico_es\/"]}]}},"_links":{"self":[{"href":"https:\/\/iconico.es\/en\/wp-json\/wp\/v2\/pages\/37412","targetHints":{"allow":["GET"]}}],"collection":[{"href":"https:\/\/iconico.es\/en\/wp-json\/wp\/v2\/pages"}],"about":[{"href":"https:\/\/iconico.es\/en\/wp-json\/wp\/v2\/types\/page"}],"author":[{"embeddable":true,"href":"https:\/\/iconico.es\/en\/wp-json\/wp\/v2\/users\/12"}],"replies":[{"embeddable":true,"href":"https:\/\/iconico.es\/en\/wp-json\/wp\/v2\/comments?post=37412"}],"version-history":[{"count":0,"href":"https:\/\/iconico.es\/en\/wp-json\/wp\/v2\/pages\/37412\/revisions"}],"wp:attachment":[{"href":"https:\/\/iconico.es\/en\/wp-json\/wp\/v2\/media?parent=37412"}],"curies":[{"name":"wp","href":"https:\/\/api.w.org\/{rel}","templated":true}]}}