{"id":37441,"date":"2022-08-05T08:02:31","date_gmt":"2022-08-05T08:02:31","guid":{"rendered":"https:\/\/iconico.es\/cookies-policy\/"},"modified":"2022-11-14T13:40:51","modified_gmt":"2022-11-14T13:40:51","slug":"cookies-policy","status":"publish","type":"page","link":"https:\/\/iconico.es\/en\/cookies-policy\/","title":{"rendered":"Cookies policy"},"content":{"rendered":"[vc_row css=&#8221;.vc_custom_1634118883248{margin-top: 3% !important;}&#8221;][vc_column width=&#8221;1\/6&#8243;][\/vc_column][vc_column width=&#8221;2\/3&#8243;][vc_column_text]\n<h3><strong>Cookies policy<\/strong><\/h3>\n<h3><strong>In compliance with the duty of information contained in paragraph 2 of Article 22 of Law 34\/2002 of July 11, Services Information Society and Electronic Commerce, this cookie policy aims to inform you clearly and precisely about the cookies used on the website of DISE\u00d1O ICONICO, S.L..<\/strong><\/h3>\n<h3><strong>What are cookies?<\/strong><\/h3>\n<h3><strong>A cookie is a small file that websites send to the browser and downloaded to your computer. Cookies allow the website to store and retrieve information about your visit, such as your preferred language and other options, in order to improve the services offered and contribute to a better browsing experience for the user.<\/strong><\/h3>\n<h3><strong>Types of cookies<\/strong><\/h3>\n<h3><strong>Depending on who manages the domain from which the cookies are sent and the data are processed, a distinction will be made between first-party cookies and third-party cookies.<\/strong><\/h3>\n<h3><strong>Cookies can also be classified according to the length of time they remain stored in the user&#8217;s browser, distinguishing between session cookies or persistent cookies.<\/strong><\/h3>\n<h3><strong>Finally, depending on the purpose for which the information collected is processed, cookies can be classified into the following categories:<\/strong><\/h3>\n<h3><strong>Technical cookies: allow the user to navigate through a website and use some of the services offered by the website (such as, for example, those used to remember the items in a shopping cart).<\/strong><\/h3>\n<h3><strong>Personalization Cookies: allow the user to access the website with certain characteristics, such as language.<\/strong><\/h3>\n<h3><strong>Security cookies: they are used to prevent or hinder attacks against the website.<\/strong><\/h3>\n<h3><strong>Complementary cookies to exchange social content: the so-called plug-in, which allow sharing content on social networks.<\/strong><\/h3>\n<h3><strong>Analysis cookies: allow the responsible to track user behavior.<\/strong><\/h3>\n<h3><strong>Advertising cookies: allow the management of advertising space on the website.<\/strong><\/h3>\n<h3><strong>Behavioral advertising cookies: like the previous ones, they are used to manage the advertising spaces of the website based on the information collected about the user&#8217;s behavior and habits, adapting the advertising to the user&#8217;s profile. Geolocation cookies: used to find out the country where the user is located.<\/strong><\/h3>\n<h3><strong>Authorization for the use of cookies<\/strong><\/h3>\n<h3><strong>In accordance with the cookie notice that appears on the website, the user can expressly consent to the use of cookies that require consent; however, the use of technical or necessary cookies does not require consent. Notwithstanding the foregoing, the user may modify the settings of his or her browser to refuse the use of cookies.<\/strong><\/h3>\n<h3><strong>How to modify cookie settings<\/strong><\/h3>\n<h3><strong>You can restrict, block or delete cookies from DISE\u00d1O ICONICO, S.L. or any other website using your browser. In each browser the operation is different, you can find how to do it in the help menu of your browser where the procedure for its elimination is established. For more information:<\/strong><\/h3>\n<h3><strong>Google Chrome:<\/strong><\/h3>\n<h3><strong>https:\/\/support.google.com\/chrome\/answer\/95647?co=GENIE.Platform%3DDesktop&amp;hl=es<\/strong><\/h3>\n<h3><strong>Mozilla Firefox:<\/strong><\/h3>\n<h3><strong>https:\/\/support.mozilla.org\/es\/kb\/habilitar-y-deshabilitar-cookies-sitios-web-rastrear-preferencias<\/strong><\/h3>\n<h3><strong>Safari:<\/strong><\/h3>\n<h3><strong>https:\/\/support.apple.com\/es-es\/guide\/safari\/sfri11471\/mac<\/strong><\/h3>\n<h3><strong>Internet Explorer:<\/strong><\/h3>\n<h3><strong>https:\/\/support.microsoft.com\/es-es\/help\/278835\/how-to-delete-cookie-files-in-internet-explorer<\/strong><\/h3>\n<h3><strong>It is possible that by disabling cookies the website may not work properly or you may not be able to access certain features of the website. Cookies used on the website<\/strong><\/h3>\n<h3><strong>Different types of cookies are used on the web portal for different purposes, the cookies used are listed below:<\/strong><\/h3>\n<p>1 Cookie: PHPSESSID=49571728eb6be629d698e0c6ac515fb3<\/p>\n<p>2 Cookie: _ga=GA1.2.1351889034.1624007230<\/p>\n<p>3 Cookie: _gid=GA1.2.1264162043.1624007230<\/p>\n<p>4 Cookie: _gat=1<\/p>\n<p>5 Cookie: iconico-_zldp=F%2FgYn%2FcNiAPj4MVZjzVrtRmjuNyAoADos1%2FmGSyMdZ3H3iG7dpr0UZRfIooz0h6vodoRkLyJC2Y%3D<\/p>\n<p>6 Cookie: iconico-_zldt=64a4d5a6-9fa9-4fe0-aecf-617248e8f1ca-1<\/p>\n<h3><strong>Modification of the conditions<\/strong><\/h3>\n<h3><strong>DISE\u00d1O ICONICO, S.L. expressly reserves the right to modify unilaterally, in whole or in part, without prior notice, this Cookies Policy. The user acknowledges and accepts that it is his responsibility to review this Cookies Policy.<\/strong><\/h3>\n[\/vc_column_text][\/vc_column][vc_column width=&#8221;1\/6&#8243;][\/vc_column][\/vc_row]\n","protected":false},"excerpt":{"rendered":"<p>[vc_row css=&#8221;.vc_custom_1634118883248{margin-top: 3% !important;}&#8221;][vc_column width=&#8221;1\/6&#8243;][\/vc_column][vc_column width=&#8221;2\/3&#8243;][vc_column_text] Cookies policy In compliance with the duty of information contained in paragraph 2 of Article 22 of Law 34\/2002 of July 11, Services Information Society and Electronic Commerce, this cookie policy aims to inform you clearly and precisely about the cookies used on the&hellip;<\/p>\n","protected":false},"author":12,"featured_media":0,"parent":0,"menu_order":0,"comment_status":"closed","ping_status":"open","template":"","meta":{"_acf_changed":false,"footnotes":""},"class_list":["post-37441","page","type-page","status-publish","hentry"],"acf":[],"yoast_head":"<!-- This site is optimized with the Yoast SEO plugin v22.6 - https:\/\/yoast.com\/wordpress\/plugins\/seo\/ -->\r\n<title>Cookies policy - IC\u00d3NICO - Dise\u00f1os para la arquitectura<\/title>\r\n<meta name=\"description\" content=\"Cookies policy - Cookies policy\" \/>\r\n<meta name=\"robots\" content=\"index, follow, max-snippet:-1, max-image-preview:large, max-video-preview:-1\" \/>\r\n<link rel=\"canonical\" href=\"https:\/\/iconico.es\/en\/cookies-policy\/\" \/>\r\n<meta property=\"og:locale\" content=\"en_US\" \/>\r\n<meta property=\"og:type\" content=\"article\" \/>\r\n<meta property=\"og:title\" content=\"Cookies policy - IC\u00d3NICO - Dise\u00f1os para la arquitectura\" \/>\r\n<meta property=\"og:description\" content=\"Cookies policy - Cookies policy\" \/>\r\n<meta property=\"og:url\" content=\"https:\/\/iconico.es\/en\/cookies-policy\/\" \/>\r\n<meta property=\"og:site_name\" content=\"IC\u00d3NICO - Dise\u00f1os para la arquitectura\" \/>\r\n<meta property=\"article:publisher\" content=\"https:\/\/www.facebook.com\/iconicospain\" \/>\r\n<meta property=\"article:modified_time\" content=\"2022-11-14T13:40:51+00:00\" \/>\r\n<meta name=\"twitter:card\" content=\"summary_large_image\" \/>\r\n<meta name=\"twitter:label1\" content=\"Est. reading time\" \/>\n\t<meta name=\"twitter:data1\" content=\"3 minutes\" \/>\r\n<script type=\"application\/ld+json\" class=\"yoast-schema-graph\">{\"@context\":\"https:\/\/schema.org\",\"@graph\":[{\"@type\":\"WebPage\",\"@id\":\"https:\/\/iconico.es\/en\/cookies-policy\/\",\"url\":\"https:\/\/iconico.es\/en\/cookies-policy\/\",\"name\":\"Cookies policy - IC\u00d3NICO - Dise\u00f1os para la arquitectura\",\"isPartOf\":{\"@id\":\"https:\/\/iconico.es\/en\/#website\"},\"datePublished\":\"2022-08-05T08:02:31+00:00\",\"dateModified\":\"2022-11-14T13:40:51+00:00\",\"description\":\"Cookies policy - Cookies policy\",\"breadcrumb\":{\"@id\":\"https:\/\/iconico.es\/en\/cookies-policy\/#breadcrumb\"},\"inLanguage\":\"en-US\",\"potentialAction\":[{\"@type\":\"ReadAction\",\"target\":[\"https:\/\/iconico.es\/en\/cookies-policy\/\"]}]},{\"@type\":\"BreadcrumbList\",\"@id\":\"https:\/\/iconico.es\/en\/cookies-policy\/#breadcrumb\",\"itemListElement\":[{\"@type\":\"ListItem\",\"position\":1,\"name\":\"Home\",\"item\":\"https:\/\/iconico.es\/en\/\"},{\"@type\":\"ListItem\",\"position\":2,\"name\":\"Cookies policy\"}]},{\"@type\":\"WebSite\",\"@id\":\"https:\/\/iconico.es\/en\/#website\",\"url\":\"https:\/\/iconico.es\/en\/\",\"name\":\"IC\u00d3NICO - Dise\u00f1os para la arquitectura\",\"description\":\"IC\u00d3NICO dise\u00f1a productos atemporales para la arquitectura que responden a los mismos criterios tanto en sus formas como en sus acabados, lujo y calidad.\",\"publisher\":{\"@id\":\"https:\/\/iconico.es\/en\/#organization\"},\"potentialAction\":[{\"@type\":\"SearchAction\",\"target\":{\"@type\":\"EntryPoint\",\"urlTemplate\":\"https:\/\/iconico.es\/en\/?s={search_term_string}\"},\"query-input\":\"required name=search_term_string\"}],\"inLanguage\":\"en-US\"},{\"@type\":\"Organization\",\"@id\":\"https:\/\/iconico.es\/en\/#organization\",\"name\":\"Dise\u00f1o Ic\u00f3nico, s.l.\",\"url\":\"https:\/\/iconico.es\/en\/\",\"logo\":{\"@type\":\"ImageObject\",\"inLanguage\":\"en-US\",\"@id\":\"https:\/\/iconico.es\/en\/#\/schema\/logo\/image\/\",\"url\":\"https:\/\/iconico.es\/wp-content\/uploads\/2021\/09\/cropped-iconico_Logotipo.png\",\"contentUrl\":\"https:\/\/iconico.es\/wp-content\/uploads\/2021\/09\/cropped-iconico_Logotipo.png\",\"width\":322,\"height\":80,\"caption\":\"Dise\u00f1o Ic\u00f3nico, s.l.\"},\"image\":{\"@id\":\"https:\/\/iconico.es\/en\/#\/schema\/logo\/image\/\"},\"sameAs\":[\"https:\/\/www.facebook.com\/iconicospain\",\"https:\/\/www.instagram.com\/iconico\/\",\"https:\/\/www.linkedin.com\/company\/iconico-elements-for-architecture\",\"https:\/\/www.pinterest.es\/iconico_es\/\"]}]}<\/script>\r\n<!-- \/ Yoast SEO plugin. -->","yoast_head_json":{"title":"Cookies policy - IC\u00d3NICO - Dise\u00f1os para la arquitectura","description":"Cookies policy - Cookies policy","robots":{"index":"index","follow":"follow","max-snippet":"max-snippet:-1","max-image-preview":"max-image-preview:large","max-video-preview":"max-video-preview:-1"},"canonical":"https:\/\/iconico.es\/en\/cookies-policy\/","og_locale":"en_US","og_type":"article","og_title":"Cookies policy - IC\u00d3NICO - Dise\u00f1os para la arquitectura","og_description":"Cookies policy - Cookies policy","og_url":"https:\/\/iconico.es\/en\/cookies-policy\/","og_site_name":"IC\u00d3NICO - Dise\u00f1os para la arquitectura","article_publisher":"https:\/\/www.facebook.com\/iconicospain","article_modified_time":"2022-11-14T13:40:51+00:00","twitter_card":"summary_large_image","twitter_misc":{"Est. reading time":"3 minutes"},"schema":{"@context":"https:\/\/schema.org","@graph":[{"@type":"WebPage","@id":"https:\/\/iconico.es\/en\/cookies-policy\/","url":"https:\/\/iconico.es\/en\/cookies-policy\/","name":"Cookies policy - IC\u00d3NICO - Dise\u00f1os para la arquitectura","isPartOf":{"@id":"https:\/\/iconico.es\/en\/#website"},"datePublished":"2022-08-05T08:02:31+00:00","dateModified":"2022-11-14T13:40:51+00:00","description":"Cookies policy - Cookies policy","breadcrumb":{"@id":"https:\/\/iconico.es\/en\/cookies-policy\/#breadcrumb"},"inLanguage":"en-US","potentialAction":[{"@type":"ReadAction","target":["https:\/\/iconico.es\/en\/cookies-policy\/"]}]},{"@type":"BreadcrumbList","@id":"https:\/\/iconico.es\/en\/cookies-policy\/#breadcrumb","itemListElement":[{"@type":"ListItem","position":1,"name":"Home","item":"https:\/\/iconico.es\/en\/"},{"@type":"ListItem","position":2,"name":"Cookies policy"}]},{"@type":"WebSite","@id":"https:\/\/iconico.es\/en\/#website","url":"https:\/\/iconico.es\/en\/","name":"IC\u00d3NICO - Dise\u00f1os para la arquitectura","description":"IC\u00d3NICO dise\u00f1a productos atemporales para la arquitectura que responden a los mismos criterios tanto en sus formas como en sus acabados, lujo y calidad.","publisher":{"@id":"https:\/\/iconico.es\/en\/#organization"},"potentialAction":[{"@type":"SearchAction","target":{"@type":"EntryPoint","urlTemplate":"https:\/\/iconico.es\/en\/?s={search_term_string}"},"query-input":"required name=search_term_string"}],"inLanguage":"en-US"},{"@type":"Organization","@id":"https:\/\/iconico.es\/en\/#organization","name":"Dise\u00f1o Ic\u00f3nico, s.l.","url":"https:\/\/iconico.es\/en\/","logo":{"@type":"ImageObject","inLanguage":"en-US","@id":"https:\/\/iconico.es\/en\/#\/schema\/logo\/image\/","url":"https:\/\/iconico.es\/wp-content\/uploads\/2021\/09\/cropped-iconico_Logotipo.png","contentUrl":"https:\/\/iconico.es\/wp-content\/uploads\/2021\/09\/cropped-iconico_Logotipo.png","width":322,"height":80,"caption":"Dise\u00f1o Ic\u00f3nico, s.l."},"image":{"@id":"https:\/\/iconico.es\/en\/#\/schema\/logo\/image\/"},"sameAs":["https:\/\/www.facebook.com\/iconicospain","https:\/\/www.instagram.com\/iconico\/","https:\/\/www.linkedin.com\/company\/iconico-elements-for-architecture","https:\/\/www.pinterest.es\/iconico_es\/"]}]}},"_links":{"self":[{"href":"https:\/\/iconico.es\/en\/wp-json\/wp\/v2\/pages\/37441","targetHints":{"allow":["GET"]}}],"collection":[{"href":"https:\/\/iconico.es\/en\/wp-json\/wp\/v2\/pages"}],"about":[{"href":"https:\/\/iconico.es\/en\/wp-json\/wp\/v2\/types\/page"}],"author":[{"embeddable":true,"href":"https:\/\/iconico.es\/en\/wp-json\/wp\/v2\/users\/12"}],"replies":[{"embeddable":true,"href":"https:\/\/iconico.es\/en\/wp-json\/wp\/v2\/comments?post=37441"}],"version-history":[{"count":0,"href":"https:\/\/iconico.es\/en\/wp-json\/wp\/v2\/pages\/37441\/revisions"}],"wp:attachment":[{"href":"https:\/\/iconico.es\/en\/wp-json\/wp\/v2\/media?parent=37441"}],"curies":[{"name":"wp","href":"https:\/\/api.w.org\/{rel}","templated":true}]}}