{"id":43502,"date":"2023-07-20T06:41:37","date_gmt":"2023-07-20T06:41:37","guid":{"rendered":"https:\/\/iconico.es\/?page_id=43502"},"modified":"2023-07-20T06:41:38","modified_gmt":"2023-07-20T06:41:38","slug":"unico","status":"publish","type":"page","link":"https:\/\/iconico.es\/en\/unico\/","title":{"rendered":"\u00daNICO"},"content":{"rendered":"[vc_row et_column_align=&#8221;align-center&#8221; css=&#8221;.vc_custom_1633449212039{margin-top: 3% !important;}&#8221;][vc_column][vc_column_text]\n<p style=\"text-align: center;\"><span style=\"font-weight: 400;\"><strong>\u00daNICO<\/strong> is a digital arts and crafts gallery for architects and interior designers<br \/>\nthat supports and promotes the value of handmade pieces<\/span><i><span style=\"font-weight: 400;\">.<br \/>\n<\/span><\/i><span style=\"font-weight: 400;\">Our authors&#8217; works combine decorative and functional qualities that convey a sense of emotion.<br \/>\n<\/span><span style=\"font-weight: 400;\">Each piece is unique and irreplaceable, made with passion and dedication.<\/span><\/p>\n[\/vc_column_text][\/vc_column][\/vc_row][vc_row et_column_align=&#8221;align-center&#8221; css=&#8221;.vc_custom_1633449212039{margin-top: 3% !important;}&#8221;][vc_column][vc_single_image image=&#8221;43652&#8243; img_size=&#8221;large&#8221; alignment=&#8221;center&#8221;][\/vc_column][\/vc_row][vc_row et_column_align=&#8221;align-center&#8221; css=&#8221;.vc_custom_1633449212039{margin-top: 3% !important;}&#8221;][vc_column][vc_column_text]\n<p style=\"text-align: center;\"><span style=\"font-weight: 400;\">Throughout history, architecture and craftsmanship have gone hand in hand. Carpenters, smiths and potters would create essential pieces<br \/>\nto give architectural projects that finishing touch to add real soul to a house or room.<br \/>\nBut this synergy began to fade away due to the increasingly inflexible timings, which were incompatible with the slow and delicate pace of craftsmanship.<\/span><\/p>\n<p style=\"text-align: center;\"><span style=\"font-weight: 400;\">In recent years, however, we have rediscovered a desire to return to the origins, to handmade things,<br \/>\nand to the sensibility that is lost in mass production.<\/span><\/p>\n[\/vc_column_text][\/vc_column][\/vc_row][vc_row et_column_align=&#8221;align-center&#8221; css=&#8221;.vc_custom_1633449212039{margin-top: 3% !important;}&#8221;][vc_column width=&#8221;1\/2&#8243;][vc_single_image image=&#8221;43692&#8243; img_size=&#8221;large&#8221; alignment=&#8221;center&#8221;][\/vc_column][vc_column width=&#8221;1\/2&#8243;][vc_single_image image=&#8221;43701&#8243; img_size=&#8221;large&#8221; alignment=&#8221;center&#8221;][\/vc_column][\/vc_row][vc_row et_column_align=&#8221;align-center&#8221; css=&#8221;.vc_custom_1633449212039{margin-top: 3% !important;}&#8221;][vc_column][vc_column_text]\n<p style=\"text-align: center;\">This is why <strong>IC\u00d3NICO<\/strong> launched<strong>\u00daNICO<\/strong>, to provide a voice for artists and craftworkers.<\/p>\n<p style=\"text-align: center;\"><span style=\"font-weight: 400;\">We wanted to bring together architecture and design with art and craftsmanship so that the elegant design and timeless beauty<br \/>\nof the architectural elements we select and edit are complemented by the emotional sense of handmade objects.<\/span><\/p>\n<p style=\"text-align: center;\"><span style=\"font-weight: 400;\">The aim is to enable architects and interior designers to combine elements<br \/>\nof<strong>IC\u00d3NICO<\/strong> and <strong>\u00daNICO <\/strong> to create unique, one-of-a-kind spaces.<\/span><\/p>\n[\/vc_column_text][\/vc_column][\/vc_row][vc_row et_column_align=&#8221;align-center&#8221; css=&#8221;.vc_custom_1633449212039{margin-top: 3% !important;}&#8221;][vc_column width=&#8221;1\/3&#8243;][\/vc_column][vc_column width=&#8221;1\/3&#8243;][vc_btn title=&#8221;Find out more at unico.gallery&#8221; shape=&#8221;square&#8221; color=&#8221;black&#8221; align=&#8221;center&#8221; link=&#8221;url:https%3A%2F%2Funico.gallery%2F|&#8221;][\/vc_column][vc_column width=&#8221;1\/3&#8243;][\/vc_column][\/vc_row][vc_row et_column_align=&#8221;align-center&#8221; css=&#8221;.vc_custom_1633449212039{margin-top: 3% !important;}&#8221;][vc_column width=&#8221;1\/2&#8243;]\t<div id=\"et-hovercard-69d2882071d75\" class=\" et-hovercard \">\n\t\t<a class=\"et-hovercard-link\" href=\"https:\/\/iconico.es\/wp-content\/uploads\/U1.jpg\" target=\"_blank\">\t\t<div class=\"et-hovercard-front et-hovercard-side\">\n\t\t\t<div class=\"et-hovercard-inner\">\n\t\t\t\t<h3 class=\"et-pricing-head\"><\/h3>\n\t\t\t<\/div>\n\t\t<\/div>\n\t\t<div class=\"et-hovercard-back et-hovercard-side\">\n\t\t\t<div class=\"et-hovercard-inner\">\n\t\t\t\t<figure class=\"et-pricing-icon\">\n\t\t\t\t\t\t\t\t\t\t<span class=\"\"><\/span>\n\t\t\t\t\t\t\t\t\t<\/figure>\n\t\t\t\t<h3 class=\"et-pricing-head\"><\/h3>\n\t\t\t\t<div class=\"et-pricing-content\"><\/div>\n\t\t\t<\/div>\n\t\t<\/div>\n\t\t<\/a>\n\t<\/div>\n\t[\/vc_column][vc_column width=&#8221;1\/2&#8243;]\t<div id=\"et-hovercard-69d288207294b\" class=\" et-hovercard \">\n\t\t<a class=\"et-hovercard-link\" href=\"https:\/\/iconico.es\/wp-content\/uploads\/U2.jpg\" target=\"_blank\">\t\t<div class=\"et-hovercard-front et-hovercard-side\">\n\t\t\t<div class=\"et-hovercard-inner\">\n\t\t\t\t<h3 class=\"et-pricing-head\"><\/h3>\n\t\t\t<\/div>\n\t\t<\/div>\n\t\t<div class=\"et-hovercard-back et-hovercard-side\">\n\t\t\t<div class=\"et-hovercard-inner\">\n\t\t\t\t<figure class=\"et-pricing-icon\">\n\t\t\t\t\t\t\t\t\t\t<span class=\"\"><\/span>\n\t\t\t\t\t\t\t\t\t<\/figure>\n\t\t\t\t<h3 class=\"et-pricing-head\"><\/h3>\n\t\t\t\t<div class=\"et-pricing-content\"><\/div>\n\t\t\t<\/div>\n\t\t<\/div>\n\t\t<\/a>\n\t<\/div>\n\t[\/vc_column][\/vc_row][vc_row et_column_align=&#8221;align-center&#8221; css=&#8221;.vc_custom_1633449212039{margin-top: 3% !important;}&#8221;][vc_column width=&#8221;1\/2&#8243;]\t<div id=\"et-hovercard-69d2882073301\" class=\" et-hovercard \">\n\t\t<a class=\"et-hovercard-link\" href=\"https:\/\/iconico.es\/wp-content\/uploads\/U3.jpg\" target=\"_blank\">\t\t<div class=\"et-hovercard-front et-hovercard-side\">\n\t\t\t<div class=\"et-hovercard-inner\">\n\t\t\t\t<h3 class=\"et-pricing-head\"><\/h3>\n\t\t\t<\/div>\n\t\t<\/div>\n\t\t<div class=\"et-hovercard-back et-hovercard-side\">\n\t\t\t<div class=\"et-hovercard-inner\">\n\t\t\t\t<figure class=\"et-pricing-icon\">\n\t\t\t\t\t\t\t\t\t\t<span class=\"\"><\/span>\n\t\t\t\t\t\t\t\t\t<\/figure>\n\t\t\t\t<h3 class=\"et-pricing-head\"><\/h3>\n\t\t\t\t<div class=\"et-pricing-content\"><\/div>\n\t\t\t<\/div>\n\t\t<\/div>\n\t\t<\/a>\n\t<\/div>\n\t[\/vc_column][vc_column width=&#8221;1\/2&#8243;]\t<div id=\"et-hovercard-69d2882073bb5\" class=\" et-hovercard \">\n\t\t<a class=\"et-hovercard-link\" href=\"https:\/\/iconico.es\/wp-content\/uploads\/U9.jpg\" target=\"_blank\">\t\t<div class=\"et-hovercard-front et-hovercard-side\">\n\t\t\t<div class=\"et-hovercard-inner\">\n\t\t\t\t<h3 class=\"et-pricing-head\"><\/h3>\n\t\t\t<\/div>\n\t\t<\/div>\n\t\t<div class=\"et-hovercard-back et-hovercard-side\">\n\t\t\t<div class=\"et-hovercard-inner\">\n\t\t\t\t<figure class=\"et-pricing-icon\">\n\t\t\t\t\t\t\t\t\t\t<span class=\"\"><\/span>\n\t\t\t\t\t\t\t\t\t<\/figure>\n\t\t\t\t<h3 class=\"et-pricing-head\"><\/h3>\n\t\t\t\t<div class=\"et-pricing-content\"><\/div>\n\t\t\t<\/div>\n\t\t<\/div>\n\t\t<\/a>\n\t<\/div>\n\t[\/vc_column][\/vc_row][vc_row et_column_align=&#8221;align-center&#8221; css=&#8221;.vc_custom_1633449212039{margin-top: 3% !important;}&#8221;][vc_column width=&#8221;1\/2&#8243;]\t<div id=\"et-hovercard-69d288207436d\" class=\" et-hovercard \">\n\t\t<a class=\"et-hovercard-link\" href=\"https:\/\/iconico.es\/wp-content\/uploads\/U6.jpg\" target=\"_blank\">\t\t<div class=\"et-hovercard-front et-hovercard-side\">\n\t\t\t<div class=\"et-hovercard-inner\">\n\t\t\t\t<h3 class=\"et-pricing-head\"><\/h3>\n\t\t\t<\/div>\n\t\t<\/div>\n\t\t<div class=\"et-hovercard-back et-hovercard-side\">\n\t\t\t<div class=\"et-hovercard-inner\">\n\t\t\t\t<figure class=\"et-pricing-icon\">\n\t\t\t\t\t\t\t\t\t\t<span class=\"\"><\/span>\n\t\t\t\t\t\t\t\t\t<\/figure>\n\t\t\t\t<h3 class=\"et-pricing-head\"><\/h3>\n\t\t\t\t<div class=\"et-pricing-content\"><\/div>\n\t\t\t<\/div>\n\t\t<\/div>\n\t\t<\/a>\n\t<\/div>\n\t[\/vc_column][vc_column width=&#8221;1\/2&#8243;]\t<div id=\"et-hovercard-69d2882074bce\" class=\" et-hovercard \">\n\t\t<a class=\"et-hovercard-link\" href=\"https:\/\/iconico.es\/wp-content\/uploads\/U4.jpg\" target=\"_blank\">\t\t<div class=\"et-hovercard-front et-hovercard-side\">\n\t\t\t<div class=\"et-hovercard-inner\">\n\t\t\t\t<h3 class=\"et-pricing-head\"><\/h3>\n\t\t\t<\/div>\n\t\t<\/div>\n\t\t<div class=\"et-hovercard-back et-hovercard-side\">\n\t\t\t<div class=\"et-hovercard-inner\">\n\t\t\t\t<figure class=\"et-pricing-icon\">\n\t\t\t\t\t\t\t\t\t\t<span class=\"\"><\/span>\n\t\t\t\t\t\t\t\t\t<\/figure>\n\t\t\t\t<h3 class=\"et-pricing-head\"><\/h3>\n\t\t\t\t<div class=\"et-pricing-content\"><\/div>\n\t\t\t<\/div>\n\t\t<\/div>\n\t\t<\/a>\n\t<\/div>\n\t[\/vc_column][\/vc_row][vc_row et_column_align=&#8221;align-center&#8221; css=&#8221;.vc_custom_1633449212039{margin-top: 3% !important;}&#8221;][vc_column width=&#8221;1\/3&#8243;][\/vc_column][vc_column width=&#8221;1\/3&#8243;][vc_btn title=&#8221;SEE GALLERY&#8221; shape=&#8221;square&#8221; color=&#8221;black&#8221; align=&#8221;center&#8221; link=&#8221;url:https%3A%2F%2Funico.gallery%2F|&#8221;][\/vc_column][vc_column width=&#8221;1\/3&#8243;][\/vc_column][\/vc_row]\n","protected":false},"excerpt":{"rendered":"<p>[vc_row et_column_align=&#8221;align-center&#8221; css=&#8221;.vc_custom_1633449212039{margin-top: 3% !important;}&#8221;][vc_column][vc_column_text] \u00daNICO is a digital arts and crafts gallery for architects and interior designers that supports and promotes the value of handmade pieces. Our authors&#8217; works combine decorative and functional qualities that convey a sense of emotion. Each piece is unique and irreplaceable, made with passion&hellip;<\/p>\n","protected":false},"author":12,"featured_media":0,"parent":0,"menu_order":0,"comment_status":"closed","ping_status":"closed","template":"","meta":{"_acf_changed":false,"footnotes":""},"class_list":["post-43502","page","type-page","status-publish","hentry"],"acf":[],"yoast_head":"<!-- This site is optimized with the Yoast SEO plugin v22.6 - https:\/\/yoast.com\/wordpress\/plugins\/seo\/ -->\r\n<title>\u00daNICO - IC\u00d3NICO - Dise\u00f1os para la arquitectura<\/title>\r\n<meta name=\"description\" content=\"Download the catalogues and lookbooks of our product families of taps, accessories, washbasins, countertops, bathtubs, drains, fittings and mechanisms.\" \/>\r\n<meta name=\"robots\" content=\"index, follow, max-snippet:-1, max-image-preview:large, max-video-preview:-1\" \/>\r\n<link rel=\"canonical\" href=\"https:\/\/iconico.es\/en\/unico\/\" \/>\r\n<meta property=\"og:locale\" content=\"en_US\" \/>\r\n<meta property=\"og:type\" content=\"article\" \/>\r\n<meta property=\"og:title\" content=\"\u00daNICO - IC\u00d3NICO - Dise\u00f1os para la arquitectura\" \/>\r\n<meta property=\"og:description\" content=\"Download the catalogues and lookbooks of our product families of taps, accessories, washbasins, countertops, bathtubs, drains, fittings and mechanisms.\" \/>\r\n<meta property=\"og:url\" content=\"https:\/\/iconico.es\/en\/unico\/\" \/>\r\n<meta property=\"og:site_name\" content=\"IC\u00d3NICO - Dise\u00f1os para la arquitectura\" \/>\r\n<meta property=\"article:publisher\" content=\"https:\/\/www.facebook.com\/iconicospain\" \/>\r\n<meta property=\"article:modified_time\" content=\"2023-07-20T06:41:38+00:00\" \/>\r\n<meta name=\"twitter:card\" content=\"summary_large_image\" \/>\r\n<meta name=\"twitter:label1\" content=\"Est. reading time\" \/>\n\t<meta name=\"twitter:data1\" content=\"3 minutes\" \/>\r\n<script type=\"application\/ld+json\" class=\"yoast-schema-graph\">{\"@context\":\"https:\/\/schema.org\",\"@graph\":[{\"@type\":\"WebPage\",\"@id\":\"https:\/\/iconico.es\/en\/unico\/\",\"url\":\"https:\/\/iconico.es\/en\/unico\/\",\"name\":\"\u00daNICO - IC\u00d3NICO - Dise\u00f1os para la arquitectura\",\"isPartOf\":{\"@id\":\"https:\/\/iconico.es\/en\/#website\"},\"datePublished\":\"2023-07-20T06:41:37+00:00\",\"dateModified\":\"2023-07-20T06:41:38+00:00\",\"description\":\"Download the catalogues and lookbooks of our product families of taps, accessories, washbasins, countertops, bathtubs, drains, fittings and mechanisms.\",\"breadcrumb\":{\"@id\":\"https:\/\/iconico.es\/en\/unico\/#breadcrumb\"},\"inLanguage\":\"en-US\",\"potentialAction\":[{\"@type\":\"ReadAction\",\"target\":[\"https:\/\/iconico.es\/en\/unico\/\"]}]},{\"@type\":\"BreadcrumbList\",\"@id\":\"https:\/\/iconico.es\/en\/unico\/#breadcrumb\",\"itemListElement\":[{\"@type\":\"ListItem\",\"position\":1,\"name\":\"Home\",\"item\":\"https:\/\/iconico.es\/en\/\"},{\"@type\":\"ListItem\",\"position\":2,\"name\":\"\u00daNICO\"}]},{\"@type\":\"WebSite\",\"@id\":\"https:\/\/iconico.es\/en\/#website\",\"url\":\"https:\/\/iconico.es\/en\/\",\"name\":\"IC\u00d3NICO - Dise\u00f1os para la arquitectura\",\"description\":\"IC\u00d3NICO dise\u00f1a productos atemporales para la arquitectura que responden a los mismos criterios tanto en sus formas como en sus acabados, lujo y calidad.\",\"publisher\":{\"@id\":\"https:\/\/iconico.es\/en\/#organization\"},\"potentialAction\":[{\"@type\":\"SearchAction\",\"target\":{\"@type\":\"EntryPoint\",\"urlTemplate\":\"https:\/\/iconico.es\/en\/?s={search_term_string}\"},\"query-input\":\"required name=search_term_string\"}],\"inLanguage\":\"en-US\"},{\"@type\":\"Organization\",\"@id\":\"https:\/\/iconico.es\/en\/#organization\",\"name\":\"Dise\u00f1o Ic\u00f3nico, s.l.\",\"url\":\"https:\/\/iconico.es\/en\/\",\"logo\":{\"@type\":\"ImageObject\",\"inLanguage\":\"en-US\",\"@id\":\"https:\/\/iconico.es\/en\/#\/schema\/logo\/image\/\",\"url\":\"https:\/\/iconico.es\/wp-content\/uploads\/2021\/09\/cropped-iconico_Logotipo.png\",\"contentUrl\":\"https:\/\/iconico.es\/wp-content\/uploads\/2021\/09\/cropped-iconico_Logotipo.png\",\"width\":322,\"height\":80,\"caption\":\"Dise\u00f1o Ic\u00f3nico, s.l.\"},\"image\":{\"@id\":\"https:\/\/iconico.es\/en\/#\/schema\/logo\/image\/\"},\"sameAs\":[\"https:\/\/www.facebook.com\/iconicospain\",\"https:\/\/www.instagram.com\/iconico\/\",\"https:\/\/www.linkedin.com\/company\/iconico-elements-for-architecture\",\"https:\/\/www.pinterest.es\/iconico_es\/\"]}]}<\/script>\r\n<!-- \/ Yoast SEO plugin. -->","yoast_head_json":{"title":"\u00daNICO - IC\u00d3NICO - Dise\u00f1os para la arquitectura","description":"Download the catalogues and lookbooks of our product families of taps, accessories, washbasins, countertops, bathtubs, drains, fittings and mechanisms.","robots":{"index":"index","follow":"follow","max-snippet":"max-snippet:-1","max-image-preview":"max-image-preview:large","max-video-preview":"max-video-preview:-1"},"canonical":"https:\/\/iconico.es\/en\/unico\/","og_locale":"en_US","og_type":"article","og_title":"\u00daNICO - IC\u00d3NICO - Dise\u00f1os para la arquitectura","og_description":"Download the catalogues and lookbooks of our product families of taps, accessories, washbasins, countertops, bathtubs, drains, fittings and mechanisms.","og_url":"https:\/\/iconico.es\/en\/unico\/","og_site_name":"IC\u00d3NICO - Dise\u00f1os para la arquitectura","article_publisher":"https:\/\/www.facebook.com\/iconicospain","article_modified_time":"2023-07-20T06:41:38+00:00","twitter_card":"summary_large_image","twitter_misc":{"Est. reading time":"3 minutes"},"schema":{"@context":"https:\/\/schema.org","@graph":[{"@type":"WebPage","@id":"https:\/\/iconico.es\/en\/unico\/","url":"https:\/\/iconico.es\/en\/unico\/","name":"\u00daNICO - IC\u00d3NICO - Dise\u00f1os para la arquitectura","isPartOf":{"@id":"https:\/\/iconico.es\/en\/#website"},"datePublished":"2023-07-20T06:41:37+00:00","dateModified":"2023-07-20T06:41:38+00:00","description":"Download the catalogues and lookbooks of our product families of taps, accessories, washbasins, countertops, bathtubs, drains, fittings and mechanisms.","breadcrumb":{"@id":"https:\/\/iconico.es\/en\/unico\/#breadcrumb"},"inLanguage":"en-US","potentialAction":[{"@type":"ReadAction","target":["https:\/\/iconico.es\/en\/unico\/"]}]},{"@type":"BreadcrumbList","@id":"https:\/\/iconico.es\/en\/unico\/#breadcrumb","itemListElement":[{"@type":"ListItem","position":1,"name":"Home","item":"https:\/\/iconico.es\/en\/"},{"@type":"ListItem","position":2,"name":"\u00daNICO"}]},{"@type":"WebSite","@id":"https:\/\/iconico.es\/en\/#website","url":"https:\/\/iconico.es\/en\/","name":"IC\u00d3NICO - Dise\u00f1os para la arquitectura","description":"IC\u00d3NICO dise\u00f1a productos atemporales para la arquitectura que responden a los mismos criterios tanto en sus formas como en sus acabados, lujo y calidad.","publisher":{"@id":"https:\/\/iconico.es\/en\/#organization"},"potentialAction":[{"@type":"SearchAction","target":{"@type":"EntryPoint","urlTemplate":"https:\/\/iconico.es\/en\/?s={search_term_string}"},"query-input":"required name=search_term_string"}],"inLanguage":"en-US"},{"@type":"Organization","@id":"https:\/\/iconico.es\/en\/#organization","name":"Dise\u00f1o Ic\u00f3nico, s.l.","url":"https:\/\/iconico.es\/en\/","logo":{"@type":"ImageObject","inLanguage":"en-US","@id":"https:\/\/iconico.es\/en\/#\/schema\/logo\/image\/","url":"https:\/\/iconico.es\/wp-content\/uploads\/2021\/09\/cropped-iconico_Logotipo.png","contentUrl":"https:\/\/iconico.es\/wp-content\/uploads\/2021\/09\/cropped-iconico_Logotipo.png","width":322,"height":80,"caption":"Dise\u00f1o Ic\u00f3nico, s.l."},"image":{"@id":"https:\/\/iconico.es\/en\/#\/schema\/logo\/image\/"},"sameAs":["https:\/\/www.facebook.com\/iconicospain","https:\/\/www.instagram.com\/iconico\/","https:\/\/www.linkedin.com\/company\/iconico-elements-for-architecture","https:\/\/www.pinterest.es\/iconico_es\/"]}]}},"_links":{"self":[{"href":"https:\/\/iconico.es\/en\/wp-json\/wp\/v2\/pages\/43502","targetHints":{"allow":["GET"]}}],"collection":[{"href":"https:\/\/iconico.es\/en\/wp-json\/wp\/v2\/pages"}],"about":[{"href":"https:\/\/iconico.es\/en\/wp-json\/wp\/v2\/types\/page"}],"author":[{"embeddable":true,"href":"https:\/\/iconico.es\/en\/wp-json\/wp\/v2\/users\/12"}],"replies":[{"embeddable":true,"href":"https:\/\/iconico.es\/en\/wp-json\/wp\/v2\/comments?post=43502"}],"version-history":[{"count":0,"href":"https:\/\/iconico.es\/en\/wp-json\/wp\/v2\/pages\/43502\/revisions"}],"wp:attachment":[{"href":"https:\/\/iconico.es\/en\/wp-json\/wp\/v2\/media?parent=43502"}],"curies":[{"name":"wp","href":"https:\/\/api.w.org\/{rel}","templated":true}]}}