{"id":39870,"date":"2022-06-14T13:25:37","date_gmt":"2022-06-14T13:25:37","guid":{"rendered":"https:\/\/iconico.es\/producto\/o-lp22\/"},"modified":"2023-09-27T23:56:08","modified_gmt":"2023-09-27T23:56:08","slug":"o-lp22-grifo-de-lavabo-de-pared-con-mezclador-de-palanca-__nica-modelo-1_-y-ca__o-de-200-mm-de-largo_","status":"publish","type":"product","link":"https:\/\/iconico.es\/en\/product\/o-lp22-grifo-de-lavabo-de-pared-con-mezclador-de-palanca-__nica-modelo-1_-y-ca__o-de-200-mm-de-largo_\/","title":{"rendered":"O-LP22"},"content":{"rendered":"<p>Wall-mounted basin faucet with single lever mixer model 1+ and spout of \u00d818&#215;200 mm long.<\/p>\n<ul>\n<li>Horizontal disposition.<\/li>\n<li>Flow reducers are available for BREEAM requirements.<\/li>\n<\/ul>\n","protected":false},"excerpt":{"rendered":"<p>Basin faucet with single lever \u00d818&#215;200 mm.<\/p>\n","protected":false},"featured_media":32996,"template":"","meta":{"_acf_changed":false},"product_cat":[541],"product_tag":[],"class_list":["post-39870","product","type-product","status-publish","has-post-thumbnail","hentry","product_cat-collection-o-basin-faucets","pa_acabados-brushed-copper","pa_acabados-brushed-gold","pa_acabados-brushed-nickel","pa_acabados-brushed-rose-copper","pa_acabados-chrome","pa_acabados-gunmetal-en","pa_acabados-matt-black","pa_acabados-matt-white","pa_acabados-natural-brass","pa_acabados-polished-gold","pa_cano-wall-mounted","pa_tipologia-single-lever"],"acf":[],"yoast_head":"<!-- This site is optimized with the Yoast SEO plugin v22.6 - https:\/\/yoast.com\/wordpress\/plugins\/seo\/ -->\r\n<title>O-LP22-Grifo de lavabo de pared con mezclador de palanca \u00fanica modelo 1+ y ca\u00f1o de 200 mm de largo. - BY IC\u00d3NICO<\/title>\r\n<meta name=\"description\" content=\"Faucet de lavabo montado en la pared con mezclador de palanca \u00fanica y ca\u00f1o de \u00d818x200 mm de largo. Dise\u00f1o horizontal y opci\u00f3n de reductores de flujo para requisitos BREEAM.\" \/>\r\n<meta name=\"robots\" content=\"index, follow, max-snippet:-1, max-image-preview:large, max-video-preview:-1\" \/>\r\n<link rel=\"canonical\" href=\"https:\/\/iconico.es\/en\/product\/o-lp22-grifo-de-lavabo-de-pared-con-mezclador-de-palanca-__nica-modelo-1_-y-ca__o-de-200-mm-de-largo_\/\" \/>\r\n<meta property=\"og:locale\" content=\"en_US\" \/>\r\n<meta property=\"og:type\" content=\"article\" \/>\r\n<meta property=\"og:title\" content=\"O-LP22-Grifo de lavabo de pared con mezclador de palanca \u00fanica modelo 1+ y ca\u00f1o de 200 mm de largo. - BY IC\u00d3NICO\" \/>\r\n<meta property=\"og:description\" content=\"Faucet de lavabo montado en la pared con mezclador de palanca \u00fanica y ca\u00f1o de \u00d818x200 mm de largo. Dise\u00f1o horizontal y opci\u00f3n de reductores de flujo para requisitos BREEAM.\" \/>\r\n<meta property=\"og:url\" content=\"https:\/\/iconico.es\/en\/product\/o-lp22-grifo-de-lavabo-de-pared-con-mezclador-de-palanca-__nica-modelo-1_-y-ca__o-de-200-mm-de-largo_\/\" \/>\r\n<meta property=\"og:site_name\" content=\"IC\u00d3NICO - Dise\u00f1os para la arquitectura\" \/>\r\n<meta property=\"article:publisher\" content=\"https:\/\/www.facebook.com\/iconicospain\" \/>\r\n<meta property=\"article:modified_time\" content=\"2023-09-27T23:56:08+00:00\" \/>\r\n<meta property=\"og:image\" content=\"https:\/\/iconico.es\/wp-content\/uploads\/O-LP22-16_grifo_lavabo_pared_cromo_iconico-scaled.jpg\" \/>\r\n\t<meta property=\"og:image:width\" content=\"2560\" \/>\r\n\t<meta property=\"og:image:height\" content=\"1680\" \/>\r\n\t<meta property=\"og:image:type\" content=\"image\/jpeg\" \/>\r\n<meta name=\"twitter:card\" content=\"summary_large_image\" \/>\r\n<meta name=\"twitter:label1\" content=\"Est. reading time\" \/>\n\t<meta name=\"twitter:data1\" content=\"1 minute\" \/>\r\n<script type=\"application\/ld+json\" class=\"yoast-schema-graph\">{\"@context\":\"https:\/\/schema.org\",\"@graph\":[{\"@type\":\"WebPage\",\"@id\":\"https:\/\/iconico.es\/en\/product\/o-lp22-grifo-de-lavabo-de-pared-con-mezclador-de-palanca-__nica-modelo-1_-y-ca__o-de-200-mm-de-largo_\/\",\"url\":\"https:\/\/iconico.es\/en\/product\/o-lp22-grifo-de-lavabo-de-pared-con-mezclador-de-palanca-__nica-modelo-1_-y-ca__o-de-200-mm-de-largo_\/\",\"name\":\"O-LP22-Grifo de lavabo de pared con mezclador de palanca \u00fanica modelo 1+ y ca\u00f1o de 200 mm de largo. - BY IC\u00d3NICO\",\"isPartOf\":{\"@id\":\"https:\/\/iconico.es\/en\/#website\"},\"primaryImageOfPage\":{\"@id\":\"https:\/\/iconico.es\/en\/product\/o-lp22-grifo-de-lavabo-de-pared-con-mezclador-de-palanca-__nica-modelo-1_-y-ca__o-de-200-mm-de-largo_\/#primaryimage\"},\"image\":{\"@id\":\"https:\/\/iconico.es\/en\/product\/o-lp22-grifo-de-lavabo-de-pared-con-mezclador-de-palanca-__nica-modelo-1_-y-ca__o-de-200-mm-de-largo_\/#primaryimage\"},\"thumbnailUrl\":\"https:\/\/iconico.es\/wp-content\/uploads\/O-LP22-16_grifo_lavabo_pared_cromo_iconico-scaled.jpg\",\"datePublished\":\"2022-06-14T13:25:37+00:00\",\"dateModified\":\"2023-09-27T23:56:08+00:00\",\"description\":\"Faucet de lavabo montado en la pared con mezclador de palanca \u00fanica y ca\u00f1o de \u00d818x200 mm de largo. Dise\u00f1o horizontal y opci\u00f3n de reductores de flujo para requisitos BREEAM.\",\"breadcrumb\":{\"@id\":\"https:\/\/iconico.es\/en\/product\/o-lp22-grifo-de-lavabo-de-pared-con-mezclador-de-palanca-__nica-modelo-1_-y-ca__o-de-200-mm-de-largo_\/#breadcrumb\"},\"inLanguage\":\"en-US\",\"potentialAction\":[{\"@type\":\"ReadAction\",\"target\":[\"https:\/\/iconico.es\/en\/product\/o-lp22-grifo-de-lavabo-de-pared-con-mezclador-de-palanca-__nica-modelo-1_-y-ca__o-de-200-mm-de-largo_\/\"]}]},{\"@type\":\"ImageObject\",\"inLanguage\":\"en-US\",\"@id\":\"https:\/\/iconico.es\/en\/product\/o-lp22-grifo-de-lavabo-de-pared-con-mezclador-de-palanca-__nica-modelo-1_-y-ca__o-de-200-mm-de-largo_\/#primaryimage\",\"url\":\"https:\/\/iconico.es\/wp-content\/uploads\/O-LP22-16_grifo_lavabo_pared_cromo_iconico-scaled.jpg\",\"contentUrl\":\"https:\/\/iconico.es\/wp-content\/uploads\/O-LP22-16_grifo_lavabo_pared_cromo_iconico-scaled.jpg\",\"width\":2560,\"height\":1680},{\"@type\":\"BreadcrumbList\",\"@id\":\"https:\/\/iconico.es\/en\/product\/o-lp22-grifo-de-lavabo-de-pared-con-mezclador-de-palanca-__nica-modelo-1_-y-ca__o-de-200-mm-de-largo_\/#breadcrumb\",\"itemListElement\":[{\"@type\":\"ListItem\",\"position\":1,\"name\":\"Home\",\"item\":\"https:\/\/iconico.es\/en\/\"},{\"@type\":\"ListItem\",\"position\":2,\"name\":\"Shop\",\"item\":\"https:\/\/iconico.es\/en\/shop-2\/\"},{\"@type\":\"ListItem\",\"position\":3,\"name\":\"O-LP22\"}]},{\"@type\":\"WebSite\",\"@id\":\"https:\/\/iconico.es\/en\/#website\",\"url\":\"https:\/\/iconico.es\/en\/\",\"name\":\"IC\u00d3NICO - Dise\u00f1os para la arquitectura\",\"description\":\"IC\u00d3NICO dise\u00f1a productos atemporales para la arquitectura que responden a los mismos criterios tanto en sus formas como en sus acabados, lujo y calidad.\",\"publisher\":{\"@id\":\"https:\/\/iconico.es\/en\/#organization\"},\"potentialAction\":[{\"@type\":\"SearchAction\",\"target\":{\"@type\":\"EntryPoint\",\"urlTemplate\":\"https:\/\/iconico.es\/en\/?s={search_term_string}\"},\"query-input\":\"required name=search_term_string\"}],\"inLanguage\":\"en-US\"},{\"@type\":\"Organization\",\"@id\":\"https:\/\/iconico.es\/en\/#organization\",\"name\":\"Dise\u00f1o Ic\u00f3nico, s.l.\",\"url\":\"https:\/\/iconico.es\/en\/\",\"logo\":{\"@type\":\"ImageObject\",\"inLanguage\":\"en-US\",\"@id\":\"https:\/\/iconico.es\/en\/#\/schema\/logo\/image\/\",\"url\":\"https:\/\/iconico.es\/wp-content\/uploads\/2021\/09\/cropped-iconico_Logotipo.png\",\"contentUrl\":\"https:\/\/iconico.es\/wp-content\/uploads\/2021\/09\/cropped-iconico_Logotipo.png\",\"width\":322,\"height\":80,\"caption\":\"Dise\u00f1o Ic\u00f3nico, s.l.\"},\"image\":{\"@id\":\"https:\/\/iconico.es\/en\/#\/schema\/logo\/image\/\"},\"sameAs\":[\"https:\/\/www.facebook.com\/iconicospain\",\"https:\/\/www.instagram.com\/iconico\/\",\"https:\/\/www.linkedin.com\/company\/iconico-elements-for-architecture\",\"https:\/\/www.pinterest.es\/iconico_es\/\"]}]}<\/script>\r\n<!-- \/ Yoast SEO plugin. -->","yoast_head_json":{"title":"O-LP22-Grifo de lavabo de pared con mezclador de palanca \u00fanica modelo 1+ y ca\u00f1o de 200 mm de largo. - BY IC\u00d3NICO","description":"Faucet de lavabo montado en la pared con mezclador de palanca \u00fanica y ca\u00f1o de \u00d818x200 mm de largo. Dise\u00f1o horizontal y opci\u00f3n de reductores de flujo para requisitos BREEAM.","robots":{"index":"index","follow":"follow","max-snippet":"max-snippet:-1","max-image-preview":"max-image-preview:large","max-video-preview":"max-video-preview:-1"},"canonical":"https:\/\/iconico.es\/en\/product\/o-lp22-grifo-de-lavabo-de-pared-con-mezclador-de-palanca-__nica-modelo-1_-y-ca__o-de-200-mm-de-largo_\/","og_locale":"en_US","og_type":"article","og_title":"O-LP22-Grifo de lavabo de pared con mezclador de palanca \u00fanica modelo 1+ y ca\u00f1o de 200 mm de largo. - BY IC\u00d3NICO","og_description":"Faucet de lavabo montado en la pared con mezclador de palanca \u00fanica y ca\u00f1o de \u00d818x200 mm de largo. Dise\u00f1o horizontal y opci\u00f3n de reductores de flujo para requisitos BREEAM.","og_url":"https:\/\/iconico.es\/en\/product\/o-lp22-grifo-de-lavabo-de-pared-con-mezclador-de-palanca-__nica-modelo-1_-y-ca__o-de-200-mm-de-largo_\/","og_site_name":"IC\u00d3NICO - Dise\u00f1os para la arquitectura","article_publisher":"https:\/\/www.facebook.com\/iconicospain","article_modified_time":"2023-09-27T23:56:08+00:00","og_image":[{"width":2560,"height":1680,"url":"https:\/\/iconico.es\/wp-content\/uploads\/O-LP22-16_grifo_lavabo_pared_cromo_iconico-scaled.jpg","type":"image\/jpeg"}],"twitter_card":"summary_large_image","twitter_misc":{"Est. reading time":"1 minute"},"schema":{"@context":"https:\/\/schema.org","@graph":[{"@type":"WebPage","@id":"https:\/\/iconico.es\/en\/product\/o-lp22-grifo-de-lavabo-de-pared-con-mezclador-de-palanca-__nica-modelo-1_-y-ca__o-de-200-mm-de-largo_\/","url":"https:\/\/iconico.es\/en\/product\/o-lp22-grifo-de-lavabo-de-pared-con-mezclador-de-palanca-__nica-modelo-1_-y-ca__o-de-200-mm-de-largo_\/","name":"O-LP22-Grifo de lavabo de pared con mezclador de palanca \u00fanica modelo 1+ y ca\u00f1o de 200 mm de largo. - BY IC\u00d3NICO","isPartOf":{"@id":"https:\/\/iconico.es\/en\/#website"},"primaryImageOfPage":{"@id":"https:\/\/iconico.es\/en\/product\/o-lp22-grifo-de-lavabo-de-pared-con-mezclador-de-palanca-__nica-modelo-1_-y-ca__o-de-200-mm-de-largo_\/#primaryimage"},"image":{"@id":"https:\/\/iconico.es\/en\/product\/o-lp22-grifo-de-lavabo-de-pared-con-mezclador-de-palanca-__nica-modelo-1_-y-ca__o-de-200-mm-de-largo_\/#primaryimage"},"thumbnailUrl":"https:\/\/iconico.es\/wp-content\/uploads\/O-LP22-16_grifo_lavabo_pared_cromo_iconico-scaled.jpg","datePublished":"2022-06-14T13:25:37+00:00","dateModified":"2023-09-27T23:56:08+00:00","description":"Faucet de lavabo montado en la pared con mezclador de palanca \u00fanica y ca\u00f1o de \u00d818x200 mm de largo. Dise\u00f1o horizontal y opci\u00f3n de reductores de flujo para requisitos BREEAM.","breadcrumb":{"@id":"https:\/\/iconico.es\/en\/product\/o-lp22-grifo-de-lavabo-de-pared-con-mezclador-de-palanca-__nica-modelo-1_-y-ca__o-de-200-mm-de-largo_\/#breadcrumb"},"inLanguage":"en-US","potentialAction":[{"@type":"ReadAction","target":["https:\/\/iconico.es\/en\/product\/o-lp22-grifo-de-lavabo-de-pared-con-mezclador-de-palanca-__nica-modelo-1_-y-ca__o-de-200-mm-de-largo_\/"]}]},{"@type":"ImageObject","inLanguage":"en-US","@id":"https:\/\/iconico.es\/en\/product\/o-lp22-grifo-de-lavabo-de-pared-con-mezclador-de-palanca-__nica-modelo-1_-y-ca__o-de-200-mm-de-largo_\/#primaryimage","url":"https:\/\/iconico.es\/wp-content\/uploads\/O-LP22-16_grifo_lavabo_pared_cromo_iconico-scaled.jpg","contentUrl":"https:\/\/iconico.es\/wp-content\/uploads\/O-LP22-16_grifo_lavabo_pared_cromo_iconico-scaled.jpg","width":2560,"height":1680},{"@type":"BreadcrumbList","@id":"https:\/\/iconico.es\/en\/product\/o-lp22-grifo-de-lavabo-de-pared-con-mezclador-de-palanca-__nica-modelo-1_-y-ca__o-de-200-mm-de-largo_\/#breadcrumb","itemListElement":[{"@type":"ListItem","position":1,"name":"Home","item":"https:\/\/iconico.es\/en\/"},{"@type":"ListItem","position":2,"name":"Shop","item":"https:\/\/iconico.es\/en\/shop-2\/"},{"@type":"ListItem","position":3,"name":"O-LP22"}]},{"@type":"WebSite","@id":"https:\/\/iconico.es\/en\/#website","url":"https:\/\/iconico.es\/en\/","name":"IC\u00d3NICO - Dise\u00f1os para la arquitectura","description":"IC\u00d3NICO dise\u00f1a productos atemporales para la arquitectura que responden a los mismos criterios tanto en sus formas como en sus acabados, lujo y calidad.","publisher":{"@id":"https:\/\/iconico.es\/en\/#organization"},"potentialAction":[{"@type":"SearchAction","target":{"@type":"EntryPoint","urlTemplate":"https:\/\/iconico.es\/en\/?s={search_term_string}"},"query-input":"required name=search_term_string"}],"inLanguage":"en-US"},{"@type":"Organization","@id":"https:\/\/iconico.es\/en\/#organization","name":"Dise\u00f1o Ic\u00f3nico, s.l.","url":"https:\/\/iconico.es\/en\/","logo":{"@type":"ImageObject","inLanguage":"en-US","@id":"https:\/\/iconico.es\/en\/#\/schema\/logo\/image\/","url":"https:\/\/iconico.es\/wp-content\/uploads\/2021\/09\/cropped-iconico_Logotipo.png","contentUrl":"https:\/\/iconico.es\/wp-content\/uploads\/2021\/09\/cropped-iconico_Logotipo.png","width":322,"height":80,"caption":"Dise\u00f1o Ic\u00f3nico, s.l."},"image":{"@id":"https:\/\/iconico.es\/en\/#\/schema\/logo\/image\/"},"sameAs":["https:\/\/www.facebook.com\/iconicospain","https:\/\/www.instagram.com\/iconico\/","https:\/\/www.linkedin.com\/company\/iconico-elements-for-architecture","https:\/\/www.pinterest.es\/iconico_es\/"]}]}},"_links":{"self":[{"href":"https:\/\/iconico.es\/en\/wp-json\/wp\/v2\/product\/39870","targetHints":{"allow":["GET"]}}],"collection":[{"href":"https:\/\/iconico.es\/en\/wp-json\/wp\/v2\/product"}],"about":[{"href":"https:\/\/iconico.es\/en\/wp-json\/wp\/v2\/types\/product"}],"wp:featuredmedia":[{"embeddable":true,"href":"https:\/\/iconico.es\/en\/wp-json\/wp\/v2\/media\/32996"}],"wp:attachment":[{"href":"https:\/\/iconico.es\/en\/wp-json\/wp\/v2\/media?parent=39870"}],"wp:term":[{"taxonomy":"product_cat","embeddable":true,"href":"https:\/\/iconico.es\/en\/wp-json\/wp\/v2\/product_cat?post=39870"},{"taxonomy":"product_tag","embeddable":true,"href":"https:\/\/iconico.es\/en\/wp-json\/wp\/v2\/product_tag?post=39870"}],"curies":[{"name":"wp","href":"https:\/\/api.w.org\/{rel}","templated":true}]}}