{"id":40107,"date":"2021-12-14T16:31:52","date_gmt":"2021-12-14T16:31:52","guid":{"rendered":"https:\/\/iconico.es\/producto\/wc3\/"},"modified":"2023-09-29T08:32:51","modified_gmt":"2023-09-29T08:32:51","slug":"wc3-inodoro-inteligente-wc3-funciones-ajustables-y-diseno-moderno","status":"publish","type":"product","link":"https:\/\/iconico.es\/en\/product\/wc3-inodoro-inteligente-wc3-funciones-ajustables-y-diseno-moderno\/","title":{"rendered":"WC3"},"content":{"rendered":"<p>Inodoro inteligente suspendido con cisterna oculta empotrada a pared. El inodoro inteligente WC3 cuenta con diferentes funciones ajustables por control remoto o de forma manual. Sus funciones principales son: lavabo trasero, lavado frontal con masaje; ajuste de la temperatura y la presi\u00f3n del agua; asiento y secado calefactados; ajuste de la posici\u00f3n de la boquilla de pulverizaci\u00f3n; boquilla pulverizadora y asiento anti-bacterianos; desodorizaci\u00f3n por diatomeas; cierre suave y progresivo de la tapa y del asiento; memorias de usuario programables; luz nocturna suave; modo ECO para el ahorro de energ\u00eda<\/p>\n<p>CARACTER\u00cdSTICAS:<\/p>\n<p>\u2014\u00a0Dimensiones: 606x298x469mm<\/p>\n<p>\u2014\u00a0Peso: 39 Kg<\/p>\n<p>\u2014\u00a0Tensi\u00f3n nominal: 220-240V, 50\/60Hz<\/p>\n<p>\u2014\u00a0Potencia nominal_ 1080W-1130W<\/p>\n<p>\u2014\u00a0Clase de protecci\u00f3n: IPX4<\/p>\n<p>\u2014\u00a0Descarga: completa 6L, reducida 4L<\/p>\n<p>\u2014\u00a0Control: manuales y por control remoto<\/p>\n","protected":false},"excerpt":{"rendered":"<p>Inodoro inteligente suspendido con cisterna oculta<\/p>\n","protected":false},"featured_media":18352,"template":"","meta":{"_acf_changed":false},"product_cat":[525],"product_tag":[],"class_list":["post-40107","product","type-product","status-publish","has-post-thumbnail","hentry","product_cat-smart-wc","pa_acabados-white"],"acf":[],"yoast_head":"<!-- This site is optimized with the Yoast SEO plugin v22.6 - https:\/\/yoast.com\/wordpress\/plugins\/seo\/ -->\r\n<title>WC3-Inodoro Inteligente WC3: Funciones Ajustables y Dise\u00f1o Moderno - BY IC\u00d3NICO<\/title>\r\n<meta name=\"description\" content=\"Intelligent wall-hung toilet with hidden built-in cistern. The WC3 smart toilet has different adjustable functions controlled by remote or manually. Its main functions include rear and front washing with massage, adjustable water temperature and pressure, heated seat and drying, adjustable nozzle position, antibacterial nozzle and seat, diatom deodorization, soft-closing lid and seat, programmable user memories, soft night light, and ECO mode for energy saving. Dimensions: 606x298x469mm, Weight: 39 Kg, Nominal voltage: 220-240V, 50\/60Hz, Nominal power: 1080W-1130W, Protection class: IPX4, Flush: full 6L, reduced 4L, Control: manual and remote.\" \/>\r\n<meta name=\"robots\" content=\"index, follow, max-snippet:-1, max-image-preview:large, max-video-preview:-1\" \/>\r\n<link rel=\"canonical\" href=\"https:\/\/iconico.es\/en\/product\/wc3-inodoro-inteligente-wc3-funciones-ajustables-y-diseno-moderno\/\" \/>\r\n<meta property=\"og:locale\" content=\"en_US\" \/>\r\n<meta property=\"og:type\" content=\"article\" \/>\r\n<meta property=\"og:title\" content=\"WC3-Inodoro Inteligente WC3: Funciones Ajustables y Dise\u00f1o Moderno - BY IC\u00d3NICO\" \/>\r\n<meta property=\"og:description\" content=\"Intelligent wall-hung toilet with hidden built-in cistern. The WC3 smart toilet has different adjustable functions controlled by remote or manually. Its main functions include rear and front washing with massage, adjustable water temperature and pressure, heated seat and drying, adjustable nozzle position, antibacterial nozzle and seat, diatom deodorization, soft-closing lid and seat, programmable user memories, soft night light, and ECO mode for energy saving. Dimensions: 606x298x469mm, Weight: 39 Kg, Nominal voltage: 220-240V, 50\/60Hz, Nominal power: 1080W-1130W, Protection class: IPX4, Flush: full 6L, reduced 4L, Control: manual and remote.\" \/>\r\n<meta property=\"og:url\" content=\"https:\/\/iconico.es\/en\/product\/wc3-inodoro-inteligente-wc3-funciones-ajustables-y-diseno-moderno\/\" \/>\r\n<meta property=\"og:site_name\" content=\"IC\u00d3NICO - Dise\u00f1os para la arquitectura\" \/>\r\n<meta property=\"article:publisher\" content=\"https:\/\/www.facebook.com\/iconicospain\" \/>\r\n<meta property=\"article:modified_time\" content=\"2023-09-29T08:32:51+00:00\" \/>\r\n<meta property=\"og:image\" content=\"https:\/\/iconico.es\/wp-content\/uploads\/WC3_Smart_Toilet_Inodoro_inteligente_prespectiva_ICONICO-1-scaled.jpg\" \/>\r\n\t<meta property=\"og:image:width\" content=\"2560\" \/>\r\n\t<meta property=\"og:image:height\" content=\"1680\" \/>\r\n\t<meta property=\"og:image:type\" content=\"image\/jpeg\" \/>\r\n<meta name=\"twitter:card\" content=\"summary_large_image\" \/>\r\n<meta name=\"twitter:label1\" content=\"Est. reading time\" \/>\n\t<meta name=\"twitter:data1\" content=\"1 minute\" \/>\r\n<script type=\"application\/ld+json\" class=\"yoast-schema-graph\">{\"@context\":\"https:\/\/schema.org\",\"@graph\":[{\"@type\":\"WebPage\",\"@id\":\"https:\/\/iconico.es\/en\/product\/wc3-inodoro-inteligente-wc3-funciones-ajustables-y-diseno-moderno\/\",\"url\":\"https:\/\/iconico.es\/en\/product\/wc3-inodoro-inteligente-wc3-funciones-ajustables-y-diseno-moderno\/\",\"name\":\"WC3-Inodoro Inteligente WC3: Funciones Ajustables y Dise\u00f1o Moderno - BY IC\u00d3NICO\",\"isPartOf\":{\"@id\":\"https:\/\/iconico.es\/en\/#website\"},\"primaryImageOfPage\":{\"@id\":\"https:\/\/iconico.es\/en\/product\/wc3-inodoro-inteligente-wc3-funciones-ajustables-y-diseno-moderno\/#primaryimage\"},\"image\":{\"@id\":\"https:\/\/iconico.es\/en\/product\/wc3-inodoro-inteligente-wc3-funciones-ajustables-y-diseno-moderno\/#primaryimage\"},\"thumbnailUrl\":\"https:\/\/iconico.es\/wp-content\/uploads\/WC3_Smart_Toilet_Inodoro_inteligente_prespectiva_ICONICO-1-scaled.jpg\",\"datePublished\":\"2021-12-14T16:31:52+00:00\",\"dateModified\":\"2023-09-29T08:32:51+00:00\",\"description\":\"Intelligent wall-hung toilet with hidden built-in cistern. The WC3 smart toilet has different adjustable functions controlled by remote or manually. Its main functions include rear and front washing with massage, adjustable water temperature and pressure, heated seat and drying, adjustable nozzle position, antibacterial nozzle and seat, diatom deodorization, soft-closing lid and seat, programmable user memories, soft night light, and ECO mode for energy saving. Dimensions: 606x298x469mm, Weight: 39 Kg, Nominal voltage: 220-240V, 50\/60Hz, Nominal power: 1080W-1130W, Protection class: IPX4, Flush: full 6L, reduced 4L, Control: manual and remote.\",\"breadcrumb\":{\"@id\":\"https:\/\/iconico.es\/en\/product\/wc3-inodoro-inteligente-wc3-funciones-ajustables-y-diseno-moderno\/#breadcrumb\"},\"inLanguage\":\"en-US\",\"potentialAction\":[{\"@type\":\"ReadAction\",\"target\":[\"https:\/\/iconico.es\/en\/product\/wc3-inodoro-inteligente-wc3-funciones-ajustables-y-diseno-moderno\/\"]}]},{\"@type\":\"ImageObject\",\"inLanguage\":\"en-US\",\"@id\":\"https:\/\/iconico.es\/en\/product\/wc3-inodoro-inteligente-wc3-funciones-ajustables-y-diseno-moderno\/#primaryimage\",\"url\":\"https:\/\/iconico.es\/wp-content\/uploads\/WC3_Smart_Toilet_Inodoro_inteligente_prespectiva_ICONICO-1-scaled.jpg\",\"contentUrl\":\"https:\/\/iconico.es\/wp-content\/uploads\/WC3_Smart_Toilet_Inodoro_inteligente_prespectiva_ICONICO-1-scaled.jpg\",\"width\":2560,\"height\":1680},{\"@type\":\"BreadcrumbList\",\"@id\":\"https:\/\/iconico.es\/en\/product\/wc3-inodoro-inteligente-wc3-funciones-ajustables-y-diseno-moderno\/#breadcrumb\",\"itemListElement\":[{\"@type\":\"ListItem\",\"position\":1,\"name\":\"Home\",\"item\":\"https:\/\/iconico.es\/en\/\"},{\"@type\":\"ListItem\",\"position\":2,\"name\":\"Shop\",\"item\":\"https:\/\/iconico.es\/en\/shop-2\/\"},{\"@type\":\"ListItem\",\"position\":3,\"name\":\"WC3\"}]},{\"@type\":\"WebSite\",\"@id\":\"https:\/\/iconico.es\/en\/#website\",\"url\":\"https:\/\/iconico.es\/en\/\",\"name\":\"IC\u00d3NICO - Dise\u00f1os para la arquitectura\",\"description\":\"IC\u00d3NICO dise\u00f1a productos atemporales para la arquitectura que responden a los mismos criterios tanto en sus formas como en sus acabados, lujo y calidad.\",\"publisher\":{\"@id\":\"https:\/\/iconico.es\/en\/#organization\"},\"potentialAction\":[{\"@type\":\"SearchAction\",\"target\":{\"@type\":\"EntryPoint\",\"urlTemplate\":\"https:\/\/iconico.es\/en\/?s={search_term_string}\"},\"query-input\":\"required name=search_term_string\"}],\"inLanguage\":\"en-US\"},{\"@type\":\"Organization\",\"@id\":\"https:\/\/iconico.es\/en\/#organization\",\"name\":\"Dise\u00f1o Ic\u00f3nico, s.l.\",\"url\":\"https:\/\/iconico.es\/en\/\",\"logo\":{\"@type\":\"ImageObject\",\"inLanguage\":\"en-US\",\"@id\":\"https:\/\/iconico.es\/en\/#\/schema\/logo\/image\/\",\"url\":\"https:\/\/iconico.es\/wp-content\/uploads\/2021\/09\/cropped-iconico_Logotipo.png\",\"contentUrl\":\"https:\/\/iconico.es\/wp-content\/uploads\/2021\/09\/cropped-iconico_Logotipo.png\",\"width\":322,\"height\":80,\"caption\":\"Dise\u00f1o Ic\u00f3nico, s.l.\"},\"image\":{\"@id\":\"https:\/\/iconico.es\/en\/#\/schema\/logo\/image\/\"},\"sameAs\":[\"https:\/\/www.facebook.com\/iconicospain\",\"https:\/\/www.instagram.com\/iconico\/\",\"https:\/\/www.linkedin.com\/company\/iconico-elements-for-architecture\",\"https:\/\/www.pinterest.es\/iconico_es\/\"]}]}<\/script>\r\n<!-- \/ Yoast SEO plugin. -->","yoast_head_json":{"title":"WC3-Inodoro Inteligente WC3: Funciones Ajustables y Dise\u00f1o Moderno - BY IC\u00d3NICO","description":"Intelligent wall-hung toilet with hidden built-in cistern. The WC3 smart toilet has different adjustable functions controlled by remote or manually. Its main functions include rear and front washing with massage, adjustable water temperature and pressure, heated seat and drying, adjustable nozzle position, antibacterial nozzle and seat, diatom deodorization, soft-closing lid and seat, programmable user memories, soft night light, and ECO mode for energy saving. Dimensions: 606x298x469mm, Weight: 39 Kg, Nominal voltage: 220-240V, 50\/60Hz, Nominal power: 1080W-1130W, Protection class: IPX4, Flush: full 6L, reduced 4L, Control: manual and remote.","robots":{"index":"index","follow":"follow","max-snippet":"max-snippet:-1","max-image-preview":"max-image-preview:large","max-video-preview":"max-video-preview:-1"},"canonical":"https:\/\/iconico.es\/en\/product\/wc3-inodoro-inteligente-wc3-funciones-ajustables-y-diseno-moderno\/","og_locale":"en_US","og_type":"article","og_title":"WC3-Inodoro Inteligente WC3: Funciones Ajustables y Dise\u00f1o Moderno - BY IC\u00d3NICO","og_description":"Intelligent wall-hung toilet with hidden built-in cistern. The WC3 smart toilet has different adjustable functions controlled by remote or manually. Its main functions include rear and front washing with massage, adjustable water temperature and pressure, heated seat and drying, adjustable nozzle position, antibacterial nozzle and seat, diatom deodorization, soft-closing lid and seat, programmable user memories, soft night light, and ECO mode for energy saving. Dimensions: 606x298x469mm, Weight: 39 Kg, Nominal voltage: 220-240V, 50\/60Hz, Nominal power: 1080W-1130W, Protection class: IPX4, Flush: full 6L, reduced 4L, Control: manual and remote.","og_url":"https:\/\/iconico.es\/en\/product\/wc3-inodoro-inteligente-wc3-funciones-ajustables-y-diseno-moderno\/","og_site_name":"IC\u00d3NICO - Dise\u00f1os para la arquitectura","article_publisher":"https:\/\/www.facebook.com\/iconicospain","article_modified_time":"2023-09-29T08:32:51+00:00","og_image":[{"width":2560,"height":1680,"url":"https:\/\/iconico.es\/wp-content\/uploads\/WC3_Smart_Toilet_Inodoro_inteligente_prespectiva_ICONICO-1-scaled.jpg","type":"image\/jpeg"}],"twitter_card":"summary_large_image","twitter_misc":{"Est. reading time":"1 minute"},"schema":{"@context":"https:\/\/schema.org","@graph":[{"@type":"WebPage","@id":"https:\/\/iconico.es\/en\/product\/wc3-inodoro-inteligente-wc3-funciones-ajustables-y-diseno-moderno\/","url":"https:\/\/iconico.es\/en\/product\/wc3-inodoro-inteligente-wc3-funciones-ajustables-y-diseno-moderno\/","name":"WC3-Inodoro Inteligente WC3: Funciones Ajustables y Dise\u00f1o Moderno - BY IC\u00d3NICO","isPartOf":{"@id":"https:\/\/iconico.es\/en\/#website"},"primaryImageOfPage":{"@id":"https:\/\/iconico.es\/en\/product\/wc3-inodoro-inteligente-wc3-funciones-ajustables-y-diseno-moderno\/#primaryimage"},"image":{"@id":"https:\/\/iconico.es\/en\/product\/wc3-inodoro-inteligente-wc3-funciones-ajustables-y-diseno-moderno\/#primaryimage"},"thumbnailUrl":"https:\/\/iconico.es\/wp-content\/uploads\/WC3_Smart_Toilet_Inodoro_inteligente_prespectiva_ICONICO-1-scaled.jpg","datePublished":"2021-12-14T16:31:52+00:00","dateModified":"2023-09-29T08:32:51+00:00","description":"Intelligent wall-hung toilet with hidden built-in cistern. The WC3 smart toilet has different adjustable functions controlled by remote or manually. Its main functions include rear and front washing with massage, adjustable water temperature and pressure, heated seat and drying, adjustable nozzle position, antibacterial nozzle and seat, diatom deodorization, soft-closing lid and seat, programmable user memories, soft night light, and ECO mode for energy saving. Dimensions: 606x298x469mm, Weight: 39 Kg, Nominal voltage: 220-240V, 50\/60Hz, Nominal power: 1080W-1130W, Protection class: IPX4, Flush: full 6L, reduced 4L, Control: manual and remote.","breadcrumb":{"@id":"https:\/\/iconico.es\/en\/product\/wc3-inodoro-inteligente-wc3-funciones-ajustables-y-diseno-moderno\/#breadcrumb"},"inLanguage":"en-US","potentialAction":[{"@type":"ReadAction","target":["https:\/\/iconico.es\/en\/product\/wc3-inodoro-inteligente-wc3-funciones-ajustables-y-diseno-moderno\/"]}]},{"@type":"ImageObject","inLanguage":"en-US","@id":"https:\/\/iconico.es\/en\/product\/wc3-inodoro-inteligente-wc3-funciones-ajustables-y-diseno-moderno\/#primaryimage","url":"https:\/\/iconico.es\/wp-content\/uploads\/WC3_Smart_Toilet_Inodoro_inteligente_prespectiva_ICONICO-1-scaled.jpg","contentUrl":"https:\/\/iconico.es\/wp-content\/uploads\/WC3_Smart_Toilet_Inodoro_inteligente_prespectiva_ICONICO-1-scaled.jpg","width":2560,"height":1680},{"@type":"BreadcrumbList","@id":"https:\/\/iconico.es\/en\/product\/wc3-inodoro-inteligente-wc3-funciones-ajustables-y-diseno-moderno\/#breadcrumb","itemListElement":[{"@type":"ListItem","position":1,"name":"Home","item":"https:\/\/iconico.es\/en\/"},{"@type":"ListItem","position":2,"name":"Shop","item":"https:\/\/iconico.es\/en\/shop-2\/"},{"@type":"ListItem","position":3,"name":"WC3"}]},{"@type":"WebSite","@id":"https:\/\/iconico.es\/en\/#website","url":"https:\/\/iconico.es\/en\/","name":"IC\u00d3NICO - Dise\u00f1os para la arquitectura","description":"IC\u00d3NICO dise\u00f1a productos atemporales para la arquitectura que responden a los mismos criterios tanto en sus formas como en sus acabados, lujo y calidad.","publisher":{"@id":"https:\/\/iconico.es\/en\/#organization"},"potentialAction":[{"@type":"SearchAction","target":{"@type":"EntryPoint","urlTemplate":"https:\/\/iconico.es\/en\/?s={search_term_string}"},"query-input":"required name=search_term_string"}],"inLanguage":"en-US"},{"@type":"Organization","@id":"https:\/\/iconico.es\/en\/#organization","name":"Dise\u00f1o Ic\u00f3nico, s.l.","url":"https:\/\/iconico.es\/en\/","logo":{"@type":"ImageObject","inLanguage":"en-US","@id":"https:\/\/iconico.es\/en\/#\/schema\/logo\/image\/","url":"https:\/\/iconico.es\/wp-content\/uploads\/2021\/09\/cropped-iconico_Logotipo.png","contentUrl":"https:\/\/iconico.es\/wp-content\/uploads\/2021\/09\/cropped-iconico_Logotipo.png","width":322,"height":80,"caption":"Dise\u00f1o Ic\u00f3nico, s.l."},"image":{"@id":"https:\/\/iconico.es\/en\/#\/schema\/logo\/image\/"},"sameAs":["https:\/\/www.facebook.com\/iconicospain","https:\/\/www.instagram.com\/iconico\/","https:\/\/www.linkedin.com\/company\/iconico-elements-for-architecture","https:\/\/www.pinterest.es\/iconico_es\/"]}]}},"_links":{"self":[{"href":"https:\/\/iconico.es\/en\/wp-json\/wp\/v2\/product\/40107","targetHints":{"allow":["GET"]}}],"collection":[{"href":"https:\/\/iconico.es\/en\/wp-json\/wp\/v2\/product"}],"about":[{"href":"https:\/\/iconico.es\/en\/wp-json\/wp\/v2\/types\/product"}],"wp:featuredmedia":[{"embeddable":true,"href":"https:\/\/iconico.es\/en\/wp-json\/wp\/v2\/media\/18352"}],"wp:attachment":[{"href":"https:\/\/iconico.es\/en\/wp-json\/wp\/v2\/media?parent=40107"}],"wp:term":[{"taxonomy":"product_cat","embeddable":true,"href":"https:\/\/iconico.es\/en\/wp-json\/wp\/v2\/product_cat?post=40107"},{"taxonomy":"product_tag","embeddable":true,"href":"https:\/\/iconico.es\/en\/wp-json\/wp\/v2\/product_tag?post=40107"}],"curies":[{"name":"wp","href":"https:\/\/api.w.org\/{rel}","templated":true}]}}