{"id":40652,"date":"2021-12-14T16:30:22","date_gmt":"2021-12-14T16:30:22","guid":{"rendered":"https:\/\/iconico.es\/producto\/d-bars\/"},"modified":"2023-12-18T08:22:32","modified_gmt":"2023-12-18T08:22:32","slug":"d-bars-barra-de-ducha-con-salida-de-agua","status":"publish","type":"product","link":"https:\/\/iconico.es\/en\/product\/d-bars-barra-de-ducha-con-salida-de-agua\/","title":{"rendered":"D-BARS"},"content":{"rendered":"<p>Barra de ducha de 900 mm con salida de agua.<\/p>\n","protected":false},"excerpt":{"rendered":"<p>Barra ducha 900 mm<\/p>\n","protected":false},"featured_media":50575,"template":"","meta":{"_acf_changed":false},"product_cat":[512],"product_tag":[],"class_list":["post-40652","product","type-product","status-publish","has-post-thumbnail","hentry","product_cat-hand-showers-and-complements","pa_acabados-brushed-nickel","pa_acabados-chrome","pa_acabados-matt-black","pa_acabados-matt-white","pa_acabados-polished-gold"],"acf":[],"yoast_head":"<!-- This site is optimized with the Yoast SEO plugin v22.6 - https:\/\/yoast.com\/wordpress\/plugins\/seo\/ -->\r\n<title>D-BARS-Barra de ducha con salida de agua - BY IC\u00d3NICO<\/title>\r\n<meta name=\"description\" content=\"Ducha de 900 mm con salida de agua. Dise\u00f1o, lujo y alta calidad. Enfoque en el dise\u00f1o.\" \/>\r\n<meta name=\"robots\" content=\"index, follow, max-snippet:-1, max-image-preview:large, max-video-preview:-1\" \/>\r\n<link rel=\"canonical\" href=\"https:\/\/iconico.es\/en\/product\/d-bars-barra-de-ducha-con-salida-de-agua\/\" \/>\r\n<meta property=\"og:locale\" content=\"en_US\" \/>\r\n<meta property=\"og:type\" content=\"article\" \/>\r\n<meta property=\"og:title\" content=\"D-BARS-Barra de ducha con salida de agua - BY IC\u00d3NICO\" \/>\r\n<meta property=\"og:description\" content=\"Ducha de 900 mm con salida de agua. Dise\u00f1o, lujo y alta calidad. Enfoque en el dise\u00f1o.\" \/>\r\n<meta property=\"og:url\" content=\"https:\/\/iconico.es\/en\/product\/d-bars-barra-de-ducha-con-salida-de-agua\/\" \/>\r\n<meta property=\"og:site_name\" content=\"IC\u00d3NICO - Dise\u00f1os para la arquitectura\" \/>\r\n<meta property=\"article:publisher\" content=\"https:\/\/www.facebook.com\/iconicospain\" \/>\r\n<meta property=\"article:modified_time\" content=\"2023-12-18T08:22:32+00:00\" \/>\r\n<meta property=\"og:image\" content=\"https:\/\/iconico.es\/wp-content\/uploads\/image-28.png\" \/>\r\n\t<meta property=\"og:image:width\" content=\"512\" \/>\r\n\t<meta property=\"og:image:height\" content=\"320\" \/>\r\n\t<meta property=\"og:image:type\" content=\"image\/png\" \/>\r\n<meta name=\"twitter:card\" content=\"summary_large_image\" \/>\r\n<script type=\"application\/ld+json\" class=\"yoast-schema-graph\">{\"@context\":\"https:\/\/schema.org\",\"@graph\":[{\"@type\":\"WebPage\",\"@id\":\"https:\/\/iconico.es\/en\/product\/d-bars-barra-de-ducha-con-salida-de-agua\/\",\"url\":\"https:\/\/iconico.es\/en\/product\/d-bars-barra-de-ducha-con-salida-de-agua\/\",\"name\":\"D-BARS-Barra de ducha con salida de agua - BY IC\u00d3NICO\",\"isPartOf\":{\"@id\":\"https:\/\/iconico.es\/en\/#website\"},\"primaryImageOfPage\":{\"@id\":\"https:\/\/iconico.es\/en\/product\/d-bars-barra-de-ducha-con-salida-de-agua\/#primaryimage\"},\"image\":{\"@id\":\"https:\/\/iconico.es\/en\/product\/d-bars-barra-de-ducha-con-salida-de-agua\/#primaryimage\"},\"thumbnailUrl\":\"https:\/\/iconico.es\/wp-content\/uploads\/image-28.png\",\"datePublished\":\"2021-12-14T16:30:22+00:00\",\"dateModified\":\"2023-12-18T08:22:32+00:00\",\"description\":\"Ducha de 900 mm con salida de agua. Dise\u00f1o, lujo y alta calidad. Enfoque en el dise\u00f1o.\",\"breadcrumb\":{\"@id\":\"https:\/\/iconico.es\/en\/product\/d-bars-barra-de-ducha-con-salida-de-agua\/#breadcrumb\"},\"inLanguage\":\"en-US\",\"potentialAction\":[{\"@type\":\"ReadAction\",\"target\":[\"https:\/\/iconico.es\/en\/product\/d-bars-barra-de-ducha-con-salida-de-agua\/\"]}]},{\"@type\":\"ImageObject\",\"inLanguage\":\"en-US\",\"@id\":\"https:\/\/iconico.es\/en\/product\/d-bars-barra-de-ducha-con-salida-de-agua\/#primaryimage\",\"url\":\"https:\/\/iconico.es\/wp-content\/uploads\/image-28.png\",\"contentUrl\":\"https:\/\/iconico.es\/wp-content\/uploads\/image-28.png\",\"width\":512,\"height\":320},{\"@type\":\"BreadcrumbList\",\"@id\":\"https:\/\/iconico.es\/en\/product\/d-bars-barra-de-ducha-con-salida-de-agua\/#breadcrumb\",\"itemListElement\":[{\"@type\":\"ListItem\",\"position\":1,\"name\":\"Home\",\"item\":\"https:\/\/iconico.es\/en\/\"},{\"@type\":\"ListItem\",\"position\":2,\"name\":\"Shop\",\"item\":\"https:\/\/iconico.es\/en\/shop-2\/\"},{\"@type\":\"ListItem\",\"position\":3,\"name\":\"D-BARS\"}]},{\"@type\":\"WebSite\",\"@id\":\"https:\/\/iconico.es\/en\/#website\",\"url\":\"https:\/\/iconico.es\/en\/\",\"name\":\"IC\u00d3NICO - Dise\u00f1os para la arquitectura\",\"description\":\"IC\u00d3NICO dise\u00f1a productos atemporales para la arquitectura que responden a los mismos criterios tanto en sus formas como en sus acabados, lujo y calidad.\",\"publisher\":{\"@id\":\"https:\/\/iconico.es\/en\/#organization\"},\"potentialAction\":[{\"@type\":\"SearchAction\",\"target\":{\"@type\":\"EntryPoint\",\"urlTemplate\":\"https:\/\/iconico.es\/en\/?s={search_term_string}\"},\"query-input\":\"required name=search_term_string\"}],\"inLanguage\":\"en-US\"},{\"@type\":\"Organization\",\"@id\":\"https:\/\/iconico.es\/en\/#organization\",\"name\":\"Dise\u00f1o Ic\u00f3nico, s.l.\",\"url\":\"https:\/\/iconico.es\/en\/\",\"logo\":{\"@type\":\"ImageObject\",\"inLanguage\":\"en-US\",\"@id\":\"https:\/\/iconico.es\/en\/#\/schema\/logo\/image\/\",\"url\":\"https:\/\/iconico.es\/wp-content\/uploads\/2021\/09\/cropped-iconico_Logotipo.png\",\"contentUrl\":\"https:\/\/iconico.es\/wp-content\/uploads\/2021\/09\/cropped-iconico_Logotipo.png\",\"width\":322,\"height\":80,\"caption\":\"Dise\u00f1o Ic\u00f3nico, s.l.\"},\"image\":{\"@id\":\"https:\/\/iconico.es\/en\/#\/schema\/logo\/image\/\"},\"sameAs\":[\"https:\/\/www.facebook.com\/iconicospain\",\"https:\/\/www.instagram.com\/iconico\/\",\"https:\/\/www.linkedin.com\/company\/iconico-elements-for-architecture\",\"https:\/\/www.pinterest.es\/iconico_es\/\"]}]}<\/script>\r\n<!-- \/ Yoast SEO plugin. -->","yoast_head_json":{"title":"D-BARS-Barra de ducha con salida de agua - BY IC\u00d3NICO","description":"Ducha de 900 mm con salida de agua. Dise\u00f1o, lujo y alta calidad. Enfoque en el dise\u00f1o.","robots":{"index":"index","follow":"follow","max-snippet":"max-snippet:-1","max-image-preview":"max-image-preview:large","max-video-preview":"max-video-preview:-1"},"canonical":"https:\/\/iconico.es\/en\/product\/d-bars-barra-de-ducha-con-salida-de-agua\/","og_locale":"en_US","og_type":"article","og_title":"D-BARS-Barra de ducha con salida de agua - BY IC\u00d3NICO","og_description":"Ducha de 900 mm con salida de agua. Dise\u00f1o, lujo y alta calidad. Enfoque en el dise\u00f1o.","og_url":"https:\/\/iconico.es\/en\/product\/d-bars-barra-de-ducha-con-salida-de-agua\/","og_site_name":"IC\u00d3NICO - Dise\u00f1os para la arquitectura","article_publisher":"https:\/\/www.facebook.com\/iconicospain","article_modified_time":"2023-12-18T08:22:32+00:00","og_image":[{"width":512,"height":320,"url":"https:\/\/iconico.es\/wp-content\/uploads\/image-28.png","type":"image\/png"}],"twitter_card":"summary_large_image","schema":{"@context":"https:\/\/schema.org","@graph":[{"@type":"WebPage","@id":"https:\/\/iconico.es\/en\/product\/d-bars-barra-de-ducha-con-salida-de-agua\/","url":"https:\/\/iconico.es\/en\/product\/d-bars-barra-de-ducha-con-salida-de-agua\/","name":"D-BARS-Barra de ducha con salida de agua - BY IC\u00d3NICO","isPartOf":{"@id":"https:\/\/iconico.es\/en\/#website"},"primaryImageOfPage":{"@id":"https:\/\/iconico.es\/en\/product\/d-bars-barra-de-ducha-con-salida-de-agua\/#primaryimage"},"image":{"@id":"https:\/\/iconico.es\/en\/product\/d-bars-barra-de-ducha-con-salida-de-agua\/#primaryimage"},"thumbnailUrl":"https:\/\/iconico.es\/wp-content\/uploads\/image-28.png","datePublished":"2021-12-14T16:30:22+00:00","dateModified":"2023-12-18T08:22:32+00:00","description":"Ducha de 900 mm con salida de agua. Dise\u00f1o, lujo y alta calidad. Enfoque en el dise\u00f1o.","breadcrumb":{"@id":"https:\/\/iconico.es\/en\/product\/d-bars-barra-de-ducha-con-salida-de-agua\/#breadcrumb"},"inLanguage":"en-US","potentialAction":[{"@type":"ReadAction","target":["https:\/\/iconico.es\/en\/product\/d-bars-barra-de-ducha-con-salida-de-agua\/"]}]},{"@type":"ImageObject","inLanguage":"en-US","@id":"https:\/\/iconico.es\/en\/product\/d-bars-barra-de-ducha-con-salida-de-agua\/#primaryimage","url":"https:\/\/iconico.es\/wp-content\/uploads\/image-28.png","contentUrl":"https:\/\/iconico.es\/wp-content\/uploads\/image-28.png","width":512,"height":320},{"@type":"BreadcrumbList","@id":"https:\/\/iconico.es\/en\/product\/d-bars-barra-de-ducha-con-salida-de-agua\/#breadcrumb","itemListElement":[{"@type":"ListItem","position":1,"name":"Home","item":"https:\/\/iconico.es\/en\/"},{"@type":"ListItem","position":2,"name":"Shop","item":"https:\/\/iconico.es\/en\/shop-2\/"},{"@type":"ListItem","position":3,"name":"D-BARS"}]},{"@type":"WebSite","@id":"https:\/\/iconico.es\/en\/#website","url":"https:\/\/iconico.es\/en\/","name":"IC\u00d3NICO - Dise\u00f1os para la arquitectura","description":"IC\u00d3NICO dise\u00f1a productos atemporales para la arquitectura que responden a los mismos criterios tanto en sus formas como en sus acabados, lujo y calidad.","publisher":{"@id":"https:\/\/iconico.es\/en\/#organization"},"potentialAction":[{"@type":"SearchAction","target":{"@type":"EntryPoint","urlTemplate":"https:\/\/iconico.es\/en\/?s={search_term_string}"},"query-input":"required name=search_term_string"}],"inLanguage":"en-US"},{"@type":"Organization","@id":"https:\/\/iconico.es\/en\/#organization","name":"Dise\u00f1o Ic\u00f3nico, s.l.","url":"https:\/\/iconico.es\/en\/","logo":{"@type":"ImageObject","inLanguage":"en-US","@id":"https:\/\/iconico.es\/en\/#\/schema\/logo\/image\/","url":"https:\/\/iconico.es\/wp-content\/uploads\/2021\/09\/cropped-iconico_Logotipo.png","contentUrl":"https:\/\/iconico.es\/wp-content\/uploads\/2021\/09\/cropped-iconico_Logotipo.png","width":322,"height":80,"caption":"Dise\u00f1o Ic\u00f3nico, s.l."},"image":{"@id":"https:\/\/iconico.es\/en\/#\/schema\/logo\/image\/"},"sameAs":["https:\/\/www.facebook.com\/iconicospain","https:\/\/www.instagram.com\/iconico\/","https:\/\/www.linkedin.com\/company\/iconico-elements-for-architecture","https:\/\/www.pinterest.es\/iconico_es\/"]}]}},"_links":{"self":[{"href":"https:\/\/iconico.es\/en\/wp-json\/wp\/v2\/product\/40652","targetHints":{"allow":["GET"]}}],"collection":[{"href":"https:\/\/iconico.es\/en\/wp-json\/wp\/v2\/product"}],"about":[{"href":"https:\/\/iconico.es\/en\/wp-json\/wp\/v2\/types\/product"}],"wp:featuredmedia":[{"embeddable":true,"href":"https:\/\/iconico.es\/en\/wp-json\/wp\/v2\/media\/50575"}],"wp:attachment":[{"href":"https:\/\/iconico.es\/en\/wp-json\/wp\/v2\/media?parent=40652"}],"wp:term":[{"taxonomy":"product_cat","embeddable":true,"href":"https:\/\/iconico.es\/en\/wp-json\/wp\/v2\/product_cat?post=40652"},{"taxonomy":"product_tag","embeddable":true,"href":"https:\/\/iconico.es\/en\/wp-json\/wp\/v2\/product_tag?post=40652"}],"curies":[{"name":"wp","href":"https:\/\/api.w.org\/{rel}","templated":true}]}}