{"id":49682,"date":"2023-07-12T08:28:13","date_gmt":"2023-07-13T12:50:47","guid":{"rendered":"https:\/\/iconico.es\/producto\/o-le33h\/"},"modified":"2023-09-27T23:26:42","modified_gmt":"2023-09-27T23:26:42","slug":"o-le33h-basin-faucet-with-double-lever-mixer---model-1_","status":"publish","type":"product","link":"https:\/\/iconico.es\/en\/product\/o-le33h-basin-faucet-with-double-lever-mixer---model-1_\/","title":{"rendered":"O-LE33H"},"content":{"rendered":"<p>Basin faucet with double lever mixer model 1+ and H-shaped spout of \u00d818&#215;380 mm high on countertop.<\/p>\n<p>Made of brass.<\/p>\n","protected":false},"excerpt":{"rendered":"<p>Basin faucet with double lever mixer model 1+ and H-shaped spout of \u00d818&#215;380 mm high on countertop.<\/p>\n","protected":false},"featured_media":49494,"template":"","meta":{"_acf_changed":false},"product_cat":[541],"product_tag":[],"class_list":["post-49682","product","type-product","status-publish","has-post-thumbnail","hentry","product_cat-collection-o-basin-faucets","pa_acabados-brushed-copper","pa_acabados-brushed-gold","pa_acabados-brushed-nickel","pa_acabados-brushed-rose-copper","pa_acabados-chrome","pa_acabados-gunmetal-en","pa_acabados-matt-black","pa_acabados-matt-white","pa_acabados-natural-brass","pa_acabados-polished-gold"],"acf":[],"yoast_head":"<!-- This site is optimized with the Yoast SEO plugin v22.6 - https:\/\/yoast.com\/wordpress\/plugins\/seo\/ -->\r\n<title>O-LE33H-Basin Faucet with Double Lever Mixer - Model 1+ - BY IC\u00d3NICO<\/title>\r\n<meta name=\"description\" content=\"Basin faucet with double lever mixer model 1+ and H-shaped spout of \u00d818x380 mm high on countertop. Made of brass. Design, luxury, and high quality.\" \/>\r\n<meta name=\"robots\" content=\"index, follow, max-snippet:-1, max-image-preview:large, max-video-preview:-1\" \/>\r\n<link rel=\"canonical\" href=\"https:\/\/iconico.es\/en\/product\/o-le33h-basin-faucet-with-double-lever-mixer---model-1_\/\" \/>\r\n<meta property=\"og:locale\" content=\"en_US\" \/>\r\n<meta property=\"og:type\" content=\"article\" \/>\r\n<meta property=\"og:title\" content=\"O-LE33H-Basin Faucet with Double Lever Mixer - Model 1+ - BY IC\u00d3NICO\" \/>\r\n<meta property=\"og:description\" content=\"Basin faucet with double lever mixer model 1+ and H-shaped spout of \u00d818x380 mm high on countertop. Made of brass. Design, luxury, and high quality.\" \/>\r\n<meta property=\"og:url\" content=\"https:\/\/iconico.es\/en\/product\/o-le33h-basin-faucet-with-double-lever-mixer---model-1_\/\" \/>\r\n<meta property=\"og:site_name\" content=\"IC\u00d3NICO - Dise\u00f1os para la arquitectura\" \/>\r\n<meta property=\"article:publisher\" content=\"https:\/\/www.facebook.com\/iconicospain\" \/>\r\n<meta property=\"article:modified_time\" content=\"2023-09-27T23:26:42+00:00\" \/>\r\n<meta property=\"og:image\" content=\"https:\/\/iconico.es\/wp-content\/uploads\/O-LE33H-16_grifo-lavabo-sobre-encimera_cromo-iconico.jpg\" \/>\r\n\t<meta property=\"og:image:width\" content=\"900\" \/>\r\n\t<meta property=\"og:image:height\" content=\"590\" \/>\r\n\t<meta property=\"og:image:type\" content=\"image\/jpeg\" \/>\r\n<meta name=\"twitter:card\" content=\"summary_large_image\" \/>\r\n<script type=\"application\/ld+json\" class=\"yoast-schema-graph\">{\"@context\":\"https:\/\/schema.org\",\"@graph\":[{\"@type\":\"WebPage\",\"@id\":\"https:\/\/iconico.es\/en\/product\/o-le33h-basin-faucet-with-double-lever-mixer---model-1_\/\",\"url\":\"https:\/\/iconico.es\/en\/product\/o-le33h-basin-faucet-with-double-lever-mixer---model-1_\/\",\"name\":\"O-LE33H-Basin Faucet with Double Lever Mixer - Model 1+ - BY IC\u00d3NICO\",\"isPartOf\":{\"@id\":\"https:\/\/iconico.es\/en\/#website\"},\"primaryImageOfPage\":{\"@id\":\"https:\/\/iconico.es\/en\/product\/o-le33h-basin-faucet-with-double-lever-mixer---model-1_\/#primaryimage\"},\"image\":{\"@id\":\"https:\/\/iconico.es\/en\/product\/o-le33h-basin-faucet-with-double-lever-mixer---model-1_\/#primaryimage\"},\"thumbnailUrl\":\"https:\/\/iconico.es\/wp-content\/uploads\/O-LE33H-16_grifo-lavabo-sobre-encimera_cromo-iconico.jpg\",\"datePublished\":\"2023-07-13T12:50:47+00:00\",\"dateModified\":\"2023-09-27T23:26:42+00:00\",\"description\":\"Basin faucet with double lever mixer model 1+ and H-shaped spout of \u00d818x380 mm high on countertop. Made of brass. Design, luxury, and high quality.\",\"breadcrumb\":{\"@id\":\"https:\/\/iconico.es\/en\/product\/o-le33h-basin-faucet-with-double-lever-mixer---model-1_\/#breadcrumb\"},\"inLanguage\":\"en-US\",\"potentialAction\":[{\"@type\":\"ReadAction\",\"target\":[\"https:\/\/iconico.es\/en\/product\/o-le33h-basin-faucet-with-double-lever-mixer---model-1_\/\"]}]},{\"@type\":\"ImageObject\",\"inLanguage\":\"en-US\",\"@id\":\"https:\/\/iconico.es\/en\/product\/o-le33h-basin-faucet-with-double-lever-mixer---model-1_\/#primaryimage\",\"url\":\"https:\/\/iconico.es\/wp-content\/uploads\/O-LE33H-16_grifo-lavabo-sobre-encimera_cromo-iconico.jpg\",\"contentUrl\":\"https:\/\/iconico.es\/wp-content\/uploads\/O-LE33H-16_grifo-lavabo-sobre-encimera_cromo-iconico.jpg\",\"width\":900,\"height\":590,\"caption\":\"basin faucets\"},{\"@type\":\"BreadcrumbList\",\"@id\":\"https:\/\/iconico.es\/en\/product\/o-le33h-basin-faucet-with-double-lever-mixer---model-1_\/#breadcrumb\",\"itemListElement\":[{\"@type\":\"ListItem\",\"position\":1,\"name\":\"Home\",\"item\":\"https:\/\/iconico.es\/en\/\"},{\"@type\":\"ListItem\",\"position\":2,\"name\":\"Shop\",\"item\":\"https:\/\/iconico.es\/en\/shop-2\/\"},{\"@type\":\"ListItem\",\"position\":3,\"name\":\"O-LE33H\"}]},{\"@type\":\"WebSite\",\"@id\":\"https:\/\/iconico.es\/en\/#website\",\"url\":\"https:\/\/iconico.es\/en\/\",\"name\":\"IC\u00d3NICO - Dise\u00f1os para la arquitectura\",\"description\":\"IC\u00d3NICO dise\u00f1a productos atemporales para la arquitectura que responden a los mismos criterios tanto en sus formas como en sus acabados, lujo y calidad.\",\"publisher\":{\"@id\":\"https:\/\/iconico.es\/en\/#organization\"},\"potentialAction\":[{\"@type\":\"SearchAction\",\"target\":{\"@type\":\"EntryPoint\",\"urlTemplate\":\"https:\/\/iconico.es\/en\/?s={search_term_string}\"},\"query-input\":\"required name=search_term_string\"}],\"inLanguage\":\"en-US\"},{\"@type\":\"Organization\",\"@id\":\"https:\/\/iconico.es\/en\/#organization\",\"name\":\"Dise\u00f1o Ic\u00f3nico, s.l.\",\"url\":\"https:\/\/iconico.es\/en\/\",\"logo\":{\"@type\":\"ImageObject\",\"inLanguage\":\"en-US\",\"@id\":\"https:\/\/iconico.es\/en\/#\/schema\/logo\/image\/\",\"url\":\"https:\/\/iconico.es\/wp-content\/uploads\/2021\/09\/cropped-iconico_Logotipo.png\",\"contentUrl\":\"https:\/\/iconico.es\/wp-content\/uploads\/2021\/09\/cropped-iconico_Logotipo.png\",\"width\":322,\"height\":80,\"caption\":\"Dise\u00f1o Ic\u00f3nico, s.l.\"},\"image\":{\"@id\":\"https:\/\/iconico.es\/en\/#\/schema\/logo\/image\/\"},\"sameAs\":[\"https:\/\/www.facebook.com\/iconicospain\",\"https:\/\/www.instagram.com\/iconico\/\",\"https:\/\/www.linkedin.com\/company\/iconico-elements-for-architecture\",\"https:\/\/www.pinterest.es\/iconico_es\/\"]}]}<\/script>\r\n<!-- \/ Yoast SEO plugin. -->","yoast_head_json":{"title":"O-LE33H-Basin Faucet with Double Lever Mixer - Model 1+ - BY IC\u00d3NICO","description":"Basin faucet with double lever mixer model 1+ and H-shaped spout of \u00d818x380 mm high on countertop. Made of brass. Design, luxury, and high quality.","robots":{"index":"index","follow":"follow","max-snippet":"max-snippet:-1","max-image-preview":"max-image-preview:large","max-video-preview":"max-video-preview:-1"},"canonical":"https:\/\/iconico.es\/en\/product\/o-le33h-basin-faucet-with-double-lever-mixer---model-1_\/","og_locale":"en_US","og_type":"article","og_title":"O-LE33H-Basin Faucet with Double Lever Mixer - Model 1+ - BY IC\u00d3NICO","og_description":"Basin faucet with double lever mixer model 1+ and H-shaped spout of \u00d818x380 mm high on countertop. Made of brass. Design, luxury, and high quality.","og_url":"https:\/\/iconico.es\/en\/product\/o-le33h-basin-faucet-with-double-lever-mixer---model-1_\/","og_site_name":"IC\u00d3NICO - Dise\u00f1os para la arquitectura","article_publisher":"https:\/\/www.facebook.com\/iconicospain","article_modified_time":"2023-09-27T23:26:42+00:00","og_image":[{"width":900,"height":590,"url":"https:\/\/iconico.es\/wp-content\/uploads\/O-LE33H-16_grifo-lavabo-sobre-encimera_cromo-iconico.jpg","type":"image\/jpeg"}],"twitter_card":"summary_large_image","schema":{"@context":"https:\/\/schema.org","@graph":[{"@type":"WebPage","@id":"https:\/\/iconico.es\/en\/product\/o-le33h-basin-faucet-with-double-lever-mixer---model-1_\/","url":"https:\/\/iconico.es\/en\/product\/o-le33h-basin-faucet-with-double-lever-mixer---model-1_\/","name":"O-LE33H-Basin Faucet with Double Lever Mixer - Model 1+ - BY IC\u00d3NICO","isPartOf":{"@id":"https:\/\/iconico.es\/en\/#website"},"primaryImageOfPage":{"@id":"https:\/\/iconico.es\/en\/product\/o-le33h-basin-faucet-with-double-lever-mixer---model-1_\/#primaryimage"},"image":{"@id":"https:\/\/iconico.es\/en\/product\/o-le33h-basin-faucet-with-double-lever-mixer---model-1_\/#primaryimage"},"thumbnailUrl":"https:\/\/iconico.es\/wp-content\/uploads\/O-LE33H-16_grifo-lavabo-sobre-encimera_cromo-iconico.jpg","datePublished":"2023-07-13T12:50:47+00:00","dateModified":"2023-09-27T23:26:42+00:00","description":"Basin faucet with double lever mixer model 1+ and H-shaped spout of \u00d818x380 mm high on countertop. Made of brass. Design, luxury, and high quality.","breadcrumb":{"@id":"https:\/\/iconico.es\/en\/product\/o-le33h-basin-faucet-with-double-lever-mixer---model-1_\/#breadcrumb"},"inLanguage":"en-US","potentialAction":[{"@type":"ReadAction","target":["https:\/\/iconico.es\/en\/product\/o-le33h-basin-faucet-with-double-lever-mixer---model-1_\/"]}]},{"@type":"ImageObject","inLanguage":"en-US","@id":"https:\/\/iconico.es\/en\/product\/o-le33h-basin-faucet-with-double-lever-mixer---model-1_\/#primaryimage","url":"https:\/\/iconico.es\/wp-content\/uploads\/O-LE33H-16_grifo-lavabo-sobre-encimera_cromo-iconico.jpg","contentUrl":"https:\/\/iconico.es\/wp-content\/uploads\/O-LE33H-16_grifo-lavabo-sobre-encimera_cromo-iconico.jpg","width":900,"height":590,"caption":"basin faucets"},{"@type":"BreadcrumbList","@id":"https:\/\/iconico.es\/en\/product\/o-le33h-basin-faucet-with-double-lever-mixer---model-1_\/#breadcrumb","itemListElement":[{"@type":"ListItem","position":1,"name":"Home","item":"https:\/\/iconico.es\/en\/"},{"@type":"ListItem","position":2,"name":"Shop","item":"https:\/\/iconico.es\/en\/shop-2\/"},{"@type":"ListItem","position":3,"name":"O-LE33H"}]},{"@type":"WebSite","@id":"https:\/\/iconico.es\/en\/#website","url":"https:\/\/iconico.es\/en\/","name":"IC\u00d3NICO - Dise\u00f1os para la arquitectura","description":"IC\u00d3NICO dise\u00f1a productos atemporales para la arquitectura que responden a los mismos criterios tanto en sus formas como en sus acabados, lujo y calidad.","publisher":{"@id":"https:\/\/iconico.es\/en\/#organization"},"potentialAction":[{"@type":"SearchAction","target":{"@type":"EntryPoint","urlTemplate":"https:\/\/iconico.es\/en\/?s={search_term_string}"},"query-input":"required name=search_term_string"}],"inLanguage":"en-US"},{"@type":"Organization","@id":"https:\/\/iconico.es\/en\/#organization","name":"Dise\u00f1o Ic\u00f3nico, s.l.","url":"https:\/\/iconico.es\/en\/","logo":{"@type":"ImageObject","inLanguage":"en-US","@id":"https:\/\/iconico.es\/en\/#\/schema\/logo\/image\/","url":"https:\/\/iconico.es\/wp-content\/uploads\/2021\/09\/cropped-iconico_Logotipo.png","contentUrl":"https:\/\/iconico.es\/wp-content\/uploads\/2021\/09\/cropped-iconico_Logotipo.png","width":322,"height":80,"caption":"Dise\u00f1o Ic\u00f3nico, s.l."},"image":{"@id":"https:\/\/iconico.es\/en\/#\/schema\/logo\/image\/"},"sameAs":["https:\/\/www.facebook.com\/iconicospain","https:\/\/www.instagram.com\/iconico\/","https:\/\/www.linkedin.com\/company\/iconico-elements-for-architecture","https:\/\/www.pinterest.es\/iconico_es\/"]}]}},"_links":{"self":[{"href":"https:\/\/iconico.es\/en\/wp-json\/wp\/v2\/product\/49682","targetHints":{"allow":["GET"]}}],"collection":[{"href":"https:\/\/iconico.es\/en\/wp-json\/wp\/v2\/product"}],"about":[{"href":"https:\/\/iconico.es\/en\/wp-json\/wp\/v2\/types\/product"}],"wp:featuredmedia":[{"embeddable":true,"href":"https:\/\/iconico.es\/en\/wp-json\/wp\/v2\/media\/49494"}],"wp:attachment":[{"href":"https:\/\/iconico.es\/en\/wp-json\/wp\/v2\/media?parent=49682"}],"wp:term":[{"taxonomy":"product_cat","embeddable":true,"href":"https:\/\/iconico.es\/en\/wp-json\/wp\/v2\/product_cat?post=49682"},{"taxonomy":"product_tag","embeddable":true,"href":"https:\/\/iconico.es\/en\/wp-json\/wp\/v2\/product_tag?post=49682"}],"curies":[{"name":"wp","href":"https:\/\/api.w.org\/{rel}","templated":true}]}}