{"id":49718,"date":"2023-06-19T09:56:30","date_gmt":"2023-07-18T09:57:26","guid":{"rendered":"https:\/\/iconico.es\/?post_type=product&#038;p=49718"},"modified":"2023-09-29T11:29:55","modified_gmt":"2023-09-29T11:29:55","slug":"LB22R60G-lavabo-rectangular-sin-desbordamiento-con-desague-inclinado-de-solid-surface","status":"publish","type":"product","link":"https:\/\/iconico.es\/en\/product\/LB22R60G-lavabo-rectangular-sin-desbordamiento-con-desague-inclinado-de-solid-surface\/","title":{"rendered":"LB22R60G"},"content":{"rendered":"<p>Rectangular washbasin with straight-angled corners and inclined linear drain, without overflow.<\/p>\n<ul>\n<li>Made of Solid Surface.<\/li>\n<li>Dimensions: 600x400x900 mm.<\/li>\n<li>Floor installation.<\/li>\n<\/ul>\n","protected":false},"excerpt":{"rendered":"<p>Rectangular washbasin with straight-angled corners and inclined linear drain, without overflow.<\/p>\n<p>Made of Solid Surface.<\/p>\n","protected":false},"featured_media":49222,"template":"","meta":{"_acf_changed":false},"product_cat":[524],"product_tag":[],"class_list":["post-49718","product","type-product","status-publish","has-post-thumbnail","hentry","product_cat-freestanding-washbasins","pa_acabados-matt-white","pa_acabados-ral-classic-color-system"],"acf":[],"yoast_head":"<!-- This site is optimized with the Yoast SEO plugin v22.6 - https:\/\/yoast.com\/wordpress\/plugins\/seo\/ -->\r\n<title>LB22R60G-Lavabo rectangular sin desbordamiento con desag\u00fce inclinado, de Solid Surface. - BY IC\u00d3NICO<\/title>\r\n<meta name=\"description\" content=\"Rectangular washbasin made of Solid Surface, with straight-angled corners and inclined linear drain. Floor installation. Dimensions: 600x400x900 mm. High-quality and luxurious design.\" \/>\r\n<meta name=\"robots\" content=\"index, follow, max-snippet:-1, max-image-preview:large, max-video-preview:-1\" \/>\r\n<link rel=\"canonical\" href=\"https:\/\/iconico.es\/en\/product\/LB22R60G-lavabo-rectangular-sin-desbordamiento-con-desague-inclinado-de-solid-surface\/\" \/>\r\n<meta property=\"og:locale\" content=\"en_US\" \/>\r\n<meta property=\"og:type\" content=\"article\" \/>\r\n<meta property=\"og:title\" content=\"LB22R60G-Lavabo rectangular sin desbordamiento con desag\u00fce inclinado, de Solid Surface. - BY IC\u00d3NICO\" \/>\r\n<meta property=\"og:description\" content=\"Rectangular washbasin made of Solid Surface, with straight-angled corners and inclined linear drain. Floor installation. Dimensions: 600x400x900 mm. High-quality and luxurious design.\" \/>\r\n<meta property=\"og:url\" content=\"https:\/\/iconico.es\/en\/product\/LB22R60G-lavabo-rectangular-sin-desbordamiento-con-desague-inclinado-de-solid-surface\/\" \/>\r\n<meta property=\"og:site_name\" content=\"IC\u00d3NICO - Dise\u00f1os para la arquitectura\" \/>\r\n<meta property=\"article:publisher\" content=\"https:\/\/www.facebook.com\/iconicospain\" \/>\r\n<meta property=\"article:modified_time\" content=\"2023-09-29T11:29:55+00:00\" \/>\r\n<meta property=\"og:image\" content=\"https:\/\/iconico.es\/wp-content\/uploads\/LBA22R60G_lavabo_apoyo22_rectangular_60_grifo_iconico.jpg\" \/>\r\n\t<meta property=\"og:image:width\" content=\"1000\" \/>\r\n\t<meta property=\"og:image:height\" content=\"657\" \/>\r\n\t<meta property=\"og:image:type\" content=\"image\/jpeg\" \/>\r\n<meta name=\"twitter:card\" content=\"summary_large_image\" \/>\r\n<script type=\"application\/ld+json\" class=\"yoast-schema-graph\">{\"@context\":\"https:\/\/schema.org\",\"@graph\":[{\"@type\":\"WebPage\",\"@id\":\"https:\/\/iconico.es\/en\/product\/LB22R60G-lavabo-rectangular-sin-desbordamiento-con-desague-inclinado-de-solid-surface\/\",\"url\":\"https:\/\/iconico.es\/en\/product\/LB22R60G-lavabo-rectangular-sin-desbordamiento-con-desague-inclinado-de-solid-surface\/\",\"name\":\"LB22R60G-Lavabo rectangular sin desbordamiento con desag\u00fce inclinado, de Solid Surface. - BY IC\u00d3NICO\",\"isPartOf\":{\"@id\":\"https:\/\/iconico.es\/en\/#website\"},\"primaryImageOfPage\":{\"@id\":\"https:\/\/iconico.es\/en\/product\/LB22R60G-lavabo-rectangular-sin-desbordamiento-con-desague-inclinado-de-solid-surface\/#primaryimage\"},\"image\":{\"@id\":\"https:\/\/iconico.es\/en\/product\/LB22R60G-lavabo-rectangular-sin-desbordamiento-con-desague-inclinado-de-solid-surface\/#primaryimage\"},\"thumbnailUrl\":\"https:\/\/iconico.es\/wp-content\/uploads\/LBA22R60G_lavabo_apoyo22_rectangular_60_grifo_iconico.jpg\",\"datePublished\":\"2023-07-18T09:57:26+00:00\",\"dateModified\":\"2023-09-29T11:29:55+00:00\",\"description\":\"Rectangular washbasin made of Solid Surface, with straight-angled corners and inclined linear drain. Floor installation. Dimensions: 600x400x900 mm. High-quality and luxurious design.\",\"breadcrumb\":{\"@id\":\"https:\/\/iconico.es\/en\/product\/LB22R60G-lavabo-rectangular-sin-desbordamiento-con-desague-inclinado-de-solid-surface\/#breadcrumb\"},\"inLanguage\":\"en-US\",\"potentialAction\":[{\"@type\":\"ReadAction\",\"target\":[\"https:\/\/iconico.es\/en\/product\/LB22R60G-lavabo-rectangular-sin-desbordamiento-con-desague-inclinado-de-solid-surface\/\"]}]},{\"@type\":\"ImageObject\",\"inLanguage\":\"en-US\",\"@id\":\"https:\/\/iconico.es\/en\/product\/LB22R60G-lavabo-rectangular-sin-desbordamiento-con-desague-inclinado-de-solid-surface\/#primaryimage\",\"url\":\"https:\/\/iconico.es\/wp-content\/uploads\/LBA22R60G_lavabo_apoyo22_rectangular_60_grifo_iconico.jpg\",\"contentUrl\":\"https:\/\/iconico.es\/wp-content\/uploads\/LBA22R60G_lavabo_apoyo22_rectangular_60_grifo_iconico.jpg\",\"width\":1000,\"height\":657,\"caption\":\"rectangular washbin\"},{\"@type\":\"BreadcrumbList\",\"@id\":\"https:\/\/iconico.es\/en\/product\/LB22R60G-lavabo-rectangular-sin-desbordamiento-con-desague-inclinado-de-solid-surface\/#breadcrumb\",\"itemListElement\":[{\"@type\":\"ListItem\",\"position\":1,\"name\":\"Home\",\"item\":\"https:\/\/iconico.es\/en\/\"},{\"@type\":\"ListItem\",\"position\":2,\"name\":\"Shop\",\"item\":\"https:\/\/iconico.es\/en\/shop-2\/\"},{\"@type\":\"ListItem\",\"position\":3,\"name\":\"LB22R60G\"}]},{\"@type\":\"WebSite\",\"@id\":\"https:\/\/iconico.es\/en\/#website\",\"url\":\"https:\/\/iconico.es\/en\/\",\"name\":\"IC\u00d3NICO - Dise\u00f1os para la arquitectura\",\"description\":\"IC\u00d3NICO dise\u00f1a productos atemporales para la arquitectura que responden a los mismos criterios tanto en sus formas como en sus acabados, lujo y calidad.\",\"publisher\":{\"@id\":\"https:\/\/iconico.es\/en\/#organization\"},\"potentialAction\":[{\"@type\":\"SearchAction\",\"target\":{\"@type\":\"EntryPoint\",\"urlTemplate\":\"https:\/\/iconico.es\/en\/?s={search_term_string}\"},\"query-input\":\"required name=search_term_string\"}],\"inLanguage\":\"en-US\"},{\"@type\":\"Organization\",\"@id\":\"https:\/\/iconico.es\/en\/#organization\",\"name\":\"Dise\u00f1o Ic\u00f3nico, s.l.\",\"url\":\"https:\/\/iconico.es\/en\/\",\"logo\":{\"@type\":\"ImageObject\",\"inLanguage\":\"en-US\",\"@id\":\"https:\/\/iconico.es\/en\/#\/schema\/logo\/image\/\",\"url\":\"https:\/\/iconico.es\/wp-content\/uploads\/2021\/09\/cropped-iconico_Logotipo.png\",\"contentUrl\":\"https:\/\/iconico.es\/wp-content\/uploads\/2021\/09\/cropped-iconico_Logotipo.png\",\"width\":322,\"height\":80,\"caption\":\"Dise\u00f1o Ic\u00f3nico, s.l.\"},\"image\":{\"@id\":\"https:\/\/iconico.es\/en\/#\/schema\/logo\/image\/\"},\"sameAs\":[\"https:\/\/www.facebook.com\/iconicospain\",\"https:\/\/www.instagram.com\/iconico\/\",\"https:\/\/www.linkedin.com\/company\/iconico-elements-for-architecture\",\"https:\/\/www.pinterest.es\/iconico_es\/\"]}]}<\/script>\r\n<!-- \/ Yoast SEO plugin. -->","yoast_head_json":{"title":"LB22R60G-Lavabo rectangular sin desbordamiento con desag\u00fce inclinado, de Solid Surface. - BY IC\u00d3NICO","description":"Rectangular washbasin made of Solid Surface, with straight-angled corners and inclined linear drain. Floor installation. Dimensions: 600x400x900 mm. High-quality and luxurious design.","robots":{"index":"index","follow":"follow","max-snippet":"max-snippet:-1","max-image-preview":"max-image-preview:large","max-video-preview":"max-video-preview:-1"},"canonical":"https:\/\/iconico.es\/en\/product\/LB22R60G-lavabo-rectangular-sin-desbordamiento-con-desague-inclinado-de-solid-surface\/","og_locale":"en_US","og_type":"article","og_title":"LB22R60G-Lavabo rectangular sin desbordamiento con desag\u00fce inclinado, de Solid Surface. - BY IC\u00d3NICO","og_description":"Rectangular washbasin made of Solid Surface, with straight-angled corners and inclined linear drain. Floor installation. Dimensions: 600x400x900 mm. High-quality and luxurious design.","og_url":"https:\/\/iconico.es\/en\/product\/LB22R60G-lavabo-rectangular-sin-desbordamiento-con-desague-inclinado-de-solid-surface\/","og_site_name":"IC\u00d3NICO - Dise\u00f1os para la arquitectura","article_publisher":"https:\/\/www.facebook.com\/iconicospain","article_modified_time":"2023-09-29T11:29:55+00:00","og_image":[{"width":1000,"height":657,"url":"https:\/\/iconico.es\/wp-content\/uploads\/LBA22R60G_lavabo_apoyo22_rectangular_60_grifo_iconico.jpg","type":"image\/jpeg"}],"twitter_card":"summary_large_image","schema":{"@context":"https:\/\/schema.org","@graph":[{"@type":"WebPage","@id":"https:\/\/iconico.es\/en\/product\/LB22R60G-lavabo-rectangular-sin-desbordamiento-con-desague-inclinado-de-solid-surface\/","url":"https:\/\/iconico.es\/en\/product\/LB22R60G-lavabo-rectangular-sin-desbordamiento-con-desague-inclinado-de-solid-surface\/","name":"LB22R60G-Lavabo rectangular sin desbordamiento con desag\u00fce inclinado, de Solid Surface. - BY IC\u00d3NICO","isPartOf":{"@id":"https:\/\/iconico.es\/en\/#website"},"primaryImageOfPage":{"@id":"https:\/\/iconico.es\/en\/product\/LB22R60G-lavabo-rectangular-sin-desbordamiento-con-desague-inclinado-de-solid-surface\/#primaryimage"},"image":{"@id":"https:\/\/iconico.es\/en\/product\/LB22R60G-lavabo-rectangular-sin-desbordamiento-con-desague-inclinado-de-solid-surface\/#primaryimage"},"thumbnailUrl":"https:\/\/iconico.es\/wp-content\/uploads\/LBA22R60G_lavabo_apoyo22_rectangular_60_grifo_iconico.jpg","datePublished":"2023-07-18T09:57:26+00:00","dateModified":"2023-09-29T11:29:55+00:00","description":"Rectangular washbasin made of Solid Surface, with straight-angled corners and inclined linear drain. Floor installation. Dimensions: 600x400x900 mm. High-quality and luxurious design.","breadcrumb":{"@id":"https:\/\/iconico.es\/en\/product\/LB22R60G-lavabo-rectangular-sin-desbordamiento-con-desague-inclinado-de-solid-surface\/#breadcrumb"},"inLanguage":"en-US","potentialAction":[{"@type":"ReadAction","target":["https:\/\/iconico.es\/en\/product\/LB22R60G-lavabo-rectangular-sin-desbordamiento-con-desague-inclinado-de-solid-surface\/"]}]},{"@type":"ImageObject","inLanguage":"en-US","@id":"https:\/\/iconico.es\/en\/product\/LB22R60G-lavabo-rectangular-sin-desbordamiento-con-desague-inclinado-de-solid-surface\/#primaryimage","url":"https:\/\/iconico.es\/wp-content\/uploads\/LBA22R60G_lavabo_apoyo22_rectangular_60_grifo_iconico.jpg","contentUrl":"https:\/\/iconico.es\/wp-content\/uploads\/LBA22R60G_lavabo_apoyo22_rectangular_60_grifo_iconico.jpg","width":1000,"height":657,"caption":"rectangular washbin"},{"@type":"BreadcrumbList","@id":"https:\/\/iconico.es\/en\/product\/LB22R60G-lavabo-rectangular-sin-desbordamiento-con-desague-inclinado-de-solid-surface\/#breadcrumb","itemListElement":[{"@type":"ListItem","position":1,"name":"Home","item":"https:\/\/iconico.es\/en\/"},{"@type":"ListItem","position":2,"name":"Shop","item":"https:\/\/iconico.es\/en\/shop-2\/"},{"@type":"ListItem","position":3,"name":"LB22R60G"}]},{"@type":"WebSite","@id":"https:\/\/iconico.es\/en\/#website","url":"https:\/\/iconico.es\/en\/","name":"IC\u00d3NICO - Dise\u00f1os para la arquitectura","description":"IC\u00d3NICO dise\u00f1a productos atemporales para la arquitectura que responden a los mismos criterios tanto en sus formas como en sus acabados, lujo y calidad.","publisher":{"@id":"https:\/\/iconico.es\/en\/#organization"},"potentialAction":[{"@type":"SearchAction","target":{"@type":"EntryPoint","urlTemplate":"https:\/\/iconico.es\/en\/?s={search_term_string}"},"query-input":"required name=search_term_string"}],"inLanguage":"en-US"},{"@type":"Organization","@id":"https:\/\/iconico.es\/en\/#organization","name":"Dise\u00f1o Ic\u00f3nico, s.l.","url":"https:\/\/iconico.es\/en\/","logo":{"@type":"ImageObject","inLanguage":"en-US","@id":"https:\/\/iconico.es\/en\/#\/schema\/logo\/image\/","url":"https:\/\/iconico.es\/wp-content\/uploads\/2021\/09\/cropped-iconico_Logotipo.png","contentUrl":"https:\/\/iconico.es\/wp-content\/uploads\/2021\/09\/cropped-iconico_Logotipo.png","width":322,"height":80,"caption":"Dise\u00f1o Ic\u00f3nico, s.l."},"image":{"@id":"https:\/\/iconico.es\/en\/#\/schema\/logo\/image\/"},"sameAs":["https:\/\/www.facebook.com\/iconicospain","https:\/\/www.instagram.com\/iconico\/","https:\/\/www.linkedin.com\/company\/iconico-elements-for-architecture","https:\/\/www.pinterest.es\/iconico_es\/"]}]}},"_links":{"self":[{"href":"https:\/\/iconico.es\/en\/wp-json\/wp\/v2\/product\/49718","targetHints":{"allow":["GET"]}}],"collection":[{"href":"https:\/\/iconico.es\/en\/wp-json\/wp\/v2\/product"}],"about":[{"href":"https:\/\/iconico.es\/en\/wp-json\/wp\/v2\/types\/product"}],"wp:featuredmedia":[{"embeddable":true,"href":"https:\/\/iconico.es\/en\/wp-json\/wp\/v2\/media\/49222"}],"wp:attachment":[{"href":"https:\/\/iconico.es\/en\/wp-json\/wp\/v2\/media?parent=49718"}],"wp:term":[{"taxonomy":"product_cat","embeddable":true,"href":"https:\/\/iconico.es\/en\/wp-json\/wp\/v2\/product_cat?post=49718"},{"taxonomy":"product_tag","embeddable":true,"href":"https:\/\/iconico.es\/en\/wp-json\/wp\/v2\/product_tag?post=49718"}],"curies":[{"name":"wp","href":"https:\/\/api.w.org\/{rel}","templated":true}]}}