{"id":39181,"date":"2022-09-12T08:50:27","date_gmt":"2022-09-12T08:50:27","guid":{"rendered":"https:\/\/iconico.es\/a-propos-de-nous\/"},"modified":"2022-09-28T16:03:29","modified_gmt":"2022-09-28T16:03:29","slug":"a-propos-de-nous","status":"publish","type":"page","link":"https:\/\/iconico.es\/fr\/a-propos-de-nous\/","title":{"rendered":"\u00c0 propos de nous"},"content":{"rendered":"[vc_row et_column_align=\u00a0\u00bbalign-center\u00a0\u00bb][vc_column width=\u00a0\u00bb1\/4&Prime;][\/vc_column][vc_column width=\u00a0\u00bb1\/2&Prime; el_class=\u00a0\u00bbdmw\u00a0\u00bb css=\u00a0\u00bb.vc_custom_1643708576868{margin-top: 3% !important;padding-right: 4% !important;padding-left: 4% !important;}\u00a0\u00bb][vc_column_text css=\u00a0\u00bb.vc_custom_1650899403324{margin-right: 6% !important;margin-left: 6% !important;}\u00a0\u00bb]\n<h3 style=\"text-align: center;\">IC\u00d3NICO s\u00e9lectionne, modifie et con\u00e7oit des produits et des \u00e9l\u00e9ments d\u2019architecture aux lignes \u00e9pur\u00e9es et intemporelles depuis 2008.<\/h3>\n<h3 style=\"text-align: center;\"><\/h3>\n<h3 style=\"text-align: center;\">Notre catalogue rassemble diff\u00e9rents types de produits\u00a0: robinetterie pour vasque, robinetterie de douche, robinetterie pour baignoire, accessoires pour salle de bain, douches ext\u00e9rieures, vasques en Solid Surface, plans de travail sur mesure, baignoires, drains, ferrures, m\u00e9canismes et c\u00e9ramique.<\/h3>\n[\/vc_column_text][\/vc_column][vc_column width=\u00a0\u00bb1\/4&Prime;][\/vc_column][\/vc_row][vc_row css=\u00a0\u00bb.vc_custom_1650550384715{margin-top: 5% !important;}\u00a0\u00bb][vc_column width=\u00a0\u00bb1\/2&Prime;][vc_images_carousel images=\u00a0\u00bb30231,30230&Prime; img_size=\u00a0\u00bbfull\u00a0\u00bb onclick=\u00a0\u00bblink_no\u00a0\u00bb hide_pagination_control=\u00a0\u00bbyes\u00a0\u00bb css=\u00a0\u00bb.vc_custom_1648203910321{margin-right: 5% !important;}\u00a0\u00bb][\/vc_column][vc_column width=\u00a0\u00bb1\/2&Prime;][vc_column_text]\n<h2><strong>UN CATALOGUE DE PRODUITS<br \/>\nAVEC DES CRIT\u00c8RES HOMOG\u00c8NES<\/strong><\/h2>\n<p>Notre catalogue est une s\u00e9lection rigoureuse bas\u00e9e sur deux crit\u00e8res\u00a0: la qualit\u00e9 et le design. Nous cherchons l\u2019\u00e9quilibre entre la coh\u00e9rence esth\u00e9tique, de forme et fonctionnelle de tous les types de produits.<\/p>\n<p>Ces crit\u00e8res de s\u00e9lection nous permettent de proposer des produits de tr\u00e8s haute qualit\u00e9, pr\u00e9sentant diff\u00e9rentes finitions et diff\u00e9rents mat\u00e9riaux pour faciliter le processus de s\u00e9lection des techniciens et professionnels en charge de vos projets.[\/vc_column_text][\/vc_column][\/vc_row][vc_row css=\u00a0\u00bb.vc_custom_1648203935467{margin-top: 5% !important;}\u00a0\u00bb][vc_column width=\u00a0\u00bb1\/2&Prime;][vc_column_text]\n<h2><strong>FORMES \u00c9PUR\u00c9ES, ICONIQUES ET INTEMPORELLES<\/strong><\/h2>\n<p>Le design ad\u00e9quat est celui qui dure dans le temps et qui devient iconique. C\u2019est pourquoi nous proposons des produits aux lignes \u00e9pur\u00e9es et intemporelles, tout en \u00e9tant fonctionnels. Nous attachons de l\u2019importance \u00e0 la qualit\u00e9 et au design ad\u00e9quat du produit con\u00e7u et fabriqu\u00e9 pour durer dans le temps. Nos produits visent \u00e0 mettre en valeur l\u2019architecture et la d\u00e9coration d\u2019int\u00e9rieur de chaque projet. Nous consid\u00e9rons que la finalit\u00e9 de nos produits consiste \u00e0 proposer une s\u00e9lection coh\u00e9rente en termes de forme, de fonction et de mat\u00e9riau.[\/vc_column_text][vc_btn title=\u00a0\u00bbVOIR SERVICES\u00a0\u00bb style=\u00a0\u00bboutline-custom\u00a0\u00bb outline_custom_color=\u00a0\u00bb#666666&Prime; outline_custom_hover_background=\u00a0\u00bb#666666&Prime; outline_custom_hover_text=\u00a0\u00bb#ffffff\u00a0\u00bb shape=\u00a0\u00bbsquare\u00a0\u00bb align=\u00a0\u00bbleft\u00a0\u00bb link=\u00a0\u00bburl:https%3A%2F%2Ficonico.es%2Ffr%2Fservices%2F|title:Services\u00a0\u00bb][\/vc_column][vc_column width=\u00a0\u00bb1\/2&Prime;][vc_images_carousel images=\u00a0\u00bb30232&Prime; img_size=\u00a0\u00bbfull\u00a0\u00bb onclick=\u00a0\u00bblink_no\u00a0\u00bb hide_pagination_control=\u00a0\u00bbyes\u00a0\u00bb css=\u00a0\u00bb.vc_custom_1648203887630{margin-left: 5% !important;}\u00a0\u00bb][\/vc_column][\/vc_row][vc_row css=\u00a0\u00bb.vc_custom_1649411857593{margin-top: -8% !important;margin-bottom: 15px !important;}\u00a0\u00bb][vc_column width=\u00a0\u00bb1\/2&Prime; offset=\u00a0\u00bbvc_hidden-xs\u00a0\u00bb css=\u00a0\u00bb.vc_custom_1650550418703{margin-bottom: 20% !important;}\u00a0\u00bb][\/vc_column][vc_column width=\u00a0\u00bb1\/2&Prime;][\/vc_column][\/vc_row][vc_row][vc_column offset=\u00a0\u00bbvc_hidden-lg vc_hidden-md vc_hidden-sm\u00a0\u00bb][vc_btn title=\u00a0\u00bbVOIR SERVICES\u00a0\u00bb style=\u00a0\u00bboutline-custom\u00a0\u00bb outline_custom_color=\u00a0\u00bb#666666&Prime; outline_custom_hover_background=\u00a0\u00bb#666666&Prime; outline_custom_hover_text=\u00a0\u00bb#ffffff\u00a0\u00bb shape=\u00a0\u00bbsquare\u00a0\u00bb align=\u00a0\u00bbcenter\u00a0\u00bb link=\u00a0\u00bburl:https%3A%2F%2Ficonico.es%2Fservicios%2F|title:Services|\u00a0\u00bb][\/vc_column][\/vc_row]\n","protected":false},"excerpt":{"rendered":"<p>[vc_row et_column_align=\u00a0\u00bbalign-center\u00a0\u00bb][vc_column width=\u00a0\u00bb1\/4&Prime;][\/vc_column][vc_column width=\u00a0\u00bb1\/2&Prime; el_class=\u00a0\u00bbdmw\u00a0\u00bb css=\u00a0\u00bb.vc_custom_1643708576868{margin-top: 3% !important;padding-right: 4% !important;padding-left: 4% !important;}\u00a0\u00bb][vc_column_text css=\u00a0\u00bb.vc_custom_1650899403324{margin-right: 6% !important;margin-left: 6% !important;}\u00a0\u00bb] IC\u00d3NICO s\u00e9lectionne, modifie et con\u00e7oit des produits et des \u00e9l\u00e9ments d\u2019architecture aux lignes \u00e9pur\u00e9es et intemporelles depuis 2008. Notre catalogue rassemble diff\u00e9rents types de produits\u00a0: robinetterie pour vasque, robinetterie de douche, robinetterie pour&hellip;<\/p>\n","protected":false},"author":12,"featured_media":0,"parent":0,"menu_order":0,"comment_status":"closed","ping_status":"closed","template":"","meta":{"_acf_changed":false,"footnotes":""},"class_list":["post-39181","page","type-page","status-publish","hentry"],"acf":[],"yoast_head":"<!-- This site is optimized with the Yoast SEO plugin v22.6 - https:\/\/yoast.com\/wordpress\/plugins\/seo\/ -->\r\n<title>\u00c0 propos de nous - IC\u00d3NICO - Dise\u00f1os para la arquitectura<\/title>\r\n<meta name=\"description\" content=\"Formes \u00e9pur\u00e9es, iconiques et intemporelles dans un catalogue de produits aux crit\u00e8res unifi\u00e9s qui nous permettent d&#039;offrir un portefeuille de la plus haute qualit\u00e9.\" \/>\r\n<meta name=\"robots\" content=\"index, follow, max-snippet:-1, max-image-preview:large, max-video-preview:-1\" \/>\r\n<link rel=\"canonical\" href=\"https:\/\/iconico.es\/fr\/a-propos-de-nous\/\" \/>\r\n<meta property=\"og:locale\" content=\"fr_FR\" \/>\r\n<meta property=\"og:type\" content=\"article\" \/>\r\n<meta property=\"og:title\" content=\"\u00c0 propos de nous - IC\u00d3NICO - Dise\u00f1os para la arquitectura\" \/>\r\n<meta property=\"og:description\" content=\"Formes \u00e9pur\u00e9es, iconiques et intemporelles dans un catalogue de produits aux crit\u00e8res unifi\u00e9s qui nous permettent d&#039;offrir un portefeuille de la plus haute qualit\u00e9.\" \/>\r\n<meta property=\"og:url\" content=\"https:\/\/iconico.es\/fr\/a-propos-de-nous\/\" \/>\r\n<meta property=\"og:site_name\" content=\"IC\u00d3NICO - Dise\u00f1os para la arquitectura\" \/>\r\n<meta property=\"article:publisher\" content=\"https:\/\/www.facebook.com\/iconicospain\" \/>\r\n<meta property=\"article:modified_time\" content=\"2022-09-28T16:03:29+00:00\" \/>\r\n<meta name=\"twitter:card\" content=\"summary_large_image\" \/>\r\n<meta name=\"twitter:label1\" content=\"Dur\u00e9e de lecture estim\u00e9e\" \/>\n\t<meta name=\"twitter:data1\" content=\"3 minutes\" \/>\r\n<script type=\"application\/ld+json\" class=\"yoast-schema-graph\">{\"@context\":\"https:\/\/schema.org\",\"@graph\":[{\"@type\":\"WebPage\",\"@id\":\"https:\/\/iconico.es\/fr\/a-propos-de-nous\/\",\"url\":\"https:\/\/iconico.es\/fr\/a-propos-de-nous\/\",\"name\":\"\u00c0 propos de nous - IC\u00d3NICO - Dise\u00f1os para la arquitectura\",\"isPartOf\":{\"@id\":\"https:\/\/iconico.es\/en\/#website\"},\"datePublished\":\"2022-09-12T08:50:27+00:00\",\"dateModified\":\"2022-09-28T16:03:29+00:00\",\"description\":\"Formes \u00e9pur\u00e9es, iconiques et intemporelles dans un catalogue de produits aux crit\u00e8res unifi\u00e9s qui nous permettent d'offrir un portefeuille de la plus haute qualit\u00e9.\",\"breadcrumb\":{\"@id\":\"https:\/\/iconico.es\/fr\/a-propos-de-nous\/#breadcrumb\"},\"inLanguage\":\"fr-FR\",\"potentialAction\":[{\"@type\":\"ReadAction\",\"target\":[\"https:\/\/iconico.es\/fr\/a-propos-de-nous\/\"]}]},{\"@type\":\"BreadcrumbList\",\"@id\":\"https:\/\/iconico.es\/fr\/a-propos-de-nous\/#breadcrumb\",\"itemListElement\":[{\"@type\":\"ListItem\",\"position\":1,\"name\":\"Home\",\"item\":\"https:\/\/iconico.es\/fr\/\"},{\"@type\":\"ListItem\",\"position\":2,\"name\":\"\u00c0 propos de nous\"}]},{\"@type\":\"WebSite\",\"@id\":\"https:\/\/iconico.es\/en\/#website\",\"url\":\"https:\/\/iconico.es\/en\/\",\"name\":\"IC\u00d3NICO - Dise\u00f1os para la arquitectura\",\"description\":\"IC\u00d3NICO dise\u00f1a productos atemporales para la arquitectura que responden a los mismos criterios tanto en sus formas como en sus acabados, lujo y calidad.\",\"publisher\":{\"@id\":\"https:\/\/iconico.es\/en\/#organization\"},\"potentialAction\":[{\"@type\":\"SearchAction\",\"target\":{\"@type\":\"EntryPoint\",\"urlTemplate\":\"https:\/\/iconico.es\/en\/?s={search_term_string}\"},\"query-input\":\"required name=search_term_string\"}],\"inLanguage\":\"fr-FR\"},{\"@type\":\"Organization\",\"@id\":\"https:\/\/iconico.es\/en\/#organization\",\"name\":\"Dise\u00f1o Ic\u00f3nico, s.l.\",\"url\":\"https:\/\/iconico.es\/en\/\",\"logo\":{\"@type\":\"ImageObject\",\"inLanguage\":\"fr-FR\",\"@id\":\"https:\/\/iconico.es\/en\/#\/schema\/logo\/image\/\",\"url\":\"https:\/\/iconico.es\/wp-content\/uploads\/2021\/09\/cropped-iconico_Logotipo.png\",\"contentUrl\":\"https:\/\/iconico.es\/wp-content\/uploads\/2021\/09\/cropped-iconico_Logotipo.png\",\"width\":322,\"height\":80,\"caption\":\"Dise\u00f1o Ic\u00f3nico, s.l.\"},\"image\":{\"@id\":\"https:\/\/iconico.es\/en\/#\/schema\/logo\/image\/\"},\"sameAs\":[\"https:\/\/www.facebook.com\/iconicospain\",\"https:\/\/www.instagram.com\/iconico\/\",\"https:\/\/www.linkedin.com\/company\/iconico-elements-for-architecture\",\"https:\/\/www.pinterest.es\/iconico_es\/\"]}]}<\/script>\r\n<!-- \/ Yoast SEO plugin. -->","yoast_head_json":{"title":"\u00c0 propos de nous - IC\u00d3NICO - Dise\u00f1os para la arquitectura","description":"Formes \u00e9pur\u00e9es, iconiques et intemporelles dans un catalogue de produits aux crit\u00e8res unifi\u00e9s qui nous permettent d'offrir un portefeuille de la plus haute qualit\u00e9.","robots":{"index":"index","follow":"follow","max-snippet":"max-snippet:-1","max-image-preview":"max-image-preview:large","max-video-preview":"max-video-preview:-1"},"canonical":"https:\/\/iconico.es\/fr\/a-propos-de-nous\/","og_locale":"fr_FR","og_type":"article","og_title":"\u00c0 propos de nous - IC\u00d3NICO - Dise\u00f1os para la arquitectura","og_description":"Formes \u00e9pur\u00e9es, iconiques et intemporelles dans un catalogue de produits aux crit\u00e8res unifi\u00e9s qui nous permettent d'offrir un portefeuille de la plus haute qualit\u00e9.","og_url":"https:\/\/iconico.es\/fr\/a-propos-de-nous\/","og_site_name":"IC\u00d3NICO - Dise\u00f1os para la arquitectura","article_publisher":"https:\/\/www.facebook.com\/iconicospain","article_modified_time":"2022-09-28T16:03:29+00:00","twitter_card":"summary_large_image","twitter_misc":{"Dur\u00e9e de lecture estim\u00e9e":"3 minutes"},"schema":{"@context":"https:\/\/schema.org","@graph":[{"@type":"WebPage","@id":"https:\/\/iconico.es\/fr\/a-propos-de-nous\/","url":"https:\/\/iconico.es\/fr\/a-propos-de-nous\/","name":"\u00c0 propos de nous - IC\u00d3NICO - Dise\u00f1os para la arquitectura","isPartOf":{"@id":"https:\/\/iconico.es\/en\/#website"},"datePublished":"2022-09-12T08:50:27+00:00","dateModified":"2022-09-28T16:03:29+00:00","description":"Formes \u00e9pur\u00e9es, iconiques et intemporelles dans un catalogue de produits aux crit\u00e8res unifi\u00e9s qui nous permettent d'offrir un portefeuille de la plus haute qualit\u00e9.","breadcrumb":{"@id":"https:\/\/iconico.es\/fr\/a-propos-de-nous\/#breadcrumb"},"inLanguage":"fr-FR","potentialAction":[{"@type":"ReadAction","target":["https:\/\/iconico.es\/fr\/a-propos-de-nous\/"]}]},{"@type":"BreadcrumbList","@id":"https:\/\/iconico.es\/fr\/a-propos-de-nous\/#breadcrumb","itemListElement":[{"@type":"ListItem","position":1,"name":"Home","item":"https:\/\/iconico.es\/fr\/"},{"@type":"ListItem","position":2,"name":"\u00c0 propos de nous"}]},{"@type":"WebSite","@id":"https:\/\/iconico.es\/en\/#website","url":"https:\/\/iconico.es\/en\/","name":"IC\u00d3NICO - Dise\u00f1os para la arquitectura","description":"IC\u00d3NICO dise\u00f1a productos atemporales para la arquitectura que responden a los mismos criterios tanto en sus formas como en sus acabados, lujo y calidad.","publisher":{"@id":"https:\/\/iconico.es\/en\/#organization"},"potentialAction":[{"@type":"SearchAction","target":{"@type":"EntryPoint","urlTemplate":"https:\/\/iconico.es\/en\/?s={search_term_string}"},"query-input":"required name=search_term_string"}],"inLanguage":"fr-FR"},{"@type":"Organization","@id":"https:\/\/iconico.es\/en\/#organization","name":"Dise\u00f1o Ic\u00f3nico, s.l.","url":"https:\/\/iconico.es\/en\/","logo":{"@type":"ImageObject","inLanguage":"fr-FR","@id":"https:\/\/iconico.es\/en\/#\/schema\/logo\/image\/","url":"https:\/\/iconico.es\/wp-content\/uploads\/2021\/09\/cropped-iconico_Logotipo.png","contentUrl":"https:\/\/iconico.es\/wp-content\/uploads\/2021\/09\/cropped-iconico_Logotipo.png","width":322,"height":80,"caption":"Dise\u00f1o Ic\u00f3nico, s.l."},"image":{"@id":"https:\/\/iconico.es\/en\/#\/schema\/logo\/image\/"},"sameAs":["https:\/\/www.facebook.com\/iconicospain","https:\/\/www.instagram.com\/iconico\/","https:\/\/www.linkedin.com\/company\/iconico-elements-for-architecture","https:\/\/www.pinterest.es\/iconico_es\/"]}]}},"_links":{"self":[{"href":"https:\/\/iconico.es\/fr\/wp-json\/wp\/v2\/pages\/39181","targetHints":{"allow":["GET"]}}],"collection":[{"href":"https:\/\/iconico.es\/fr\/wp-json\/wp\/v2\/pages"}],"about":[{"href":"https:\/\/iconico.es\/fr\/wp-json\/wp\/v2\/types\/page"}],"author":[{"embeddable":true,"href":"https:\/\/iconico.es\/fr\/wp-json\/wp\/v2\/users\/12"}],"replies":[{"embeddable":true,"href":"https:\/\/iconico.es\/fr\/wp-json\/wp\/v2\/comments?post=39181"}],"version-history":[{"count":0,"href":"https:\/\/iconico.es\/fr\/wp-json\/wp\/v2\/pages\/39181\/revisions"}],"wp:attachment":[{"href":"https:\/\/iconico.es\/fr\/wp-json\/wp\/v2\/media?parent=39181"}],"curies":[{"name":"wp","href":"https:\/\/api.w.org\/{rel}","templated":true}]}}