{"id":39186,"date":"2022-09-12T09:02:35","date_gmt":"2022-09-12T09:02:35","guid":{"rendered":"https:\/\/iconico.es\/servicios\/"},"modified":"2022-09-28T16:04:35","modified_gmt":"2022-09-28T16:04:35","slug":"services","status":"publish","type":"page","link":"https:\/\/iconico.es\/fr\/services\/","title":{"rendered":"Services"},"content":{"rendered":"[vc_row et_column_align=\u00a0\u00bbalign-center\u00a0\u00bb css=\u00a0\u00bb.vc_custom_1638441291354{margin-top: 1rem !important;}\u00a0\u00bb][vc_column width=\u00a0\u00bb1\/4&Prime;][\/vc_column][vc_column width=\u00a0\u00bb1\/2&Prime;][vc_column_text]\n<h3 style=\"text-align: center;\">De professionnel \u00e0 professionnel<\/h3>\n[\/vc_column_text][vc_column_text]\n<h3 style=\"text-align: center;\">Notre d\u00e9partement Projets est constitu\u00e9 d\u2019une \u00e9quipe pluridisciplinaire compos\u00e9e d\u2019architectes, d\u2019architectes techniques, d\u2019ing\u00e9nieurs, de responsables de projets, d\u2019architectes d\u2019int\u00e9rieur et concepteurs de produit.<\/h3>\n<h3 style=\"text-align: center;\">Pour IC\u00d3NICO, le fait de pouvoir s\u2019appuyer sur une \u00e9quipe humaine dot\u00e9e de ces caract\u00e9ristiques, avec une vision globale et de vastes connaissances en la mati\u00e8re, facilite la communication avec les professionnels et les techniciens, en proposant des solutions rapides et efficaces au cours des diff\u00e9rentes phases de leurs projets.<\/h3>\n[\/vc_column_text][\/vc_column][vc_column width=\u00a0\u00bb1\/4&Prime;][\/vc_column][\/vc_row][vc_row et_column_align=\u00a0\u00bbalign-center\u00a0\u00bb equal_height=\u00a0\u00bbyes\u00a0\u00bb css=\u00a0\u00bb.vc_custom_1630314981642{margin-top: 40px !important;}\u00a0\u00bb][vc_column width=\u00a0\u00bb1\/12&Prime;][vc_custom_heading text=\u00a0\u00bb1&Prime; font_container=\u00a0\u00bbtag:h2|font_size:100|text_align:left|line_height:1&Prime; google_fonts=\u00a0\u00bbfont_family:Quattrocento%20Sans%3Aregular%2Citalic%2C700%2C700italic|font_style:700%20bold%20regular%3A700%3Anormal\u00a0\u00bb][\/vc_column][vc_column width=\u00a0\u00bb5\/12&Prime; el_class=\u00a0\u00bbborder_box\u00a0\u00bb][vc_column_text]\n<h2>SERVICE PERSONNALIS\u00c9<br \/>\nUN PROJET, UN PROFESSIONNEL<\/h2>\n<p>Nous d\u00e9signons un technicien de notre d\u00e9partement Projets afin que celui-ci d\u00e9finisse avec le prescripteur les exigences n\u00e9cessaires.[\/vc_column_text][\/vc_column][vc_column width=\u00a0\u00bb1\/12&Prime;][vc_custom_heading text=\u00a0\u00bb2&Prime; font_container=\u00a0\u00bbtag:h2|font_size:100|text_align:left|line_height:1&Prime; google_fonts=\u00a0\u00bbfont_family:Quattrocento%20Sans%3Aregular%2Citalic%2C700%2C700italic|font_style:700%20bold%20regular%3A700%3Anormal\u00a0\u00bb][\/vc_column][vc_column width=\u00a0\u00bb5\/12&Prime; el_class=\u00a0\u00bbborder_box\u00a0\u00bb][vc_column_text]\n<h2>\u00c9TUDE DU PROJET PAR INFOGRAPHIES<\/h2>\n<p>Nous r\u00e9alisons l\u2019\u00e9tude de l\u2019implantation gr\u00e2ce \u00e0 des plans, des renders ou des tableaux d\u2019inspiration, puis nous faisons une proposition avec les produits et les \u00e9l\u00e9ments qui correspondent le mieux au projet.<\/p>\n<p>Si le prescripteur a d\u00e9j\u00e0 consult\u00e9 notre catalogue et qu\u2019il a s\u00e9lectionn\u00e9 les produits et unit\u00e9s dont il va avoir besoin, nous passons directement \u00e0 l\u2019\u00e9tape du devis.[\/vc_column_text][\/vc_column][\/vc_row][vc_row et_column_align=\u00a0\u00bbalign-center\u00a0\u00bb][vc_column width=\u00a0\u00bb1\/12&Prime;][vc_custom_heading text=\u00a0\u00bb3&Prime; font_container=\u00a0\u00bbtag:h2|font_size:100|text_align:left|line_height:1&Prime; google_fonts=\u00a0\u00bbfont_family:Quattrocento%20Sans%3Aregular%2Citalic%2C700%2C700italic|font_style:700%20bold%20regular%3A700%3Anormal\u00a0\u00bb][\/vc_column][vc_column width=\u00a0\u00bb5\/12&Prime; el_class=\u00a0\u00bbborder_box\u00a0\u00bb][vc_column_text]\n<h2>S\u00c9LECTION DES PRODUITS<\/h2>\n<p>Apr\u00e8s s\u00e9lection des produits, nous planifions une r\u00e9union dans nos locaux pour pr\u00e9senter les mat\u00e9riaux et les finitions.<\/p>\n<p>Si la visite en personne n\u2019est pas envisageable, nous pouvons envoyer des \u00e9chantillons au cabinet dans un d\u00e9lai de 24 \u00e0 48\u00a0h et nous organisons une visioconf\u00e9rence.[\/vc_column_text][\/vc_column][vc_column width=\u00a0\u00bb1\/12&Prime;][vc_custom_heading text=\u00a0\u00bb4&Prime; font_container=\u00a0\u00bbtag:h2|font_size:100|text_align:left|line_height:1&Prime; google_fonts=\u00a0\u00bbfont_family:Quattrocento%20Sans%3Aregular%2Citalic%2C700%2C700italic|font_style:700%20bold%20regular%3A700%3Anormal\u00a0\u00bb][\/vc_column][vc_column width=\u00a0\u00bb5\/12&Prime; el_class=\u00a0\u00bbborder_box\u00a0\u00bb][vc_column_text]\n<h2>DEVIS<\/h2>\n<p>Apr\u00e8s s\u00e9lection des produits et des finitions, nous \u00e9tablissons un devis avec application de nos meilleures conditions commerciales.[\/vc_column_text][\/vc_column][\/vc_row][vc_row et_column_align=\u00a0\u00bbalign-center\u00a0\u00bb][vc_column width=\u00a0\u00bb1\/12&Prime;][vc_custom_heading text=\u00a0\u00bb5&Prime; font_container=\u00a0\u00bbtag:h2|font_size:100|text_align:left|line_height:1&Prime; google_fonts=\u00a0\u00bbfont_family:Quattrocento%20Sans%3Aregular%2Citalic%2C700%2C700italic|font_style:700%20bold%20regular%3A700%3Anormal\u00a0\u00bb][\/vc_column][vc_column width=\u00a0\u00bb5\/12&Prime; el_class=\u00a0\u00bbborder_box\u00a0\u00bb][vc_column_text]\n<h2>DOCUMENTATION TECHNIQUE<\/h2>\n<p>Vous trouverez toute la documentation n\u00e9cessaire sur notre site Web : photos, fiches techniques, fichiers 2D-3D ou au format BIM. En outre, nos agents du bureau technique r\u00e9pondent \u00e0 toutes vos questions ou demandes d\u2019informations compl\u00e9mentaires.[\/vc_column_text][\/vc_column][vc_column width=\u00a0\u00bb1\/12&Prime;][vc_custom_heading text=\u00a0\u00bb6&Prime; font_container=\u00a0\u00bbtag:h2|font_size:100|text_align:left|line_height:1&Prime; google_fonts=\u00a0\u00bbfont_family:Quattrocento%20Sans%3Aregular%2Citalic%2C700%2C700italic|font_style:700%20bold%20regular%3A700%3Anormal\u00a0\u00bb][\/vc_column][vc_column width=\u00a0\u00bb5\/12&Prime; el_class=\u00a0\u00bbborder_box\u00a0\u00bb][vc_column_text]\n<h2>COMMANDE ET PLANNING DE LIVRAISON<\/h2>\n<p>Apr\u00e8s \u00e9tablissement et validation du devis, la commande est pass\u00e9e aupr\u00e8s du d\u00e9partement Backoffice qui coordonne la production et la livraison des mat\u00e9riaux en fonction du calendrier du chantier.[\/vc_column_text][\/vc_column][\/vc_row][vc_row et_column_align=\u00a0\u00bbalign-center\u00a0\u00bb][vc_column width=\u00a0\u00bb1\/12&Prime;][vc_custom_heading text=\u00a0\u00bb7&Prime; font_container=\u00a0\u00bbtag:h2|font_size:100|text_align:left|line_height:1&Prime; google_fonts=\u00a0\u00bbfont_family:Quattrocento%20Sans%3Aregular%2Citalic%2C700%2C700italic|font_style:700%20bold%20regular%3A700%3Anormal\u00a0\u00bb][\/vc_column][vc_column width=\u00a0\u00bb5\/12&Prime; el_class=\u00a0\u00bbborder_box\u00a0\u00bb][vc_column_text]\n<h2>NOUS R\u00c9PONDONS \u00c0 TOUTES VOS QUESTIONS DURANT LE CHANTIER: CONSULTATIONS TECHNIQUES<\/h2>\n<p>Durant le processus d\u2019ex\u00e9cution du chantier, si les techniciens ou les installateurs du projet ont des questions concernant nos produits, ils peuvent consulter notre Service technique.[\/vc_column_text][\/vc_column][vc_column width=\u00a0\u00bb1\/12&Prime;][vc_custom_heading text=\u00a0\u00bb8&Prime; font_container=\u00a0\u00bbtag:h2|font_size:100|text_align:left|line_height:1&Prime; google_fonts=\u00a0\u00bbfont_family:Quattrocento%20Sans%3Aregular%2Citalic%2C700%2C700italic|font_style:700%20bold%20regular%3A700%3Anormal\u00a0\u00bb][\/vc_column][vc_column width=\u00a0\u00bb5\/12&Prime; el_class=\u00a0\u00bbborder_box\u00a0\u00bb][vc_column_text]\n<h2>SERVICE APR\u00c8S-VENTE<\/h2>\n<p>Notre Service apr\u00e8s-vente se tient \u00e0 votre disposition pour am\u00e9liorer l\u2019exp\u00e9rience apr\u00e8s l\u2019achat.[\/vc_column_text][\/vc_column][\/vc_row][vc_row css=\u00a0\u00bb.vc_custom_1638441998674{margin-top: -3% !important;margin-bottom: 5% !important;}\u00a0\u00bb][vc_column][vc_btn title=\u00a0\u00bbCONTACTER\u00a0\u00bb style=\u00a0\u00bboutline-custom\u00a0\u00bb outline_custom_color=\u00a0\u00bb#666666&Prime; outline_custom_hover_background=\u00a0\u00bb#666666&Prime; outline_custom_hover_text=\u00a0\u00bb#ffffff\u00a0\u00bb shape=\u00a0\u00bbsquare\u00a0\u00bb align=\u00a0\u00bbcenter\u00a0\u00bb link=\u00a0\u00bburl:https%3A%2F%2Ficonico.es%2Ffr%2Fcontact%2F|title:Contact\u00a0\u00bb][\/vc_column][\/vc_row]\n","protected":false},"excerpt":{"rendered":"<p>[vc_row et_column_align=\u00a0\u00bbalign-center\u00a0\u00bb css=\u00a0\u00bb.vc_custom_1638441291354{margin-top: 1rem !important;}\u00a0\u00bb][vc_column width=\u00a0\u00bb1\/4&Prime;][\/vc_column][vc_column width=\u00a0\u00bb1\/2&Prime;][vc_column_text] De professionnel \u00e0 professionnel [\/vc_column_text][vc_column_text] Notre d\u00e9partement Projets est constitu\u00e9 d\u2019une \u00e9quipe pluridisciplinaire compos\u00e9e d\u2019architectes, d\u2019architectes techniques, d\u2019ing\u00e9nieurs, de responsables de projets, d\u2019architectes d\u2019int\u00e9rieur et concepteurs de produit. Pour IC\u00d3NICO, le fait de pouvoir s\u2019appuyer sur une \u00e9quipe humaine dot\u00e9e de ces caract\u00e9ristiques,&hellip;<\/p>\n","protected":false},"author":12,"featured_media":0,"parent":0,"menu_order":0,"comment_status":"closed","ping_status":"closed","template":"","meta":{"_acf_changed":false,"footnotes":""},"class_list":["post-39186","page","type-page","status-publish","hentry"],"acf":[],"yoast_head":"<!-- This site is optimized with the Yoast SEO plugin v22.6 - https:\/\/yoast.com\/wordpress\/plugins\/seo\/ -->\r\n<title>Services - IC\u00d3NICO - Dise\u00f1os para la arquitectura<\/title>\r\n<meta name=\"description\" content=\"Nous g\u00e9rons des projets d&#039;architecture et de d\u00e9coration int\u00e9rieure en offrant un service 100% personnalis\u00e9 par l&#039;affectation d&#039;un technicien de notre d\u00e9partement de projet.\" \/>\r\n<meta name=\"robots\" content=\"index, follow, max-snippet:-1, max-image-preview:large, max-video-preview:-1\" \/>\r\n<link rel=\"canonical\" href=\"https:\/\/iconico.es\/fr\/services\/\" \/>\r\n<meta property=\"og:locale\" content=\"fr_FR\" \/>\r\n<meta property=\"og:type\" content=\"article\" \/>\r\n<meta property=\"og:title\" content=\"Services - IC\u00d3NICO - Dise\u00f1os para la arquitectura\" \/>\r\n<meta property=\"og:description\" content=\"Nous g\u00e9rons des projets d&#039;architecture et de d\u00e9coration int\u00e9rieure en offrant un service 100% personnalis\u00e9 par l&#039;affectation d&#039;un technicien de notre d\u00e9partement de projet.\" \/>\r\n<meta property=\"og:url\" content=\"https:\/\/iconico.es\/fr\/services\/\" \/>\r\n<meta property=\"og:site_name\" content=\"IC\u00d3NICO - Dise\u00f1os para la arquitectura\" \/>\r\n<meta property=\"article:publisher\" content=\"https:\/\/www.facebook.com\/iconicospain\" \/>\r\n<meta property=\"article:modified_time\" content=\"2022-09-28T16:04:35+00:00\" \/>\r\n<meta name=\"twitter:card\" content=\"summary_large_image\" \/>\r\n<meta name=\"twitter:label1\" content=\"Dur\u00e9e de lecture estim\u00e9e\" \/>\n\t<meta name=\"twitter:data1\" content=\"5 minutes\" \/>\r\n<script type=\"application\/ld+json\" class=\"yoast-schema-graph\">{\"@context\":\"https:\/\/schema.org\",\"@graph\":[{\"@type\":\"WebPage\",\"@id\":\"https:\/\/iconico.es\/fr\/services\/\",\"url\":\"https:\/\/iconico.es\/fr\/services\/\",\"name\":\"Services - IC\u00d3NICO - Dise\u00f1os para la arquitectura\",\"isPartOf\":{\"@id\":\"https:\/\/iconico.es\/en\/#website\"},\"datePublished\":\"2022-09-12T09:02:35+00:00\",\"dateModified\":\"2022-09-28T16:04:35+00:00\",\"description\":\"Nous g\u00e9rons des projets d'architecture et de d\u00e9coration int\u00e9rieure en offrant un service 100% personnalis\u00e9 par l'affectation d'un technicien de notre d\u00e9partement de projet.\",\"breadcrumb\":{\"@id\":\"https:\/\/iconico.es\/fr\/services\/#breadcrumb\"},\"inLanguage\":\"fr-FR\",\"potentialAction\":[{\"@type\":\"ReadAction\",\"target\":[\"https:\/\/iconico.es\/fr\/services\/\"]}]},{\"@type\":\"BreadcrumbList\",\"@id\":\"https:\/\/iconico.es\/fr\/services\/#breadcrumb\",\"itemListElement\":[{\"@type\":\"ListItem\",\"position\":1,\"name\":\"Home\",\"item\":\"https:\/\/iconico.es\/fr\/\"},{\"@type\":\"ListItem\",\"position\":2,\"name\":\"Services\"}]},{\"@type\":\"WebSite\",\"@id\":\"https:\/\/iconico.es\/en\/#website\",\"url\":\"https:\/\/iconico.es\/en\/\",\"name\":\"IC\u00d3NICO - Dise\u00f1os para la arquitectura\",\"description\":\"IC\u00d3NICO dise\u00f1a productos atemporales para la arquitectura que responden a los mismos criterios tanto en sus formas como en sus acabados, lujo y calidad.\",\"publisher\":{\"@id\":\"https:\/\/iconico.es\/en\/#organization\"},\"potentialAction\":[{\"@type\":\"SearchAction\",\"target\":{\"@type\":\"EntryPoint\",\"urlTemplate\":\"https:\/\/iconico.es\/en\/?s={search_term_string}\"},\"query-input\":\"required name=search_term_string\"}],\"inLanguage\":\"fr-FR\"},{\"@type\":\"Organization\",\"@id\":\"https:\/\/iconico.es\/en\/#organization\",\"name\":\"Dise\u00f1o Ic\u00f3nico, s.l.\",\"url\":\"https:\/\/iconico.es\/en\/\",\"logo\":{\"@type\":\"ImageObject\",\"inLanguage\":\"fr-FR\",\"@id\":\"https:\/\/iconico.es\/en\/#\/schema\/logo\/image\/\",\"url\":\"https:\/\/iconico.es\/wp-content\/uploads\/2021\/09\/cropped-iconico_Logotipo.png\",\"contentUrl\":\"https:\/\/iconico.es\/wp-content\/uploads\/2021\/09\/cropped-iconico_Logotipo.png\",\"width\":322,\"height\":80,\"caption\":\"Dise\u00f1o Ic\u00f3nico, s.l.\"},\"image\":{\"@id\":\"https:\/\/iconico.es\/en\/#\/schema\/logo\/image\/\"},\"sameAs\":[\"https:\/\/www.facebook.com\/iconicospain\",\"https:\/\/www.instagram.com\/iconico\/\",\"https:\/\/www.linkedin.com\/company\/iconico-elements-for-architecture\",\"https:\/\/www.pinterest.es\/iconico_es\/\"]}]}<\/script>\r\n<!-- \/ Yoast SEO plugin. -->","yoast_head_json":{"title":"Services - IC\u00d3NICO - Dise\u00f1os para la arquitectura","description":"Nous g\u00e9rons des projets d'architecture et de d\u00e9coration int\u00e9rieure en offrant un service 100% personnalis\u00e9 par l'affectation d'un technicien de notre d\u00e9partement de projet.","robots":{"index":"index","follow":"follow","max-snippet":"max-snippet:-1","max-image-preview":"max-image-preview:large","max-video-preview":"max-video-preview:-1"},"canonical":"https:\/\/iconico.es\/fr\/services\/","og_locale":"fr_FR","og_type":"article","og_title":"Services - IC\u00d3NICO - Dise\u00f1os para la arquitectura","og_description":"Nous g\u00e9rons des projets d'architecture et de d\u00e9coration int\u00e9rieure en offrant un service 100% personnalis\u00e9 par l'affectation d'un technicien de notre d\u00e9partement de projet.","og_url":"https:\/\/iconico.es\/fr\/services\/","og_site_name":"IC\u00d3NICO - Dise\u00f1os para la arquitectura","article_publisher":"https:\/\/www.facebook.com\/iconicospain","article_modified_time":"2022-09-28T16:04:35+00:00","twitter_card":"summary_large_image","twitter_misc":{"Dur\u00e9e de lecture estim\u00e9e":"5 minutes"},"schema":{"@context":"https:\/\/schema.org","@graph":[{"@type":"WebPage","@id":"https:\/\/iconico.es\/fr\/services\/","url":"https:\/\/iconico.es\/fr\/services\/","name":"Services - IC\u00d3NICO - Dise\u00f1os para la arquitectura","isPartOf":{"@id":"https:\/\/iconico.es\/en\/#website"},"datePublished":"2022-09-12T09:02:35+00:00","dateModified":"2022-09-28T16:04:35+00:00","description":"Nous g\u00e9rons des projets d'architecture et de d\u00e9coration int\u00e9rieure en offrant un service 100% personnalis\u00e9 par l'affectation d'un technicien de notre d\u00e9partement de projet.","breadcrumb":{"@id":"https:\/\/iconico.es\/fr\/services\/#breadcrumb"},"inLanguage":"fr-FR","potentialAction":[{"@type":"ReadAction","target":["https:\/\/iconico.es\/fr\/services\/"]}]},{"@type":"BreadcrumbList","@id":"https:\/\/iconico.es\/fr\/services\/#breadcrumb","itemListElement":[{"@type":"ListItem","position":1,"name":"Home","item":"https:\/\/iconico.es\/fr\/"},{"@type":"ListItem","position":2,"name":"Services"}]},{"@type":"WebSite","@id":"https:\/\/iconico.es\/en\/#website","url":"https:\/\/iconico.es\/en\/","name":"IC\u00d3NICO - Dise\u00f1os para la arquitectura","description":"IC\u00d3NICO dise\u00f1a productos atemporales para la arquitectura que responden a los mismos criterios tanto en sus formas como en sus acabados, lujo y calidad.","publisher":{"@id":"https:\/\/iconico.es\/en\/#organization"},"potentialAction":[{"@type":"SearchAction","target":{"@type":"EntryPoint","urlTemplate":"https:\/\/iconico.es\/en\/?s={search_term_string}"},"query-input":"required name=search_term_string"}],"inLanguage":"fr-FR"},{"@type":"Organization","@id":"https:\/\/iconico.es\/en\/#organization","name":"Dise\u00f1o Ic\u00f3nico, s.l.","url":"https:\/\/iconico.es\/en\/","logo":{"@type":"ImageObject","inLanguage":"fr-FR","@id":"https:\/\/iconico.es\/en\/#\/schema\/logo\/image\/","url":"https:\/\/iconico.es\/wp-content\/uploads\/2021\/09\/cropped-iconico_Logotipo.png","contentUrl":"https:\/\/iconico.es\/wp-content\/uploads\/2021\/09\/cropped-iconico_Logotipo.png","width":322,"height":80,"caption":"Dise\u00f1o Ic\u00f3nico, s.l."},"image":{"@id":"https:\/\/iconico.es\/en\/#\/schema\/logo\/image\/"},"sameAs":["https:\/\/www.facebook.com\/iconicospain","https:\/\/www.instagram.com\/iconico\/","https:\/\/www.linkedin.com\/company\/iconico-elements-for-architecture","https:\/\/www.pinterest.es\/iconico_es\/"]}]}},"_links":{"self":[{"href":"https:\/\/iconico.es\/fr\/wp-json\/wp\/v2\/pages\/39186","targetHints":{"allow":["GET"]}}],"collection":[{"href":"https:\/\/iconico.es\/fr\/wp-json\/wp\/v2\/pages"}],"about":[{"href":"https:\/\/iconico.es\/fr\/wp-json\/wp\/v2\/types\/page"}],"author":[{"embeddable":true,"href":"https:\/\/iconico.es\/fr\/wp-json\/wp\/v2\/users\/12"}],"replies":[{"embeddable":true,"href":"https:\/\/iconico.es\/fr\/wp-json\/wp\/v2\/comments?post=39186"}],"version-history":[{"count":0,"href":"https:\/\/iconico.es\/fr\/wp-json\/wp\/v2\/pages\/39186\/revisions"}],"wp:attachment":[{"href":"https:\/\/iconico.es\/fr\/wp-json\/wp\/v2\/media?parent=39186"}],"curies":[{"name":"wp","href":"https:\/\/api.w.org\/{rel}","templated":true}]}}