{"id":39207,"date":"2022-09-12T10:58:48","date_gmt":"2022-09-12T10:58:48","guid":{"rendered":"https:\/\/iconico.es\/robinetterie\/"},"modified":"2022-09-23T10:29:00","modified_gmt":"2022-09-23T10:29:00","slug":"robinetterie","status":"publish","type":"page","link":"https:\/\/iconico.es\/fr\/catalogue\/robinetterie\/","title":{"rendered":"Robinetterie"},"content":{"rendered":"[vc_row et_column_align=\u00a0\u00bbalign-center\u00a0\u00bb][vc_column width=\u00a0\u00bb1\/5&Prime;][\/vc_column][vc_column width=\u00a0\u00bb3\/5&Prime; el_class=\u00a0\u00bbdwm\u00a0\u00bb][vc_column_text]\n<h3 style=\"text-align: center;\">Notre catalogue propose diff\u00e9rents mod\u00e8les de robinetterie pour vasque, robinetterie de douche, robinetterie pour baignoire, douches ext\u00e9rieures, commandes thermostatiques ou des robinetteries et distributeurs de savon \u00e9lectroniques, avec diff\u00e9rentes finitions et possibilit\u00e9s d\u2019installation. Gr\u00e2ce \u00e0 ses formes g\u00e9om\u00e9triques et \u00e0 ses lignes \u00e9pur\u00e9es, la robinetterie de IC\u00d3NICO s\u2019adapte \u00e0 tout type de projet.<\/h3>\n[\/vc_column_text][\/vc_column][vc_column width=\u00a0\u00bb1\/5&Prime;][\/vc_column][\/vc_row][vc_row el_class=\u00a0\u00bbcuadrados-3&Prime;][vc_column][vc_row_inner][vc_column_inner width=\u00a0\u00bb1\/3&Prime;]\t<div id=\"et-hovercard-69de30a8f400e\" class=\" et-hovercard \">\n\t\t<a class=\"et-hovercard-link\" href=\"https:\/\/iconico.es\/fr\/catalogue\/robinetterie\/vasque\/\" target=\"_self\">\t\t<div class=\"et-hovercard-front et-hovercard-side\">\n\t\t\t<div class=\"et-hovercard-inner\">\n\t\t\t\t<h3 class=\"et-pricing-head\">VASQUE<\/h3>\n\t\t\t<\/div>\n\t\t<\/div>\n\t\t<div class=\"et-hovercard-back et-hovercard-side\">\n\t\t\t<div class=\"et-hovercard-inner\">\n\t\t\t\t<figure class=\"et-pricing-icon\">\n\t\t\t\t\t\t\t\t\t\t<span class=\"\"><\/span>\n\t\t\t\t\t\t\t\t\t<\/figure>\n\t\t\t\t<h3 class=\"et-pricing-head\">VASQUE<\/h3>\n\t\t\t\t<div class=\"et-pricing-content\"><\/div>\n\t\t\t<\/div>\n\t\t<\/div>\n\t\t<\/a>\n\t<\/div>\n\t[\/vc_column_inner][vc_column_inner width=\u00a0\u00bb1\/3&Prime;]\t<div id=\"et-hovercard-69de30a900e8b\" class=\" et-hovercard \">\n\t\t<a class=\"et-hovercard-link\" href=\"https:\/\/iconico.es\/fr\/catalogue\/robinetterie\/douche\/\" target=\"_self\">\t\t<div class=\"et-hovercard-front et-hovercard-side\">\n\t\t\t<div class=\"et-hovercard-inner\">\n\t\t\t\t<h3 class=\"et-pricing-head\">DOUCHE<\/h3>\n\t\t\t<\/div>\n\t\t<\/div>\n\t\t<div class=\"et-hovercard-back et-hovercard-side\">\n\t\t\t<div class=\"et-hovercard-inner\">\n\t\t\t\t<figure class=\"et-pricing-icon\">\n\t\t\t\t\t\t\t\t\t\t<span class=\"\"><\/span>\n\t\t\t\t\t\t\t\t\t<\/figure>\n\t\t\t\t<h3 class=\"et-pricing-head\">DOUCHE<\/h3>\n\t\t\t\t<div class=\"et-pricing-content\"><\/div>\n\t\t\t<\/div>\n\t\t<\/div>\n\t\t<\/a>\n\t<\/div>\n\t[\/vc_column_inner][vc_column_inner width=\u00a0\u00bb1\/3&Prime;]\t<div id=\"et-hovercard-69de30a90188b\" class=\" et-hovercard \">\n\t\t<a class=\"et-hovercard-link\" href=\"https:\/\/iconico.es\/fr\/catalogue\/robinetterie\/baignoire\/\" target=\"_self\">\t\t<div class=\"et-hovercard-front et-hovercard-side\">\n\t\t\t<div class=\"et-hovercard-inner\">\n\t\t\t\t<h3 class=\"et-pricing-head\">BAIGNOIRE<\/h3>\n\t\t\t<\/div>\n\t\t<\/div>\n\t\t<div class=\"et-hovercard-back et-hovercard-side\">\n\t\t\t<div class=\"et-hovercard-inner\">\n\t\t\t\t<figure class=\"et-pricing-icon\">\n\t\t\t\t\t\t\t\t\t\t<span class=\"\"><\/span>\n\t\t\t\t\t\t\t\t\t<\/figure>\n\t\t\t\t<h3 class=\"et-pricing-head\">BAIGNOIRE<\/h3>\n\t\t\t\t<div class=\"et-pricing-content\"><\/div>\n\t\t\t<\/div>\n\t\t<\/div>\n\t\t<\/a>\n\t<\/div>\n\t[\/vc_column_inner][\/vc_row_inner][vc_row_inner et_max_width=\u00a0\u00bb\u00a0\u00bb css=\u00a0\u00bb.vc_custom_1639129364352{margin-top: 1rem !important;}\u00a0\u00bb][vc_column_inner width=\u00a0\u00bb1\/3&Prime;]\t<div id=\"et-hovercard-69de30a9029e8\" class=\" et-hovercard \">\n\t\t<a class=\"et-hovercard-link\" href=\"https:\/\/iconico.es\/fr\/catalogue\/robinetterie\/douches-exterieures\/\" target=\"_self\">\t\t<div class=\"et-hovercard-front et-hovercard-side\">\n\t\t\t<div class=\"et-hovercard-inner\">\n\t\t\t\t<h3 class=\"et-pricing-head\">EXT\u00c9RIEUR<\/h3>\n\t\t\t<\/div>\n\t\t<\/div>\n\t\t<div class=\"et-hovercard-back et-hovercard-side\">\n\t\t\t<div class=\"et-hovercard-inner\">\n\t\t\t\t<figure class=\"et-pricing-icon\">\n\t\t\t\t\t\t\t\t\t\t<span class=\"\"><\/span>\n\t\t\t\t\t\t\t\t\t<\/figure>\n\t\t\t\t<h3 class=\"et-pricing-head\">EXT\u00c9RIEUR<\/h3>\n\t\t\t\t<div class=\"et-pricing-content\"><\/div>\n\t\t\t<\/div>\n\t\t<\/div>\n\t\t<\/a>\n\t<\/div>\n\t[\/vc_column_inner][vc_column_inner width=\u00a0\u00bb1\/3&Prime;]\t<div id=\"et-hovercard-69de30a90348b\" class=\" et-hovercard \">\n\t\t<a class=\"et-hovercard-link\" href=\"https:\/\/iconico.es\/fr\/catalogue\/robinetterie\/hands-free\/\" target=\"_self\">\t\t<div class=\"et-hovercard-front et-hovercard-side\">\n\t\t\t<div class=\"et-hovercard-inner\">\n\t\t\t\t<h3 class=\"et-pricing-head\">HANDS FREE<\/h3>\n\t\t\t<\/div>\n\t\t<\/div>\n\t\t<div class=\"et-hovercard-back et-hovercard-side\">\n\t\t\t<div class=\"et-hovercard-inner\">\n\t\t\t\t<figure class=\"et-pricing-icon\">\n\t\t\t\t\t\t\t\t\t\t<span class=\"\"><\/span>\n\t\t\t\t\t\t\t\t\t<\/figure>\n\t\t\t\t<h3 class=\"et-pricing-head\">HANDS FREE<\/h3>\n\t\t\t\t<div class=\"et-pricing-content\"><\/div>\n\t\t\t<\/div>\n\t\t<\/div>\n\t\t<\/a>\n\t<\/div>\n\t[\/vc_column_inner][vc_column_inner width=\u00a0\u00bb1\/3&Prime;]\t<div id=\"et-hovercard-69de30a904857\" class=\" et-hovercard \">\n\t\t<a class=\"et-hovercard-link\" href=\"https:\/\/iconico.es\/fr\/catalogue\/robinetterie\/cuisine\/\" target=\"_self\">\t\t<div class=\"et-hovercard-front et-hovercard-side\">\n\t\t\t<div class=\"et-hovercard-inner\">\n\t\t\t\t<h3 class=\"et-pricing-head\">CUISINE<\/h3>\n\t\t\t<\/div>\n\t\t<\/div>\n\t\t<div class=\"et-hovercard-back et-hovercard-side\">\n\t\t\t<div class=\"et-hovercard-inner\">\n\t\t\t\t<figure class=\"et-pricing-icon\">\n\t\t\t\t\t\t\t\t\t\t<span class=\"\"><\/span>\n\t\t\t\t\t\t\t\t\t<\/figure>\n\t\t\t\t<h3 class=\"et-pricing-head\">CUISINE<\/h3>\n\t\t\t\t<div class=\"et-pricing-content\"><\/div>\n\t\t\t<\/div>\n\t\t<\/div>\n\t\t<\/a>\n\t<\/div>\n\t[\/vc_column_inner][\/vc_row_inner][\/vc_column][\/vc_row][vc_row et_column_align=\u00a0\u00bbalign-center\u00a0\u00bb content_placement=\u00a0\u00bbtop\u00a0\u00bb css=\u00a0\u00bb.vc_custom_1636992620513{margin-top: 5% !important;margin-right: 8% !important;margin-left: 8% !important;}\u00a0\u00bb][vc_column width=\u00a0\u00bb1\/2&Prime;][vc_row_inner et_max_width=\u00a0\u00bb\u00a0\u00bb et_column_align=\u00a0\u00bbalign-right\u00a0\u00bb][vc_column_inner width=\u00a0\u00bb1\/6&Prime;][\/vc_column_inner][vc_column_inner width=\u00a0\u00bb5\/6&Prime;][vc_column_text]\n<h4 style=\"text-align: left;\">FINITIONS DISPONIBLES<\/h4>\n[\/vc_column_text][\/vc_column_inner][\/vc_row_inner][\/vc_column][vc_column width=\u00a0\u00bb1\/2&Prime;][vc_column_text]Toute notre collection de robinetterie existe en diff\u00e9rentes finitions. Chrome, noir mat, blanc mat, nickel bross\u00e9, cuivre bross\u00e9, or brillant, or bross\u00e9 ou crude sont quelques-unes des finitions dans lesquelles notre s\u00e9lection de produits est disponible.[\/vc_column_text][\/vc_column][\/vc_row][vc_row et_column_align=\u00a0\u00bbalign-center\u00a0\u00bb content_placement=\u00a0\u00bbtop\u00a0\u00bb css=\u00a0\u00bb.vc_custom_1644250184498{margin-right: 8% !important;margin-left: 8% !important;}\u00a0\u00bb][vc_column width=\u00a0\u00bb1\/2&Prime;][vc_row_inner et_max_width=\u00a0\u00bb\u00a0\u00bb et_column_align=\u00a0\u00bbalign-right\u00a0\u00bb][vc_column_inner width=\u00a0\u00bb1\/6&Prime;][\/vc_column_inner][vc_column_inner width=\u00a0\u00bb5\/6&Prime;][vc_column_text]\n<h4 style=\"text-align: left;\">MAT\u00c9RIAUX DE HAUTE QUALIT\u00c9<\/h4>\n[\/vc_column_text][\/vc_column_inner][\/vc_row_inner][\/vc_column][vc_column width=\u00a0\u00bb1\/2&Prime;][vc_column_text]Notre robinetterie est fabriqu\u00e9e avec des mat\u00e9riaux nobles comme le laiton ou l\u2019acier inoxydable. Des m\u00e9taux purs hautement recyclables qui garantissent la durabilit\u00e9 de nos produits en respectant les normes de qualit\u00e9 ISO\u00a09001.[\/vc_column_text][\/vc_column][\/vc_row][vc_row et_column_align=\u00a0\u00bbalign-center\u00a0\u00bb content_placement=\u00a0\u00bbmiddle\u00a0\u00bb css=\u00a0\u00bb.vc_custom_1633429084255{margin-right: 8% !important;margin-bottom: 5% !important;margin-left: 8% !important;}\u00a0\u00bb][vc_column width=\u00a0\u00bb1\/2&Prime;][vc_row_inner][vc_column_inner width=\u00a0\u00bb1\/6&Prime;][\/vc_column_inner][vc_column_inner width=\u00a0\u00bb5\/6&Prime;][vc_column_text]\n<h4 style=\"text-align: left;\">R\u00c9DUCTEURS DE D\u00c9BIT POUR LES CERTIFICATIONS LEED ET BREEAM<\/h4>\n[\/vc_column_text][\/vc_column_inner][\/vc_row_inner][\/vc_column][vc_column width=\u00a0\u00bb1\/2&Prime;][vc_column_text]Nous sommes dot\u00e9s de dispositifs techniques permettant de r\u00e9duire le d\u00e9bit de l\u2019eau. Ceux-ci permettent d\u2019obtenir les meilleures notes des certifications BREEAM et LEED, encourageant ainsi les \u00e9conomies d\u2019eau et la durabilit\u00e9 environnementale de notre plan\u00e8te.[\/vc_column_text][\/vc_column][\/vc_row]\n","protected":false},"excerpt":{"rendered":"<p>[vc_row et_column_align=\u00a0\u00bbalign-center\u00a0\u00bb][vc_column width=\u00a0\u00bb1\/5&Prime;][\/vc_column][vc_column width=\u00a0\u00bb3\/5&Prime; el_class=\u00a0\u00bbdwm\u00a0\u00bb][vc_column_text] Notre catalogue propose diff\u00e9rents mod\u00e8les de robinetterie pour vasque, robinetterie de douche, robinetterie pour baignoire, douches ext\u00e9rieures, commandes thermostatiques ou des robinetteries et distributeurs de savon \u00e9lectroniques, avec diff\u00e9rentes finitions et possibilit\u00e9s d\u2019installation. Gr\u00e2ce \u00e0 ses formes g\u00e9om\u00e9triques et \u00e0 ses lignes \u00e9pur\u00e9es, la robinetterie&hellip;<\/p>\n","protected":false},"author":12,"featured_media":0,"parent":39242,"menu_order":0,"comment_status":"closed","ping_status":"closed","template":"","meta":{"_acf_changed":false,"footnotes":""},"class_list":["post-39207","page","type-page","status-publish","hentry"],"acf":[],"yoast_head":"<!-- This site is optimized with the Yoast SEO plugin v22.6 - https:\/\/yoast.com\/wordpress\/plugins\/seo\/ -->\r\n<title>Robinetterie - IC\u00d3NICO - Dise\u00f1os para la arquitectura<\/title>\r\n<meta name=\"description\" content=\"Robinetterie pour vasque, robinetterie de douche, robinetterie pour baignoire, robinetterie pour cuisine, douches ext\u00e9rieures, commandes thermostatiques et corps int\u00e9gr\u00e9s.\" \/>\r\n<meta name=\"robots\" content=\"index, follow, max-snippet:-1, max-image-preview:large, max-video-preview:-1\" \/>\r\n<link rel=\"canonical\" href=\"https:\/\/iconico.es\/fr\/catalogue\/robinetterie\/\" \/>\r\n<meta property=\"og:locale\" content=\"fr_FR\" \/>\r\n<meta property=\"og:type\" content=\"article\" \/>\r\n<meta property=\"og:title\" content=\"Robinetterie - IC\u00d3NICO - Dise\u00f1os para la arquitectura\" \/>\r\n<meta property=\"og:description\" content=\"Robinetterie pour vasque, robinetterie de douche, robinetterie pour baignoire, robinetterie pour cuisine, douches ext\u00e9rieures, commandes thermostatiques et corps int\u00e9gr\u00e9s.\" \/>\r\n<meta property=\"og:url\" content=\"https:\/\/iconico.es\/fr\/catalogue\/robinetterie\/\" \/>\r\n<meta property=\"og:site_name\" content=\"IC\u00d3NICO - Dise\u00f1os para la arquitectura\" \/>\r\n<meta property=\"article:publisher\" content=\"https:\/\/www.facebook.com\/iconicospain\" \/>\r\n<meta property=\"article:modified_time\" content=\"2022-09-23T10:29:00+00:00\" \/>\r\n<meta name=\"twitter:card\" content=\"summary_large_image\" \/>\r\n<meta name=\"twitter:label1\" content=\"Dur\u00e9e de lecture estim\u00e9e\" \/>\n\t<meta name=\"twitter:data1\" content=\"2 minutes\" \/>\r\n<script type=\"application\/ld+json\" class=\"yoast-schema-graph\">{\"@context\":\"https:\/\/schema.org\",\"@graph\":[{\"@type\":\"WebPage\",\"@id\":\"https:\/\/iconico.es\/fr\/catalogue\/robinetterie\/\",\"url\":\"https:\/\/iconico.es\/fr\/catalogue\/robinetterie\/\",\"name\":\"Robinetterie - IC\u00d3NICO - Dise\u00f1os para la arquitectura\",\"isPartOf\":{\"@id\":\"https:\/\/iconico.es\/en\/#website\"},\"datePublished\":\"2022-09-12T10:58:48+00:00\",\"dateModified\":\"2022-09-23T10:29:00+00:00\",\"description\":\"Robinetterie pour vasque, robinetterie de douche, robinetterie pour baignoire, robinetterie pour cuisine, douches ext\u00e9rieures, commandes thermostatiques et corps int\u00e9gr\u00e9s.\",\"breadcrumb\":{\"@id\":\"https:\/\/iconico.es\/fr\/catalogue\/robinetterie\/#breadcrumb\"},\"inLanguage\":\"fr-FR\",\"potentialAction\":[{\"@type\":\"ReadAction\",\"target\":[\"https:\/\/iconico.es\/fr\/catalogue\/robinetterie\/\"]}]},{\"@type\":\"BreadcrumbList\",\"@id\":\"https:\/\/iconico.es\/fr\/catalogue\/robinetterie\/#breadcrumb\",\"itemListElement\":[{\"@type\":\"ListItem\",\"position\":1,\"name\":\"Home\",\"item\":\"https:\/\/iconico.es\/fr\/\"},{\"@type\":\"ListItem\",\"position\":2,\"name\":\"Catalogue de produits\",\"item\":\"https:\/\/iconico.es\/fr\/catalogue\/\"},{\"@type\":\"ListItem\",\"position\":3,\"name\":\"Robinetterie\"}]},{\"@type\":\"WebSite\",\"@id\":\"https:\/\/iconico.es\/en\/#website\",\"url\":\"https:\/\/iconico.es\/en\/\",\"name\":\"IC\u00d3NICO - Dise\u00f1os para la arquitectura\",\"description\":\"IC\u00d3NICO dise\u00f1a productos atemporales para la arquitectura que responden a los mismos criterios tanto en sus formas como en sus acabados, lujo y calidad.\",\"publisher\":{\"@id\":\"https:\/\/iconico.es\/en\/#organization\"},\"potentialAction\":[{\"@type\":\"SearchAction\",\"target\":{\"@type\":\"EntryPoint\",\"urlTemplate\":\"https:\/\/iconico.es\/en\/?s={search_term_string}\"},\"query-input\":\"required name=search_term_string\"}],\"inLanguage\":\"fr-FR\"},{\"@type\":\"Organization\",\"@id\":\"https:\/\/iconico.es\/en\/#organization\",\"name\":\"Dise\u00f1o Ic\u00f3nico, s.l.\",\"url\":\"https:\/\/iconico.es\/en\/\",\"logo\":{\"@type\":\"ImageObject\",\"inLanguage\":\"fr-FR\",\"@id\":\"https:\/\/iconico.es\/en\/#\/schema\/logo\/image\/\",\"url\":\"https:\/\/iconico.es\/wp-content\/uploads\/2021\/09\/cropped-iconico_Logotipo.png\",\"contentUrl\":\"https:\/\/iconico.es\/wp-content\/uploads\/2021\/09\/cropped-iconico_Logotipo.png\",\"width\":322,\"height\":80,\"caption\":\"Dise\u00f1o Ic\u00f3nico, s.l.\"},\"image\":{\"@id\":\"https:\/\/iconico.es\/en\/#\/schema\/logo\/image\/\"},\"sameAs\":[\"https:\/\/www.facebook.com\/iconicospain\",\"https:\/\/www.instagram.com\/iconico\/\",\"https:\/\/www.linkedin.com\/company\/iconico-elements-for-architecture\",\"https:\/\/www.pinterest.es\/iconico_es\/\"]}]}<\/script>\r\n<!-- \/ Yoast SEO plugin. -->","yoast_head_json":{"title":"Robinetterie - IC\u00d3NICO - Dise\u00f1os para la arquitectura","description":"Robinetterie pour vasque, robinetterie de douche, robinetterie pour baignoire, robinetterie pour cuisine, douches ext\u00e9rieures, commandes thermostatiques et corps int\u00e9gr\u00e9s.","robots":{"index":"index","follow":"follow","max-snippet":"max-snippet:-1","max-image-preview":"max-image-preview:large","max-video-preview":"max-video-preview:-1"},"canonical":"https:\/\/iconico.es\/fr\/catalogue\/robinetterie\/","og_locale":"fr_FR","og_type":"article","og_title":"Robinetterie - IC\u00d3NICO - Dise\u00f1os para la arquitectura","og_description":"Robinetterie pour vasque, robinetterie de douche, robinetterie pour baignoire, robinetterie pour cuisine, douches ext\u00e9rieures, commandes thermostatiques et corps int\u00e9gr\u00e9s.","og_url":"https:\/\/iconico.es\/fr\/catalogue\/robinetterie\/","og_site_name":"IC\u00d3NICO - Dise\u00f1os para la arquitectura","article_publisher":"https:\/\/www.facebook.com\/iconicospain","article_modified_time":"2022-09-23T10:29:00+00:00","twitter_card":"summary_large_image","twitter_misc":{"Dur\u00e9e de lecture estim\u00e9e":"2 minutes"},"schema":{"@context":"https:\/\/schema.org","@graph":[{"@type":"WebPage","@id":"https:\/\/iconico.es\/fr\/catalogue\/robinetterie\/","url":"https:\/\/iconico.es\/fr\/catalogue\/robinetterie\/","name":"Robinetterie - IC\u00d3NICO - Dise\u00f1os para la arquitectura","isPartOf":{"@id":"https:\/\/iconico.es\/en\/#website"},"datePublished":"2022-09-12T10:58:48+00:00","dateModified":"2022-09-23T10:29:00+00:00","description":"Robinetterie pour vasque, robinetterie de douche, robinetterie pour baignoire, robinetterie pour cuisine, douches ext\u00e9rieures, commandes thermostatiques et corps int\u00e9gr\u00e9s.","breadcrumb":{"@id":"https:\/\/iconico.es\/fr\/catalogue\/robinetterie\/#breadcrumb"},"inLanguage":"fr-FR","potentialAction":[{"@type":"ReadAction","target":["https:\/\/iconico.es\/fr\/catalogue\/robinetterie\/"]}]},{"@type":"BreadcrumbList","@id":"https:\/\/iconico.es\/fr\/catalogue\/robinetterie\/#breadcrumb","itemListElement":[{"@type":"ListItem","position":1,"name":"Home","item":"https:\/\/iconico.es\/fr\/"},{"@type":"ListItem","position":2,"name":"Catalogue de produits","item":"https:\/\/iconico.es\/fr\/catalogue\/"},{"@type":"ListItem","position":3,"name":"Robinetterie"}]},{"@type":"WebSite","@id":"https:\/\/iconico.es\/en\/#website","url":"https:\/\/iconico.es\/en\/","name":"IC\u00d3NICO - Dise\u00f1os para la arquitectura","description":"IC\u00d3NICO dise\u00f1a productos atemporales para la arquitectura que responden a los mismos criterios tanto en sus formas como en sus acabados, lujo y calidad.","publisher":{"@id":"https:\/\/iconico.es\/en\/#organization"},"potentialAction":[{"@type":"SearchAction","target":{"@type":"EntryPoint","urlTemplate":"https:\/\/iconico.es\/en\/?s={search_term_string}"},"query-input":"required name=search_term_string"}],"inLanguage":"fr-FR"},{"@type":"Organization","@id":"https:\/\/iconico.es\/en\/#organization","name":"Dise\u00f1o Ic\u00f3nico, s.l.","url":"https:\/\/iconico.es\/en\/","logo":{"@type":"ImageObject","inLanguage":"fr-FR","@id":"https:\/\/iconico.es\/en\/#\/schema\/logo\/image\/","url":"https:\/\/iconico.es\/wp-content\/uploads\/2021\/09\/cropped-iconico_Logotipo.png","contentUrl":"https:\/\/iconico.es\/wp-content\/uploads\/2021\/09\/cropped-iconico_Logotipo.png","width":322,"height":80,"caption":"Dise\u00f1o Ic\u00f3nico, s.l."},"image":{"@id":"https:\/\/iconico.es\/en\/#\/schema\/logo\/image\/"},"sameAs":["https:\/\/www.facebook.com\/iconicospain","https:\/\/www.instagram.com\/iconico\/","https:\/\/www.linkedin.com\/company\/iconico-elements-for-architecture","https:\/\/www.pinterest.es\/iconico_es\/"]}]}},"_links":{"self":[{"href":"https:\/\/iconico.es\/fr\/wp-json\/wp\/v2\/pages\/39207","targetHints":{"allow":["GET"]}}],"collection":[{"href":"https:\/\/iconico.es\/fr\/wp-json\/wp\/v2\/pages"}],"about":[{"href":"https:\/\/iconico.es\/fr\/wp-json\/wp\/v2\/types\/page"}],"author":[{"embeddable":true,"href":"https:\/\/iconico.es\/fr\/wp-json\/wp\/v2\/users\/12"}],"replies":[{"embeddable":true,"href":"https:\/\/iconico.es\/fr\/wp-json\/wp\/v2\/comments?post=39207"}],"version-history":[{"count":0,"href":"https:\/\/iconico.es\/fr\/wp-json\/wp\/v2\/pages\/39207\/revisions"}],"up":[{"embeddable":true,"href":"https:\/\/iconico.es\/fr\/wp-json\/wp\/v2\/pages\/39242"}],"wp:attachment":[{"href":"https:\/\/iconico.es\/fr\/wp-json\/wp\/v2\/media?parent=39207"}],"curies":[{"name":"wp","href":"https:\/\/api.w.org\/{rel}","templated":true}]}}