{"id":39231,"date":"2022-09-12T11:55:44","date_gmt":"2022-09-12T11:55:44","guid":{"rendered":"https:\/\/iconico.es\/smart-toilet-wc3\/"},"modified":"2022-10-04T14:20:54","modified_gmt":"2022-10-04T14:20:54","slug":"smart-toilet-wc3","status":"publish","type":"page","link":"https:\/\/iconico.es\/fr\/smart-toilet-wc3\/","title":{"rendered":"Smart Toilet WC3"},"content":{"rendered":"[vc_row et_column_align=\u00a0\u00bbalign-center\u00a0\u00bb][vc_column width=\u00a0\u00bb1\/4&Prime;][\/vc_column][vc_column width=\u00a0\u00bb1\/2&Prime; el_class=\u00a0\u00bbdmw\u00a0\u00bb][vc_column_text]\n<h3 style=\"text-align: center;\">Technologie intelligente pour l\u2019hygi\u00e8ne personnelle<\/h3>\n[\/vc_column_text][vc_column_text]\n<h3 style=\"text-align: center;\">La cuvette suspendue WC3 est dot\u00e9e de la technologie la plus innovante pour l\u2019hygi\u00e8ne et le nettoyage personnel. Son design en forme de U aux lignes d\u00e9licates et sophistiqu\u00e9es, son r\u00e9servoir dissimul\u00e9 int\u00e9gr\u00e9 au mur en font la solution id\u00e9ale pour ceux qui recherchent une finition hautement esth\u00e9tique.<\/h3>\n[\/vc_column_text][\/vc_column][vc_column width=\u00a0\u00bb1\/4&Prime;][\/vc_column][\/vc_row][vc_row][vc_column][vc_raw_html]PHZpZGVvIGlkPSJ2aWRlbyIgY29udHJvbHM9ImNvbnRyb2xzIiB3aWR0aD0iMTAwJSIgaGVpZ2h0PSIxMDAlIj4NCjxzb3VyY2Ugc3JjPSJodHRwczovL2ljb25pY28uZXMvd3AtY29udGVudC91cGxvYWRzL0lDT05JQ09fU21hcnRfdG9pbGV0X0lub2Rvcm9faW50ZWxpZ2VudGVfV0MzX0VTLm1wNCIgdHlwZT0idmlkZW8vbXA0IiAvPg0KPC92aWRlbz4NCjxzY3JpcHQ+DQoJaHRtbF92aWRlbyA9IGRvY3VtZW50LmdldEVsZW1lbnRCeUlkKCJ2aWRlbyIpOw0KCWh0bWxfdmlkZW8uY3VycmVudFRpbWUgPSAyOw0KPC9zY3JpcHQ+[\/vc_raw_html][\/vc_column][\/vc_row][vc_row][vc_column][vc_btn title=\u00a0\u00bbVOIR PRODUIT\u00a0\u00bb style=\u00a0\u00bboutline-custom\u00a0\u00bb outline_custom_color=\u00a0\u00bb#666666&Prime; outline_custom_hover_background=\u00a0\u00bb#666666&Prime; outline_custom_hover_text=\u00a0\u00bb#ffffff\u00a0\u00bb shape=\u00a0\u00bbsquare\u00a0\u00bb align=\u00a0\u00bbcenter\u00a0\u00bb link=\u00a0\u00bburl:http%3A%2F%2Ficonico.es%2Ffr%2Fproduit%2Fwc3%2F\u00a0\u00bb][\/vc_column][\/vc_row][vc_row css=\u00a0\u00bb.vc_custom_1657785134084{margin-top: 4% !important;}\u00a0\u00bb][vc_column css=\u00a0\u00bb.vc_custom_1657785395369{margin-bottom: 2% !important;}\u00a0\u00bb offset=\u00a0\u00bbvc_hidden-xs\u00a0\u00bb][vc_column_text css=\u00a0\u00bb.vc_custom_1642520712523{margin-bottom: 2% !important;}\u00a0\u00bb]\n<h2><strong>CUVETTE INTELLIGENTE AVEC R\u00c9SERVOIR INT\u00c9GR\u00c9<\/strong><\/h2>\n[\/vc_column_text]\t<div id=\"et-hovercard-69d530c7b4ba8\" class=\" et-hovercard \">\n\t\t\t\t<div class=\"et-hovercard-front et-hovercard-side\">\n\t\t\t<div class=\"et-hovercard-inner\">\n\t\t\t\t<h3 class=\"et-pricing-head\"><\/h3>\n\t\t\t<\/div>\n\t\t<\/div>\n\t\t<div class=\"et-hovercard-back et-hovercard-side\">\n\t\t\t<div class=\"et-hovercard-inner\">\n\t\t\t\t<figure class=\"et-pricing-icon\">\n\t\t\t\t\t\t\t\t\t\t<span class=\"\"><\/span>\n\t\t\t\t\t\t\t\t\t<\/figure>\n\t\t\t\t<h3 class=\"et-pricing-head\"><\/h3>\n\t\t\t\t<div class=\"et-pricing-content\"><\/div>\n\t\t\t<\/div>\n\t\t<\/div>\n\t\t\n\t<\/div>\n\t[vc_column_text css=\u00a0\u00bb.vc_custom_1662552860128{margin-top: 10% !important;margin-bottom: 5% !important;}\u00a0\u00bb]\n<h2>FONCTIONS DE TOILETTE<\/h2>\n[\/vc_column_text][vc_single_image image=\u00a0\u00bb39022&Prime; img_size=\u00a0\u00bbfull\u00a0\u00bb css=\u00a0\u00bb.vc_custom_1662552675988{margin-top: -4% !important;margin-bottom: 5% !important;border-top-width: -4% !important;padding-top: -4% !important;}\u00a0\u00bb][\/vc_column][\/vc_row][vc_row][vc_column css=\u00a0\u00bb.vc_custom_1662549917378{margin-bottom: 2% !important;}\u00a0\u00bb offset=\u00a0\u00bbvc_hidden-lg vc_hidden-md vc_hidden-sm\u00a0\u00bb][vc_column_text css=\u00a0\u00bb.vc_custom_1662552565522{margin-bottom: 5% !important;}\u00a0\u00bb]\n<h2><strong>CUVETTE INTELLIGENTE AVEC R\u00c9SERVOIR INT\u00c9GR\u00c9<\/strong><\/h2>\n[\/vc_column_text]\t<div id=\"et-hovercard-69d530c7b5af2\" class=\" et-hovercard \">\n\t\t\t\t<div class=\"et-hovercard-front et-hovercard-side\">\n\t\t\t<div class=\"et-hovercard-inner\">\n\t\t\t\t<h3 class=\"et-pricing-head\"><\/h3>\n\t\t\t<\/div>\n\t\t<\/div>\n\t\t<div class=\"et-hovercard-back et-hovercard-side\">\n\t\t\t<div class=\"et-hovercard-inner\">\n\t\t\t\t<figure class=\"et-pricing-icon\">\n\t\t\t\t\t\t\t\t\t\t<span class=\"\"><\/span>\n\t\t\t\t\t\t\t\t\t<\/figure>\n\t\t\t\t<h3 class=\"et-pricing-head\"><\/h3>\n\t\t\t\t<div class=\"et-pricing-content\"><\/div>\n\t\t\t<\/div>\n\t\t<\/div>\n\t\t\n\t<\/div>\n\t[vc_column_text css=\u00a0\u00bb.vc_custom_1662552526181{margin-top: 10% !important;}\u00a0\u00bb]\n<h2>FONCTIONS DE TOILETTE<\/h2>\n[\/vc_column_text][vc_single_image image=\u00a0\u00bb39025&Prime; img_size=\u00a0\u00bbfull\u00a0\u00bb css=\u00a0\u00bb.vc_custom_1662552316898{margin-bottom: 2% !important;}\u00a0\u00bb][\/vc_column][\/vc_row][vc_row css=\u00a0\u00bb.vc_custom_1662550284640{margin-bottom: 4% !important;}\u00a0\u00bb][vc_column width=\u00a0\u00bb1\/4&Prime; css=\u00a0\u00bb.vc_custom_1644420763346{margin-top: -30px !important;}\u00a0\u00bb][\/vc_column][vc_column width=\u00a0\u00bb1\/2&Prime;][vc_column_text]\n<h3 style=\"text-align: center;\">La cuvette WC3 est compatible avec toute alimentation \u00e9lectrique conventionnelle.<br \/>\nIl suffit d\u2019une entr\u00e9e d\u2019eau conventionnelle qui ira ensuite jusqu\u2019au r\u00e9servoir.<\/h3>\n[\/vc_column_text][\/vc_column][vc_column width=\u00a0\u00bb1\/4&Prime;][\/vc_column][\/vc_row][vc_row css=\u00a0\u00bb.vc_custom_1642520704904{margin-top: 2% !important;}\u00a0\u00bb][vc_column][vc_column_text css=\u00a0\u00bb.vc_custom_1642526098630{margin-bottom: 2% !important;}\u00a0\u00bb]\n<h2 class=\"title style-scope ytd-video-primary-info-renderer\">INSTALLATION<\/h2>\n[\/vc_column_text][vc_raw_html]PHZpZGVvIGlkPSJ2aWRlbzIiIHdpZHRoPSIxMDAlIiBoZWlnaHQ9IjEwMCUiIGNvbnRyb2xzIHBsYXkgPg0KICA8c291cmNlIHNyYz0iaHR0cHM6Ly9pY29uaWNvLmVzL3dwLWNvbnRlbnQvdXBsb2Fkcy9XQzNfU21hcnRfVG9pbGV0X01hbnVhbF9JbnN0YWxhY2lvbl9JQ09OSUNPX0VTMjEubXA0IiB0eXBlPSJ2aWRlby9tcDQiPg0KPC92aWRlbz4NCjxzY3JpcHQ+DQoJaHRtbF92aWRlbyA9IGRvY3VtZW50LmdldEVsZW1lbnRCeUlkKCJ2aWRlbzIiKTsNCglodG1sX3ZpZGVvLmN1cnJlbnRUaW1lID0gMjsNCjwvc2NyaXB0Pg0KDQo=[\/vc_raw_html][\/vc_column][\/vc_row][vc_row][vc_column css=\u00a0\u00bb.vc_custom_1662624949604{padding-top: 40px !important;}\u00a0\u00bb offset=\u00a0\u00bbvc_hidden-xs\u00a0\u00bb][vc_column_text]\n<h3 style=\"text-align: center;\">Inspiration<\/h3>\n[\/vc_column_text][\/vc_column][\/vc_row][vc_row][vc_column width=\u00a0\u00bb1\/2&Prime; css=\u00a0\u00bb.vc_custom_1662624957085{padding-bottom: 15px !important;}\u00a0\u00bb offset=\u00a0\u00bbvc_hidden-xs\u00a0\u00bb]\t<div id=\"et-hovercard-69d530c7b5ee3\" class=\" et-hovercard \">\n\t\t<a class=\"et-hovercard-link\" href=\"https:\/\/iconico.es\/wp-content\/uploads\/A-LP22-27_LC1M-28_Sifon-27_MN045-27_WC3_DI1-27_B3-28_A-BE28-27_iconico-scaled.jpg\" target=\"_self\">\t\t<div class=\"et-hovercard-front et-hovercard-side\">\n\t\t\t<div class=\"et-hovercard-inner\">\n\t\t\t\t<h3 class=\"et-pricing-head\"><\/h3>\n\t\t\t<\/div>\n\t\t<\/div>\n\t\t<div class=\"et-hovercard-back et-hovercard-side\">\n\t\t\t<div class=\"et-hovercard-inner\">\n\t\t\t\t<figure class=\"et-pricing-icon\">\n\t\t\t\t\t\t\t\t\t\t<span class=\"\"><\/span>\n\t\t\t\t\t\t\t\t\t<\/figure>\n\t\t\t\t<h3 class=\"et-pricing-head\"><\/h3>\n\t\t\t\t<div class=\"et-pricing-content\"><\/div>\n\t\t\t<\/div>\n\t\t<\/div>\n\t\t<\/a>\n\t<\/div>\n\t[\/vc_column][vc_column width=\u00a0\u00bb1\/2&Prime; css=\u00a0\u00bb.vc_custom_1662624963096{padding-bottom: 15px !important;}\u00a0\u00bb offset=\u00a0\u00bbvc_hidden-xs\u00a0\u00bb]\t<div id=\"et-hovercard-69d530c7b7146\" class=\" et-hovercard \">\n\t\t<a class=\"et-hovercard-link\" href=\"https:\/\/iconico.es\/wp-content\/uploads\/WC3_PWC_Smart_Toilet_Inodoro_inteligente_Pulsador_inspiracion_ICONICO_2.jpg\" target=\"_self\">\t\t<div class=\"et-hovercard-front et-hovercard-side\">\n\t\t\t<div class=\"et-hovercard-inner\">\n\t\t\t\t<h3 class=\"et-pricing-head\"><\/h3>\n\t\t\t<\/div>\n\t\t<\/div>\n\t\t<div class=\"et-hovercard-back et-hovercard-side\">\n\t\t\t<div class=\"et-hovercard-inner\">\n\t\t\t\t<figure class=\"et-pricing-icon\">\n\t\t\t\t\t\t\t\t\t\t<span class=\"\"><\/span>\n\t\t\t\t\t\t\t\t\t<\/figure>\n\t\t\t\t<h3 class=\"et-pricing-head\"><\/h3>\n\t\t\t\t<div class=\"et-pricing-content\"><\/div>\n\t\t\t<\/div>\n\t\t<\/div>\n\t\t<\/a>\n\t<\/div>\n\t[\/vc_column][\/vc_row][vc_row][vc_column width=\u00a0\u00bb1\/2&Prime; offset=\u00a0\u00bbvc_hidden-xs\u00a0\u00bb]\t<div id=\"et-hovercard-69d530c7b7efc\" class=\" et-hovercard \">\n\t\t<a class=\"et-hovercard-link\" href=\"https:\/\/iconico.es\/wp-content\/uploads\/WC3_PWC_Smart_Toilet_Inodoro_inteligente_Pulsador_inspiracion_ICONICO.jpg\" target=\"_self\">\t\t<div class=\"et-hovercard-front et-hovercard-side\">\n\t\t\t<div class=\"et-hovercard-inner\">\n\t\t\t\t<h3 class=\"et-pricing-head\"><\/h3>\n\t\t\t<\/div>\n\t\t<\/div>\n\t\t<div class=\"et-hovercard-back et-hovercard-side\">\n\t\t\t<div class=\"et-hovercard-inner\">\n\t\t\t\t<figure class=\"et-pricing-icon\">\n\t\t\t\t\t\t\t\t\t\t<span class=\"\"><\/span>\n\t\t\t\t\t\t\t\t\t<\/figure>\n\t\t\t\t<h3 class=\"et-pricing-head\"><\/h3>\n\t\t\t\t<div class=\"et-pricing-content\"><\/div>\n\t\t\t<\/div>\n\t\t<\/div>\n\t\t<\/a>\n\t<\/div>\n\t[\/vc_column][vc_column width=\u00a0\u00bb1\/2&Prime; offset=\u00a0\u00bbvc_hidden-xs\u00a0\u00bb]\t<div id=\"et-hovercard-69d530c7b98b4\" class=\" et-hovercard \">\n\t\t<a class=\"et-hovercard-link\" href=\"https:\/\/iconico.es\/wp-content\/uploads\/WC3_Smart_Toilet_Inodoro_inteligente_inspiracion2_ICONICO.jpg\" target=\"_self\">\t\t<div class=\"et-hovercard-front et-hovercard-side\">\n\t\t\t<div class=\"et-hovercard-inner\">\n\t\t\t\t<h3 class=\"et-pricing-head\"><\/h3>\n\t\t\t<\/div>\n\t\t<\/div>\n\t\t<div class=\"et-hovercard-back et-hovercard-side\">\n\t\t\t<div class=\"et-hovercard-inner\">\n\t\t\t\t<figure class=\"et-pricing-icon\">\n\t\t\t\t\t\t\t\t\t\t<span class=\"\"><\/span>\n\t\t\t\t\t\t\t\t\t<\/figure>\n\t\t\t\t<h3 class=\"et-pricing-head\"><\/h3>\n\t\t\t\t<div class=\"et-pricing-content\"><\/div>\n\t\t\t<\/div>\n\t\t<\/div>\n\t\t<\/a>\n\t<\/div>\n\t[\/vc_column][\/vc_row][vc_row][vc_column][vc_empty_space height=\u00a0\u00bb55&Prime;][\/vc_column][\/vc_row][vc_row][vc_column offset=\u00a0\u00bbvc_hidden-lg vc_hidden-md vc_hidden-sm\u00a0\u00bb][vc_column_text]\n<h3 style=\"text-align: center;\">Inspiration<\/h3>\n[\/vc_column_text][vc_images_carousel images=\u00a0\u00bb24038,39054,28252,39074&Prime; img_size=\u00a0\u00bbfull\u00a0\u00bb autoplay=\u00a0\u00bbyes\u00a0\u00bb hide_pagination_control=\u00a0\u00bbyes\u00a0\u00bb][\/vc_column][\/vc_row][vc_row][vc_column css=\u00a0\u00bb.vc_custom_1663841020140{margin-bottom: 45px !important;}\u00a0\u00bb][vc_btn title=\u00a0\u00bbVOIR PRODUIT\u00a0\u00bb style=\u00a0\u00bboutline-custom\u00a0\u00bb outline_custom_color=\u00a0\u00bb#666666&Prime; outline_custom_hover_background=\u00a0\u00bb#666666&Prime; outline_custom_hover_text=\u00a0\u00bb#ffffff\u00a0\u00bb shape=\u00a0\u00bbsquare\u00a0\u00bb align=\u00a0\u00bbcenter\u00a0\u00bb link=\u00a0\u00bburl:http%3A%2F%2Ficonico.es%2Ffr%2Fproduit%2Fwc3%2F\u00a0\u00bb][\/vc_column][\/vc_row]\n","protected":false},"excerpt":{"rendered":"<p>[vc_row et_column_align=\u00a0\u00bbalign-center\u00a0\u00bb][vc_column width=\u00a0\u00bb1\/4&Prime;][\/vc_column][vc_column width=\u00a0\u00bb1\/2&Prime; el_class=\u00a0\u00bbdmw\u00a0\u00bb][vc_column_text] Technologie intelligente pour l\u2019hygi\u00e8ne personnelle [\/vc_column_text][vc_column_text] La cuvette suspendue WC3 est dot\u00e9e de la technologie la plus innovante pour l\u2019hygi\u00e8ne et le nettoyage personnel. Son design en forme de U aux lignes d\u00e9licates et sophistiqu\u00e9es, son r\u00e9servoir dissimul\u00e9 int\u00e9gr\u00e9 au mur en font la solution&hellip;<\/p>\n","protected":false},"author":12,"featured_media":0,"parent":0,"menu_order":0,"comment_status":"closed","ping_status":"closed","template":"","meta":{"_acf_changed":false,"footnotes":""},"class_list":["post-39231","page","type-page","status-publish","hentry"],"acf":[],"yoast_head":"<!-- This site is optimized with the Yoast SEO plugin v22.6 - https:\/\/yoast.com\/wordpress\/plugins\/seo\/ -->\r\n<title>Smart Toilet WC3 - IC\u00d3NICO - Dise\u00f1os para la arquitectura<\/title>\r\n<meta name=\"description\" content=\"Toilette murale intelligente avec r\u00e9servoir de chasse cach\u00e9. Technologie intelligente pour les soins d&#039;hygi\u00e8ne personnelle.\" \/>\r\n<meta name=\"robots\" content=\"index, follow, max-snippet:-1, max-image-preview:large, max-video-preview:-1\" \/>\r\n<link rel=\"canonical\" href=\"https:\/\/iconico.es\/fr\/smart-toilet-wc3\/\" \/>\r\n<meta property=\"og:locale\" content=\"fr_FR\" \/>\r\n<meta property=\"og:type\" content=\"article\" \/>\r\n<meta property=\"og:title\" content=\"Smart Toilet WC3 - IC\u00d3NICO - Dise\u00f1os para la arquitectura\" \/>\r\n<meta property=\"og:description\" content=\"Toilette murale intelligente avec r\u00e9servoir de chasse cach\u00e9. Technologie intelligente pour les soins d&#039;hygi\u00e8ne personnelle.\" \/>\r\n<meta property=\"og:url\" content=\"https:\/\/iconico.es\/fr\/smart-toilet-wc3\/\" \/>\r\n<meta property=\"og:site_name\" content=\"IC\u00d3NICO - Dise\u00f1os para la arquitectura\" \/>\r\n<meta property=\"article:publisher\" content=\"https:\/\/www.facebook.com\/iconicospain\" \/>\r\n<meta property=\"article:modified_time\" content=\"2022-10-04T14:20:54+00:00\" \/>\r\n<meta name=\"twitter:card\" content=\"summary_large_image\" \/>\r\n<meta name=\"twitter:label1\" content=\"Dur\u00e9e de lecture estim\u00e9e\" \/>\n\t<meta name=\"twitter:data1\" content=\"4 minutes\" \/>\r\n<script type=\"application\/ld+json\" class=\"yoast-schema-graph\">{\"@context\":\"https:\/\/schema.org\",\"@graph\":[{\"@type\":\"WebPage\",\"@id\":\"https:\/\/iconico.es\/fr\/smart-toilet-wc3\/\",\"url\":\"https:\/\/iconico.es\/fr\/smart-toilet-wc3\/\",\"name\":\"Smart Toilet WC3 - IC\u00d3NICO - Dise\u00f1os para la arquitectura\",\"isPartOf\":{\"@id\":\"https:\/\/iconico.es\/en\/#website\"},\"datePublished\":\"2022-09-12T11:55:44+00:00\",\"dateModified\":\"2022-10-04T14:20:54+00:00\",\"description\":\"Toilette murale intelligente avec r\u00e9servoir de chasse cach\u00e9. Technologie intelligente pour les soins d'hygi\u00e8ne personnelle.\",\"breadcrumb\":{\"@id\":\"https:\/\/iconico.es\/fr\/smart-toilet-wc3\/#breadcrumb\"},\"inLanguage\":\"fr-FR\",\"potentialAction\":[{\"@type\":\"ReadAction\",\"target\":[\"https:\/\/iconico.es\/fr\/smart-toilet-wc3\/\"]}]},{\"@type\":\"BreadcrumbList\",\"@id\":\"https:\/\/iconico.es\/fr\/smart-toilet-wc3\/#breadcrumb\",\"itemListElement\":[{\"@type\":\"ListItem\",\"position\":1,\"name\":\"Home\",\"item\":\"https:\/\/iconico.es\/fr\/\"},{\"@type\":\"ListItem\",\"position\":2,\"name\":\"Smart Toilet WC3\"}]},{\"@type\":\"WebSite\",\"@id\":\"https:\/\/iconico.es\/en\/#website\",\"url\":\"https:\/\/iconico.es\/en\/\",\"name\":\"IC\u00d3NICO - Dise\u00f1os para la arquitectura\",\"description\":\"IC\u00d3NICO dise\u00f1a productos atemporales para la arquitectura que responden a los mismos criterios tanto en sus formas como en sus acabados, lujo y calidad.\",\"publisher\":{\"@id\":\"https:\/\/iconico.es\/en\/#organization\"},\"potentialAction\":[{\"@type\":\"SearchAction\",\"target\":{\"@type\":\"EntryPoint\",\"urlTemplate\":\"https:\/\/iconico.es\/en\/?s={search_term_string}\"},\"query-input\":\"required name=search_term_string\"}],\"inLanguage\":\"fr-FR\"},{\"@type\":\"Organization\",\"@id\":\"https:\/\/iconico.es\/en\/#organization\",\"name\":\"Dise\u00f1o Ic\u00f3nico, s.l.\",\"url\":\"https:\/\/iconico.es\/en\/\",\"logo\":{\"@type\":\"ImageObject\",\"inLanguage\":\"fr-FR\",\"@id\":\"https:\/\/iconico.es\/en\/#\/schema\/logo\/image\/\",\"url\":\"https:\/\/iconico.es\/wp-content\/uploads\/2021\/09\/cropped-iconico_Logotipo.png\",\"contentUrl\":\"https:\/\/iconico.es\/wp-content\/uploads\/2021\/09\/cropped-iconico_Logotipo.png\",\"width\":322,\"height\":80,\"caption\":\"Dise\u00f1o Ic\u00f3nico, s.l.\"},\"image\":{\"@id\":\"https:\/\/iconico.es\/en\/#\/schema\/logo\/image\/\"},\"sameAs\":[\"https:\/\/www.facebook.com\/iconicospain\",\"https:\/\/www.instagram.com\/iconico\/\",\"https:\/\/www.linkedin.com\/company\/iconico-elements-for-architecture\",\"https:\/\/www.pinterest.es\/iconico_es\/\"]}]}<\/script>\r\n<!-- \/ Yoast SEO plugin. -->","yoast_head_json":{"title":"Smart Toilet WC3 - IC\u00d3NICO - Dise\u00f1os para la arquitectura","description":"Toilette murale intelligente avec r\u00e9servoir de chasse cach\u00e9. Technologie intelligente pour les soins d'hygi\u00e8ne personnelle.","robots":{"index":"index","follow":"follow","max-snippet":"max-snippet:-1","max-image-preview":"max-image-preview:large","max-video-preview":"max-video-preview:-1"},"canonical":"https:\/\/iconico.es\/fr\/smart-toilet-wc3\/","og_locale":"fr_FR","og_type":"article","og_title":"Smart Toilet WC3 - IC\u00d3NICO - Dise\u00f1os para la arquitectura","og_description":"Toilette murale intelligente avec r\u00e9servoir de chasse cach\u00e9. Technologie intelligente pour les soins d'hygi\u00e8ne personnelle.","og_url":"https:\/\/iconico.es\/fr\/smart-toilet-wc3\/","og_site_name":"IC\u00d3NICO - Dise\u00f1os para la arquitectura","article_publisher":"https:\/\/www.facebook.com\/iconicospain","article_modified_time":"2022-10-04T14:20:54+00:00","twitter_card":"summary_large_image","twitter_misc":{"Dur\u00e9e de lecture estim\u00e9e":"4 minutes"},"schema":{"@context":"https:\/\/schema.org","@graph":[{"@type":"WebPage","@id":"https:\/\/iconico.es\/fr\/smart-toilet-wc3\/","url":"https:\/\/iconico.es\/fr\/smart-toilet-wc3\/","name":"Smart Toilet WC3 - IC\u00d3NICO - Dise\u00f1os para la arquitectura","isPartOf":{"@id":"https:\/\/iconico.es\/en\/#website"},"datePublished":"2022-09-12T11:55:44+00:00","dateModified":"2022-10-04T14:20:54+00:00","description":"Toilette murale intelligente avec r\u00e9servoir de chasse cach\u00e9. Technologie intelligente pour les soins d'hygi\u00e8ne personnelle.","breadcrumb":{"@id":"https:\/\/iconico.es\/fr\/smart-toilet-wc3\/#breadcrumb"},"inLanguage":"fr-FR","potentialAction":[{"@type":"ReadAction","target":["https:\/\/iconico.es\/fr\/smart-toilet-wc3\/"]}]},{"@type":"BreadcrumbList","@id":"https:\/\/iconico.es\/fr\/smart-toilet-wc3\/#breadcrumb","itemListElement":[{"@type":"ListItem","position":1,"name":"Home","item":"https:\/\/iconico.es\/fr\/"},{"@type":"ListItem","position":2,"name":"Smart Toilet WC3"}]},{"@type":"WebSite","@id":"https:\/\/iconico.es\/en\/#website","url":"https:\/\/iconico.es\/en\/","name":"IC\u00d3NICO - Dise\u00f1os para la arquitectura","description":"IC\u00d3NICO dise\u00f1a productos atemporales para la arquitectura que responden a los mismos criterios tanto en sus formas como en sus acabados, lujo y calidad.","publisher":{"@id":"https:\/\/iconico.es\/en\/#organization"},"potentialAction":[{"@type":"SearchAction","target":{"@type":"EntryPoint","urlTemplate":"https:\/\/iconico.es\/en\/?s={search_term_string}"},"query-input":"required name=search_term_string"}],"inLanguage":"fr-FR"},{"@type":"Organization","@id":"https:\/\/iconico.es\/en\/#organization","name":"Dise\u00f1o Ic\u00f3nico, s.l.","url":"https:\/\/iconico.es\/en\/","logo":{"@type":"ImageObject","inLanguage":"fr-FR","@id":"https:\/\/iconico.es\/en\/#\/schema\/logo\/image\/","url":"https:\/\/iconico.es\/wp-content\/uploads\/2021\/09\/cropped-iconico_Logotipo.png","contentUrl":"https:\/\/iconico.es\/wp-content\/uploads\/2021\/09\/cropped-iconico_Logotipo.png","width":322,"height":80,"caption":"Dise\u00f1o Ic\u00f3nico, s.l."},"image":{"@id":"https:\/\/iconico.es\/en\/#\/schema\/logo\/image\/"},"sameAs":["https:\/\/www.facebook.com\/iconicospain","https:\/\/www.instagram.com\/iconico\/","https:\/\/www.linkedin.com\/company\/iconico-elements-for-architecture","https:\/\/www.pinterest.es\/iconico_es\/"]}]}},"_links":{"self":[{"href":"https:\/\/iconico.es\/fr\/wp-json\/wp\/v2\/pages\/39231","targetHints":{"allow":["GET"]}}],"collection":[{"href":"https:\/\/iconico.es\/fr\/wp-json\/wp\/v2\/pages"}],"about":[{"href":"https:\/\/iconico.es\/fr\/wp-json\/wp\/v2\/types\/page"}],"author":[{"embeddable":true,"href":"https:\/\/iconico.es\/fr\/wp-json\/wp\/v2\/users\/12"}],"replies":[{"embeddable":true,"href":"https:\/\/iconico.es\/fr\/wp-json\/wp\/v2\/comments?post=39231"}],"version-history":[{"count":0,"href":"https:\/\/iconico.es\/fr\/wp-json\/wp\/v2\/pages\/39231\/revisions"}],"wp:attachment":[{"href":"https:\/\/iconico.es\/fr\/wp-json\/wp\/v2\/media?parent=39231"}],"curies":[{"name":"wp","href":"https:\/\/api.w.org\/{rel}","templated":true}]}}