{"id":39242,"date":"2022-09-12T12:50:01","date_gmt":"2022-09-12T12:50:01","guid":{"rendered":"https:\/\/iconico.es\/catalogue-de-produits\/"},"modified":"2022-09-21T11:08:46","modified_gmt":"2022-09-21T11:08:46","slug":"catalogue","status":"publish","type":"page","link":"https:\/\/iconico.es\/fr\/catalogue\/","title":{"rendered":"Catalogue de produits"},"content":{"rendered":"[vc_row css=\u00a0\u00bb.vc_custom_1633515779081{margin-top: 3% !important;}\u00a0\u00bb][vc_column width=\u00a0\u00bb1\/4&Prime;][\/vc_column][vc_column width=\u00a0\u00bb1\/2&Prime;][vc_column_text]\n<h3 style=\"text-align: center;\">Nos produits se diff\u00e9rencient par leurs formes \u00e9pur\u00e9es et intemporelles, recherchant l\u2019\u00e9quilibre entre la coh\u00e9rence esth\u00e9tique, de forme et fonctionnelle afin que tous les \u00e9l\u00e9ments de chaque projet cohabitent en harmonie.<\/h3>\n<h3 style=\"text-align: center;\">Chrome, noir mat, blanc mat, cuivre bross\u00e9, or brillant ou or bross\u00e9, crude ou nickel bross\u00e9 sont quelques-unes des finitions disponibles dans notre catalogue.<\/h3>\n[\/vc_column_text][\/vc_column][vc_column width=\u00a0\u00bb1\/4&Prime;][\/vc_column][\/vc_row][vc_row et_column_align=\u00a0\u00bbalign-center\u00a0\u00bb][vc_column][vc_row_inner][vc_column_inner width=\u00a0\u00bb1\/3&Prime;]\t<div id=\"et-hovercard-69e34e7221d13\" class=\" et-hovercard \">\n\t\t<a class=\"et-hovercard-link\" href=\"https:\/\/iconico.es\/fr\/catalogue\/robinetterie\/\" target=\"_self\">\t\t<div class=\"et-hovercard-front et-hovercard-side\">\n\t\t\t<div class=\"et-hovercard-inner\">\n\t\t\t\t<h3 class=\"et-pricing-head\">ROBINETTERIE<\/h3>\n\t\t\t<\/div>\n\t\t<\/div>\n\t\t<div class=\"et-hovercard-back et-hovercard-side\">\n\t\t\t<div class=\"et-hovercard-inner\">\n\t\t\t\t<figure class=\"et-pricing-icon\">\n\t\t\t\t\t\t\t\t\t\t<span class=\"\"><\/span>\n\t\t\t\t\t\t\t\t\t<\/figure>\n\t\t\t\t<h3 class=\"et-pricing-head\">ROBINETTERIE<\/h3>\n\t\t\t\t<div class=\"et-pricing-content\"><\/div>\n\t\t\t<\/div>\n\t\t<\/div>\n\t\t<\/a>\n\t<\/div>\n\t[\/vc_column_inner][vc_column_inner width=\u00a0\u00bb1\/3&Prime;]\t<div id=\"et-hovercard-69e34e7222c48\" class=\" et-hovercard \">\n\t\t<a class=\"et-hovercard-link\" href=\"https:\/\/iconico.es\/fr\/catalogue\/hands-free\/\" target=\"_self\">\t\t<div class=\"et-hovercard-front et-hovercard-side\">\n\t\t\t<div class=\"et-hovercard-inner\">\n\t\t\t\t<h3 class=\"et-pricing-head\">HANDS FREE<\/h3>\n\t\t\t<\/div>\n\t\t<\/div>\n\t\t<div class=\"et-hovercard-back et-hovercard-side\">\n\t\t\t<div class=\"et-hovercard-inner\">\n\t\t\t\t<figure class=\"et-pricing-icon\">\n\t\t\t\t\t\t\t\t\t\t<span class=\"\"><\/span>\n\t\t\t\t\t\t\t\t\t<\/figure>\n\t\t\t\t<h3 class=\"et-pricing-head\">HANDS FREE<\/h3>\n\t\t\t\t<div class=\"et-pricing-content\"><\/div>\n\t\t\t<\/div>\n\t\t<\/div>\n\t\t<\/a>\n\t<\/div>\n\t[\/vc_column_inner][vc_column_inner width=\u00a0\u00bb1\/3&Prime;]\t<div id=\"et-hovercard-69e34e722376d\" class=\" et-hovercard \">\n\t\t<a class=\"et-hovercard-link\" href=\"https:\/\/iconico.es\/fr\/catalogue-de-produits\/accessoires-pour-salle-de-bain\/\" target=\"_self\">\t\t<div class=\"et-hovercard-front et-hovercard-side\">\n\t\t\t<div class=\"et-hovercard-inner\">\n\t\t\t\t<h3 class=\"et-pricing-head\">ACCESSOIRES POUR SALLE DE BAIN<\/h3>\n\t\t\t<\/div>\n\t\t<\/div>\n\t\t<div class=\"et-hovercard-back et-hovercard-side\">\n\t\t\t<div class=\"et-hovercard-inner\">\n\t\t\t\t<figure class=\"et-pricing-icon\">\n\t\t\t\t\t\t\t\t\t\t<span class=\"\"><\/span>\n\t\t\t\t\t\t\t\t\t<\/figure>\n\t\t\t\t<h3 class=\"et-pricing-head\">ACCESSOIRES POUR SALLE DE BAIN<\/h3>\n\t\t\t\t<div class=\"et-pricing-content\"><\/div>\n\t\t\t<\/div>\n\t\t<\/div>\n\t\t<\/a>\n\t<\/div>\n\t[\/vc_column_inner][\/vc_row_inner][vc_row_inner css=\u00a0\u00bb.vc_custom_1639132914306{margin-top: 1rem !important;}\u00a0\u00bb][vc_column_inner width=\u00a0\u00bb1\/3&Prime;]\t<div id=\"et-hovercard-69e34e7224133\" class=\" et-hovercard \">\n\t\t<a class=\"et-hovercard-link\" href=\"https:\/\/iconico.es\/fr\/catalogue-de-produits\/sanitaires\/\" target=\"_self\">\t\t<div class=\"et-hovercard-front et-hovercard-side\">\n\t\t\t<div class=\"et-hovercard-inner\">\n\t\t\t\t<h3 class=\"et-pricing-head\">SANITAIRES<\/h3>\n\t\t\t<\/div>\n\t\t<\/div>\n\t\t<div class=\"et-hovercard-back et-hovercard-side\">\n\t\t\t<div class=\"et-hovercard-inner\">\n\t\t\t\t<figure class=\"et-pricing-icon\">\n\t\t\t\t\t\t\t\t\t\t<span class=\"\"><\/span>\n\t\t\t\t\t\t\t\t\t<\/figure>\n\t\t\t\t<h3 class=\"et-pricing-head\">SANITAIRES<\/h3>\n\t\t\t\t<div class=\"et-pricing-content\"><\/div>\n\t\t\t<\/div>\n\t\t<\/div>\n\t\t<\/a>\n\t<\/div>\n\t[\/vc_column_inner][vc_column_inner width=\u00a0\u00bb1\/3&Prime;]\t<div id=\"et-hovercard-69e34e7224a43\" class=\" et-hovercard \">\n\t\t<a class=\"et-hovercard-link\" href=\"https:\/\/iconico.es\/fr\/smart-toilet-wc3\/\" target=\"_self\">\t\t<div class=\"et-hovercard-front et-hovercard-side\">\n\t\t\t<div class=\"et-hovercard-inner\">\n\t\t\t\t<h3 class=\"et-pricing-head\">SMART WC<\/h3>\n\t\t\t<\/div>\n\t\t<\/div>\n\t\t<div class=\"et-hovercard-back et-hovercard-side\">\n\t\t\t<div class=\"et-hovercard-inner\">\n\t\t\t\t<figure class=\"et-pricing-icon\">\n\t\t\t\t\t\t\t\t\t\t<span class=\"\"><\/span>\n\t\t\t\t\t\t\t\t\t<\/figure>\n\t\t\t\t<h3 class=\"et-pricing-head\">SMART WC<\/h3>\n\t\t\t\t<div class=\"et-pricing-content\"><\/div>\n\t\t\t<\/div>\n\t\t<\/div>\n\t\t<\/a>\n\t<\/div>\n\t[\/vc_column_inner][vc_column_inner width=\u00a0\u00bb1\/3&Prime;]\t<div id=\"et-hovercard-69e34e72253b8\" class=\" et-hovercard \">\n\t\t<a class=\"et-hovercard-link\" href=\"https:\/\/iconico.es\/fr\/catalogue\/caniveaux-de-douche\/\" target=\"_self\">\t\t<div class=\"et-hovercard-front et-hovercard-side\">\n\t\t\t<div class=\"et-hovercard-inner\">\n\t\t\t\t<h3 class=\"et-pricing-head\">CANIVEAUX<\/h3>\n\t\t\t<\/div>\n\t\t<\/div>\n\t\t<div class=\"et-hovercard-back et-hovercard-side\">\n\t\t\t<div class=\"et-hovercard-inner\">\n\t\t\t\t<figure class=\"et-pricing-icon\">\n\t\t\t\t\t\t\t\t\t\t<span class=\"\"><\/span>\n\t\t\t\t\t\t\t\t\t<\/figure>\n\t\t\t\t<h3 class=\"et-pricing-head\">CANIVEAUX<\/h3>\n\t\t\t\t<div class=\"et-pricing-content\"><\/div>\n\t\t\t<\/div>\n\t\t<\/div>\n\t\t<\/a>\n\t<\/div>\n\t[\/vc_column_inner][\/vc_row_inner][vc_row_inner css=\u00a0\u00bb.vc_custom_1639132923507{margin-top: 1rem !important;}\u00a0\u00bb][vc_column_inner width=\u00a0\u00bb1\/3&Prime;]\t<div id=\"et-hovercard-69e34e7225c3d\" class=\" et-hovercard \">\n\t\t<a class=\"et-hovercard-link\" href=\"https:\/\/iconico.es\/fr\/catalogue-de-produits\/ceramique-custom\/\" target=\"_self\">\t\t<div class=\"et-hovercard-front et-hovercard-side\">\n\t\t\t<div class=\"et-hovercard-inner\">\n\t\t\t\t<h3 class=\"et-pricing-head\">C\u00c9RAMIQUE<\/h3>\n\t\t\t<\/div>\n\t\t<\/div>\n\t\t<div class=\"et-hovercard-back et-hovercard-side\">\n\t\t\t<div class=\"et-hovercard-inner\">\n\t\t\t\t<figure class=\"et-pricing-icon\">\n\t\t\t\t\t\t\t\t\t\t<span class=\"\"><\/span>\n\t\t\t\t\t\t\t\t\t<\/figure>\n\t\t\t\t<h3 class=\"et-pricing-head\">C\u00c9RAMIQUE<\/h3>\n\t\t\t\t<div class=\"et-pricing-content\"><\/div>\n\t\t\t<\/div>\n\t\t<\/div>\n\t\t<\/a>\n\t<\/div>\n\t[\/vc_column_inner][vc_column_inner width=\u00a0\u00bb1\/3&Prime;]\t<div id=\"et-hovercard-69e34e722671b\" class=\" et-hovercard \">\n\t\t<a class=\"et-hovercard-link\" href=\"https:\/\/iconico.es\/fr\/catalogue-de-produits\/mecanismes\/\" target=\"_self\">\t\t<div class=\"et-hovercard-front et-hovercard-side\">\n\t\t\t<div class=\"et-hovercard-inner\">\n\t\t\t\t<h3 class=\"et-pricing-head\">M\u00c9CANISMES<\/h3>\n\t\t\t<\/div>\n\t\t<\/div>\n\t\t<div class=\"et-hovercard-back et-hovercard-side\">\n\t\t\t<div class=\"et-hovercard-inner\">\n\t\t\t\t<figure class=\"et-pricing-icon\">\n\t\t\t\t\t\t\t\t\t\t<span class=\"\"><\/span>\n\t\t\t\t\t\t\t\t\t<\/figure>\n\t\t\t\t<h3 class=\"et-pricing-head\">M\u00c9CANISMES<\/h3>\n\t\t\t\t<div class=\"et-pricing-content\"><\/div>\n\t\t\t<\/div>\n\t\t<\/div>\n\t\t<\/a>\n\t<\/div>\n\t[\/vc_column_inner][vc_column_inner width=\u00a0\u00bb1\/3&Prime;]\t<div id=\"et-hovercard-69e34e7227014\" class=\" et-hovercard \">\n\t\t<a class=\"et-hovercard-link\" href=\"https:\/\/iconico.es\/fr\/catalogue-de-produits\/ferrures\/\" target=\"_self\">\t\t<div class=\"et-hovercard-front et-hovercard-side\">\n\t\t\t<div class=\"et-hovercard-inner\">\n\t\t\t\t<h3 class=\"et-pricing-head\">FERRURES<\/h3>\n\t\t\t<\/div>\n\t\t<\/div>\n\t\t<div class=\"et-hovercard-back et-hovercard-side\">\n\t\t\t<div class=\"et-hovercard-inner\">\n\t\t\t\t<figure class=\"et-pricing-icon\">\n\t\t\t\t\t\t\t\t\t\t<span class=\"\"><\/span>\n\t\t\t\t\t\t\t\t\t<\/figure>\n\t\t\t\t<h3 class=\"et-pricing-head\">FERRURES<\/h3>\n\t\t\t\t<div class=\"et-pricing-content\"><\/div>\n\t\t\t<\/div>\n\t\t<\/div>\n\t\t<\/a>\n\t<\/div>\n\t[\/vc_column_inner][\/vc_row_inner][vc_row_inner css=\u00a0\u00bb.vc_custom_1639132923507{margin-top: 1rem !important;}\u00a0\u00bb][vc_column_inner]\t<div id=\"et-hovercard-69e34e7227aab\" class=\" et-hovercard \">\n\t\t<a class=\"et-hovercard-link\" href=\"https:\/\/unico.market\/\" target=\"_blank\">\t\t<div class=\"et-hovercard-front et-hovercard-side\">\n\t\t\t<div class=\"et-hovercard-inner\">\n\t\t\t\t<h3 class=\"et-pricing-head\">Galer\u00eda de arte y artesan\u00eda<\/h3>\n\t\t\t<\/div>\n\t\t<\/div>\n\t\t<div class=\"et-hovercard-back et-hovercard-side\">\n\t\t\t<div class=\"et-hovercard-inner\">\n\t\t\t\t<figure class=\"et-pricing-icon\">\n\t\t\t\t\t\t\t\t\t\t<span class=\"\"><\/span>\n\t\t\t\t\t\t\t\t\t<\/figure>\n\t\t\t\t<h3 class=\"et-pricing-head\">\u00daNICO<\/h3>\n\t\t\t\t<div class=\"et-pricing-content\">by IC\u00d3NICO<\/div>\n\t\t\t<\/div>\n\t\t<\/div>\n\t\t<\/a>\n\t<\/div>\n\t[\/vc_column_inner][\/vc_row_inner][\/vc_column][\/vc_row][vc_row][vc_column][vc_empty_space height=\u00a0\u00bb200px\u00a0\u00bb][\/vc_column][\/vc_row]\n","protected":false},"excerpt":{"rendered":"<p>[vc_row css=\u00a0\u00bb.vc_custom_1633515779081{margin-top: 3% !important;}\u00a0\u00bb][vc_column width=\u00a0\u00bb1\/4&Prime;][\/vc_column][vc_column width=\u00a0\u00bb1\/2&Prime;][vc_column_text] Nos produits se diff\u00e9rencient par leurs formes \u00e9pur\u00e9es et intemporelles, recherchant l\u2019\u00e9quilibre entre la coh\u00e9rence esth\u00e9tique, de forme et fonctionnelle afin que tous les \u00e9l\u00e9ments de chaque projet cohabitent en harmonie. Chrome, noir mat, blanc mat, cuivre bross\u00e9, or brillant ou or bross\u00e9, crude&hellip;<\/p>\n","protected":false},"author":12,"featured_media":0,"parent":0,"menu_order":0,"comment_status":"closed","ping_status":"closed","template":"","meta":{"_acf_changed":false,"footnotes":""},"class_list":["post-39242","page","type-page","status-publish","hentry"],"acf":[],"yoast_head":"<!-- This site is optimized with the Yoast SEO plugin v22.6 - https:\/\/yoast.com\/wordpress\/plugins\/seo\/ -->\r\n<title>Catalogue de produits - IC\u00d3NICO - Dise\u00f1os para la arquitectura<\/title>\r\n<meta name=\"description\" content=\"Robinetterie pour vasque, douche, baignoire, cuisine, accessoires pour salle de bain, sanitaires, smart wc, drains, c\u00e9ramique, m\u00e9canismes et ferrures.\" \/>\r\n<meta name=\"robots\" content=\"index, follow, max-snippet:-1, max-image-preview:large, max-video-preview:-1\" \/>\r\n<link rel=\"canonical\" href=\"https:\/\/iconico.es\/fr\/catalogue\/\" \/>\r\n<meta property=\"og:locale\" content=\"fr_FR\" \/>\r\n<meta property=\"og:type\" content=\"article\" \/>\r\n<meta property=\"og:title\" content=\"Catalogue de produits - IC\u00d3NICO - Dise\u00f1os para la arquitectura\" \/>\r\n<meta property=\"og:description\" content=\"Robinetterie pour vasque, douche, baignoire, cuisine, accessoires pour salle de bain, sanitaires, smart wc, drains, c\u00e9ramique, m\u00e9canismes et ferrures.\" \/>\r\n<meta property=\"og:url\" content=\"https:\/\/iconico.es\/fr\/catalogue\/\" \/>\r\n<meta property=\"og:site_name\" content=\"IC\u00d3NICO - Dise\u00f1os para la arquitectura\" \/>\r\n<meta property=\"article:publisher\" content=\"https:\/\/www.facebook.com\/iconicospain\" \/>\r\n<meta property=\"article:modified_time\" content=\"2022-09-21T11:08:46+00:00\" \/>\r\n<meta name=\"twitter:card\" content=\"summary_large_image\" \/>\r\n<meta name=\"twitter:label1\" content=\"Dur\u00e9e de lecture estim\u00e9e\" \/>\n\t<meta name=\"twitter:data1\" content=\"1 minute\" \/>\r\n<script type=\"application\/ld+json\" class=\"yoast-schema-graph\">{\"@context\":\"https:\/\/schema.org\",\"@graph\":[{\"@type\":\"WebPage\",\"@id\":\"https:\/\/iconico.es\/fr\/catalogue\/\",\"url\":\"https:\/\/iconico.es\/fr\/catalogue\/\",\"name\":\"Catalogue de produits - IC\u00d3NICO - Dise\u00f1os para la arquitectura\",\"isPartOf\":{\"@id\":\"https:\/\/iconico.es\/en\/#website\"},\"datePublished\":\"2022-09-12T12:50:01+00:00\",\"dateModified\":\"2022-09-21T11:08:46+00:00\",\"description\":\"Robinetterie pour vasque, douche, baignoire, cuisine, accessoires pour salle de bain, sanitaires, smart wc, drains, c\u00e9ramique, m\u00e9canismes et ferrures.\",\"breadcrumb\":{\"@id\":\"https:\/\/iconico.es\/fr\/catalogue\/#breadcrumb\"},\"inLanguage\":\"fr-FR\",\"potentialAction\":[{\"@type\":\"ReadAction\",\"target\":[\"https:\/\/iconico.es\/fr\/catalogue\/\"]}]},{\"@type\":\"BreadcrumbList\",\"@id\":\"https:\/\/iconico.es\/fr\/catalogue\/#breadcrumb\",\"itemListElement\":[{\"@type\":\"ListItem\",\"position\":1,\"name\":\"Home\",\"item\":\"https:\/\/iconico.es\/fr\/\"},{\"@type\":\"ListItem\",\"position\":2,\"name\":\"Catalogue de produits\"}]},{\"@type\":\"WebSite\",\"@id\":\"https:\/\/iconico.es\/en\/#website\",\"url\":\"https:\/\/iconico.es\/en\/\",\"name\":\"IC\u00d3NICO - Dise\u00f1os para la arquitectura\",\"description\":\"IC\u00d3NICO dise\u00f1a productos atemporales para la arquitectura que responden a los mismos criterios tanto en sus formas como en sus acabados, lujo y calidad.\",\"publisher\":{\"@id\":\"https:\/\/iconico.es\/en\/#organization\"},\"potentialAction\":[{\"@type\":\"SearchAction\",\"target\":{\"@type\":\"EntryPoint\",\"urlTemplate\":\"https:\/\/iconico.es\/en\/?s={search_term_string}\"},\"query-input\":\"required name=search_term_string\"}],\"inLanguage\":\"fr-FR\"},{\"@type\":\"Organization\",\"@id\":\"https:\/\/iconico.es\/en\/#organization\",\"name\":\"Dise\u00f1o Ic\u00f3nico, s.l.\",\"url\":\"https:\/\/iconico.es\/en\/\",\"logo\":{\"@type\":\"ImageObject\",\"inLanguage\":\"fr-FR\",\"@id\":\"https:\/\/iconico.es\/en\/#\/schema\/logo\/image\/\",\"url\":\"https:\/\/iconico.es\/wp-content\/uploads\/2021\/09\/cropped-iconico_Logotipo.png\",\"contentUrl\":\"https:\/\/iconico.es\/wp-content\/uploads\/2021\/09\/cropped-iconico_Logotipo.png\",\"width\":322,\"height\":80,\"caption\":\"Dise\u00f1o Ic\u00f3nico, s.l.\"},\"image\":{\"@id\":\"https:\/\/iconico.es\/en\/#\/schema\/logo\/image\/\"},\"sameAs\":[\"https:\/\/www.facebook.com\/iconicospain\",\"https:\/\/www.instagram.com\/iconico\/\",\"https:\/\/www.linkedin.com\/company\/iconico-elements-for-architecture\",\"https:\/\/www.pinterest.es\/iconico_es\/\"]}]}<\/script>\r\n<!-- \/ Yoast SEO plugin. -->","yoast_head_json":{"title":"Catalogue de produits - IC\u00d3NICO - Dise\u00f1os para la arquitectura","description":"Robinetterie pour vasque, douche, baignoire, cuisine, accessoires pour salle de bain, sanitaires, smart wc, drains, c\u00e9ramique, m\u00e9canismes et ferrures.","robots":{"index":"index","follow":"follow","max-snippet":"max-snippet:-1","max-image-preview":"max-image-preview:large","max-video-preview":"max-video-preview:-1"},"canonical":"https:\/\/iconico.es\/fr\/catalogue\/","og_locale":"fr_FR","og_type":"article","og_title":"Catalogue de produits - IC\u00d3NICO - Dise\u00f1os para la arquitectura","og_description":"Robinetterie pour vasque, douche, baignoire, cuisine, accessoires pour salle de bain, sanitaires, smart wc, drains, c\u00e9ramique, m\u00e9canismes et ferrures.","og_url":"https:\/\/iconico.es\/fr\/catalogue\/","og_site_name":"IC\u00d3NICO - Dise\u00f1os para la arquitectura","article_publisher":"https:\/\/www.facebook.com\/iconicospain","article_modified_time":"2022-09-21T11:08:46+00:00","twitter_card":"summary_large_image","twitter_misc":{"Dur\u00e9e de lecture estim\u00e9e":"1 minute"},"schema":{"@context":"https:\/\/schema.org","@graph":[{"@type":"WebPage","@id":"https:\/\/iconico.es\/fr\/catalogue\/","url":"https:\/\/iconico.es\/fr\/catalogue\/","name":"Catalogue de produits - IC\u00d3NICO - Dise\u00f1os para la arquitectura","isPartOf":{"@id":"https:\/\/iconico.es\/en\/#website"},"datePublished":"2022-09-12T12:50:01+00:00","dateModified":"2022-09-21T11:08:46+00:00","description":"Robinetterie pour vasque, douche, baignoire, cuisine, accessoires pour salle de bain, sanitaires, smart wc, drains, c\u00e9ramique, m\u00e9canismes et ferrures.","breadcrumb":{"@id":"https:\/\/iconico.es\/fr\/catalogue\/#breadcrumb"},"inLanguage":"fr-FR","potentialAction":[{"@type":"ReadAction","target":["https:\/\/iconico.es\/fr\/catalogue\/"]}]},{"@type":"BreadcrumbList","@id":"https:\/\/iconico.es\/fr\/catalogue\/#breadcrumb","itemListElement":[{"@type":"ListItem","position":1,"name":"Home","item":"https:\/\/iconico.es\/fr\/"},{"@type":"ListItem","position":2,"name":"Catalogue de produits"}]},{"@type":"WebSite","@id":"https:\/\/iconico.es\/en\/#website","url":"https:\/\/iconico.es\/en\/","name":"IC\u00d3NICO - Dise\u00f1os para la arquitectura","description":"IC\u00d3NICO dise\u00f1a productos atemporales para la arquitectura que responden a los mismos criterios tanto en sus formas como en sus acabados, lujo y calidad.","publisher":{"@id":"https:\/\/iconico.es\/en\/#organization"},"potentialAction":[{"@type":"SearchAction","target":{"@type":"EntryPoint","urlTemplate":"https:\/\/iconico.es\/en\/?s={search_term_string}"},"query-input":"required name=search_term_string"}],"inLanguage":"fr-FR"},{"@type":"Organization","@id":"https:\/\/iconico.es\/en\/#organization","name":"Dise\u00f1o Ic\u00f3nico, s.l.","url":"https:\/\/iconico.es\/en\/","logo":{"@type":"ImageObject","inLanguage":"fr-FR","@id":"https:\/\/iconico.es\/en\/#\/schema\/logo\/image\/","url":"https:\/\/iconico.es\/wp-content\/uploads\/2021\/09\/cropped-iconico_Logotipo.png","contentUrl":"https:\/\/iconico.es\/wp-content\/uploads\/2021\/09\/cropped-iconico_Logotipo.png","width":322,"height":80,"caption":"Dise\u00f1o Ic\u00f3nico, s.l."},"image":{"@id":"https:\/\/iconico.es\/en\/#\/schema\/logo\/image\/"},"sameAs":["https:\/\/www.facebook.com\/iconicospain","https:\/\/www.instagram.com\/iconico\/","https:\/\/www.linkedin.com\/company\/iconico-elements-for-architecture","https:\/\/www.pinterest.es\/iconico_es\/"]}]}},"_links":{"self":[{"href":"https:\/\/iconico.es\/fr\/wp-json\/wp\/v2\/pages\/39242","targetHints":{"allow":["GET"]}}],"collection":[{"href":"https:\/\/iconico.es\/fr\/wp-json\/wp\/v2\/pages"}],"about":[{"href":"https:\/\/iconico.es\/fr\/wp-json\/wp\/v2\/types\/page"}],"author":[{"embeddable":true,"href":"https:\/\/iconico.es\/fr\/wp-json\/wp\/v2\/users\/12"}],"replies":[{"embeddable":true,"href":"https:\/\/iconico.es\/fr\/wp-json\/wp\/v2\/comments?post=39242"}],"version-history":[{"count":0,"href":"https:\/\/iconico.es\/fr\/wp-json\/wp\/v2\/pages\/39242\/revisions"}],"wp:attachment":[{"href":"https:\/\/iconico.es\/fr\/wp-json\/wp\/v2\/media?parent=39242"}],"curies":[{"name":"wp","href":"https:\/\/api.w.org\/{rel}","templated":true}]}}