{"id":39246,"date":"2022-09-12T12:59:59","date_gmt":"2022-09-12T12:59:59","guid":{"rendered":"https:\/\/iconico.es\/catalogue-de-produits\/ceramique-custom\/"},"modified":"2022-09-28T15:03:24","modified_gmt":"2022-09-28T15:03:24","slug":"ceramique-custom","status":"publish","type":"page","link":"https:\/\/iconico.es\/fr\/catalogue\/ceramique-custom\/","title":{"rendered":"C\u00e9ramique Custom"},"content":{"rendered":"[vc_row et_column_align=\u00a0\u00bbalign-center\u00a0\u00bb css=\u00a0\u00bb.vc_custom_1633430269044{margin-top: 3% !important;}\u00a0\u00bb][vc_column width=\u00a0\u00bb1\/4&Prime;][\/vc_column][vc_column width=\u00a0\u00bb1\/2&Prime;][vc_column_text]\n<h3 style=\"text-align: center;\">Notre catalogue de c\u00e9ramique inclut deux nouvelles gammes de c\u00e9ramique 100\u00a0% personnalisables. Des carreaux personnalisables qui permettent de cr\u00e9er des ambiances exclusives et uniques gr\u00e2ce \u00e0 diff\u00e9rents formats.<\/h3>\n[\/vc_column_text][\/vc_column][vc_column width=\u00a0\u00bb1\/4&Prime;][\/vc_column][\/vc_row][vc_row et_column_align=\u00a0\u00bbalign-center\u00a0\u00bb el_class=\u00a0\u00bbcuadrados-2&Prime;][vc_column width=\u00a0\u00bb1\/2&Prime;]\t<div id=\"et-hovercard-69d49db4a9c0e\" class=\" et-hovercard \">\n\t\t<a class=\"et-hovercard-link\" href=\"https:\/\/iconico.es\/fr\/catalogue\/ceramique-custom\/murale\/\" target=\"_self\">\t\t<div class=\"et-hovercard-front et-hovercard-side\">\n\t\t\t<div class=\"et-hovercard-inner\">\n\t\t\t\t<h3 class=\"et-pricing-head\">C\u00c9RAMIQUE MURALE<\/h3>\n\t\t\t<\/div>\n\t\t<\/div>\n\t\t<div class=\"et-hovercard-back et-hovercard-side\">\n\t\t\t<div class=\"et-hovercard-inner\">\n\t\t\t\t<figure class=\"et-pricing-icon\">\n\t\t\t\t\t\t\t\t\t\t<span class=\"\"><\/span>\n\t\t\t\t\t\t\t\t\t<\/figure>\n\t\t\t\t<h3 class=\"et-pricing-head\">C\u00c9RAMIQUE MURALE<\/h3>\n\t\t\t\t<div class=\"et-pricing-content\"><\/div>\n\t\t\t<\/div>\n\t\t<\/div>\n\t\t<\/a>\n\t<\/div>\n\t[\/vc_column][vc_column width=\u00a0\u00bb1\/2&Prime;]\t<div id=\"et-hovercard-69d49db4aa898\" class=\" et-hovercard \">\n\t\t<a class=\"et-hovercard-link\" href=\"https:\/\/iconico.es\/fr\/catalogue\/ceramique-custom\/decoree\/\" target=\"_self\">\t\t<div class=\"et-hovercard-front et-hovercard-side\">\n\t\t\t<div class=\"et-hovercard-inner\">\n\t\t\t\t<h3 class=\"et-pricing-head\">C\u00c9RAMIQUE D\u00c9COR\u00c9E<\/h3>\n\t\t\t<\/div>\n\t\t<\/div>\n\t\t<div class=\"et-hovercard-back et-hovercard-side\">\n\t\t\t<div class=\"et-hovercard-inner\">\n\t\t\t\t<figure class=\"et-pricing-icon\">\n\t\t\t\t\t\t\t\t\t\t<span class=\"\"><\/span>\n\t\t\t\t\t\t\t\t\t<\/figure>\n\t\t\t\t<h3 class=\"et-pricing-head\">C\u00c9RAMIQUE D\u00c9COR\u00c9E<\/h3>\n\t\t\t\t<div class=\"et-pricing-content\"><\/div>\n\t\t\t<\/div>\n\t\t<\/div>\n\t\t<\/a>\n\t<\/div>\n\t[\/vc_column][\/vc_row][vc_row et_column_align=\u00a0\u00bbalign-center\u00a0\u00bb content_placement=\u00a0\u00bbtop\u00a0\u00bb css=\u00a0\u00bb.vc_custom_1633432982302{margin-top: 5% !important;margin-right: 10% !important;margin-left: 10% !important;}\u00a0\u00bb][vc_column width=\u00a0\u00bb1\/2&Prime;][vc_column_text]\n<h4>\u00c0 PROPOS DU PROCESSUS<br \/>\nDE FABRICATION<\/h4>\n[\/vc_column_text][\/vc_column][vc_column width=\u00a0\u00bb1\/2&Prime;][vc_column_text]Nos carreaux de c\u00e9ramique sont fabriqu\u00e9s selon la technique de la double cuisson. Gr\u00e2ce \u00e0 cette technique, nous pouvons s\u00e9parer le processus de pressage de celui d\u2019\u00e9maillage, ce qui facilite la production de carreaux exclusifs et uniques pour les espaces o\u00f9 l\u2019on souhaite insuffler un caract\u00e8re propre, diff\u00e9rent et particulier.[\/vc_column_text][\/vc_column][\/vc_row][vc_row et_column_align=\u00a0\u00bbalign-center\u00a0\u00bb content_placement=\u00a0\u00bbtop\u00a0\u00bb css=\u00a0\u00bb.vc_custom_1642524702993{margin-top: 1% !important;margin-right: 10% !important;margin-left: 10% !important;}\u00a0\u00bb][vc_column width=\u00a0\u00bb1\/2&Prime;][vc_column_text]\n<h4>COULEURS ARTISANALES<\/h4>\n[\/vc_column_text][\/vc_column][vc_column width=\u00a0\u00bb1\/2&Prime;][vc_column_text]Appliqu\u00e9e aux carreaux en finition c\u00e9ramique, la double cuisson nous permet de proposer des couleurs et des nuances vari\u00e9es. Gr\u00e2ce \u00e0 la polyvalence de la technique dans les lignes de production et au proc\u00e9d\u00e9 artisanal \u00e0 faible vitesse, nous sommes en mesure de contr\u00f4ler de fa\u00e7on tr\u00e8s pr\u00e9cise la couleur et les performances techniques des \u00e9maux. Cela nous permet de conf\u00e9rer \u00e0 chaque pi\u00e8ce une grande r\u00e9sistance \u00e0 l\u2019abrasion (PEI) et aux rayures (MOHS).[\/vc_column_text][\/vc_column][\/vc_row][vc_row et_column_align=\u00a0\u00bbalign-center\u00a0\u00bb content_placement=\u00a0\u00bbtop\u00a0\u00bb css=\u00a0\u00bb.vc_custom_1642524716691{margin-top: 1% !important;margin-right: 10% !important;margin-left: 10% !important;}\u00a0\u00bb][vc_column width=\u00a0\u00bb1\/2&Prime;][vc_column_text]\n<h4>IMPRESSION D\u2019IMAGES<\/h4>\n[\/vc_column_text][\/vc_column][vc_column width=\u00a0\u00bb1\/2&Prime;][vc_column_text]Les productions en petite s\u00e9rie et personnalis\u00e9es offrent un haut niveau de d\u00e9finition, de r\u00e9solution et d\u2019intensit\u00e9 des couleurs \u00e9maill\u00e9es sur les illustrations et les images.[\/vc_column_text][\/vc_column][\/vc_row][vc_row css=\u00a0\u00bb.vc_custom_1642580516412{margin-top: 2% !important;}\u00a0\u00bb][vc_column width=\u00a0\u00bb1\/2&Prime;][vc_single_image image=\u00a0\u00bb24929&Prime; img_size=\u00a0\u00bb650&#215;700&Prime; alignment=\u00a0\u00bbright\u00a0\u00bb][\/vc_column][vc_column width=\u00a0\u00bb1\/2&Prime;][vc_single_image image=\u00a0\u00bb24928&Prime; img_size=\u00a0\u00bb650&#215;700&Prime;][\/vc_column][\/vc_row][vc_row css=\u00a0\u00bb.vc_custom_1642580465893{margin-top: 2% !important;margin-bottom: 2% !important;}\u00a0\u00bb][vc_column][vc_column_text]\n<h3 style=\"text-align: center;\"><strong>Types de mat\u00e9riau<\/strong><\/h3>\n[\/vc_column_text][\/vc_column][\/vc_row][vc_row et_column_align=\u00a0\u00bbalign-center\u00a0\u00bb content_placement=\u00a0\u00bbtop\u00a0\u00bb css=\u00a0\u00bb.vc_custom_1642580398700{margin-top: 1% !important;margin-right: 10% !important;margin-left: 10% !important;}\u00a0\u00bb][vc_column width=\u00a0\u00bb1\/2&Prime;][vc_column_text]\n<h4>CARREAUX \u00c0 P\u00c2TE BLANCHE<\/h4>\n[\/vc_column_text][\/vc_column][vc_column width=\u00a0\u00bb1\/2&Prime;][vc_column_text]La c\u00e9ramique \u00e0 p\u00e2te blanche est disponible dans de nombreux formats. La double cuisson nous permet de proposer des couleurs tr\u00e8s intenses d\u2019une excellente brillance.[\/vc_column_text][\/vc_column][\/vc_row][vc_row et_column_align=\u00a0\u00bbalign-center\u00a0\u00bb content_placement=\u00a0\u00bbtop\u00a0\u00bb css=\u00a0\u00bb.vc_custom_1642580403181{margin-top: 1% !important;margin-right: 10% !important;margin-left: 10% !important;}\u00a0\u00bb][vc_column width=\u00a0\u00bb1\/2&Prime;][vc_column_text]\n<h4>CARREAUX DE GR\u00c8S C\u00c9RAME<\/h4>\n[\/vc_column_text][\/vc_column][vc_column width=\u00a0\u00bb1\/2&Prime;][vc_column_text]La c\u00e9ramique de gr\u00e8s c\u00e9rame se distingue par sa duret\u00e9, sa r\u00e9sistance et son imperm\u00e9abilit\u00e9. Durant son processus de cuisson, ce mat\u00e9riau compact atteint une temp\u00e9rature de 1\u00a0200\u00a0degr\u00e9s. En outre, ce mat\u00e9riau non poreux absorbe peu d\u2019eau. Gr\u00e2ce \u00e0 ces propri\u00e9t\u00e9s, on peut utiliser les carreaux de gr\u00e8s c\u00e9rame comme rev\u00eatement de sol ou mural, aussi bien \u00e0 l\u2019int\u00e9rieur qu\u2019\u00e0 l\u2019ext\u00e9rieur.[\/vc_column_text][\/vc_column][\/vc_row]\n","protected":false},"excerpt":{"rendered":"<p>[vc_row et_column_align=\u00a0\u00bbalign-center\u00a0\u00bb css=\u00a0\u00bb.vc_custom_1633430269044{margin-top: 3% !important;}\u00a0\u00bb][vc_column width=\u00a0\u00bb1\/4&Prime;][\/vc_column][vc_column width=\u00a0\u00bb1\/2&Prime;][vc_column_text] Notre catalogue de c\u00e9ramique inclut deux nouvelles gammes de c\u00e9ramique 100\u00a0% personnalisables. Des carreaux personnalisables qui permettent de cr\u00e9er des ambiances exclusives et uniques gr\u00e2ce \u00e0 diff\u00e9rents formats. [\/vc_column_text][\/vc_column][vc_column width=\u00a0\u00bb1\/4&Prime;][\/vc_column][\/vc_row][vc_row et_column_align=\u00a0\u00bbalign-center\u00a0\u00bb el_class=\u00a0\u00bbcuadrados-2&Prime;][vc_column width=\u00a0\u00bb1\/2&Prime;][\/vc_column][vc_column width=\u00a0\u00bb1\/2&Prime;][\/vc_column][\/vc_row][vc_row et_column_align=\u00a0\u00bbalign-center\u00a0\u00bb content_placement=\u00a0\u00bbtop\u00a0\u00bb css=\u00a0\u00bb.vc_custom_1633432982302{margin-top: 5% !important;margin-right: 10% !important;margin-left: 10% !important;}\u00a0\u00bb][vc_column&hellip;<\/p>\n","protected":false},"author":12,"featured_media":0,"parent":39242,"menu_order":0,"comment_status":"closed","ping_status":"closed","template":"","meta":{"_acf_changed":false,"footnotes":""},"class_list":["post-39246","page","type-page","status-publish","hentry"],"acf":[],"yoast_head":"<!-- This site is optimized with the Yoast SEO plugin v22.6 - https:\/\/yoast.com\/wordpress\/plugins\/seo\/ -->\r\n<title>C\u00e9ramique Custom - IC\u00d3NICO - Dise\u00f1os para la arquitectura<\/title>\r\n<meta name=\"description\" content=\"C\u00e9ramique murale et\/ou d\u00e9cor\u00e9e. Des carreaux 100% personnalisables qui vous permettent de cr\u00e9er des atmosph\u00e8res exclusives et uniques gr\u00e2ce \u00e0 diff\u00e9rents formats.\" \/>\r\n<meta name=\"robots\" content=\"index, follow, max-snippet:-1, max-image-preview:large, max-video-preview:-1\" \/>\r\n<link rel=\"canonical\" href=\"https:\/\/iconico.es\/fr\/catalogue\/ceramique-custom\/\" \/>\r\n<meta property=\"og:locale\" content=\"fr_FR\" \/>\r\n<meta property=\"og:type\" content=\"article\" \/>\r\n<meta property=\"og:title\" content=\"C\u00e9ramique Custom - IC\u00d3NICO - Dise\u00f1os para la arquitectura\" \/>\r\n<meta property=\"og:description\" content=\"C\u00e9ramique murale et\/ou d\u00e9cor\u00e9e. Des carreaux 100% personnalisables qui vous permettent de cr\u00e9er des atmosph\u00e8res exclusives et uniques gr\u00e2ce \u00e0 diff\u00e9rents formats.\" \/>\r\n<meta property=\"og:url\" content=\"https:\/\/iconico.es\/fr\/catalogue\/ceramique-custom\/\" \/>\r\n<meta property=\"og:site_name\" content=\"IC\u00d3NICO - Dise\u00f1os para la arquitectura\" \/>\r\n<meta property=\"article:publisher\" content=\"https:\/\/www.facebook.com\/iconicospain\" \/>\r\n<meta property=\"article:modified_time\" content=\"2022-09-28T15:03:24+00:00\" \/>\r\n<meta name=\"twitter:card\" content=\"summary_large_image\" \/>\r\n<meta name=\"twitter:label1\" content=\"Dur\u00e9e de lecture estim\u00e9e\" \/>\n\t<meta name=\"twitter:data1\" content=\"2 minutes\" \/>\r\n<script type=\"application\/ld+json\" class=\"yoast-schema-graph\">{\"@context\":\"https:\/\/schema.org\",\"@graph\":[{\"@type\":\"WebPage\",\"@id\":\"https:\/\/iconico.es\/fr\/catalogue\/ceramique-custom\/\",\"url\":\"https:\/\/iconico.es\/fr\/catalogue\/ceramique-custom\/\",\"name\":\"C\u00e9ramique Custom - IC\u00d3NICO - Dise\u00f1os para la arquitectura\",\"isPartOf\":{\"@id\":\"https:\/\/iconico.es\/en\/#website\"},\"datePublished\":\"2022-09-12T12:59:59+00:00\",\"dateModified\":\"2022-09-28T15:03:24+00:00\",\"description\":\"C\u00e9ramique murale et\/ou d\u00e9cor\u00e9e. Des carreaux 100% personnalisables qui vous permettent de cr\u00e9er des atmosph\u00e8res exclusives et uniques gr\u00e2ce \u00e0 diff\u00e9rents formats.\",\"breadcrumb\":{\"@id\":\"https:\/\/iconico.es\/fr\/catalogue\/ceramique-custom\/#breadcrumb\"},\"inLanguage\":\"fr-FR\",\"potentialAction\":[{\"@type\":\"ReadAction\",\"target\":[\"https:\/\/iconico.es\/fr\/catalogue\/ceramique-custom\/\"]}]},{\"@type\":\"BreadcrumbList\",\"@id\":\"https:\/\/iconico.es\/fr\/catalogue\/ceramique-custom\/#breadcrumb\",\"itemListElement\":[{\"@type\":\"ListItem\",\"position\":1,\"name\":\"Home\",\"item\":\"https:\/\/iconico.es\/fr\/\"},{\"@type\":\"ListItem\",\"position\":2,\"name\":\"Catalogue de produits\",\"item\":\"https:\/\/iconico.es\/fr\/catalogue\/\"},{\"@type\":\"ListItem\",\"position\":3,\"name\":\"C\u00e9ramique Custom\"}]},{\"@type\":\"WebSite\",\"@id\":\"https:\/\/iconico.es\/en\/#website\",\"url\":\"https:\/\/iconico.es\/en\/\",\"name\":\"IC\u00d3NICO - Dise\u00f1os para la arquitectura\",\"description\":\"IC\u00d3NICO dise\u00f1a productos atemporales para la arquitectura que responden a los mismos criterios tanto en sus formas como en sus acabados, lujo y calidad.\",\"publisher\":{\"@id\":\"https:\/\/iconico.es\/en\/#organization\"},\"potentialAction\":[{\"@type\":\"SearchAction\",\"target\":{\"@type\":\"EntryPoint\",\"urlTemplate\":\"https:\/\/iconico.es\/en\/?s={search_term_string}\"},\"query-input\":\"required name=search_term_string\"}],\"inLanguage\":\"fr-FR\"},{\"@type\":\"Organization\",\"@id\":\"https:\/\/iconico.es\/en\/#organization\",\"name\":\"Dise\u00f1o Ic\u00f3nico, s.l.\",\"url\":\"https:\/\/iconico.es\/en\/\",\"logo\":{\"@type\":\"ImageObject\",\"inLanguage\":\"fr-FR\",\"@id\":\"https:\/\/iconico.es\/en\/#\/schema\/logo\/image\/\",\"url\":\"https:\/\/iconico.es\/wp-content\/uploads\/2021\/09\/cropped-iconico_Logotipo.png\",\"contentUrl\":\"https:\/\/iconico.es\/wp-content\/uploads\/2021\/09\/cropped-iconico_Logotipo.png\",\"width\":322,\"height\":80,\"caption\":\"Dise\u00f1o Ic\u00f3nico, s.l.\"},\"image\":{\"@id\":\"https:\/\/iconico.es\/en\/#\/schema\/logo\/image\/\"},\"sameAs\":[\"https:\/\/www.facebook.com\/iconicospain\",\"https:\/\/www.instagram.com\/iconico\/\",\"https:\/\/www.linkedin.com\/company\/iconico-elements-for-architecture\",\"https:\/\/www.pinterest.es\/iconico_es\/\"]}]}<\/script>\r\n<!-- \/ Yoast SEO plugin. -->","yoast_head_json":{"title":"C\u00e9ramique Custom - IC\u00d3NICO - Dise\u00f1os para la arquitectura","description":"C\u00e9ramique murale et\/ou d\u00e9cor\u00e9e. Des carreaux 100% personnalisables qui vous permettent de cr\u00e9er des atmosph\u00e8res exclusives et uniques gr\u00e2ce \u00e0 diff\u00e9rents formats.","robots":{"index":"index","follow":"follow","max-snippet":"max-snippet:-1","max-image-preview":"max-image-preview:large","max-video-preview":"max-video-preview:-1"},"canonical":"https:\/\/iconico.es\/fr\/catalogue\/ceramique-custom\/","og_locale":"fr_FR","og_type":"article","og_title":"C\u00e9ramique Custom - IC\u00d3NICO - Dise\u00f1os para la arquitectura","og_description":"C\u00e9ramique murale et\/ou d\u00e9cor\u00e9e. Des carreaux 100% personnalisables qui vous permettent de cr\u00e9er des atmosph\u00e8res exclusives et uniques gr\u00e2ce \u00e0 diff\u00e9rents formats.","og_url":"https:\/\/iconico.es\/fr\/catalogue\/ceramique-custom\/","og_site_name":"IC\u00d3NICO - Dise\u00f1os para la arquitectura","article_publisher":"https:\/\/www.facebook.com\/iconicospain","article_modified_time":"2022-09-28T15:03:24+00:00","twitter_card":"summary_large_image","twitter_misc":{"Dur\u00e9e de lecture estim\u00e9e":"2 minutes"},"schema":{"@context":"https:\/\/schema.org","@graph":[{"@type":"WebPage","@id":"https:\/\/iconico.es\/fr\/catalogue\/ceramique-custom\/","url":"https:\/\/iconico.es\/fr\/catalogue\/ceramique-custom\/","name":"C\u00e9ramique Custom - IC\u00d3NICO - Dise\u00f1os para la arquitectura","isPartOf":{"@id":"https:\/\/iconico.es\/en\/#website"},"datePublished":"2022-09-12T12:59:59+00:00","dateModified":"2022-09-28T15:03:24+00:00","description":"C\u00e9ramique murale et\/ou d\u00e9cor\u00e9e. Des carreaux 100% personnalisables qui vous permettent de cr\u00e9er des atmosph\u00e8res exclusives et uniques gr\u00e2ce \u00e0 diff\u00e9rents formats.","breadcrumb":{"@id":"https:\/\/iconico.es\/fr\/catalogue\/ceramique-custom\/#breadcrumb"},"inLanguage":"fr-FR","potentialAction":[{"@type":"ReadAction","target":["https:\/\/iconico.es\/fr\/catalogue\/ceramique-custom\/"]}]},{"@type":"BreadcrumbList","@id":"https:\/\/iconico.es\/fr\/catalogue\/ceramique-custom\/#breadcrumb","itemListElement":[{"@type":"ListItem","position":1,"name":"Home","item":"https:\/\/iconico.es\/fr\/"},{"@type":"ListItem","position":2,"name":"Catalogue de produits","item":"https:\/\/iconico.es\/fr\/catalogue\/"},{"@type":"ListItem","position":3,"name":"C\u00e9ramique Custom"}]},{"@type":"WebSite","@id":"https:\/\/iconico.es\/en\/#website","url":"https:\/\/iconico.es\/en\/","name":"IC\u00d3NICO - Dise\u00f1os para la arquitectura","description":"IC\u00d3NICO dise\u00f1a productos atemporales para la arquitectura que responden a los mismos criterios tanto en sus formas como en sus acabados, lujo y calidad.","publisher":{"@id":"https:\/\/iconico.es\/en\/#organization"},"potentialAction":[{"@type":"SearchAction","target":{"@type":"EntryPoint","urlTemplate":"https:\/\/iconico.es\/en\/?s={search_term_string}"},"query-input":"required name=search_term_string"}],"inLanguage":"fr-FR"},{"@type":"Organization","@id":"https:\/\/iconico.es\/en\/#organization","name":"Dise\u00f1o Ic\u00f3nico, s.l.","url":"https:\/\/iconico.es\/en\/","logo":{"@type":"ImageObject","inLanguage":"fr-FR","@id":"https:\/\/iconico.es\/en\/#\/schema\/logo\/image\/","url":"https:\/\/iconico.es\/wp-content\/uploads\/2021\/09\/cropped-iconico_Logotipo.png","contentUrl":"https:\/\/iconico.es\/wp-content\/uploads\/2021\/09\/cropped-iconico_Logotipo.png","width":322,"height":80,"caption":"Dise\u00f1o Ic\u00f3nico, s.l."},"image":{"@id":"https:\/\/iconico.es\/en\/#\/schema\/logo\/image\/"},"sameAs":["https:\/\/www.facebook.com\/iconicospain","https:\/\/www.instagram.com\/iconico\/","https:\/\/www.linkedin.com\/company\/iconico-elements-for-architecture","https:\/\/www.pinterest.es\/iconico_es\/"]}]}},"_links":{"self":[{"href":"https:\/\/iconico.es\/fr\/wp-json\/wp\/v2\/pages\/39246","targetHints":{"allow":["GET"]}}],"collection":[{"href":"https:\/\/iconico.es\/fr\/wp-json\/wp\/v2\/pages"}],"about":[{"href":"https:\/\/iconico.es\/fr\/wp-json\/wp\/v2\/types\/page"}],"author":[{"embeddable":true,"href":"https:\/\/iconico.es\/fr\/wp-json\/wp\/v2\/users\/12"}],"replies":[{"embeddable":true,"href":"https:\/\/iconico.es\/fr\/wp-json\/wp\/v2\/comments?post=39246"}],"version-history":[{"count":0,"href":"https:\/\/iconico.es\/fr\/wp-json\/wp\/v2\/pages\/39246\/revisions"}],"up":[{"embeddable":true,"href":"https:\/\/iconico.es\/fr\/wp-json\/wp\/v2\/pages\/39242"}],"wp:attachment":[{"href":"https:\/\/iconico.es\/fr\/wp-json\/wp\/v2\/media?parent=39246"}],"curies":[{"name":"wp","href":"https:\/\/api.w.org\/{rel}","templated":true}]}}