{"id":39254,"date":"2022-09-13T08:09:27","date_gmt":"2022-09-13T08:09:27","guid":{"rendered":"https:\/\/iconico.es\/politique-relative-aux-cookies\/"},"modified":"2022-11-14T13:46:27","modified_gmt":"2022-11-14T13:46:27","slug":"politique-relative-aux-cookies","status":"publish","type":"page","link":"https:\/\/iconico.es\/fr\/politique-relative-aux-cookies\/","title":{"rendered":"Politique relative aux cookies"},"content":{"rendered":"[vc_row css=\u00a0\u00bb.vc_custom_1634118883248{margin-top: 3% !important;}\u00a0\u00bb][vc_column width=\u00a0\u00bb1\/6&Prime;][\/vc_column][vc_column width=\u00a0\u00bb2\/3&Prime;][vc_column_text]\n<h3>Politique relative aux cookies<\/h3>\n<h3>Conform\u00e9ment au devoir d&rsquo;information contenu dans le paragraphe 2 de l&rsquo;article 22 de la loi 34\/2002, du 11 juillet, Services de la soci\u00e9t\u00e9 de l&rsquo;information et du commerce \u00e9lectronique, cette politique de cookies a pour but de vous informer de mani\u00e8re claire et pr\u00e9cise sur les cookies utilis\u00e9s sur le site web de DISE\u00d1O ICONICO, S.L..<\/h3>\n<h3>Que sont les cookies ?<\/h3>\n<h3>Un cookie est un petit fichier que les sites web envoient \u00e0 votre navigateur et t\u00e9l\u00e9chargent sur votre ordinateur. Les cookies permettent au site web de stocker et de r\u00e9cup\u00e9rer des informations sur votre visite, telles que votre langue pr\u00e9f\u00e9r\u00e9e et d&rsquo;autres options, afin d&rsquo;am\u00e9liorer les services offerts et de contribuer \u00e0 une meilleure exp\u00e9rience de navigation pour l&rsquo;utilisateur.<\/h3>\n<h3>Types de cookies<\/h3>\n<h3>En fonction de qui g\u00e8re le domaine \u00e0 partir duquel les cookies sont envoy\u00e9s et les donn\u00e9es trait\u00e9es, on distingue les cookies de premi\u00e8re partie et les cookies de tierce partie.<\/h3>\n<h3>Les cookies peuvent \u00e9galement \u00eatre class\u00e9s en fonction de la dur\u00e9e pendant laquelle ils restent stock\u00e9s dans le navigateur de l&rsquo;utilisateur, en distinguant les cookies de session et les cookies persistants.<\/h3>\n<h3>Enfin, en fonction de la finalit\u00e9 du traitement des informations collect\u00e9es, les cookies peuvent \u00eatre class\u00e9s dans les cat\u00e9gories suivantes:<\/h3>\n<h3>Cookies techniques: ils permettent \u00e0 l&rsquo;utilisateur de naviguer sur un site web et d&rsquo;utiliser certains des services propos\u00e9s par le site web (comme, par exemple, ceux utilis\u00e9s pour m\u00e9moriser les articles d&rsquo;un panier d&rsquo;achat).<\/h3>\n<h3>Cookies de personnalisation: ils permettent \u00e0 l&rsquo;utilisateur d&rsquo;acc\u00e9der au site web avec certaines caract\u00e9ristiques, comme la langue.<\/h3>\n<h3>Cookies de s\u00e9curit\u00e9: ils sont utilis\u00e9s pour pr\u00e9venir ou entraver les attaques contre le site web.<\/h3>\n<h3>Cookies compl\u00e9mentaires pour l&rsquo;\u00e9change de contenus sociaux : les \u00ab\u00a0plug-ins\u00a0\u00bb, qui permettent de partager des contenus sur les r\u00e9seaux sociaux.<\/h3>\n<h3>Cookies d&rsquo;analyse: ils permettent \u00e0 la partie responsable de surveiller le comportement des utilisateurs.<\/h3>\n<h3>Cookies publicitaires: ils permettent la gestion des espaces publicitaires sur le site web.<\/h3>\n<h3>Cookies de publicit\u00e9 comportementale: comme les pr\u00e9c\u00e9dents, ils sont utilis\u00e9s pour g\u00e9rer les espaces publicitaires du site web en fonction des informations recueillies sur le comportement et les habitudes de l&rsquo;utilisateur, en adaptant la publicit\u00e9 au profil de l&rsquo;utilisateur. Cookies de g\u00e9olocalisation : utilis\u00e9s pour conna\u00eetre le pays o\u00f9 se trouve l&rsquo;utilisateur.<\/h3>\n<h3>Autorisation d&rsquo;utilisation des cookies<\/h3>\n<h3>Conform\u00e9ment \u00e0 l&rsquo;avis sur les cookies qui figure sur le site web, l&rsquo;utilisateur peut consentir express\u00e9ment \u00e0 l&rsquo;utilisation de cookies qui n\u00e9cessitent un consentement ; en revanche, l&rsquo;utilisation de cookies techniques ou n\u00e9cessaires ne n\u00e9cessite pas de consentement. Nonobstant ce qui pr\u00e9c\u00e8de, l&rsquo;utilisateur peut modifier la configuration de son navigateur pour refuser l&rsquo;utilisation de cookies.<\/h3>\n<h3>Comment modifier vos param\u00e8tres de cookies<\/h3>\n<h3>Vous pouvez limiter, bloquer ou supprimer les cookies de DISE\u00d1O ICONICO, S.L. ou de toute autre page web en utilisant votre navigateur. Dans chaque navigateur, l&rsquo;op\u00e9ration est diff\u00e9rente, vous pouvez trouver comment le faire dans le menu d&rsquo;aide de votre navigateur o\u00f9 la proc\u00e9dure pour son \u00e9limination est \u00e9tablie. Pour plus d&rsquo;informations :<\/h3>\n<h3>Google Chrome :<\/h3>\n<h3>https:\/\/support.google.com\/chrome\/answer\/95647?co=GENIE.Platform%3DDesktop&amp;hl=es<\/h3>\n<h3>Mozilla Firefox :<\/h3>\n<h3>https:\/\/support.mozilla.org\/es\/kb\/habilitar-y-deshabilitar-cookies-sitios-web-rastrear-preferencias<\/h3>\n<h3>Safari :<\/h3>\n<h3>https:\/\/support.apple.com\/es-es\/guide\/safari\/sfri11471\/mac<\/h3>\n<h3>Internet Explorer :<\/h3>\n<h3>https:\/\/support.microsoft.com\/es-es\/help\/278835\/how-to-delete-cookie-files-in-internet-explorer<\/h3>\n<h3>Il est possible qu&rsquo;en d\u00e9sactivant les cookies, le site web ne fonctionne pas correctement ou que vous ne puissiez pas acc\u00e9der \u00e0 certaines fonctions du site web. Cookies utilis\u00e9s sur le site web<\/h3>\n<h3>Diff\u00e9rents types de cookies sont utilis\u00e9s sur le site web \u00e0 des fins diff\u00e9rentes. Les cookies utilis\u00e9s sont \u00e9num\u00e9r\u00e9s ci-dessous :<\/h3>\n<p>1 Cookie: PHPSESSID=49571728eb6be629d698e0c6ac515fb3<\/p>\n<p>2 Cookie: _ga=GA1.2.1351889034.1624007230<\/p>\n<p>3 Cookie: _gid=GA1.2.1264162043.1624007230<\/p>\n<p>4 Cookie: _gat=1<\/p>\n<p>5 Cookie: iconico-_zldp=F%2FgYn%2FcNiAPj4MVZjzVrtRmjuNyAoADos1%2FmGSyMdZ3H3iG7dpr0UZRfIooz0h6vodoRkLyJC2Y%3D<\/p>\n<p>6 Cookie: iconico-_zldt=64a4d5a6-9fa9-4fe0-aecf-617248e8f1ca-1<\/p>\n<h3>Modification des conditions<\/h3>\n<h3>DISE\u00d1O ICONICO, S.L. se r\u00e9serve express\u00e9ment le droit de modifier unilat\u00e9ralement, totalement ou partiellement, sans pr\u00e9avis, cette politique de cookies. L&rsquo;utilisateur reconna\u00eet et accepte qu&rsquo;il est de sa responsabilit\u00e9 de consulter cette politique en mati\u00e8re de cookies.<\/h3>\n<h3><\/h3>\n[\/vc_column_text][\/vc_column][vc_column width=\u00a0\u00bb1\/6&Prime;][\/vc_column][\/vc_row]\n","protected":false},"excerpt":{"rendered":"<p>[vc_row css=\u00a0\u00bb.vc_custom_1634118883248{margin-top: 3% !important;}\u00a0\u00bb][vc_column width=\u00a0\u00bb1\/6&Prime;][\/vc_column][vc_column width=\u00a0\u00bb2\/3&Prime;][vc_column_text] Politique relative aux cookies Conform\u00e9ment au devoir d&rsquo;information contenu dans le paragraphe 2 de l&rsquo;article 22 de la loi 34\/2002, du 11 juillet, Services de la soci\u00e9t\u00e9 de l&rsquo;information et du commerce \u00e9lectronique, cette politique de cookies a pour but de vous informer de&hellip;<\/p>\n","protected":false},"author":12,"featured_media":0,"parent":0,"menu_order":0,"comment_status":"closed","ping_status":"open","template":"","meta":{"_acf_changed":false,"footnotes":""},"class_list":["post-39254","page","type-page","status-publish","hentry"],"acf":[],"yoast_head":"<!-- This site is optimized with the Yoast SEO plugin v22.6 - https:\/\/yoast.com\/wordpress\/plugins\/seo\/ -->\r\n<title>Politique relative aux cookies - IC\u00d3NICO - Dise\u00f1os para la arquitectura<\/title>\r\n<meta name=\"description\" content=\"Politique relative aux cookies - Politique relative aux cookies\" \/>\r\n<meta name=\"robots\" content=\"index, follow, max-snippet:-1, max-image-preview:large, max-video-preview:-1\" \/>\r\n<link rel=\"canonical\" href=\"https:\/\/iconico.es\/fr\/politique-relative-aux-cookies\/\" \/>\r\n<meta property=\"og:locale\" content=\"fr_FR\" \/>\r\n<meta property=\"og:type\" content=\"article\" \/>\r\n<meta property=\"og:title\" content=\"Politique relative aux cookies - IC\u00d3NICO - Dise\u00f1os para la arquitectura\" \/>\r\n<meta property=\"og:description\" content=\"Politique relative aux cookies - Politique relative aux cookies\" \/>\r\n<meta property=\"og:url\" content=\"https:\/\/iconico.es\/fr\/politique-relative-aux-cookies\/\" \/>\r\n<meta property=\"og:site_name\" content=\"IC\u00d3NICO - Dise\u00f1os para la arquitectura\" \/>\r\n<meta property=\"article:publisher\" content=\"https:\/\/www.facebook.com\/iconicospain\" \/>\r\n<meta property=\"article:modified_time\" content=\"2022-11-14T13:46:27+00:00\" \/>\r\n<meta name=\"twitter:card\" content=\"summary_large_image\" \/>\r\n<meta name=\"twitter:label1\" content=\"Dur\u00e9e de lecture estim\u00e9e\" \/>\n\t<meta name=\"twitter:data1\" content=\"4 minutes\" \/>\r\n<script type=\"application\/ld+json\" class=\"yoast-schema-graph\">{\"@context\":\"https:\/\/schema.org\",\"@graph\":[{\"@type\":\"WebPage\",\"@id\":\"https:\/\/iconico.es\/fr\/politique-relative-aux-cookies\/\",\"url\":\"https:\/\/iconico.es\/fr\/politique-relative-aux-cookies\/\",\"name\":\"Politique relative aux cookies - IC\u00d3NICO - Dise\u00f1os para la arquitectura\",\"isPartOf\":{\"@id\":\"https:\/\/iconico.es\/en\/#website\"},\"datePublished\":\"2022-09-13T08:09:27+00:00\",\"dateModified\":\"2022-11-14T13:46:27+00:00\",\"description\":\"Politique relative aux cookies - Politique relative aux cookies\",\"breadcrumb\":{\"@id\":\"https:\/\/iconico.es\/fr\/politique-relative-aux-cookies\/#breadcrumb\"},\"inLanguage\":\"fr-FR\",\"potentialAction\":[{\"@type\":\"ReadAction\",\"target\":[\"https:\/\/iconico.es\/fr\/politique-relative-aux-cookies\/\"]}]},{\"@type\":\"BreadcrumbList\",\"@id\":\"https:\/\/iconico.es\/fr\/politique-relative-aux-cookies\/#breadcrumb\",\"itemListElement\":[{\"@type\":\"ListItem\",\"position\":1,\"name\":\"Home\",\"item\":\"https:\/\/iconico.es\/fr\/\"},{\"@type\":\"ListItem\",\"position\":2,\"name\":\"Politique relative aux cookies\"}]},{\"@type\":\"WebSite\",\"@id\":\"https:\/\/iconico.es\/en\/#website\",\"url\":\"https:\/\/iconico.es\/en\/\",\"name\":\"IC\u00d3NICO - Dise\u00f1os para la arquitectura\",\"description\":\"IC\u00d3NICO dise\u00f1a productos atemporales para la arquitectura que responden a los mismos criterios tanto en sus formas como en sus acabados, lujo y calidad.\",\"publisher\":{\"@id\":\"https:\/\/iconico.es\/en\/#organization\"},\"potentialAction\":[{\"@type\":\"SearchAction\",\"target\":{\"@type\":\"EntryPoint\",\"urlTemplate\":\"https:\/\/iconico.es\/en\/?s={search_term_string}\"},\"query-input\":\"required name=search_term_string\"}],\"inLanguage\":\"fr-FR\"},{\"@type\":\"Organization\",\"@id\":\"https:\/\/iconico.es\/en\/#organization\",\"name\":\"Dise\u00f1o Ic\u00f3nico, s.l.\",\"url\":\"https:\/\/iconico.es\/en\/\",\"logo\":{\"@type\":\"ImageObject\",\"inLanguage\":\"fr-FR\",\"@id\":\"https:\/\/iconico.es\/en\/#\/schema\/logo\/image\/\",\"url\":\"https:\/\/iconico.es\/wp-content\/uploads\/2021\/09\/cropped-iconico_Logotipo.png\",\"contentUrl\":\"https:\/\/iconico.es\/wp-content\/uploads\/2021\/09\/cropped-iconico_Logotipo.png\",\"width\":322,\"height\":80,\"caption\":\"Dise\u00f1o Ic\u00f3nico, s.l.\"},\"image\":{\"@id\":\"https:\/\/iconico.es\/en\/#\/schema\/logo\/image\/\"},\"sameAs\":[\"https:\/\/www.facebook.com\/iconicospain\",\"https:\/\/www.instagram.com\/iconico\/\",\"https:\/\/www.linkedin.com\/company\/iconico-elements-for-architecture\",\"https:\/\/www.pinterest.es\/iconico_es\/\"]}]}<\/script>\r\n<!-- \/ Yoast SEO plugin. -->","yoast_head_json":{"title":"Politique relative aux cookies - IC\u00d3NICO - Dise\u00f1os para la arquitectura","description":"Politique relative aux cookies - Politique relative aux cookies","robots":{"index":"index","follow":"follow","max-snippet":"max-snippet:-1","max-image-preview":"max-image-preview:large","max-video-preview":"max-video-preview:-1"},"canonical":"https:\/\/iconico.es\/fr\/politique-relative-aux-cookies\/","og_locale":"fr_FR","og_type":"article","og_title":"Politique relative aux cookies - IC\u00d3NICO - Dise\u00f1os para la arquitectura","og_description":"Politique relative aux cookies - Politique relative aux cookies","og_url":"https:\/\/iconico.es\/fr\/politique-relative-aux-cookies\/","og_site_name":"IC\u00d3NICO - Dise\u00f1os para la arquitectura","article_publisher":"https:\/\/www.facebook.com\/iconicospain","article_modified_time":"2022-11-14T13:46:27+00:00","twitter_card":"summary_large_image","twitter_misc":{"Dur\u00e9e de lecture estim\u00e9e":"4 minutes"},"schema":{"@context":"https:\/\/schema.org","@graph":[{"@type":"WebPage","@id":"https:\/\/iconico.es\/fr\/politique-relative-aux-cookies\/","url":"https:\/\/iconico.es\/fr\/politique-relative-aux-cookies\/","name":"Politique relative aux cookies - IC\u00d3NICO - Dise\u00f1os para la arquitectura","isPartOf":{"@id":"https:\/\/iconico.es\/en\/#website"},"datePublished":"2022-09-13T08:09:27+00:00","dateModified":"2022-11-14T13:46:27+00:00","description":"Politique relative aux cookies - Politique relative aux cookies","breadcrumb":{"@id":"https:\/\/iconico.es\/fr\/politique-relative-aux-cookies\/#breadcrumb"},"inLanguage":"fr-FR","potentialAction":[{"@type":"ReadAction","target":["https:\/\/iconico.es\/fr\/politique-relative-aux-cookies\/"]}]},{"@type":"BreadcrumbList","@id":"https:\/\/iconico.es\/fr\/politique-relative-aux-cookies\/#breadcrumb","itemListElement":[{"@type":"ListItem","position":1,"name":"Home","item":"https:\/\/iconico.es\/fr\/"},{"@type":"ListItem","position":2,"name":"Politique relative aux cookies"}]},{"@type":"WebSite","@id":"https:\/\/iconico.es\/en\/#website","url":"https:\/\/iconico.es\/en\/","name":"IC\u00d3NICO - Dise\u00f1os para la arquitectura","description":"IC\u00d3NICO dise\u00f1a productos atemporales para la arquitectura que responden a los mismos criterios tanto en sus formas como en sus acabados, lujo y calidad.","publisher":{"@id":"https:\/\/iconico.es\/en\/#organization"},"potentialAction":[{"@type":"SearchAction","target":{"@type":"EntryPoint","urlTemplate":"https:\/\/iconico.es\/en\/?s={search_term_string}"},"query-input":"required name=search_term_string"}],"inLanguage":"fr-FR"},{"@type":"Organization","@id":"https:\/\/iconico.es\/en\/#organization","name":"Dise\u00f1o Ic\u00f3nico, s.l.","url":"https:\/\/iconico.es\/en\/","logo":{"@type":"ImageObject","inLanguage":"fr-FR","@id":"https:\/\/iconico.es\/en\/#\/schema\/logo\/image\/","url":"https:\/\/iconico.es\/wp-content\/uploads\/2021\/09\/cropped-iconico_Logotipo.png","contentUrl":"https:\/\/iconico.es\/wp-content\/uploads\/2021\/09\/cropped-iconico_Logotipo.png","width":322,"height":80,"caption":"Dise\u00f1o Ic\u00f3nico, s.l."},"image":{"@id":"https:\/\/iconico.es\/en\/#\/schema\/logo\/image\/"},"sameAs":["https:\/\/www.facebook.com\/iconicospain","https:\/\/www.instagram.com\/iconico\/","https:\/\/www.linkedin.com\/company\/iconico-elements-for-architecture","https:\/\/www.pinterest.es\/iconico_es\/"]}]}},"_links":{"self":[{"href":"https:\/\/iconico.es\/fr\/wp-json\/wp\/v2\/pages\/39254","targetHints":{"allow":["GET"]}}],"collection":[{"href":"https:\/\/iconico.es\/fr\/wp-json\/wp\/v2\/pages"}],"about":[{"href":"https:\/\/iconico.es\/fr\/wp-json\/wp\/v2\/types\/page"}],"author":[{"embeddable":true,"href":"https:\/\/iconico.es\/fr\/wp-json\/wp\/v2\/users\/12"}],"replies":[{"embeddable":true,"href":"https:\/\/iconico.es\/fr\/wp-json\/wp\/v2\/comments?post=39254"}],"version-history":[{"count":0,"href":"https:\/\/iconico.es\/fr\/wp-json\/wp\/v2\/pages\/39254\/revisions"}],"wp:attachment":[{"href":"https:\/\/iconico.es\/fr\/wp-json\/wp\/v2\/media?parent=39254"}],"curies":[{"name":"wp","href":"https:\/\/api.w.org\/{rel}","templated":true}]}}