{"id":39308,"date":"2022-09-13T15:03:23","date_gmt":"2022-09-13T15:03:23","guid":{"rendered":"https:\/\/iconico.es\/catalogue-de-produits\/robinetterie\/robinetterie-pour-vasque\/robinetterie-pour-vasque-collection-c\/"},"modified":"2022-10-17T08:35:46","modified_gmt":"2022-10-17T08:35:46","slug":"collection-c","status":"publish","type":"page","link":"https:\/\/iconico.es\/fr\/catalogue\/robinetterie\/vasque\/collection-c\/","title":{"rendered":"Robinetterie pour vasque Collection C"},"content":{"rendered":"[vc_row et_column_align=\u00a0\u00bbalign-center\u00a0\u00bb css=\u00a0\u00bb.vc_custom_1633429351754{margin-top: 3% !important;}\u00a0\u00bb][vc_column width=\u00a0\u00bb1\/4&Prime;][\/vc_column][vc_column width=\u00a0\u00bb1\/2&Prime;][vc_column_text]\n<h3 style=\"text-align: center;\">La Collection\u00a0C de robinetterie pour vasque est constitu\u00e9e de plusieurs mod\u00e8les de diff\u00e9rentes hauteurs et longueurs de bec, et propose diverses possibilit\u00e9s d\u2019installation (\u00e0 encastrer ou \u00e0 poser). Son design de forme rectangulaire, aux lignes plates et d\u00e9licates, permet un \u00e9coulement de l\u2019eau doux et \u00e9l\u00e9gant.<\/h3>\n[\/vc_column_text][\/vc_column][vc_column width=\u00a0\u00bb1\/4&Prime;][\/vc_column][\/vc_row][vc_row et_column_align=\u00a0\u00bbalign-center\u00a0\u00bb equal_height=\u00a0\u00bbyes\u00a0\u00bb el_class=\u00a0\u00bbcuadrados-1&Prime;][vc_column]\t<div id=\"et-hovercard-69ec7e928dacd\" class=\" et-hovercard \">\n\t\t<a class=\"et-hovercard-link\" href=\"http:\/\/iconico.es\/productos\/griferia-de-lavabo-coleccion-c\/\" target=\"_self\">\t\t<div class=\"et-hovercard-front et-hovercard-side\">\n\t\t\t<div class=\"et-hovercard-inner\">\n\t\t\t\t<h3 class=\"et-pricing-head\">ROBINETTERIE POUR VASQUE COLLECTION C<\/h3>\n\t\t\t<\/div>\n\t\t<\/div>\n\t\t<div class=\"et-hovercard-back et-hovercard-side\">\n\t\t\t<div class=\"et-hovercard-inner\">\n\t\t\t\t<figure class=\"et-pricing-icon\">\n\t\t\t\t\t\t\t\t\t\t<span class=\"\"><\/span>\n\t\t\t\t\t\t\t\t\t<\/figure>\n\t\t\t\t<h3 class=\"et-pricing-head\">ROBINETTERIE POUR VASQUE COLLECTION C<\/h3>\n\t\t\t\t<div class=\"et-pricing-content\"><\/div>\n\t\t\t<\/div>\n\t\t<\/div>\n\t\t<\/a>\n\t<\/div>\n\t[\/vc_column][\/vc_row][vc_row css=\u00a0\u00bb.vc_custom_1663831912348{margin-top: 45px !important;margin-bottom: 45px !important;}\u00a0\u00bb el_class=\u00a0\u00bbcuadrados-1&Prime;][vc_column][vc_btn title=\u00a0\u00bbVER PRODUCTOS\u00a0\u00bb style=\u00a0\u00bboutline\u00a0\u00bb shape=\u00a0\u00bbsquare\u00a0\u00bb color=\u00a0\u00bbblack\u00a0\u00bb align=\u00a0\u00bbcenter\u00a0\u00bb link=\u00a0\u00bburl:https%3A%2F%2Ficonico.es%2Ffr%2Fproduits%2Frobinetterie-vasque-collection-c%2F|\u00a0\u00bb][\/vc_column][\/vc_row][vc_row et_column_align=\u00a0\u00bbalign-center\u00a0\u00bb content_placement=\u00a0\u00bbmiddle\u00a0\u00bb css=\u00a0\u00bb.vc_custom_1636547158458{margin-top: 2% !important;margin-right: 10% !important;margin-left: 10% !important;}\u00a0\u00bb][vc_column width=\u00a0\u00bb1\/2&Prime;][vc_row_inner][vc_column_inner width=\u00a0\u00bb1\/6&Prime;][\/vc_column_inner][vc_column_inner width=\u00a0\u00bb5\/6&Prime;][vc_column_text]\n<h4>COMMANDES: TYPES,<br \/>\nMOD\u00c8LES ET EMPLACEMENT<\/h4>\n[\/vc_column_text][\/vc_column_inner][\/vc_row_inner][\/vc_column][vc_column width=\u00a0\u00bb1\/2&Prime;][vc_column_text]Notre catalogue propose deux types de commandes avec possibilit\u00e9 de choisir entre un mitigeur monocommande ou un robinet double commande. Disponibles dans deux mod\u00e8les diff\u00e9rents, leur design est pens\u00e9 pour une installation encastr\u00e9e ou pos\u00e9e, ind\u00e9pendamment de l\u2019emplacement du bec.[\/vc_column_text][\/vc_column][\/vc_row][vc_row et_column_align=\u00a0\u00bbalign-center\u00a0\u00bb content_placement=\u00a0\u00bbmiddle\u00a0\u00bb css=\u00a0\u00bb.vc_custom_1639129901163{margin-top: 2% !important;margin-right: 10% !important;margin-left: 10% !important;}\u00a0\u00bb][vc_column width=\u00a0\u00bb1\/2&Prime;][vc_row_inner][vc_column_inner width=\u00a0\u00bb1\/6&Prime;][\/vc_column_inner][vc_column_inner width=\u00a0\u00bb5\/6&Prime;][vc_column_text]\n<h4 style=\"text-align: left;\">FINITIONS DISPONIBLES<\/h4>\n[\/vc_column_text][\/vc_column_inner][\/vc_row_inner][\/vc_column][vc_column width=\u00a0\u00bb1\/2&Prime;][vc_column_text]Disponibles en sept finitions qui peuvent \u00eatre associ\u00e9es \u00e0 tout type de rev\u00eatement ou mat\u00e9riau. Chrome, blanc mat, noir mat, nickel bross\u00e9, or bross\u00e9 ou brut sont les finitions disponibles dans cette collection.[\/vc_column_text][\/vc_column][\/vc_row][vc_row et_column_align=\u00a0\u00bbalign-center\u00a0\u00bb content_placement=\u00a0\u00bbmiddle\u00a0\u00bb css=\u00a0\u00bb.vc_custom_1639129907712{margin-top: 2% !important;margin-right: 10% !important;margin-left: 10% !important;}\u00a0\u00bb][vc_column width=\u00a0\u00bb1\/2&Prime;][vc_row_inner][vc_column_inner width=\u00a0\u00bb1\/6&Prime;][\/vc_column_inner][vc_column_inner width=\u00a0\u00bb5\/6&Prime;][vc_column_text]\n<h4>R\u00c9DUCTEURS DE D\u00c9BIT<br \/>\nPOUR LES CERTIFICATIONS<br \/>\nLEED ET BREEAM<\/h4>\n[\/vc_column_text][\/vc_column_inner][\/vc_row_inner][\/vc_column][vc_column width=\u00a0\u00bb1\/2&Prime;][vc_column_text]Nous sommes dot\u00e9s de dispositifs techniques permettant de r\u00e9duire le d\u00e9bit de l\u2019eau. Ceux-ci permettent d\u2019obtenir les meilleures notes des certifications BREEAM et LEED, encourageant ainsi les \u00e9conomies d\u2019eau et la durabilit\u00e9 environnementale de notre plan\u00e8te.[\/vc_column_text][\/vc_column][\/vc_row][vc_row css=\u00a0\u00bb.vc_custom_1663830443662{margin-top: 2% !important;}\u00a0\u00bb el_class=\u00a0\u00bbinspiracion-hover-card\u00a0\u00bb][vc_column offset=\u00a0\u00bbvc_hidden-xs\u00a0\u00bb][vc_separator][vc_column_text css=\u00a0\u00bb.vc_custom_1642500882752{margin-top: 3% !important;margin-bottom: 3% !important;}\u00a0\u00bb]\n<h3 style=\"text-align: center;\">Inspiration<\/h3>\n[\/vc_column_text][vc_row_inner][vc_column_inner width=\u00a0\u00bb1\/3&Prime;]\t<div id=\"et-hovercard-69ec7e928ea52\" class=\" et-hovercard \">\n\t\t<a class=\"et-hovercard-link\" href=\"http:\/\/iconico.es\/wp-content\/uploads\/C-LE23-30_iconico-1-scaled.jpg\" target=\"_blank\">\t\t<div class=\"et-hovercard-front et-hovercard-side\">\n\t\t\t<div class=\"et-hovercard-inner\">\n\t\t\t\t<h3 class=\"et-pricing-head\"><\/h3>\n\t\t\t<\/div>\n\t\t<\/div>\n\t\t<div class=\"et-hovercard-back et-hovercard-side\">\n\t\t\t<div class=\"et-hovercard-inner\">\n\t\t\t\t<figure class=\"et-pricing-icon\">\n\t\t\t\t\t\t\t\t\t\t<span class=\"\"><\/span>\n\t\t\t\t\t\t\t\t\t<\/figure>\n\t\t\t\t<h3 class=\"et-pricing-head\"><\/h3>\n\t\t\t\t<div class=\"et-pricing-content\"><\/div>\n\t\t\t<\/div>\n\t\t<\/div>\n\t\t<\/a>\n\t<\/div>\n\t[\/vc_column_inner][vc_column_inner width=\u00a0\u00bb1\/3&Prime;]\t<div id=\"et-hovercard-69ec7e928f999\" class=\" et-hovercard \">\n\t\t<a class=\"et-hovercard-link\" href=\"http:\/\/iconico.es\/wp-content\/uploads\/C-LE23-30_iconico2.jpg\" target=\"_blank\">\t\t<div class=\"et-hovercard-front et-hovercard-side\">\n\t\t\t<div class=\"et-hovercard-inner\">\n\t\t\t\t<h3 class=\"et-pricing-head\"><\/h3>\n\t\t\t<\/div>\n\t\t<\/div>\n\t\t<div class=\"et-hovercard-back et-hovercard-side\">\n\t\t\t<div class=\"et-hovercard-inner\">\n\t\t\t\t<figure class=\"et-pricing-icon\">\n\t\t\t\t\t\t\t\t\t\t<span class=\"\"><\/span>\n\t\t\t\t\t\t\t\t\t<\/figure>\n\t\t\t\t<h3 class=\"et-pricing-head\"><\/h3>\n\t\t\t\t<div class=\"et-pricing-content\"><\/div>\n\t\t\t<\/div>\n\t\t<\/div>\n\t\t<\/a>\n\t<\/div>\n\t[\/vc_column_inner][vc_column_inner width=\u00a0\u00bb1\/3&Prime;]\t<div id=\"et-hovercard-69ec7e92905f2\" class=\" et-hovercard \">\n\t\t<a class=\"et-hovercard-link\" href=\"http:\/\/iconico.es\/wp-content\/uploads\/C-LP22-30_iconico-scaled.jpg\" target=\"_blank\">\t\t<div class=\"et-hovercard-front et-hovercard-side\">\n\t\t\t<div class=\"et-hovercard-inner\">\n\t\t\t\t<h3 class=\"et-pricing-head\"><\/h3>\n\t\t\t<\/div>\n\t\t<\/div>\n\t\t<div class=\"et-hovercard-back et-hovercard-side\">\n\t\t\t<div class=\"et-hovercard-inner\">\n\t\t\t\t<figure class=\"et-pricing-icon\">\n\t\t\t\t\t\t\t\t\t\t<span class=\"\"><\/span>\n\t\t\t\t\t\t\t\t\t<\/figure>\n\t\t\t\t<h3 class=\"et-pricing-head\"><\/h3>\n\t\t\t\t<div class=\"et-pricing-content\"><\/div>\n\t\t\t<\/div>\n\t\t<\/div>\n\t\t<\/a>\n\t<\/div>\n\t[\/vc_column_inner][\/vc_row_inner][vc_row_inner css=\u00a0\u00bb.vc_custom_1639129488357{margin-top: 1rem !important;}\u00a0\u00bb][vc_column_inner width=\u00a0\u00bb1\/2&Prime;]\t<div id=\"et-hovercard-69ec7e929115c\" class=\" et-hovercard \">\n\t\t<a class=\"et-hovercard-link\" href=\"http:\/\/iconico.es\/wp-content\/uploads\/C-LE23-27_iconico-scaled.jpg\" target=\"_blank\">\t\t<div class=\"et-hovercard-front et-hovercard-side\">\n\t\t\t<div class=\"et-hovercard-inner\">\n\t\t\t\t<h3 class=\"et-pricing-head\"><\/h3>\n\t\t\t<\/div>\n\t\t<\/div>\n\t\t<div class=\"et-hovercard-back et-hovercard-side\">\n\t\t\t<div class=\"et-hovercard-inner\">\n\t\t\t\t<figure class=\"et-pricing-icon\">\n\t\t\t\t\t\t\t\t\t\t<span class=\"\"><\/span>\n\t\t\t\t\t\t\t\t\t<\/figure>\n\t\t\t\t<h3 class=\"et-pricing-head\"><\/h3>\n\t\t\t\t<div class=\"et-pricing-content\"><\/div>\n\t\t\t<\/div>\n\t\t<\/div>\n\t\t<\/a>\n\t<\/div>\n\t[\/vc_column_inner][vc_column_inner width=\u00a0\u00bb1\/2&Prime;]\t<div id=\"et-hovercard-69ec7e9291dc5\" class=\" et-hovercard \">\n\t\t\t\t<div class=\"et-hovercard-front et-hovercard-side\">\n\t\t\t<div class=\"et-hovercard-inner\">\n\t\t\t\t<h3 class=\"et-pricing-head\"><\/h3>\n\t\t\t<\/div>\n\t\t<\/div>\n\t\t<div class=\"et-hovercard-back et-hovercard-side\">\n\t\t\t<div class=\"et-hovercard-inner\">\n\t\t\t\t<figure class=\"et-pricing-icon\">\n\t\t\t\t\t\t\t\t\t\t<span class=\"\"><\/span>\n\t\t\t\t\t\t\t\t\t<\/figure>\n\t\t\t\t<h3 class=\"et-pricing-head\"><\/h3>\n\t\t\t\t<div class=\"et-pricing-content\"><\/div>\n\t\t\t<\/div>\n\t\t<\/div>\n\t\t\n\t<\/div>\n\t[\/vc_column_inner][\/vc_row_inner][\/vc_column][\/vc_row][vc_row][vc_column offset=\u00a0\u00bbvc_hidden-lg vc_hidden-md vc_hidden-sm\u00a0\u00bb][vc_separator][vc_column_text css=\u00a0\u00bb.vc_custom_1642500882752{margin-top: 3% !important;margin-bottom: 3% !important;}\u00a0\u00bb]\n<h3 style=\"text-align: center;\">Inspiration<\/h3>\n[\/vc_column_text][vc_images_carousel images=\u00a0\u00bb27078,27081,27080,22394,22396,22398,22400,22402,22406,29722,22404&Prime; img_size=\u00a0\u00bb350X400&Prime; hide_pagination_control=\u00a0\u00bbyes\u00a0\u00bb][\/vc_column][\/vc_row][vc_row css=\u00a0\u00bb.vc_custom_1663831922976{margin-top: 45px !important;margin-bottom: 45px !important;}\u00a0\u00bb el_class=\u00a0\u00bbcuadrados-1&Prime;][vc_column][vc_btn title=\u00a0\u00bbVER PRODUCTOS\u00a0\u00bb style=\u00a0\u00bboutline\u00a0\u00bb shape=\u00a0\u00bbsquare\u00a0\u00bb color=\u00a0\u00bbblack\u00a0\u00bb align=\u00a0\u00bbcenter\u00a0\u00bb link=\u00a0\u00bburl:https%3A%2F%2Ficonico.es%2Ffr%2Fproduits%2Frobinetterie-vasque-collection-c%2F|\u00a0\u00bb][\/vc_column][\/vc_row]\n","protected":false},"excerpt":{"rendered":"<p>[vc_row et_column_align=\u00a0\u00bbalign-center\u00a0\u00bb css=\u00a0\u00bb.vc_custom_1633429351754{margin-top: 3% !important;}\u00a0\u00bb][vc_column width=\u00a0\u00bb1\/4&Prime;][\/vc_column][vc_column width=\u00a0\u00bb1\/2&Prime;][vc_column_text] La Collection\u00a0C de robinetterie pour vasque est constitu\u00e9e de plusieurs mod\u00e8les de diff\u00e9rentes hauteurs et longueurs de bec, et propose diverses possibilit\u00e9s d\u2019installation (\u00e0 encastrer ou \u00e0 poser). Son design de forme rectangulaire, aux lignes plates et d\u00e9licates, permet un \u00e9coulement de l\u2019eau&hellip;<\/p>\n","protected":false},"author":12,"featured_media":0,"parent":39298,"menu_order":0,"comment_status":"closed","ping_status":"closed","template":"","meta":{"_acf_changed":false,"footnotes":""},"class_list":["post-39308","page","type-page","status-publish","hentry"],"acf":[],"yoast_head":"<!-- This site is optimized with the Yoast SEO plugin v22.6 - https:\/\/yoast.com\/wordpress\/plugins\/seo\/ -->\r\n<title>Robinetterie pour vasque Collection C - IC\u00d3NICO - Dise\u00f1os para la arquitectura<\/title>\r\n<meta name=\"description\" content=\"Robinetterie pour vasque, douche et baignoire. Mod\u00e8les avec diff\u00e9rentes hauteurs, longueurs de becs, possibilit\u00e9s d&#039;installation disponibles en s6 finitions.\" \/>\r\n<meta name=\"robots\" content=\"index, follow, max-snippet:-1, max-image-preview:large, max-video-preview:-1\" \/>\r\n<link rel=\"canonical\" href=\"https:\/\/iconico.es\/fr\/catalogue\/robinetterie\/vasque\/collection-c\/\" \/>\r\n<meta property=\"og:locale\" content=\"fr_FR\" \/>\r\n<meta property=\"og:type\" content=\"article\" \/>\r\n<meta property=\"og:title\" content=\"Robinetterie pour vasque Collection C - IC\u00d3NICO - Dise\u00f1os para la arquitectura\" \/>\r\n<meta property=\"og:description\" content=\"Robinetterie pour vasque, douche et baignoire. Mod\u00e8les avec diff\u00e9rentes hauteurs, longueurs de becs, possibilit\u00e9s d&#039;installation disponibles en s6 finitions.\" \/>\r\n<meta property=\"og:url\" content=\"https:\/\/iconico.es\/fr\/catalogue\/robinetterie\/vasque\/collection-c\/\" \/>\r\n<meta property=\"og:site_name\" content=\"IC\u00d3NICO - Dise\u00f1os para la arquitectura\" \/>\r\n<meta property=\"article:publisher\" content=\"https:\/\/www.facebook.com\/iconicospain\" \/>\r\n<meta property=\"article:modified_time\" content=\"2022-10-17T08:35:46+00:00\" \/>\r\n<meta name=\"twitter:card\" content=\"summary_large_image\" \/>\r\n<meta name=\"twitter:label1\" content=\"Dur\u00e9e de lecture estim\u00e9e\" \/>\n\t<meta name=\"twitter:data1\" content=\"2 minutes\" \/>\r\n<script type=\"application\/ld+json\" class=\"yoast-schema-graph\">{\"@context\":\"https:\/\/schema.org\",\"@graph\":[{\"@type\":\"WebPage\",\"@id\":\"https:\/\/iconico.es\/fr\/catalogue\/robinetterie\/vasque\/collection-c\/\",\"url\":\"https:\/\/iconico.es\/fr\/catalogue\/robinetterie\/vasque\/collection-c\/\",\"name\":\"Robinetterie pour vasque Collection C - IC\u00d3NICO - Dise\u00f1os para la arquitectura\",\"isPartOf\":{\"@id\":\"https:\/\/iconico.es\/en\/#website\"},\"datePublished\":\"2022-09-13T15:03:23+00:00\",\"dateModified\":\"2022-10-17T08:35:46+00:00\",\"description\":\"Robinetterie pour vasque, douche et baignoire. Mod\u00e8les avec diff\u00e9rentes hauteurs, longueurs de becs, possibilit\u00e9s d'installation disponibles en s6 finitions.\",\"breadcrumb\":{\"@id\":\"https:\/\/iconico.es\/fr\/catalogue\/robinetterie\/vasque\/collection-c\/#breadcrumb\"},\"inLanguage\":\"fr-FR\",\"potentialAction\":[{\"@type\":\"ReadAction\",\"target\":[\"https:\/\/iconico.es\/fr\/catalogue\/robinetterie\/vasque\/collection-c\/\"]}]},{\"@type\":\"BreadcrumbList\",\"@id\":\"https:\/\/iconico.es\/fr\/catalogue\/robinetterie\/vasque\/collection-c\/#breadcrumb\",\"itemListElement\":[{\"@type\":\"ListItem\",\"position\":1,\"name\":\"Home\",\"item\":\"https:\/\/iconico.es\/fr\/\"},{\"@type\":\"ListItem\",\"position\":2,\"name\":\"Catalogue de produits\",\"item\":\"https:\/\/iconico.es\/fr\/catalogue\/\"},{\"@type\":\"ListItem\",\"position\":3,\"name\":\"Robinetterie\",\"item\":\"https:\/\/iconico.es\/fr\/catalogue\/robinetterie\/\"},{\"@type\":\"ListItem\",\"position\":4,\"name\":\"Robinetterie pour vasque\",\"item\":\"https:\/\/iconico.es\/fr\/catalogue\/robinetterie\/vasque\/\"},{\"@type\":\"ListItem\",\"position\":5,\"name\":\"Robinetterie pour vasque Collection C\"}]},{\"@type\":\"WebSite\",\"@id\":\"https:\/\/iconico.es\/en\/#website\",\"url\":\"https:\/\/iconico.es\/en\/\",\"name\":\"IC\u00d3NICO - Dise\u00f1os para la arquitectura\",\"description\":\"IC\u00d3NICO dise\u00f1a productos atemporales para la arquitectura que responden a los mismos criterios tanto en sus formas como en sus acabados, lujo y calidad.\",\"publisher\":{\"@id\":\"https:\/\/iconico.es\/en\/#organization\"},\"potentialAction\":[{\"@type\":\"SearchAction\",\"target\":{\"@type\":\"EntryPoint\",\"urlTemplate\":\"https:\/\/iconico.es\/en\/?s={search_term_string}\"},\"query-input\":\"required name=search_term_string\"}],\"inLanguage\":\"fr-FR\"},{\"@type\":\"Organization\",\"@id\":\"https:\/\/iconico.es\/en\/#organization\",\"name\":\"Dise\u00f1o Ic\u00f3nico, s.l.\",\"url\":\"https:\/\/iconico.es\/en\/\",\"logo\":{\"@type\":\"ImageObject\",\"inLanguage\":\"fr-FR\",\"@id\":\"https:\/\/iconico.es\/en\/#\/schema\/logo\/image\/\",\"url\":\"https:\/\/iconico.es\/wp-content\/uploads\/2021\/09\/cropped-iconico_Logotipo.png\",\"contentUrl\":\"https:\/\/iconico.es\/wp-content\/uploads\/2021\/09\/cropped-iconico_Logotipo.png\",\"width\":322,\"height\":80,\"caption\":\"Dise\u00f1o Ic\u00f3nico, s.l.\"},\"image\":{\"@id\":\"https:\/\/iconico.es\/en\/#\/schema\/logo\/image\/\"},\"sameAs\":[\"https:\/\/www.facebook.com\/iconicospain\",\"https:\/\/www.instagram.com\/iconico\/\",\"https:\/\/www.linkedin.com\/company\/iconico-elements-for-architecture\",\"https:\/\/www.pinterest.es\/iconico_es\/\"]}]}<\/script>\r\n<!-- \/ Yoast SEO plugin. -->","yoast_head_json":{"title":"Robinetterie pour vasque Collection C - IC\u00d3NICO - Dise\u00f1os para la arquitectura","description":"Robinetterie pour vasque, douche et baignoire. Mod\u00e8les avec diff\u00e9rentes hauteurs, longueurs de becs, possibilit\u00e9s d'installation disponibles en s6 finitions.","robots":{"index":"index","follow":"follow","max-snippet":"max-snippet:-1","max-image-preview":"max-image-preview:large","max-video-preview":"max-video-preview:-1"},"canonical":"https:\/\/iconico.es\/fr\/catalogue\/robinetterie\/vasque\/collection-c\/","og_locale":"fr_FR","og_type":"article","og_title":"Robinetterie pour vasque Collection C - IC\u00d3NICO - Dise\u00f1os para la arquitectura","og_description":"Robinetterie pour vasque, douche et baignoire. Mod\u00e8les avec diff\u00e9rentes hauteurs, longueurs de becs, possibilit\u00e9s d'installation disponibles en s6 finitions.","og_url":"https:\/\/iconico.es\/fr\/catalogue\/robinetterie\/vasque\/collection-c\/","og_site_name":"IC\u00d3NICO - Dise\u00f1os para la arquitectura","article_publisher":"https:\/\/www.facebook.com\/iconicospain","article_modified_time":"2022-10-17T08:35:46+00:00","twitter_card":"summary_large_image","twitter_misc":{"Dur\u00e9e de lecture estim\u00e9e":"2 minutes"},"schema":{"@context":"https:\/\/schema.org","@graph":[{"@type":"WebPage","@id":"https:\/\/iconico.es\/fr\/catalogue\/robinetterie\/vasque\/collection-c\/","url":"https:\/\/iconico.es\/fr\/catalogue\/robinetterie\/vasque\/collection-c\/","name":"Robinetterie pour vasque Collection C - IC\u00d3NICO - Dise\u00f1os para la arquitectura","isPartOf":{"@id":"https:\/\/iconico.es\/en\/#website"},"datePublished":"2022-09-13T15:03:23+00:00","dateModified":"2022-10-17T08:35:46+00:00","description":"Robinetterie pour vasque, douche et baignoire. Mod\u00e8les avec diff\u00e9rentes hauteurs, longueurs de becs, possibilit\u00e9s d'installation disponibles en s6 finitions.","breadcrumb":{"@id":"https:\/\/iconico.es\/fr\/catalogue\/robinetterie\/vasque\/collection-c\/#breadcrumb"},"inLanguage":"fr-FR","potentialAction":[{"@type":"ReadAction","target":["https:\/\/iconico.es\/fr\/catalogue\/robinetterie\/vasque\/collection-c\/"]}]},{"@type":"BreadcrumbList","@id":"https:\/\/iconico.es\/fr\/catalogue\/robinetterie\/vasque\/collection-c\/#breadcrumb","itemListElement":[{"@type":"ListItem","position":1,"name":"Home","item":"https:\/\/iconico.es\/fr\/"},{"@type":"ListItem","position":2,"name":"Catalogue de produits","item":"https:\/\/iconico.es\/fr\/catalogue\/"},{"@type":"ListItem","position":3,"name":"Robinetterie","item":"https:\/\/iconico.es\/fr\/catalogue\/robinetterie\/"},{"@type":"ListItem","position":4,"name":"Robinetterie pour vasque","item":"https:\/\/iconico.es\/fr\/catalogue\/robinetterie\/vasque\/"},{"@type":"ListItem","position":5,"name":"Robinetterie pour vasque Collection C"}]},{"@type":"WebSite","@id":"https:\/\/iconico.es\/en\/#website","url":"https:\/\/iconico.es\/en\/","name":"IC\u00d3NICO - Dise\u00f1os para la arquitectura","description":"IC\u00d3NICO dise\u00f1a productos atemporales para la arquitectura que responden a los mismos criterios tanto en sus formas como en sus acabados, lujo y calidad.","publisher":{"@id":"https:\/\/iconico.es\/en\/#organization"},"potentialAction":[{"@type":"SearchAction","target":{"@type":"EntryPoint","urlTemplate":"https:\/\/iconico.es\/en\/?s={search_term_string}"},"query-input":"required name=search_term_string"}],"inLanguage":"fr-FR"},{"@type":"Organization","@id":"https:\/\/iconico.es\/en\/#organization","name":"Dise\u00f1o Ic\u00f3nico, s.l.","url":"https:\/\/iconico.es\/en\/","logo":{"@type":"ImageObject","inLanguage":"fr-FR","@id":"https:\/\/iconico.es\/en\/#\/schema\/logo\/image\/","url":"https:\/\/iconico.es\/wp-content\/uploads\/2021\/09\/cropped-iconico_Logotipo.png","contentUrl":"https:\/\/iconico.es\/wp-content\/uploads\/2021\/09\/cropped-iconico_Logotipo.png","width":322,"height":80,"caption":"Dise\u00f1o Ic\u00f3nico, s.l."},"image":{"@id":"https:\/\/iconico.es\/en\/#\/schema\/logo\/image\/"},"sameAs":["https:\/\/www.facebook.com\/iconicospain","https:\/\/www.instagram.com\/iconico\/","https:\/\/www.linkedin.com\/company\/iconico-elements-for-architecture","https:\/\/www.pinterest.es\/iconico_es\/"]}]}},"_links":{"self":[{"href":"https:\/\/iconico.es\/fr\/wp-json\/wp\/v2\/pages\/39308","targetHints":{"allow":["GET"]}}],"collection":[{"href":"https:\/\/iconico.es\/fr\/wp-json\/wp\/v2\/pages"}],"about":[{"href":"https:\/\/iconico.es\/fr\/wp-json\/wp\/v2\/types\/page"}],"author":[{"embeddable":true,"href":"https:\/\/iconico.es\/fr\/wp-json\/wp\/v2\/users\/12"}],"replies":[{"embeddable":true,"href":"https:\/\/iconico.es\/fr\/wp-json\/wp\/v2\/comments?post=39308"}],"version-history":[{"count":0,"href":"https:\/\/iconico.es\/fr\/wp-json\/wp\/v2\/pages\/39308\/revisions"}],"up":[{"embeddable":true,"href":"https:\/\/iconico.es\/fr\/wp-json\/wp\/v2\/pages\/39298"}],"wp:attachment":[{"href":"https:\/\/iconico.es\/fr\/wp-json\/wp\/v2\/media?parent=39308"}],"curies":[{"name":"wp","href":"https:\/\/api.w.org\/{rel}","templated":true}]}}