{"id":39377,"date":"2022-09-14T15:55:21","date_gmt":"2022-09-14T15:55:21","guid":{"rendered":"https:\/\/iconico.es\/catalogue-de-produits\/mecanismes\/"},"modified":"2024-02-06T10:10:44","modified_gmt":"2024-02-06T10:10:44","slug":"mecanismes","status":"publish","type":"page","link":"https:\/\/iconico.es\/fr\/catalogue\/mecanismes\/","title":{"rendered":"M\u00e9canismes"},"content":{"rendered":"[vc_row et_column_align=\u00a0\u00bbalign-center\u00a0\u00bb css=\u00a0\u00bb.vc_custom_1633442396308{margin-top: 3% !important;}\u00a0\u00bb][vc_column width=\u00a0\u00bb1\/4&Prime;][\/vc_column][vc_column width=\u00a0\u00bb1\/2&Prime;][vc_column_text]\n<h3 style=\"text-align: center;\">Nos m\u00e9canismes reviennent <strong>r\u00e9nov\u00e9s et am\u00e9lior\u00e9s<\/strong>, offrant un design \u00e9l\u00e9gant et intemporel, avec jusqu&rsquo;\u00e0 <strong>12 finitions<\/strong>, de nombreuses options de personnalisation et des <strong>solutions pour tout<\/strong>. D\u00e9couvrez les d\u00e9tails qui feront la diff\u00e9rence dans n&rsquo;importe quel projet.<\/h3>\n[\/vc_column_text][\/vc_column][vc_column width=\u00a0\u00bb1\/4&Prime;][\/vc_column][\/vc_row][vc_row et_full_width=\u00a0\u00bbtrue\u00a0\u00bb content_placement=\u00a0\u00bbtop\u00a0\u00bb][vc_column][vc_row_inner][vc_column_inner][vc_single_image image=\u00a0\u00bb51099&Prime; img_size=\u00a0\u00bbfull\u00a0\u00bb alignment=\u00a0\u00bbcenter\u00a0\u00bb][\/vc_column_inner][\/vc_row_inner][vc_empty_space height=\u00a0\u00bb10px\u00a0\u00bb][\/vc_column][\/vc_row][vc_row et_full_width=\u00a0\u00bbtrue\u00a0\u00bb content_placement=\u00a0\u00bbtop\u00a0\u00bb][vc_column][vc_row_inner][vc_column_inner width=\u00a0\u00bb1\/3&Prime;]\t<div id=\"et-hovercard-69df35bf60e75\" class=\" et-hovercard \">\n\t\t<a class=\"et-hovercard-link\" href=\"https:\/\/iconico.es\/fr\/produits\/mecanismes\/collection-boutton\/\" target=\"_self\">\t\t<div class=\"et-hovercard-front et-hovercard-side\">\n\t\t\t<div class=\"et-hovercard-inner\">\n\t\t\t\t<h3 class=\"et-pricing-head\">BOUTON<\/h3>\n\t\t\t<\/div>\n\t\t<\/div>\n\t\t<div class=\"et-hovercard-back et-hovercard-side\">\n\t\t\t<div class=\"et-hovercard-inner\">\n\t\t\t\t<figure class=\"et-pricing-icon\">\n\t\t\t\t\t\t\t\t\t\t<span class=\"\"><\/span>\n\t\t\t\t\t\t\t\t\t<\/figure>\n\t\t\t\t<h3 class=\"et-pricing-head\">BOUTON<\/h3>\n\t\t\t\t<div class=\"et-pricing-content\"><\/div>\n\t\t\t<\/div>\n\t\t<\/div>\n\t\t<\/a>\n\t<\/div>\n\t[\/vc_column_inner][vc_column_inner width=\u00a0\u00bb1\/3&Prime;]\t<div id=\"et-hovercard-69df35bf61d65\" class=\" et-hovercard \">\n\t\t<a class=\"et-hovercard-link\" href=\"https:\/\/iconico.es\/fr\/produits\/mecanismes\/complements-fr\/\" target=\"_self\">\t\t<div class=\"et-hovercard-front et-hovercard-side\">\n\t\t\t<div class=\"et-hovercard-inner\">\n\t\t\t\t<h3 class=\"et-pricing-head\">COMPL\u00c9MENTS<\/h3>\n\t\t\t<\/div>\n\t\t<\/div>\n\t\t<div class=\"et-hovercard-back et-hovercard-side\">\n\t\t\t<div class=\"et-hovercard-inner\">\n\t\t\t\t<figure class=\"et-pricing-icon\">\n\t\t\t\t\t\t\t\t\t\t<span class=\"\"><\/span>\n\t\t\t\t\t\t\t\t\t<\/figure>\n\t\t\t\t<h3 class=\"et-pricing-head\">COMPL\u00c9MENTS<\/h3>\n\t\t\t\t<div class=\"et-pricing-content\"><\/div>\n\t\t\t<\/div>\n\t\t<\/div>\n\t\t<\/a>\n\t<\/div>\n\t[\/vc_column_inner][vc_column_inner width=\u00a0\u00bb1\/3&Prime;]\t<div id=\"et-hovercard-69df35bf6289c\" class=\" et-hovercard \">\n\t\t<a class=\"et-hovercard-link\" href=\"https:\/\/iconico.es\/fr\/produits\/mecanismes\/collection-levier\/\" target=\"_self\">\t\t<div class=\"et-hovercard-front et-hovercard-side\">\n\t\t\t<div class=\"et-hovercard-inner\">\n\t\t\t\t<h3 class=\"et-pricing-head\">LEVIER<\/h3>\n\t\t\t<\/div>\n\t\t<\/div>\n\t\t<div class=\"et-hovercard-back et-hovercard-side\">\n\t\t\t<div class=\"et-hovercard-inner\">\n\t\t\t\t<figure class=\"et-pricing-icon\">\n\t\t\t\t\t\t\t\t\t\t<span class=\"\"><\/span>\n\t\t\t\t\t\t\t\t\t<\/figure>\n\t\t\t\t<h3 class=\"et-pricing-head\">LEVIER<\/h3>\n\t\t\t\t<div class=\"et-pricing-content\"><\/div>\n\t\t\t<\/div>\n\t\t<\/div>\n\t\t<\/a>\n\t<\/div>\n\t[\/vc_column_inner][\/vc_row_inner][\/vc_column][\/vc_row][vc_row css=\u00a0\u00bb.vc_custom_1663836484250{margin-top: 2% !important;}\u00a0\u00bb][vc_column offset=\u00a0\u00bbvc_hidden-xs\u00a0\u00bb][vc_empty_space height=\u00a0\u00bb50px\u00a0\u00bb][vc_separator][vc_column_text css=\u00a0\u00bb.vc_custom_1707129541217{margin-top: 3% !important;margin-bottom: 3% !important;}\u00a0\u00bb]\n<h2 style=\"text-align: center;\">D\u00e9tails avec leur propre lumi\u00e8re<\/h2>\n[\/vc_column_text][vc_empty_space height=\u00a0\u00bb25px\u00a0\u00bb][\/vc_column][\/vc_row][vc_row css=\u00a0\u00bb.vc_custom_1644411544273{margin-top: 0px !important;margin-right: 10% !important;margin-bottom: 0px !important;margin-left: 10% !important;}\u00a0\u00bb][vc_column width=\u00a0\u00bb1\/2&Prime;][vc_column_text]\n<h3 style=\"text-align: left;\">Maintenant meilleurs<\/h3>\n[\/vc_column_text][\/vc_column][vc_column width=\u00a0\u00bb1\/2&Prime;][vc_column_text]\n<p><span style=\"font-weight: 300;\">Les plaques de nos m\u00e9canismes sont fabriqu\u00e9es en aluminium ou en laiton massif, et nous avons am\u00e9lior\u00e9 leurs performances techniques et leurs possibilit\u00e9s de personnalisation. La solidit\u00e9 du mat\u00e9riau permet d&rsquo;\u00e9liminer les plis aux coins, garantissant une forme stable dans le temps.<\/span><\/p>\n[\/vc_column_text][\/vc_column][\/vc_row][vc_row css=\u00a0\u00bb.vc_custom_1644411544273{margin-top: 0px !important;margin-right: 10% !important;margin-bottom: 0px !important;margin-left: 10% !important;}\u00a0\u00bb][vc_column width=\u00a0\u00bb1\/2&Prime;][vc_single_image image=\u00a0\u00bb51036&Prime; img_size=\u00a0\u00bblarge\u00a0\u00bb alignment=\u00a0\u00bbright\u00a0\u00bb][\/vc_column][vc_column width=\u00a0\u00bb1\/2&Prime;][vc_single_image image=\u00a0\u00bb51033&Prime; img_size=\u00a0\u00bblarge\u00a0\u00bb][\/vc_column][\/vc_row][vc_row et_column_align=\u00a0\u00bbalign-center\u00a0\u00bb content_placement=\u00a0\u00bbtop\u00a0\u00bb css=\u00a0\u00bb.vc_custom_1644411367479{margin-right: 10% !important;margin-left: 10% !important;}\u00a0\u00bb][vc_column width=\u00a0\u00bb1\/2&Prime;][vc_column_text]\n<h3 style=\"text-align: left;\">Solutions pour tout<\/h3>\n[\/vc_column_text][\/vc_column][vc_column width=\u00a0\u00bb1\/2&Prime;][vc_column_text]\n<p><span style=\"font-weight: 300;\">Les composants internes de derni\u00e8re g\u00e9n\u00e9ration permettent toutes sortes de configurations pour r\u00e9pondre aux besoins technologiques d&rsquo;aujourd&rsquo;hui. C&rsquo;est pourquoi nous proposons une large gamme d&rsquo;accessoires de connexion et de compatibilit\u00e9 avec les syst\u00e8mes domotiques.<\/span><\/p>\n[\/vc_column_text][\/vc_column][\/vc_row][vc_row css=\u00a0\u00bb.vc_custom_1644411378992{margin-top: 0px !important;margin-right: 10% !important;margin-bottom: 0px !important;margin-left: 10% !important;}\u00a0\u00bb][vc_column width=\u00a0\u00bb1\/2&Prime;][vc_column_text]\n<h3 style=\"text-align: left;\">Composition modulaire<\/h3>\n[\/vc_column_text][\/vc_column][vc_column width=\u00a0\u00bb1\/2&Prime;][vc_column_text]\n<p><span style=\"font-weight: 300;\">Vous pouvez choisir entre deux types de commandes : \u00e0 levier ou \u00e0 bouton, les deux en tant que poussoirs et le premier \u00e9galement en tant qu&rsquo;interrupteur. Les plaques, allant d&rsquo;un \u00e0 quatre modules, se fusionnent pour former une seule pi\u00e8ce, permettant de choisir entre une disposition verticale ou horizontale.<\/span><\/p>\n[\/vc_column_text][\/vc_column][\/vc_row][vc_row css=\u00a0\u00bb.vc_custom_1644411378992{margin-top: 0px !important;margin-right: 10% !important;margin-bottom: 0px !important;margin-left: 10% !important;}\u00a0\u00bb][vc_column width=\u00a0\u00bb1\/2&Prime;][vc_column_text]\n<h3 style=\"text-align: left;\">Finitions personnalis\u00e9es<\/h3>\n[\/vc_column_text][\/vc_column][vc_column width=\u00a0\u00bb1\/2&Prime;][vc_column_text]\n<p><span style=\"font-weight: 300;\">Outre les finitions m\u00e9talliques, nous proposons \u00e9galement des \u00e9maillages en blanc ou noir satin\u00e9, ainsi que dans n&rsquo;importe quelle teinte de la palette RAL Classic\u00ae pour une int\u00e9gration maximale dans le projet d&rsquo;architecture int\u00e9rieure. De plus, il existe l&rsquo;option de la finition exclusive en laiton massif, un mat\u00e9riau noble qui adopte une patine naturelle avec le temps.<\/span><\/p>\n[\/vc_column_text][\/vc_column][\/vc_row][vc_row css=\u00a0\u00bb.vc_custom_1644411544273{margin-top: 0px !important;margin-right: 10% !important;margin-bottom: 0px !important;margin-left: 10% !important;}\u00a0\u00bb][vc_column width=\u00a0\u00bb1\/2&Prime;][vc_single_image image=\u00a0\u00bb51109&Prime; img_size=\u00a0\u00bblarge\u00a0\u00bb alignment=\u00a0\u00bbright\u00a0\u00bb][\/vc_column][vc_column width=\u00a0\u00bb1\/2&Prime;][vc_single_image image=\u00a0\u00bb51045&Prime; img_size=\u00a0\u00bbfull\u00a0\u00bb alignment=\u00a0\u00bbcenter\u00a0\u00bb][\/vc_column][\/vc_row][vc_row css=\u00a0\u00bb.vc_custom_1644411378992{margin-top: 0px !important;margin-right: 10% !important;margin-bottom: 0px !important;margin-left: 10% !important;}\u00a0\u00bb][vc_column width=\u00a0\u00bb1\/2&Prime;][vc_column_text]\n<h3 style=\"text-align: left;\">Esth\u00e9tique unifi\u00e9e<\/h3>\n[\/vc_column_text][\/vc_column][vc_column width=\u00a0\u00bb1\/2&Prime;][vc_column_text]\n<p><span style=\"font-weight: 300;\">Notre gamme de 12 finitions peut \u00eatre harmonieusement combin\u00e9e avec celles d&rsquo;autres lignes de produits de notre catalogue : des robinets aux accessoires de salle de bains, en passant par les poign\u00e9es et les boutons.<\/span><\/p>\n[\/vc_column_text][\/vc_column][\/vc_row][vc_row css=\u00a0\u00bb.vc_custom_1644411378992{margin-top: 0px !important;margin-right: 10% !important;margin-bottom: 0px !important;margin-left: 10% !important;}\u00a0\u00bb][vc_column width=\u00a0\u00bb1\/2&Prime;][vc_column_text]\n<h3 style=\"text-align: left;\">Signal\u00e9tique<\/h3>\n[\/vc_column_text][\/vc_column][vc_column width=\u00a0\u00bb1\/2&Prime;][vc_column_text]\n<p><span style=\"font-weight: 300;\">Parmi les options de personnalisation figure la gravure au laser ou la s\u00e9rigraphie d&rsquo;ic\u00f4nes de signalisation, selon les besoins d&rsquo;utilisation. <\/span><\/p>\n[\/vc_column_text][\/vc_column][\/vc_row][vc_row css=\u00a0\u00bb.vc_custom_1644411378992{margin-top: 0px !important;margin-right: 10% !important;margin-bottom: 0px !important;margin-left: 10% !important;}\u00a0\u00bb][vc_column width=\u00a0\u00bb1\/2&Prime;][vc_column_text]\n<h3 style=\"text-align: left;\">Plus facile<\/h3>\n[\/vc_column_text][\/vc_column][vc_column width=\u00a0\u00bb1\/2&Prime;][vc_column_text]\n<p><span style=\"font-weight: 300;\">Nos m\u00e9canismes sont faciles \u00e0 installer, avec une fixation adaptable \u00e0 toute planim\u00e9trie murale. <\/span><\/p>\n[\/vc_column_text][\/vc_column][\/vc_row][vc_row css=\u00a0\u00bb.vc_custom_1644411544273{margin-top: 0px !important;margin-right: 10% !important;margin-bottom: 0px !important;margin-left: 10% !important;}\u00a0\u00bb][vc_column width=\u00a0\u00bb1\/2&Prime;][vc_single_image image=\u00a0\u00bb51102&Prime; img_size=\u00a0\u00bblarge\u00a0\u00bb alignment=\u00a0\u00bbright\u00a0\u00bb][\/vc_column][vc_column width=\u00a0\u00bb1\/2&Prime;][vc_single_image image=\u00a0\u00bb51105&Prime; img_size=\u00a0\u00bblarge\u00a0\u00bb][\/vc_column][\/vc_row][vc_row css=\u00a0\u00bb.vc_custom_1644411378992{margin-top: 0px !important;margin-right: 10% !important;margin-bottom: 0px !important;margin-left: 10% !important;}\u00a0\u00bb][vc_column width=\u00a0\u00bb1\/2&Prime;][vc_column_text]\n<h3 style=\"text-align: left;\">Durables<\/h3>\n[\/vc_column_text][\/vc_column][vc_column width=\u00a0\u00bb1\/2&Prime;][vc_column_text]\n<p><span style=\"font-weight: 300;\">Fabriqu\u00e9s artisanalement \u00e0 Barcelone, tous les composants sont s\u00e9parables et recyclables pour r\u00e9pondre aux exigences de durabilit\u00e9 en fin de vie utile.<\/span><\/p>\n[\/vc_column_text][\/vc_column][\/vc_row][vc_row css=\u00a0\u00bb.vc_custom_1663836484250{margin-top: 2% !important;}\u00a0\u00bb][vc_column offset=\u00a0\u00bbvc_hidden-xs\u00a0\u00bb][vc_separator][vc_column_text css=\u00a0\u00bb.vc_custom_1707129575874{margin-top: 3% !important;margin-bottom: 3% !important;}\u00a0\u00bb]\n<h2 style=\"text-align: center;\">Inspiration<\/h2>\n[\/vc_column_text][vc_empty_space height=\u00a0\u00bb25px\u00a0\u00bb][\/vc_column][\/vc_row][vc_row css=\u00a0\u00bb.vc_custom_1644411544273{margin-top: 0px !important;margin-right: 10% !important;margin-bottom: 0px !important;margin-left: 10% !important;}\u00a0\u00bb][vc_column][vc_single_image image=\u00a0\u00bb51112&Prime; img_size=\u00a0\u00bbfull\u00a0\u00bb alignment=\u00a0\u00bbcenter\u00a0\u00bb][\/vc_column][\/vc_row][vc_row][vc_column offset=\u00a0\u00bbvc_hidden-lg vc_hidden-md vc_hidden-sm\u00a0\u00bb][vc_separator][vc_column_text css=\u00a0\u00bb.vc_custom_1642502561040{margin-top: 3% !important;margin-bottom: 3% !important;}\u00a0\u00bb]\n<h3 style=\"text-align: center;\">Inspiration<\/h3>\n[\/vc_column_text][vc_images_carousel images=\u00a0\u00bb23753,23750,23923,23927,23909,23912,23907,23903,23754,38457,23942,23924,23922&Prime; img_size=\u00a0\u00bb350X400&Prime; hide_pagination_control=\u00a0\u00bbyes\u00a0\u00bb][\/vc_column][\/vc_row][vc_row css=\u00a0\u00bb.vc_custom_1640623804859{margin-top: 2% !important;}\u00a0\u00bb][vc_column][vc_btn title=\u00a0\u00bbVOIR PRODUITS\u00a0\u00bb style=\u00a0\u00bboutline\u00a0\u00bb shape=\u00a0\u00bbsquare\u00a0\u00bb color=\u00a0\u00bbblack\u00a0\u00bb align=\u00a0\u00bbcenter\u00a0\u00bb link=\u00a0\u00bburl:https%3A%2F%2Ficonico.es%2Ffr%2Fproduits%2Fmecanismes%2F|\u00a0\u00bb css=\u00a0\u00bb.vc_custom_1663836466849{margin-top: 45px !important;margin-bottom: 45px !important;}\u00a0\u00bb][\/vc_column][\/vc_row]\n","protected":false},"excerpt":{"rendered":"<p>[vc_row et_column_align=\u00a0\u00bbalign-center\u00a0\u00bb css=\u00a0\u00bb.vc_custom_1633442396308{margin-top: 3% !important;}\u00a0\u00bb][vc_column width=\u00a0\u00bb1\/4&Prime;][\/vc_column][vc_column width=\u00a0\u00bb1\/2&Prime;][vc_column_text] Nos m\u00e9canismes reviennent r\u00e9nov\u00e9s et am\u00e9lior\u00e9s, offrant un design \u00e9l\u00e9gant et intemporel, avec jusqu&rsquo;\u00e0 12 finitions, de nombreuses options de personnalisation et des solutions pour tout. D\u00e9couvrez les d\u00e9tails qui feront la diff\u00e9rence dans n&rsquo;importe quel projet. [\/vc_column_text][\/vc_column][vc_column width=\u00a0\u00bb1\/4&Prime;][\/vc_column][\/vc_row][vc_row et_full_width=\u00a0\u00bbtrue\u00a0\u00bb content_placement=\u00a0\u00bbtop\u00a0\u00bb][vc_column][vc_row_inner][vc_column_inner][vc_single_image image=\u00a0\u00bb51099&Prime; img_size=\u00a0\u00bbfull\u00a0\u00bb&hellip;<\/p>\n","protected":false},"author":12,"featured_media":0,"parent":39242,"menu_order":0,"comment_status":"closed","ping_status":"closed","template":"","meta":{"_acf_changed":false,"footnotes":""},"class_list":["post-39377","page","type-page","status-publish","hentry"],"acf":[],"yoast_head":"<!-- This site is optimized with the Yoast SEO plugin v22.6 - https:\/\/yoast.com\/wordpress\/plugins\/seo\/ -->\r\n<title>M\u00e9canismes - IC\u00d3NICO - Dise\u00f1os para la arquitectura<\/title>\r\n<meta name=\"description\" content=\"Deux collections aux lignes g\u00e9om\u00e9triques et minimalistes disponibles en 12 finitions. Diff\u00e9rentes combinaisons et compl\u00e9ments.\" \/>\r\n<meta name=\"robots\" content=\"index, follow, max-snippet:-1, max-image-preview:large, max-video-preview:-1\" \/>\r\n<link rel=\"canonical\" href=\"https:\/\/iconico.es\/fr\/catalogue\/mecanismes\/\" \/>\r\n<meta property=\"og:locale\" content=\"fr_FR\" \/>\r\n<meta property=\"og:type\" content=\"article\" \/>\r\n<meta property=\"og:title\" content=\"M\u00e9canismes - IC\u00d3NICO - Dise\u00f1os para la arquitectura\" \/>\r\n<meta property=\"og:description\" content=\"Deux collections aux lignes g\u00e9om\u00e9triques et minimalistes disponibles en 12 finitions. Diff\u00e9rentes combinaisons et compl\u00e9ments.\" \/>\r\n<meta property=\"og:url\" content=\"https:\/\/iconico.es\/fr\/catalogue\/mecanismes\/\" \/>\r\n<meta property=\"og:site_name\" content=\"IC\u00d3NICO - Dise\u00f1os para la arquitectura\" \/>\r\n<meta property=\"article:publisher\" content=\"https:\/\/www.facebook.com\/iconicospain\" \/>\r\n<meta property=\"article:modified_time\" content=\"2024-02-06T10:10:44+00:00\" \/>\r\n<meta name=\"twitter:card\" content=\"summary_large_image\" \/>\r\n<meta name=\"twitter:label1\" content=\"Dur\u00e9e de lecture estim\u00e9e\" \/>\n\t<meta name=\"twitter:data1\" content=\"2 minutes\" \/>\r\n<script type=\"application\/ld+json\" class=\"yoast-schema-graph\">{\"@context\":\"https:\/\/schema.org\",\"@graph\":[{\"@type\":\"WebPage\",\"@id\":\"https:\/\/iconico.es\/fr\/catalogue\/mecanismes\/\",\"url\":\"https:\/\/iconico.es\/fr\/catalogue\/mecanismes\/\",\"name\":\"M\u00e9canismes - IC\u00d3NICO - Dise\u00f1os para la arquitectura\",\"isPartOf\":{\"@id\":\"https:\/\/iconico.es\/en\/#website\"},\"datePublished\":\"2022-09-14T15:55:21+00:00\",\"dateModified\":\"2024-02-06T10:10:44+00:00\",\"description\":\"Deux collections aux lignes g\u00e9om\u00e9triques et minimalistes disponibles en 12 finitions. Diff\u00e9rentes combinaisons et compl\u00e9ments.\",\"breadcrumb\":{\"@id\":\"https:\/\/iconico.es\/fr\/catalogue\/mecanismes\/#breadcrumb\"},\"inLanguage\":\"fr-FR\",\"potentialAction\":[{\"@type\":\"ReadAction\",\"target\":[\"https:\/\/iconico.es\/fr\/catalogue\/mecanismes\/\"]}]},{\"@type\":\"BreadcrumbList\",\"@id\":\"https:\/\/iconico.es\/fr\/catalogue\/mecanismes\/#breadcrumb\",\"itemListElement\":[{\"@type\":\"ListItem\",\"position\":1,\"name\":\"Home\",\"item\":\"https:\/\/iconico.es\/fr\/\"},{\"@type\":\"ListItem\",\"position\":2,\"name\":\"Catalogue de produits\",\"item\":\"https:\/\/iconico.es\/fr\/catalogue\/\"},{\"@type\":\"ListItem\",\"position\":3,\"name\":\"M\u00e9canismes\"}]},{\"@type\":\"WebSite\",\"@id\":\"https:\/\/iconico.es\/en\/#website\",\"url\":\"https:\/\/iconico.es\/en\/\",\"name\":\"IC\u00d3NICO - Dise\u00f1os para la arquitectura\",\"description\":\"IC\u00d3NICO dise\u00f1a productos atemporales para la arquitectura que responden a los mismos criterios tanto en sus formas como en sus acabados, lujo y calidad.\",\"publisher\":{\"@id\":\"https:\/\/iconico.es\/en\/#organization\"},\"potentialAction\":[{\"@type\":\"SearchAction\",\"target\":{\"@type\":\"EntryPoint\",\"urlTemplate\":\"https:\/\/iconico.es\/en\/?s={search_term_string}\"},\"query-input\":\"required name=search_term_string\"}],\"inLanguage\":\"fr-FR\"},{\"@type\":\"Organization\",\"@id\":\"https:\/\/iconico.es\/en\/#organization\",\"name\":\"Dise\u00f1o Ic\u00f3nico, s.l.\",\"url\":\"https:\/\/iconico.es\/en\/\",\"logo\":{\"@type\":\"ImageObject\",\"inLanguage\":\"fr-FR\",\"@id\":\"https:\/\/iconico.es\/en\/#\/schema\/logo\/image\/\",\"url\":\"https:\/\/iconico.es\/wp-content\/uploads\/2021\/09\/cropped-iconico_Logotipo.png\",\"contentUrl\":\"https:\/\/iconico.es\/wp-content\/uploads\/2021\/09\/cropped-iconico_Logotipo.png\",\"width\":322,\"height\":80,\"caption\":\"Dise\u00f1o Ic\u00f3nico, s.l.\"},\"image\":{\"@id\":\"https:\/\/iconico.es\/en\/#\/schema\/logo\/image\/\"},\"sameAs\":[\"https:\/\/www.facebook.com\/iconicospain\",\"https:\/\/www.instagram.com\/iconico\/\",\"https:\/\/www.linkedin.com\/company\/iconico-elements-for-architecture\",\"https:\/\/www.pinterest.es\/iconico_es\/\"]}]}<\/script>\r\n<!-- \/ Yoast SEO plugin. -->","yoast_head_json":{"title":"M\u00e9canismes - IC\u00d3NICO - Dise\u00f1os para la arquitectura","description":"Deux collections aux lignes g\u00e9om\u00e9triques et minimalistes disponibles en 12 finitions. Diff\u00e9rentes combinaisons et compl\u00e9ments.","robots":{"index":"index","follow":"follow","max-snippet":"max-snippet:-1","max-image-preview":"max-image-preview:large","max-video-preview":"max-video-preview:-1"},"canonical":"https:\/\/iconico.es\/fr\/catalogue\/mecanismes\/","og_locale":"fr_FR","og_type":"article","og_title":"M\u00e9canismes - IC\u00d3NICO - Dise\u00f1os para la arquitectura","og_description":"Deux collections aux lignes g\u00e9om\u00e9triques et minimalistes disponibles en 12 finitions. Diff\u00e9rentes combinaisons et compl\u00e9ments.","og_url":"https:\/\/iconico.es\/fr\/catalogue\/mecanismes\/","og_site_name":"IC\u00d3NICO - Dise\u00f1os para la arquitectura","article_publisher":"https:\/\/www.facebook.com\/iconicospain","article_modified_time":"2024-02-06T10:10:44+00:00","twitter_card":"summary_large_image","twitter_misc":{"Dur\u00e9e de lecture estim\u00e9e":"2 minutes"},"schema":{"@context":"https:\/\/schema.org","@graph":[{"@type":"WebPage","@id":"https:\/\/iconico.es\/fr\/catalogue\/mecanismes\/","url":"https:\/\/iconico.es\/fr\/catalogue\/mecanismes\/","name":"M\u00e9canismes - IC\u00d3NICO - Dise\u00f1os para la arquitectura","isPartOf":{"@id":"https:\/\/iconico.es\/en\/#website"},"datePublished":"2022-09-14T15:55:21+00:00","dateModified":"2024-02-06T10:10:44+00:00","description":"Deux collections aux lignes g\u00e9om\u00e9triques et minimalistes disponibles en 12 finitions. Diff\u00e9rentes combinaisons et compl\u00e9ments.","breadcrumb":{"@id":"https:\/\/iconico.es\/fr\/catalogue\/mecanismes\/#breadcrumb"},"inLanguage":"fr-FR","potentialAction":[{"@type":"ReadAction","target":["https:\/\/iconico.es\/fr\/catalogue\/mecanismes\/"]}]},{"@type":"BreadcrumbList","@id":"https:\/\/iconico.es\/fr\/catalogue\/mecanismes\/#breadcrumb","itemListElement":[{"@type":"ListItem","position":1,"name":"Home","item":"https:\/\/iconico.es\/fr\/"},{"@type":"ListItem","position":2,"name":"Catalogue de produits","item":"https:\/\/iconico.es\/fr\/catalogue\/"},{"@type":"ListItem","position":3,"name":"M\u00e9canismes"}]},{"@type":"WebSite","@id":"https:\/\/iconico.es\/en\/#website","url":"https:\/\/iconico.es\/en\/","name":"IC\u00d3NICO - Dise\u00f1os para la arquitectura","description":"IC\u00d3NICO dise\u00f1a productos atemporales para la arquitectura que responden a los mismos criterios tanto en sus formas como en sus acabados, lujo y calidad.","publisher":{"@id":"https:\/\/iconico.es\/en\/#organization"},"potentialAction":[{"@type":"SearchAction","target":{"@type":"EntryPoint","urlTemplate":"https:\/\/iconico.es\/en\/?s={search_term_string}"},"query-input":"required name=search_term_string"}],"inLanguage":"fr-FR"},{"@type":"Organization","@id":"https:\/\/iconico.es\/en\/#organization","name":"Dise\u00f1o Ic\u00f3nico, s.l.","url":"https:\/\/iconico.es\/en\/","logo":{"@type":"ImageObject","inLanguage":"fr-FR","@id":"https:\/\/iconico.es\/en\/#\/schema\/logo\/image\/","url":"https:\/\/iconico.es\/wp-content\/uploads\/2021\/09\/cropped-iconico_Logotipo.png","contentUrl":"https:\/\/iconico.es\/wp-content\/uploads\/2021\/09\/cropped-iconico_Logotipo.png","width":322,"height":80,"caption":"Dise\u00f1o Ic\u00f3nico, s.l."},"image":{"@id":"https:\/\/iconico.es\/en\/#\/schema\/logo\/image\/"},"sameAs":["https:\/\/www.facebook.com\/iconicospain","https:\/\/www.instagram.com\/iconico\/","https:\/\/www.linkedin.com\/company\/iconico-elements-for-architecture","https:\/\/www.pinterest.es\/iconico_es\/"]}]}},"_links":{"self":[{"href":"https:\/\/iconico.es\/fr\/wp-json\/wp\/v2\/pages\/39377","targetHints":{"allow":["GET"]}}],"collection":[{"href":"https:\/\/iconico.es\/fr\/wp-json\/wp\/v2\/pages"}],"about":[{"href":"https:\/\/iconico.es\/fr\/wp-json\/wp\/v2\/types\/page"}],"author":[{"embeddable":true,"href":"https:\/\/iconico.es\/fr\/wp-json\/wp\/v2\/users\/12"}],"replies":[{"embeddable":true,"href":"https:\/\/iconico.es\/fr\/wp-json\/wp\/v2\/comments?post=39377"}],"version-history":[{"count":3,"href":"https:\/\/iconico.es\/fr\/wp-json\/wp\/v2\/pages\/39377\/revisions"}],"predecessor-version":[{"id":51175,"href":"https:\/\/iconico.es\/fr\/wp-json\/wp\/v2\/pages\/39377\/revisions\/51175"}],"up":[{"embeddable":true,"href":"https:\/\/iconico.es\/fr\/wp-json\/wp\/v2\/pages\/39242"}],"wp:attachment":[{"href":"https:\/\/iconico.es\/fr\/wp-json\/wp\/v2\/media?parent=39377"}],"curies":[{"name":"wp","href":"https:\/\/api.w.org\/{rel}","templated":true}]}}