{"id":39387,"date":"2022-09-15T07:45:48","date_gmt":"2022-09-15T07:45:48","guid":{"rendered":"https:\/\/iconico.es\/catalogue-de-produits\/nettoyage-et-entretien\/"},"modified":"2022-09-15T07:45:50","modified_gmt":"2022-09-15T07:45:50","slug":"nettoyage-et-entretien","status":"publish","type":"page","link":"https:\/\/iconico.es\/fr\/catalogue\/nettoyage-et-entretien\/","title":{"rendered":"Nettoyage et entretien"},"content":{"rendered":"[vc_row et_column_align=\u00a0\u00bbalign-center\u00a0\u00bb css=\u00a0\u00bb.vc_custom_1633444531071{margin-top: 3% !important;}\u00a0\u00bb][vc_column width=\u00a0\u00bb1\/6&Prime;][\/vc_column][vc_column width=\u00a0\u00bb4\/6&Prime; el_class=\u00a0\u00bbdmw\u00a0\u00bb][vc_column_text]\n<h3>Pour \u00e9viter tout dommage et garantir la durabilit\u00e9 des produits, veuillez appliquer les recommandations suivantes.<\/h3>\n[\/vc_column_text][\/vc_column][vc_column width=\u00a0\u00bb1\/6&Prime;][\/vc_column][\/vc_row][vc_row css=\u00a0\u00bb.vc_custom_1647945387144{margin-left: 10% !important;}\u00a0\u00bb][vc_column][vc_toggle title=\u00a0\u00bbG\u00c9N\u00c9RALIT\u00c9S\u00a0\u00bb open=\u00a0\u00bbtrue\u00a0\u00bb]\u2014 Pour assurer un bon entretien et une bonne finition du produit, ils ne doivent pas \u00eatre nettoy\u00e9s avec des \u00e9ponges rugueuses, de la laine d\u2019acier, des acides, des solvants ou de l\u2019alcool. Par cons\u00e9quent, il est recommand\u00e9 d\u2019utiliser une double mousseline avec de l\u2019eau et du savon ou une lessive neutre.<br \/>\n\u2014 Pour \u00e9liminer la calcification, l\u2019utilisation de vinaigre est recommand\u00e9e. Jamais de d\u00e9tergents anti-calcaire.<br \/>\n\u2014 N\u2019appliquez aucun d\u00e9tergent en spray directement sur la surface. Utilisez toujours un chiffon.<br \/>\n\u2014 Rincez bien le produit \u00e0 l\u2019eau apr\u00e8s l\u2019avoir nettoy\u00e9 avec un d\u00e9tergent.<br \/>\n\u2014 Les r\u00e9sidus de shampoing, savon liquide et autres lotions pour le corps doivent \u00eatre rinc\u00e9s imm\u00e9diatement \u00e0 l\u2019eau.[\/vc_toggle][\/vc_column][\/vc_row][vc_row css=\u00a0\u00bb.vc_custom_1646998036044{margin-left: 10% !important;}\u00a0\u00bb][vc_column][vc_toggle title=\u00a0\u00bbBECS\u00a0\u00bb]Les becs peuvent \u00eatre dot\u00e9s d\u2019a\u00e9rateurs afin de r\u00e9guler le d\u00e9bit de l\u2019eau. Afin de toujours avoir un rendement optimal du robinet et si n\u00e9cessaire, il est possible de retirer ces parties et de les plonger quelques heures dans du vinaigre.[\/vc_toggle][\/vc_column][\/vc_row][vc_row css=\u00a0\u00bb.vc_custom_1646998036044{margin-left: 10% !important;}\u00a0\u00bb][vc_column][vc_toggle title=\u00a0\u00bbDOUCHES\u00a0\u00bb]La douche doit \u00eatre nettoy\u00e9e avec un chiffon propre, sec et un d\u00e9tergent neutre. Laissez le d\u00e9tergent agir pendant quelques minutes puis rincez bien \u00e0 l\u2019eau. Afin d\u2019\u00e9viter l\u2019accumulation de calcaire dans les buses, frottez-les avec vos doigts ou un plastique souple.[\/vc_toggle][\/vc_column][\/vc_row][vc_row css=\u00a0\u00bb.vc_custom_1646998036044{margin-left: 10% !important;}\u00a0\u00bb][vc_column][vc_toggle title=\u00a0\u00bbDOUCHES EXT\u00c9RIEURES\u00a0\u00bb]\u2014 Le calcaire pr\u00e9sent dans l\u2019eau peut tacher les surfaces des douches.\u00a0 Afin d\u2019\u00e9viter la formation de taches, s\u00e9chez le produit apr\u00e8s chaque utilisation.<br \/>\n\u2014 Si des taches apparaissent, nous vous conseillons d\u2019appliquer un nettoyant pour m\u00e9taux dans le cas des douches en acier inoxydable. Nettoyez ensuite abondamment \u00e0 l\u2019eau et au savon neutre.<br \/>\n\u2014 N\u2019utilisez pas de d\u00e9tergents ou de d\u00e9sinfectants abrasifs.[\/vc_toggle][\/vc_column][\/vc_row][vc_row css=\u00a0\u00bb.vc_custom_1646998036044{margin-left: 10% !important;}\u00a0\u00bb][vc_column][vc_toggle title=\u00a0\u00bbHANDS FREE\u00a0\u00bb]Pour nettoyer les robinets et distributeurs de savon Hands Free, veillez \u00e0 ce que les d\u00e9tergents n\u2019endommagent pas le capteur. Nous vous recommandons de les nettoyer avec du coton, de l\u2019eau et un peu de savon.<\/p>\n<p><span style=\"font-weight: 400;\">\u00a0<\/span>[\/vc_toggle][\/vc_column][\/vc_row][vc_row css=\u00a0\u00bb.vc_custom_1646998036044{margin-left: 10% !important;}\u00a0\u00bb][vc_column][vc_toggle title=\u00a0\u00bbSANITAIRES\u00a0\u00bb]La surface de nos sanitaires est dot\u00e9e de la plus haute qualit\u00e9 de produits disponibles sur le march\u00e9. Dans des conditions normales d\u2019utilisation, les surfaces requi\u00e8rent un minimum d\u2019entretien pour pr\u00e9server leur beaut\u00e9 pendant des ann\u00e9es.<br \/>\n\u2014 Pour entretenir la surface du produit et \u00e9viter les taches difficiles (par exemple des taches de teinture pour cheveux, rouge \u00e0 l\u00e8vres ou autres produits colorants), nous vous recommandons de nettoyer imm\u00e9diatement.<br \/>\n\u2014 Pour un nettoyage r\u00e9gulier, nous vous recommandons d\u2019utiliser des produits d\u2019entretien universels, sans propri\u00e9t\u00e9s abrasives, ou des d\u00e9tergents pour vaisselle d\u00e9licate.<br \/>\n\u2014 Apr\u00e8s chaque utilisation, rincez la surface int\u00e9rieure \u00e0 l\u2019eau, puis s\u00e9chez avec un chiffon en coton.<br \/>\n\u2014 Nettoyez les taches r\u00e9sistantes (taches de graisse, huile, peintures, teinture et moisissure) avec une cr\u00e8me nettoyante non agressive. L\u2019\u00e9limination totale des taches peut demander quelques efforts.<br \/>\n\u2014 Nous vous recommandons d\u2019appliquer de l\u2019huile pour le soin de la peau sur la surface du produit, une fois par mois, afin de conserver son aspect esth\u00e9tique.<br \/>\n\u2014 Nettoyez les salet\u00e9s r\u00e9sistantes l\u2019eau ti\u00e8de et avec des d\u00e9tergents doux, ou avec de l\u2019eau et du savon.<br \/>\n\u2014 \u00c9liminez les rayures sur la surface avec une \u00e9ponge abrasive, puis appliquez de l\u2019huile pour le sont de la peau. Retirez le calcaire avec du vinaigre dilu\u00e9 dans de l\u2019eau (3\u00a0volumes d\u2019eau pour un de vinaigre).[\/vc_toggle][\/vc_column][\/vc_row][vc_row css=\u00a0\u00bb.vc_custom_1646998036044{margin-left: 10% !important;}\u00a0\u00bb][vc_column][vc_toggle title=\u00a0\u00bbSMART WC\u00a0\u00bb]Pour nettoyer les cuvettes intelligentes en toute s\u00e9curit\u00e9, d\u00e9branchez l\u2019unit\u00e9 avant l\u2019entretien. Nous vous recommandons d\u2019utiliser un chiffon doux et humide et d\u2019\u00e9viter l\u2019utilisation de produits chimiques agressifs.<br \/>\nT\u00e9l\u00e9chargez le manuel complet de nettoyage de nos Smart Toilets\u00a0<a href=\"https:\/\/iconico.es\/wp-content\/uploads\/guia-limpieza-smart-toilets_iconico.pdf\">ici<\/a>.[\/vc_toggle][\/vc_column][\/vc_row][vc_row css=\u00a0\u00bb.vc_custom_1646998036044{margin-left: 10% !important;}\u00a0\u00bb][vc_column][vc_toggle title=\u00a0\u00bbACCESSOIRES POUR SALLE DE BAINS ET FERRURES\u00a0\u00bb]Nos accessoires sont fabriqu\u00e9s en acier inoxydable ou en laiton. Pour l\u2019entretien de ces finitions, veuillez suivre les conseils ci-dessous\u00a0:<br \/>\n\u2014 Les produits doivent \u00eatre nettoy\u00e9s dans la longueur de la structure, et non dans le sens transversal.<br \/>\n\u2014 Utilisez un chiffon propre, d\u00e9pourvu de poussi\u00e8re et de sable, afin d\u2019\u00e9viter de rayer les produits.<br \/>\n\u2014 Les traces de doigts, les r\u00e9sidus et autres marques peuvent \u00eatre nettoy\u00e9s avec de l\u2019eau et du savon et un chiffon doux.<\/p>\n<p>&nbsp;<\/p>\n<p>DRAINS<\/p>\n<p>Nos drains sont fabriqu\u00e9s en acier inoxydable bross\u00e9 (AISI 304). Les produits doivent \u00eatre r\u00e9guli\u00e8rement nettoy\u00e9s, pour permettre aux syst\u00e8mes de drain de durer plus longtemps et de fonctionner de mani\u00e8re optimale.<br \/>\n\u2014 Ne pulv\u00e9risez pas les produits d\u2019entretien directement sur la surface. Utilisez un chiffon.<br \/>\n\u2014 N\u2019utilisez pas de produits d\u2019entretien pr\u00e9sentant une concentration \u00e9lev\u00e9e de fluor, de chlore et de peroxyde d\u2019hydrog\u00e8ne.<br \/>\n\u2014 Rincez toujours soigneusement la surface \u00e0 l\u2019eau apr\u00e8s avoir utilis\u00e9 les produits d\u2019entretien.[\/vc_toggle][\/vc_column][\/vc_row][vc_row css=\u00a0\u00bb.vc_custom_1646998036044{margin-left: 10% !important;}\u00a0\u00bb][vc_column][vc_toggle title=\u00a0\u00bbDRAINS\u00a0\u00bb]Nos drains sont fabriqu\u00e9s en acier inoxydable bross\u00e9 (AISI 304). Les produits doivent \u00eatre r\u00e9guli\u00e8rement nettoy\u00e9s, pour permettre aux syst\u00e8mes de drain de durer plus longtemps et de fonctionner de mani\u00e8re optimale.<br \/>\n\u2014 Ne pulv\u00e9risez pas les produits d\u2019entretien directement sur la surface. Utilisez un chiffon.<br \/>\n\u2014 N\u2019utilisez pas de produits d\u2019entretien pr\u00e9sentant une concentration \u00e9lev\u00e9e de fluor, de chlore et de peroxyde d\u2019hydrog\u00e8ne.<br \/>\n\u2014 Rincez toujours soigneusement la surface \u00e0 l\u2019eau apr\u00e8s avoir utilis\u00e9 les produits d\u2019entretien.[\/vc_toggle][\/vc_column][\/vc_row][vc_row css=\u00a0\u00bb.vc_custom_1647945402058{margin-left: 10% !important;}\u00a0\u00bb][vc_column][vc_toggle title=\u00a0\u00bbPI\u00c8CES DE RECHANGE ET GARANTIES\u00a0\u00bb]\nPour les produits endommag\u00e9s, IC\u00d3NICO dispose de pi\u00e8ces de rechange pour toutes les pi\u00e8ces de son catalogue. Les garanties sur les articles IC\u00d3NICO sont nulles en cas d\u2019endommagement des produits suite \u00e0 une utilisation ou un entretien inad\u00e9quats. T\u00e9l\u00e9chargez notre garantie\u00a0<a href=\"https:\/\/iconico.es\/wp-content\/uploads\/Garantia-Warranty-Garantie_ICONICO.pdf\">ici<\/a>.<br \/>\n[\/vc_toggle][\/vc_column][\/vc_row][vc_row][vc_column width=\u00a0\u00bb1\/3&Prime;][vc_posts_slider count=\u00a0\u00bb3&Prime; interval=\u00a0\u00bb3&Prime;][\/vc_column][vc_column width=\u00a0\u00bb1\/3&Prime;][vc_posts_slider count=\u00a0\u00bb3&Prime; interval=\u00a0\u00bb3&Prime;][\/vc_column][vc_column width=\u00a0\u00bb1\/3&Prime;][vc_posts_slider count=\u00a0\u00bb3&Prime; interval=\u00a0\u00bb3&Prime;][\/vc_column][\/vc_row]\n","protected":false},"excerpt":{"rendered":"<p>[vc_row et_column_align=\u00a0\u00bbalign-center\u00a0\u00bb css=\u00a0\u00bb.vc_custom_1633444531071{margin-top: 3% !important;}\u00a0\u00bb][vc_column width=\u00a0\u00bb1\/6&Prime;][\/vc_column][vc_column width=\u00a0\u00bb4\/6&Prime; el_class=\u00a0\u00bbdmw\u00a0\u00bb][vc_column_text] Pour \u00e9viter tout dommage et garantir la durabilit\u00e9 des produits, veuillez appliquer les recommandations suivantes. [\/vc_column_text][\/vc_column][vc_column width=\u00a0\u00bb1\/6&Prime;][\/vc_column][\/vc_row][vc_row css=\u00a0\u00bb.vc_custom_1647945387144{margin-left: 10% !important;}\u00a0\u00bb][vc_column][vc_toggle title=\u00a0\u00bbG\u00c9N\u00c9RALIT\u00c9S\u00a0\u00bb open=\u00a0\u00bbtrue\u00a0\u00bb]\u2014 Pour assurer un bon entretien et une bonne finition du produit, ils ne doivent pas \u00eatre nettoy\u00e9s avec des \u00e9ponges&hellip;<\/p>\n","protected":false},"author":12,"featured_media":0,"parent":39242,"menu_order":0,"comment_status":"closed","ping_status":"closed","template":"","meta":{"_acf_changed":false,"footnotes":""},"class_list":["post-39387","page","type-page","status-publish","hentry"],"acf":[],"yoast_head":"<!-- This site is optimized with the Yoast SEO plugin v22.6 - https:\/\/yoast.com\/wordpress\/plugins\/seo\/ -->\r\n<title>Nettoyage et entretien - IC\u00d3NICO - Dise\u00f1os para la arquitectura<\/title>\r\n<meta name=\"description\" content=\"Nettoyage et entretien - Nettoyage et entretien\" \/>\r\n<meta name=\"robots\" content=\"index, follow, max-snippet:-1, max-image-preview:large, max-video-preview:-1\" \/>\r\n<link rel=\"canonical\" href=\"https:\/\/iconico.es\/fr\/catalogue\/nettoyage-et-entretien\/\" \/>\r\n<meta property=\"og:locale\" content=\"fr_FR\" \/>\r\n<meta property=\"og:type\" content=\"article\" \/>\r\n<meta property=\"og:title\" content=\"Nettoyage et entretien - IC\u00d3NICO - Dise\u00f1os para la arquitectura\" \/>\r\n<meta property=\"og:description\" content=\"Nettoyage et entretien - Nettoyage et entretien\" \/>\r\n<meta property=\"og:url\" content=\"https:\/\/iconico.es\/fr\/catalogue\/nettoyage-et-entretien\/\" \/>\r\n<meta property=\"og:site_name\" content=\"IC\u00d3NICO - Dise\u00f1os para la arquitectura\" \/>\r\n<meta property=\"article:publisher\" content=\"https:\/\/www.facebook.com\/iconicospain\" \/>\r\n<meta property=\"article:modified_time\" content=\"2022-09-15T07:45:50+00:00\" \/>\r\n<meta name=\"twitter:card\" content=\"summary_large_image\" \/>\r\n<meta name=\"twitter:label1\" content=\"Dur\u00e9e de lecture estim\u00e9e\" \/>\n\t<meta name=\"twitter:data1\" content=\"6 minutes\" \/>\r\n<script type=\"application\/ld+json\" class=\"yoast-schema-graph\">{\"@context\":\"https:\/\/schema.org\",\"@graph\":[{\"@type\":\"WebPage\",\"@id\":\"https:\/\/iconico.es\/fr\/catalogue\/nettoyage-et-entretien\/\",\"url\":\"https:\/\/iconico.es\/fr\/catalogue\/nettoyage-et-entretien\/\",\"name\":\"Nettoyage et entretien - IC\u00d3NICO - Dise\u00f1os para la arquitectura\",\"isPartOf\":{\"@id\":\"https:\/\/iconico.es\/en\/#website\"},\"datePublished\":\"2022-09-15T07:45:48+00:00\",\"dateModified\":\"2022-09-15T07:45:50+00:00\",\"description\":\"Nettoyage et entretien - Nettoyage et entretien\",\"breadcrumb\":{\"@id\":\"https:\/\/iconico.es\/fr\/catalogue\/nettoyage-et-entretien\/#breadcrumb\"},\"inLanguage\":\"fr-FR\",\"potentialAction\":[{\"@type\":\"ReadAction\",\"target\":[\"https:\/\/iconico.es\/fr\/catalogue\/nettoyage-et-entretien\/\"]}]},{\"@type\":\"BreadcrumbList\",\"@id\":\"https:\/\/iconico.es\/fr\/catalogue\/nettoyage-et-entretien\/#breadcrumb\",\"itemListElement\":[{\"@type\":\"ListItem\",\"position\":1,\"name\":\"Home\",\"item\":\"https:\/\/iconico.es\/fr\/\"},{\"@type\":\"ListItem\",\"position\":2,\"name\":\"Catalogue de produits\",\"item\":\"https:\/\/iconico.es\/fr\/catalogue\/\"},{\"@type\":\"ListItem\",\"position\":3,\"name\":\"Nettoyage et entretien\"}]},{\"@type\":\"WebSite\",\"@id\":\"https:\/\/iconico.es\/en\/#website\",\"url\":\"https:\/\/iconico.es\/en\/\",\"name\":\"IC\u00d3NICO - Dise\u00f1os para la arquitectura\",\"description\":\"IC\u00d3NICO dise\u00f1a productos atemporales para la arquitectura que responden a los mismos criterios tanto en sus formas como en sus acabados, lujo y calidad.\",\"publisher\":{\"@id\":\"https:\/\/iconico.es\/en\/#organization\"},\"potentialAction\":[{\"@type\":\"SearchAction\",\"target\":{\"@type\":\"EntryPoint\",\"urlTemplate\":\"https:\/\/iconico.es\/en\/?s={search_term_string}\"},\"query-input\":\"required name=search_term_string\"}],\"inLanguage\":\"fr-FR\"},{\"@type\":\"Organization\",\"@id\":\"https:\/\/iconico.es\/en\/#organization\",\"name\":\"Dise\u00f1o Ic\u00f3nico, s.l.\",\"url\":\"https:\/\/iconico.es\/en\/\",\"logo\":{\"@type\":\"ImageObject\",\"inLanguage\":\"fr-FR\",\"@id\":\"https:\/\/iconico.es\/en\/#\/schema\/logo\/image\/\",\"url\":\"https:\/\/iconico.es\/wp-content\/uploads\/2021\/09\/cropped-iconico_Logotipo.png\",\"contentUrl\":\"https:\/\/iconico.es\/wp-content\/uploads\/2021\/09\/cropped-iconico_Logotipo.png\",\"width\":322,\"height\":80,\"caption\":\"Dise\u00f1o Ic\u00f3nico, s.l.\"},\"image\":{\"@id\":\"https:\/\/iconico.es\/en\/#\/schema\/logo\/image\/\"},\"sameAs\":[\"https:\/\/www.facebook.com\/iconicospain\",\"https:\/\/www.instagram.com\/iconico\/\",\"https:\/\/www.linkedin.com\/company\/iconico-elements-for-architecture\",\"https:\/\/www.pinterest.es\/iconico_es\/\"]}]}<\/script>\r\n<!-- \/ Yoast SEO plugin. -->","yoast_head_json":{"title":"Nettoyage et entretien - IC\u00d3NICO - Dise\u00f1os para la arquitectura","description":"Nettoyage et entretien - Nettoyage et entretien","robots":{"index":"index","follow":"follow","max-snippet":"max-snippet:-1","max-image-preview":"max-image-preview:large","max-video-preview":"max-video-preview:-1"},"canonical":"https:\/\/iconico.es\/fr\/catalogue\/nettoyage-et-entretien\/","og_locale":"fr_FR","og_type":"article","og_title":"Nettoyage et entretien - IC\u00d3NICO - Dise\u00f1os para la arquitectura","og_description":"Nettoyage et entretien - Nettoyage et entretien","og_url":"https:\/\/iconico.es\/fr\/catalogue\/nettoyage-et-entretien\/","og_site_name":"IC\u00d3NICO - Dise\u00f1os para la arquitectura","article_publisher":"https:\/\/www.facebook.com\/iconicospain","article_modified_time":"2022-09-15T07:45:50+00:00","twitter_card":"summary_large_image","twitter_misc":{"Dur\u00e9e de lecture estim\u00e9e":"6 minutes"},"schema":{"@context":"https:\/\/schema.org","@graph":[{"@type":"WebPage","@id":"https:\/\/iconico.es\/fr\/catalogue\/nettoyage-et-entretien\/","url":"https:\/\/iconico.es\/fr\/catalogue\/nettoyage-et-entretien\/","name":"Nettoyage et entretien - IC\u00d3NICO - Dise\u00f1os para la arquitectura","isPartOf":{"@id":"https:\/\/iconico.es\/en\/#website"},"datePublished":"2022-09-15T07:45:48+00:00","dateModified":"2022-09-15T07:45:50+00:00","description":"Nettoyage et entretien - Nettoyage et entretien","breadcrumb":{"@id":"https:\/\/iconico.es\/fr\/catalogue\/nettoyage-et-entretien\/#breadcrumb"},"inLanguage":"fr-FR","potentialAction":[{"@type":"ReadAction","target":["https:\/\/iconico.es\/fr\/catalogue\/nettoyage-et-entretien\/"]}]},{"@type":"BreadcrumbList","@id":"https:\/\/iconico.es\/fr\/catalogue\/nettoyage-et-entretien\/#breadcrumb","itemListElement":[{"@type":"ListItem","position":1,"name":"Home","item":"https:\/\/iconico.es\/fr\/"},{"@type":"ListItem","position":2,"name":"Catalogue de produits","item":"https:\/\/iconico.es\/fr\/catalogue\/"},{"@type":"ListItem","position":3,"name":"Nettoyage et entretien"}]},{"@type":"WebSite","@id":"https:\/\/iconico.es\/en\/#website","url":"https:\/\/iconico.es\/en\/","name":"IC\u00d3NICO - Dise\u00f1os para la arquitectura","description":"IC\u00d3NICO dise\u00f1a productos atemporales para la arquitectura que responden a los mismos criterios tanto en sus formas como en sus acabados, lujo y calidad.","publisher":{"@id":"https:\/\/iconico.es\/en\/#organization"},"potentialAction":[{"@type":"SearchAction","target":{"@type":"EntryPoint","urlTemplate":"https:\/\/iconico.es\/en\/?s={search_term_string}"},"query-input":"required name=search_term_string"}],"inLanguage":"fr-FR"},{"@type":"Organization","@id":"https:\/\/iconico.es\/en\/#organization","name":"Dise\u00f1o Ic\u00f3nico, s.l.","url":"https:\/\/iconico.es\/en\/","logo":{"@type":"ImageObject","inLanguage":"fr-FR","@id":"https:\/\/iconico.es\/en\/#\/schema\/logo\/image\/","url":"https:\/\/iconico.es\/wp-content\/uploads\/2021\/09\/cropped-iconico_Logotipo.png","contentUrl":"https:\/\/iconico.es\/wp-content\/uploads\/2021\/09\/cropped-iconico_Logotipo.png","width":322,"height":80,"caption":"Dise\u00f1o Ic\u00f3nico, s.l."},"image":{"@id":"https:\/\/iconico.es\/en\/#\/schema\/logo\/image\/"},"sameAs":["https:\/\/www.facebook.com\/iconicospain","https:\/\/www.instagram.com\/iconico\/","https:\/\/www.linkedin.com\/company\/iconico-elements-for-architecture","https:\/\/www.pinterest.es\/iconico_es\/"]}]}},"_links":{"self":[{"href":"https:\/\/iconico.es\/fr\/wp-json\/wp\/v2\/pages\/39387","targetHints":{"allow":["GET"]}}],"collection":[{"href":"https:\/\/iconico.es\/fr\/wp-json\/wp\/v2\/pages"}],"about":[{"href":"https:\/\/iconico.es\/fr\/wp-json\/wp\/v2\/types\/page"}],"author":[{"embeddable":true,"href":"https:\/\/iconico.es\/fr\/wp-json\/wp\/v2\/users\/12"}],"replies":[{"embeddable":true,"href":"https:\/\/iconico.es\/fr\/wp-json\/wp\/v2\/comments?post=39387"}],"version-history":[{"count":0,"href":"https:\/\/iconico.es\/fr\/wp-json\/wp\/v2\/pages\/39387\/revisions"}],"up":[{"embeddable":true,"href":"https:\/\/iconico.es\/fr\/wp-json\/wp\/v2\/pages\/39242"}],"wp:attachment":[{"href":"https:\/\/iconico.es\/fr\/wp-json\/wp\/v2\/media?parent=39387"}],"curies":[{"name":"wp","href":"https:\/\/api.w.org\/{rel}","templated":true}]}}