{"id":48701,"date":"2023-05-30T09:48:41","date_gmt":"2023-05-30T09:48:41","guid":{"rendered":"https:\/\/iconico.es\/?page_id=48701"},"modified":"2023-05-31T09:02:58","modified_gmt":"2023-05-31T09:02:58","slug":"receveurs-de-douche","status":"publish","type":"page","link":"https:\/\/iconico.es\/fr\/catalogue\/sanitaires\/receveurs-de-douche\/","title":{"rendered":"Receveurs de douche"},"content":{"rendered":"[vc_row et_column_align=\u00a0\u00bbalign-center\u00a0\u00bb css=\u00a0\u00bb.vc_custom_1633433517052{margin-top: 3% !important;}\u00a0\u00bb][vc_column width=\u00a0\u00bb1\/4&Prime;][\/vc_column][vc_column width=\u00a0\u00bb1\/2&Prime;][vc_column_text]\n<h3 style=\"text-align: center;\"><span style=\"font-weight: 300;\">Il est temps de repenser la salle de bains de mani\u00e8re pratique et \u00e9l\u00e9gante. Notre s\u00e9rie de receveurs de douche est en mesure de transformer les espaces d&rsquo;eau avec des dessins qui s&rsquo;adaptent parfaitement \u00e0 l&rsquo;architecture. Des pi\u00e8ces aux lignes \u00e9pur\u00e9es et aux multiples possibilit\u00e9s de personnalisation pour cr\u00e9er des espaces accessibles, hygi\u00e9niques et d\u00e9coratifs \u00e0 la fois. La douche trouve sa place dans la salle de bain comme un rituel de plaisir.<\/span><\/h3>\n[\/vc_column_text][\/vc_column][vc_column width=\u00a0\u00bb1\/4&Prime;][\/vc_column][vc_column css=\u00a0\u00bb.vc_custom_1683126464776{background-position: center !important;background-repeat: no-repeat !important;background-size: cover !important;}\u00a0\u00bb]\t<div id=\"et-hovercard-69d49c67d8dbb\" class=\" et-hovercard \">\n\t\t<a class=\"et-hovercard-link\" href=\"https:\/\/iconico.es\/productos\/sanitarios\/platos-de-ducha\/\" target=\"_self\">\t\t<div class=\"et-hovercard-front et-hovercard-side\">\n\t\t\t<div class=\"et-hovercard-inner\">\n\t\t\t\t<h3 class=\"et-pricing-head\"><\/h3>\n\t\t\t<\/div>\n\t\t<\/div>\n\t\t<div class=\"et-hovercard-back et-hovercard-side\">\n\t\t\t<div class=\"et-hovercard-inner\">\n\t\t\t\t<figure class=\"et-pricing-icon\">\n\t\t\t\t\t\t\t\t\t\t<span class=\"\"><\/span>\n\t\t\t\t\t\t\t\t\t<\/figure>\n\t\t\t\t<h3 class=\"et-pricing-head\"><\/h3>\n\t\t\t\t<div class=\"et-pricing-content\"><\/div>\n\t\t\t<\/div>\n\t\t<\/div>\n\t\t<\/a>\n\t<\/div>\n\t[\/vc_column][\/vc_row][vc_row css=\u00a0\u00bb.vc_custom_1642506302366{margin-top: 2% !important;}\u00a0\u00bb][vc_column][vc_btn title=\u00a0\u00bbVOIR LES PRODUITS\u00a0\u00bb style=\u00a0\u00bboutline\u00a0\u00bb shape=\u00a0\u00bbsquare\u00a0\u00bb color=\u00a0\u00bbblack\u00a0\u00bb align=\u00a0\u00bbcenter\u00a0\u00bb link=\u00a0\u00bburl:https%3A%2F%2Ficonico.es%2Ffr%2Fproduits%2Freceveur-de-douche%2F|\u00a0\u00bb css=\u00a0\u00bb.vc_custom_1685433378800{margin-top: 45px !important;margin-bottom: 45px !important;}\u00a0\u00bb][\/vc_column][\/vc_row][vc_row css=\u00a0\u00bb.vc_custom_1650385619333{margin-top: 2% !important;}\u00a0\u00bb][vc_column][vc_column_text css=\u00a0\u00bb.vc_custom_1684840756494{margin-top: 3% !important;margin-bottom: 3% !important;}\u00a0\u00bb]\n<h3 style=\"text-align: center;\"><strong>Receveurs de douche<\/strong><\/h3>\n[\/vc_column_text][\/vc_column][\/vc_row][vc_row et_column_align=\u00a0\u00bbalign-center\u00a0\u00bb content_placement=\u00a0\u00bbtop\u00a0\u00bb css=\u00a0\u00bb.vc_custom_1650385553589{margin-top: 2% !important;margin-right: 10% !important;margin-left: 10% !important;}\u00a0\u00bb][vc_column width=\u00a0\u00bb1\/2&Prime;][vc_column_text]\n<h4 style=\"text-align: left;\"><span style=\"font-weight: 400;\">MAT\u00c9RIAUX ET FINITIONS<\/span><\/h4>\n[\/vc_column_text][\/vc_column][vc_column width=\u00a0\u00bb1\/2&Prime;][vc_column_text]Nos receveurs de douche sont fabriqu\u00e9s \u00e0 partir d&rsquo;un m\u00e9lange de <strong>75 % de pierre dolomite<\/strong> et de 25 % de r\u00e9sine, recouvert d&rsquo;une couche de <em>Gel Coat<\/em>. Nous vous proposons deux finitions parmi lesquelles choisir, avec une texture l\u00e9g\u00e8rement rugueuse sur la surface et des qualit\u00e9s antid\u00e9rapantes.[\/vc_column_text][\/vc_column][\/vc_row][vc_row et_column_align=\u00a0\u00bbalign-center\u00a0\u00bb content_placement=\u00a0\u00bbtop\u00a0\u00bb css=\u00a0\u00bb.vc_custom_1636994471639{margin-top: 2% !important;margin-right: 10% !important;margin-left: 10% !important;}\u00a0\u00bb][vc_column width=\u00a0\u00bb1\/2&Prime;][vc_column_text]\n<h4 style=\"text-align: left;\"><span style=\"font-weight: 400;\">COULEUR ET TAILLE PERSONNALISABLES<\/span><\/h4>\n[\/vc_column_text][\/vc_column][vc_column width=\u00a0\u00bb1\/2&Prime;][vc_column_text]Nous disposons de plusieurs formats et tailles, et d&rsquo;une certaine marge d&rsquo;adaptation de la pi\u00e8ce au projet de salle de bains pour obtenir une plus grande pr\u00e9cision dans le placement. Avec une \u00e9paisseur de seulement 3 cm, le receveur peut \u00eatre install\u00e9 au sol ou encastr\u00e9. Son rev\u00eatement <em>Gel Coat<\/em> permet \u00e9galement de choisir n&rsquo;importe quelle couleur de la palette <em>RAL Classic<\/em> pour sa finition finale, y compris le siphon qui est int\u00e9gr\u00e9 dans le m\u00eame ton et le m\u00eame mat\u00e9riau.[\/vc_column_text][\/vc_column][\/vc_row][vc_row et_column_align=\u00a0\u00bbalign-center\u00a0\u00bb content_placement=\u00a0\u00bbtop\u00a0\u00bb css=\u00a0\u00bb.vc_custom_1633433569926{margin-top: 2% !important;margin-right: 10% !important;margin-left: 10% !important;}\u00a0\u00bb][vc_column width=\u00a0\u00bb1\/2&Prime;][vc_column_text]\n<h4 style=\"text-align: left;\"><span style=\"font-weight: 400;\">ANTID\u00c9RAPANT, HYGI\u00c9NIQUE ET DURABLE<\/span><\/h4>\n[\/vc_column_text][\/vc_column][vc_column width=\u00a0\u00bb1\/2&Prime;][vc_column_text]La finition <em>Gel Coat<\/em>, ainsi que la texture rugueuse de la finition de surface garantissent les qualit\u00e9s antid\u00e9rapantes du receveur de douche. De plus, c&rsquo;est un mat\u00e9riau r\u00e9sistant, facile \u00e0 nettoyer et \u00e0 entretenir, ce qui le rend hygi\u00e9nique et durable, aussi bien pour les espaces domestiques que professionnels.[\/vc_column_text][\/vc_column][\/vc_row][vc_row css=\u00a0\u00bb.vc_custom_1663834269524{margin-top: 2% !important;}\u00a0\u00bb][vc_column offset=\u00a0\u00bbvc_hidden-xs\u00a0\u00bb][vc_separator][vc_column_text css=\u00a0\u00bb.vc_custom_1642501934727{margin-top: 3% !important;margin-bottom: 3% !important;}\u00a0\u00bb]\n<h3 style=\"text-align: center;\">Inspiration<\/h3>\n[\/vc_column_text][vc_row_inner css=\u00a0\u00bb.vc_custom_1631636612375{margin-top: 2% !important;}\u00a0\u00bb][vc_column_inner width=\u00a0\u00bb1\/2&Prime;]\t<div id=\"et-hovercard-69d49c67d978f\" class=\" et-hovercard \">\n\t\t<a class=\"et-hovercard-link\" href=\"https:\/\/iconico.es\/wp-content\/uploads\/pd2-1.jpg\" target=\"_blank\">\t\t<div class=\"et-hovercard-front et-hovercard-side\">\n\t\t\t<div class=\"et-hovercard-inner\">\n\t\t\t\t<h3 class=\"et-pricing-head\"><\/h3>\n\t\t\t<\/div>\n\t\t<\/div>\n\t\t<div class=\"et-hovercard-back et-hovercard-side\">\n\t\t\t<div class=\"et-hovercard-inner\">\n\t\t\t\t<figure class=\"et-pricing-icon\">\n\t\t\t\t\t\t\t\t\t\t<span class=\"\"><\/span>\n\t\t\t\t\t\t\t\t\t<\/figure>\n\t\t\t\t<h3 class=\"et-pricing-head\"><\/h3>\n\t\t\t\t<div class=\"et-pricing-content\"><\/div>\n\t\t\t<\/div>\n\t\t<\/div>\n\t\t<\/a>\n\t<\/div>\n\t[\/vc_column_inner][vc_column_inner width=\u00a0\u00bb1\/2&Prime;]\t<div id=\"et-hovercard-69d49c67d9fc8\" class=\" et-hovercard \">\n\t\t<a class=\"et-hovercard-link\" href=\"https:\/\/iconico.es\/wp-content\/uploads\/pd1-1.jpg\" target=\"_blank\">\t\t<div class=\"et-hovercard-front et-hovercard-side\">\n\t\t\t<div class=\"et-hovercard-inner\">\n\t\t\t\t<h3 class=\"et-pricing-head\"><\/h3>\n\t\t\t<\/div>\n\t\t<\/div>\n\t\t<div class=\"et-hovercard-back et-hovercard-side\">\n\t\t\t<div class=\"et-hovercard-inner\">\n\t\t\t\t<figure class=\"et-pricing-icon\">\n\t\t\t\t\t\t\t\t\t\t<span class=\"\"><\/span>\n\t\t\t\t\t\t\t\t\t<\/figure>\n\t\t\t\t<h3 class=\"et-pricing-head\"><\/h3>\n\t\t\t\t<div class=\"et-pricing-content\"><\/div>\n\t\t\t<\/div>\n\t\t<\/div>\n\t\t<\/a>\n\t<\/div>\n\t[\/vc_column_inner][\/vc_row_inner][vc_row_inner css=\u00a0\u00bb.vc_custom_1631636657462{margin-top: 2% !important;}\u00a0\u00bb][vc_column_inner width=\u00a0\u00bb1\/3&Prime;]\t<div id=\"et-hovercard-69d49c67da762\" class=\" et-hovercard \">\n\t\t<a class=\"et-hovercard-link\" href=\"https:\/\/iconico.es\/wp-content\/uploads\/pd3-1.jpg\" target=\"_blank\">\t\t<div class=\"et-hovercard-front et-hovercard-side\">\n\t\t\t<div class=\"et-hovercard-inner\">\n\t\t\t\t<h3 class=\"et-pricing-head\"><\/h3>\n\t\t\t<\/div>\n\t\t<\/div>\n\t\t<div class=\"et-hovercard-back et-hovercard-side\">\n\t\t\t<div class=\"et-hovercard-inner\">\n\t\t\t\t<figure class=\"et-pricing-icon\">\n\t\t\t\t\t\t\t\t\t\t<span class=\"\"><\/span>\n\t\t\t\t\t\t\t\t\t<\/figure>\n\t\t\t\t<h3 class=\"et-pricing-head\"><\/h3>\n\t\t\t\t<div class=\"et-pricing-content\"><\/div>\n\t\t\t<\/div>\n\t\t<\/div>\n\t\t<\/a>\n\t<\/div>\n\t[\/vc_column_inner][vc_column_inner width=\u00a0\u00bb1\/3&Prime;]\t<div id=\"et-hovercard-69d49c67daed0\" class=\" et-hovercard \">\n\t\t<a class=\"et-hovercard-link\" href=\"https:\/\/iconico.es\/wp-content\/uploads\/pd4-1.jpg\" target=\"_blank\">\t\t<div class=\"et-hovercard-front et-hovercard-side\">\n\t\t\t<div class=\"et-hovercard-inner\">\n\t\t\t\t<h3 class=\"et-pricing-head\"><\/h3>\n\t\t\t<\/div>\n\t\t<\/div>\n\t\t<div class=\"et-hovercard-back et-hovercard-side\">\n\t\t\t<div class=\"et-hovercard-inner\">\n\t\t\t\t<figure class=\"et-pricing-icon\">\n\t\t\t\t\t\t\t\t\t\t<span class=\"\"><\/span>\n\t\t\t\t\t\t\t\t\t<\/figure>\n\t\t\t\t<h3 class=\"et-pricing-head\"><\/h3>\n\t\t\t\t<div class=\"et-pricing-content\"><\/div>\n\t\t\t<\/div>\n\t\t<\/div>\n\t\t<\/a>\n\t<\/div>\n\t[\/vc_column_inner][vc_column_inner width=\u00a0\u00bb1\/3&Prime;]\t<div id=\"et-hovercard-69d49c67db65f\" class=\" et-hovercard \">\n\t\t<a class=\"et-hovercard-link\" href=\"https:\/\/iconico.es\/wp-content\/uploads\/pd5-1.jpg\" target=\"_blank\">\t\t<div class=\"et-hovercard-front et-hovercard-side\">\n\t\t\t<div class=\"et-hovercard-inner\">\n\t\t\t\t<h3 class=\"et-pricing-head\"><\/h3>\n\t\t\t<\/div>\n\t\t<\/div>\n\t\t<div class=\"et-hovercard-back et-hovercard-side\">\n\t\t\t<div class=\"et-hovercard-inner\">\n\t\t\t\t<figure class=\"et-pricing-icon\">\n\t\t\t\t\t\t\t\t\t\t<span class=\"\"><\/span>\n\t\t\t\t\t\t\t\t\t<\/figure>\n\t\t\t\t<h3 class=\"et-pricing-head\"><\/h3>\n\t\t\t\t<div class=\"et-pricing-content\"><\/div>\n\t\t\t<\/div>\n\t\t<\/div>\n\t\t<\/a>\n\t<\/div>\n\t[\/vc_column_inner][\/vc_row_inner][\/vc_column][\/vc_row][vc_row css=\u00a0\u00bb.vc_custom_1642506302366{margin-top: 2% !important;}\u00a0\u00bb][vc_column][vc_btn title=\u00a0\u00bbVOIR LE CATALOGUE\u00a0\u00bb style=\u00a0\u00bboutline\u00a0\u00bb shape=\u00a0\u00bbsquare\u00a0\u00bb color=\u00a0\u00bbblack\u00a0\u00bb align=\u00a0\u00bbcenter\u00a0\u00bb link=\u00a0\u00bburl:https%3A%2F%2Ficonico.es%2Fwp-content%2Fuploads%2FCatalogue_ReceveursDouche_ICONICO_FR23.pdf|\u00a0\u00bb css=\u00a0\u00bb.vc_custom_1685435710956{margin-top: 45px !important;margin-bottom: 45px !important;}\u00a0\u00bb][\/vc_column][\/vc_row]\n","protected":false},"excerpt":{"rendered":"<p>[vc_row et_column_align=\u00a0\u00bbalign-center\u00a0\u00bb css=\u00a0\u00bb.vc_custom_1633433517052{margin-top: 3% !important;}\u00a0\u00bb][vc_column width=\u00a0\u00bb1\/4&Prime;][\/vc_column][vc_column width=\u00a0\u00bb1\/2&Prime;][vc_column_text] Il est temps de repenser la salle de bains de mani\u00e8re pratique et \u00e9l\u00e9gante. Notre s\u00e9rie de receveurs de douche est en mesure de transformer les espaces d&rsquo;eau avec des dessins qui s&rsquo;adaptent parfaitement \u00e0 l&rsquo;architecture. Des pi\u00e8ces aux lignes \u00e9pur\u00e9es et aux&hellip;<\/p>\n","protected":false},"author":15,"featured_media":0,"parent":39224,"menu_order":0,"comment_status":"closed","ping_status":"closed","template":"","meta":{"_acf_changed":false,"footnotes":""},"class_list":["post-48701","page","type-page","status-publish","hentry"],"acf":[],"yoast_head":"<!-- This site is optimized with the Yoast SEO plugin v22.6 - https:\/\/yoast.com\/wordpress\/plugins\/seo\/ -->\r\n<title>Receveurs de douche - IC\u00d3NICO - Dise\u00f1os para la arquitectura<\/title>\r\n<meta name=\"description\" content=\"Receveurs de douche fabriqu\u00e9s \u00e0 partir d&#039;un m\u00e9lange de 75 % de pierre dolomitique et de 25 % de r\u00e9sine, recouvert d&#039;une couche de Gel Coat. Avec un choix de deux finitions avec une texture rugueuse, antid\u00e9rapante et une couleur personnalisable, \u00e0 la fois sur la surface et dans le drain.\" \/>\r\n<meta name=\"robots\" content=\"index, follow, max-snippet:-1, max-image-preview:large, max-video-preview:-1\" \/>\r\n<link rel=\"canonical\" href=\"https:\/\/iconico.es\/fr\/catalogue\/sanitaires\/receveurs-de-douche\/\" \/>\r\n<meta property=\"og:locale\" content=\"fr_FR\" \/>\r\n<meta property=\"og:type\" content=\"article\" \/>\r\n<meta property=\"og:title\" content=\"Receveurs de douche - IC\u00d3NICO - Dise\u00f1os para la arquitectura\" \/>\r\n<meta property=\"og:description\" content=\"Receveurs de douche fabriqu\u00e9s \u00e0 partir d&#039;un m\u00e9lange de 75 % de pierre dolomitique et de 25 % de r\u00e9sine, recouvert d&#039;une couche de Gel Coat. Avec un choix de deux finitions avec une texture rugueuse, antid\u00e9rapante et une couleur personnalisable, \u00e0 la fois sur la surface et dans le drain.\" \/>\r\n<meta property=\"og:url\" content=\"https:\/\/iconico.es\/fr\/catalogue\/sanitaires\/receveurs-de-douche\/\" \/>\r\n<meta property=\"og:site_name\" content=\"IC\u00d3NICO - Dise\u00f1os para la arquitectura\" \/>\r\n<meta property=\"article:publisher\" content=\"https:\/\/www.facebook.com\/iconicospain\" \/>\r\n<meta property=\"article:modified_time\" content=\"2023-05-31T09:02:58+00:00\" \/>\r\n<meta name=\"twitter:card\" content=\"summary_large_image\" \/>\r\n<meta name=\"twitter:label1\" content=\"Dur\u00e9e de lecture estim\u00e9e\" \/>\n\t<meta name=\"twitter:data1\" content=\"2 minutes\" \/>\r\n<script type=\"application\/ld+json\" class=\"yoast-schema-graph\">{\"@context\":\"https:\/\/schema.org\",\"@graph\":[{\"@type\":\"WebPage\",\"@id\":\"https:\/\/iconico.es\/fr\/catalogue\/sanitaires\/receveurs-de-douche\/\",\"url\":\"https:\/\/iconico.es\/fr\/catalogue\/sanitaires\/receveurs-de-douche\/\",\"name\":\"Receveurs de douche - IC\u00d3NICO - Dise\u00f1os para la arquitectura\",\"isPartOf\":{\"@id\":\"https:\/\/iconico.es\/en\/#website\"},\"datePublished\":\"2023-05-30T09:48:41+00:00\",\"dateModified\":\"2023-05-31T09:02:58+00:00\",\"description\":\"Receveurs de douche fabriqu\u00e9s \u00e0 partir d'un m\u00e9lange de 75 % de pierre dolomitique et de 25 % de r\u00e9sine, recouvert d'une couche de Gel Coat. Avec un choix de deux finitions avec une texture rugueuse, antid\u00e9rapante et une couleur personnalisable, \u00e0 la fois sur la surface et dans le drain.\",\"breadcrumb\":{\"@id\":\"https:\/\/iconico.es\/fr\/catalogue\/sanitaires\/receveurs-de-douche\/#breadcrumb\"},\"inLanguage\":\"fr-FR\",\"potentialAction\":[{\"@type\":\"ReadAction\",\"target\":[\"https:\/\/iconico.es\/fr\/catalogue\/sanitaires\/receveurs-de-douche\/\"]}]},{\"@type\":\"BreadcrumbList\",\"@id\":\"https:\/\/iconico.es\/fr\/catalogue\/sanitaires\/receveurs-de-douche\/#breadcrumb\",\"itemListElement\":[{\"@type\":\"ListItem\",\"position\":1,\"name\":\"Home\",\"item\":\"https:\/\/iconico.es\/fr\/\"},{\"@type\":\"ListItem\",\"position\":2,\"name\":\"Catalogue de produits\",\"item\":\"https:\/\/iconico.es\/fr\/catalogue\/\"},{\"@type\":\"ListItem\",\"position\":3,\"name\":\"Sanitaires\",\"item\":\"https:\/\/iconico.es\/fr\/catalogue\/sanitaires\/\"},{\"@type\":\"ListItem\",\"position\":4,\"name\":\"Receveurs de douche\"}]},{\"@type\":\"WebSite\",\"@id\":\"https:\/\/iconico.es\/en\/#website\",\"url\":\"https:\/\/iconico.es\/en\/\",\"name\":\"IC\u00d3NICO - Dise\u00f1os para la arquitectura\",\"description\":\"IC\u00d3NICO dise\u00f1a productos atemporales para la arquitectura que responden a los mismos criterios tanto en sus formas como en sus acabados, lujo y calidad.\",\"publisher\":{\"@id\":\"https:\/\/iconico.es\/en\/#organization\"},\"potentialAction\":[{\"@type\":\"SearchAction\",\"target\":{\"@type\":\"EntryPoint\",\"urlTemplate\":\"https:\/\/iconico.es\/en\/?s={search_term_string}\"},\"query-input\":\"required name=search_term_string\"}],\"inLanguage\":\"fr-FR\"},{\"@type\":\"Organization\",\"@id\":\"https:\/\/iconico.es\/en\/#organization\",\"name\":\"Dise\u00f1o Ic\u00f3nico, s.l.\",\"url\":\"https:\/\/iconico.es\/en\/\",\"logo\":{\"@type\":\"ImageObject\",\"inLanguage\":\"fr-FR\",\"@id\":\"https:\/\/iconico.es\/en\/#\/schema\/logo\/image\/\",\"url\":\"https:\/\/iconico.es\/wp-content\/uploads\/2021\/09\/cropped-iconico_Logotipo.png\",\"contentUrl\":\"https:\/\/iconico.es\/wp-content\/uploads\/2021\/09\/cropped-iconico_Logotipo.png\",\"width\":322,\"height\":80,\"caption\":\"Dise\u00f1o Ic\u00f3nico, s.l.\"},\"image\":{\"@id\":\"https:\/\/iconico.es\/en\/#\/schema\/logo\/image\/\"},\"sameAs\":[\"https:\/\/www.facebook.com\/iconicospain\",\"https:\/\/www.instagram.com\/iconico\/\",\"https:\/\/www.linkedin.com\/company\/iconico-elements-for-architecture\",\"https:\/\/www.pinterest.es\/iconico_es\/\"]}]}<\/script>\r\n<!-- \/ Yoast SEO plugin. -->","yoast_head_json":{"title":"Receveurs de douche - IC\u00d3NICO - Dise\u00f1os para la arquitectura","description":"Receveurs de douche fabriqu\u00e9s \u00e0 partir d'un m\u00e9lange de 75 % de pierre dolomitique et de 25 % de r\u00e9sine, recouvert d'une couche de Gel Coat. Avec un choix de deux finitions avec une texture rugueuse, antid\u00e9rapante et une couleur personnalisable, \u00e0 la fois sur la surface et dans le drain.","robots":{"index":"index","follow":"follow","max-snippet":"max-snippet:-1","max-image-preview":"max-image-preview:large","max-video-preview":"max-video-preview:-1"},"canonical":"https:\/\/iconico.es\/fr\/catalogue\/sanitaires\/receveurs-de-douche\/","og_locale":"fr_FR","og_type":"article","og_title":"Receveurs de douche - IC\u00d3NICO - Dise\u00f1os para la arquitectura","og_description":"Receveurs de douche fabriqu\u00e9s \u00e0 partir d'un m\u00e9lange de 75 % de pierre dolomitique et de 25 % de r\u00e9sine, recouvert d'une couche de Gel Coat. Avec un choix de deux finitions avec une texture rugueuse, antid\u00e9rapante et une couleur personnalisable, \u00e0 la fois sur la surface et dans le drain.","og_url":"https:\/\/iconico.es\/fr\/catalogue\/sanitaires\/receveurs-de-douche\/","og_site_name":"IC\u00d3NICO - Dise\u00f1os para la arquitectura","article_publisher":"https:\/\/www.facebook.com\/iconicospain","article_modified_time":"2023-05-31T09:02:58+00:00","twitter_card":"summary_large_image","twitter_misc":{"Dur\u00e9e de lecture estim\u00e9e":"2 minutes"},"schema":{"@context":"https:\/\/schema.org","@graph":[{"@type":"WebPage","@id":"https:\/\/iconico.es\/fr\/catalogue\/sanitaires\/receveurs-de-douche\/","url":"https:\/\/iconico.es\/fr\/catalogue\/sanitaires\/receveurs-de-douche\/","name":"Receveurs de douche - IC\u00d3NICO - Dise\u00f1os para la arquitectura","isPartOf":{"@id":"https:\/\/iconico.es\/en\/#website"},"datePublished":"2023-05-30T09:48:41+00:00","dateModified":"2023-05-31T09:02:58+00:00","description":"Receveurs de douche fabriqu\u00e9s \u00e0 partir d'un m\u00e9lange de 75 % de pierre dolomitique et de 25 % de r\u00e9sine, recouvert d'une couche de Gel Coat. Avec un choix de deux finitions avec une texture rugueuse, antid\u00e9rapante et une couleur personnalisable, \u00e0 la fois sur la surface et dans le drain.","breadcrumb":{"@id":"https:\/\/iconico.es\/fr\/catalogue\/sanitaires\/receveurs-de-douche\/#breadcrumb"},"inLanguage":"fr-FR","potentialAction":[{"@type":"ReadAction","target":["https:\/\/iconico.es\/fr\/catalogue\/sanitaires\/receveurs-de-douche\/"]}]},{"@type":"BreadcrumbList","@id":"https:\/\/iconico.es\/fr\/catalogue\/sanitaires\/receveurs-de-douche\/#breadcrumb","itemListElement":[{"@type":"ListItem","position":1,"name":"Home","item":"https:\/\/iconico.es\/fr\/"},{"@type":"ListItem","position":2,"name":"Catalogue de produits","item":"https:\/\/iconico.es\/fr\/catalogue\/"},{"@type":"ListItem","position":3,"name":"Sanitaires","item":"https:\/\/iconico.es\/fr\/catalogue\/sanitaires\/"},{"@type":"ListItem","position":4,"name":"Receveurs de douche"}]},{"@type":"WebSite","@id":"https:\/\/iconico.es\/en\/#website","url":"https:\/\/iconico.es\/en\/","name":"IC\u00d3NICO - Dise\u00f1os para la arquitectura","description":"IC\u00d3NICO dise\u00f1a productos atemporales para la arquitectura que responden a los mismos criterios tanto en sus formas como en sus acabados, lujo y calidad.","publisher":{"@id":"https:\/\/iconico.es\/en\/#organization"},"potentialAction":[{"@type":"SearchAction","target":{"@type":"EntryPoint","urlTemplate":"https:\/\/iconico.es\/en\/?s={search_term_string}"},"query-input":"required name=search_term_string"}],"inLanguage":"fr-FR"},{"@type":"Organization","@id":"https:\/\/iconico.es\/en\/#organization","name":"Dise\u00f1o Ic\u00f3nico, s.l.","url":"https:\/\/iconico.es\/en\/","logo":{"@type":"ImageObject","inLanguage":"fr-FR","@id":"https:\/\/iconico.es\/en\/#\/schema\/logo\/image\/","url":"https:\/\/iconico.es\/wp-content\/uploads\/2021\/09\/cropped-iconico_Logotipo.png","contentUrl":"https:\/\/iconico.es\/wp-content\/uploads\/2021\/09\/cropped-iconico_Logotipo.png","width":322,"height":80,"caption":"Dise\u00f1o Ic\u00f3nico, s.l."},"image":{"@id":"https:\/\/iconico.es\/en\/#\/schema\/logo\/image\/"},"sameAs":["https:\/\/www.facebook.com\/iconicospain","https:\/\/www.instagram.com\/iconico\/","https:\/\/www.linkedin.com\/company\/iconico-elements-for-architecture","https:\/\/www.pinterest.es\/iconico_es\/"]}]}},"_links":{"self":[{"href":"https:\/\/iconico.es\/fr\/wp-json\/wp\/v2\/pages\/48701","targetHints":{"allow":["GET"]}}],"collection":[{"href":"https:\/\/iconico.es\/fr\/wp-json\/wp\/v2\/pages"}],"about":[{"href":"https:\/\/iconico.es\/fr\/wp-json\/wp\/v2\/types\/page"}],"author":[{"embeddable":true,"href":"https:\/\/iconico.es\/fr\/wp-json\/wp\/v2\/users\/15"}],"replies":[{"embeddable":true,"href":"https:\/\/iconico.es\/fr\/wp-json\/wp\/v2\/comments?post=48701"}],"version-history":[{"count":0,"href":"https:\/\/iconico.es\/fr\/wp-json\/wp\/v2\/pages\/48701\/revisions"}],"up":[{"embeddable":true,"href":"https:\/\/iconico.es\/fr\/wp-json\/wp\/v2\/pages\/39224"}],"wp:attachment":[{"href":"https:\/\/iconico.es\/fr\/wp-json\/wp\/v2\/media?parent=48701"}],"curies":[{"name":"wp","href":"https:\/\/api.w.org\/{rel}","templated":true}]}}