{"id":39929,"date":"2021-12-14T16:32:25","date_gmt":"2021-12-14T16:32:25","guid":{"rendered":"https:\/\/iconico.es\/producto\/18-200-010\/"},"modified":"2024-01-15T08:47:50","modified_gmt":"2024-01-15T08:47:50","slug":"18-200-010-sifon-lineal-para-unidades-de-salida","status":"publish","type":"product","link":"https:\/\/iconico.es\/fr\/produit\/18-200-010-sifon-lineal-para-unidades-de-salida\/","title":{"rendered":"18.200.010"},"content":{"rendered":"<p>Sif\u00f3n lineal. Se adapta a la antigua generaci\u00f3n de unidades de salida. Este sif\u00f3n cumple con los requisitos de capacidad y autolimpieza seg\u00fan EN 1253 (norma europea com\u00fan para desagu\u0308es de suelo) y est\u00e1 aprobado por la VA.<\/p>\n","protected":false},"excerpt":{"rendered":"<p>Sif\u00f3n lineal<\/p>\n","protected":false},"featured_media":26707,"template":"","meta":{"_acf_changed":false},"product_cat":[495],"product_tag":[],"class_list":["post-39929","product","type-product","status-publish","has-post-thumbnail","hentry","product_cat-complements-et-siphons"],"acf":[],"yoast_head":"<!-- This site is optimized with the Yoast SEO plugin v22.6 - https:\/\/yoast.com\/wordpress\/plugins\/seo\/ -->\r\n<title>18.200.010-Sif\u00f3n lineal para unidades de salida - BY IC\u00d3NICO<\/title>\r\n<meta name=\"description\" content=\"Sif\u00f3n lineal para unidades de salida antiguas, cumple con requisitos de capacidad y autolimpieza seg\u00fan normas europeas. Aprobado por la VA. Dise\u00f1o, lujo y alta calidad son importantes.\" \/>\r\n<meta name=\"robots\" content=\"index, follow, max-snippet:-1, max-image-preview:large, max-video-preview:-1\" \/>\r\n<link rel=\"canonical\" href=\"https:\/\/iconico.es\/producto\/18-200-010-sifon-lineal-para-unidades-de-salida\/\" \/>\r\n<meta property=\"og:locale\" content=\"fr_FR\" \/>\r\n<meta property=\"og:type\" content=\"article\" \/>\r\n<meta property=\"og:title\" content=\"18.200.010-Sif\u00f3n lineal para unidades de salida - BY IC\u00d3NICO\" \/>\r\n<meta property=\"og:description\" content=\"Sif\u00f3n lineal para unidades de salida antiguas, cumple con requisitos de capacidad y autolimpieza seg\u00fan normas europeas. Aprobado por la VA. Dise\u00f1o, lujo y alta calidad son importantes.\" \/>\r\n<meta property=\"og:url\" content=\"https:\/\/iconico.es\/producto\/18-200-010-sifon-lineal-para-unidades-de-salida\/\" \/>\r\n<meta property=\"og:site_name\" content=\"IC\u00d3NICO - Dise\u00f1os para la arquitectura\" \/>\r\n<meta property=\"article:publisher\" content=\"https:\/\/www.facebook.com\/iconicospain\" \/>\r\n<meta property=\"article:modified_time\" content=\"2024-01-15T08:47:50+00:00\" \/>\r\n<meta property=\"og:image\" content=\"https:\/\/iconico.es\/wp-content\/uploads\/18.200.010_sifon-line_iconico.jpg\" \/>\r\n\t<meta property=\"og:image:width\" content=\"449\" \/>\r\n\t<meta property=\"og:image:height\" content=\"614\" \/>\r\n\t<meta property=\"og:image:type\" content=\"image\/jpeg\" \/>\r\n<meta name=\"twitter:card\" content=\"summary_large_image\" \/>\r\n<script type=\"application\/ld+json\" class=\"yoast-schema-graph\">{\"@context\":\"https:\/\/schema.org\",\"@graph\":[{\"@type\":\"WebPage\",\"@id\":\"https:\/\/iconico.es\/producto\/18-200-010-sifon-lineal-para-unidades-de-salida\/\",\"url\":\"https:\/\/iconico.es\/producto\/18-200-010-sifon-lineal-para-unidades-de-salida\/\",\"name\":\"18.200.010-Sif\u00f3n lineal para unidades de salida - BY IC\u00d3NICO\",\"isPartOf\":{\"@id\":\"https:\/\/iconico.es\/en\/#website\"},\"primaryImageOfPage\":{\"@id\":\"https:\/\/iconico.es\/producto\/18-200-010-sifon-lineal-para-unidades-de-salida\/#primaryimage\"},\"image\":{\"@id\":\"https:\/\/iconico.es\/producto\/18-200-010-sifon-lineal-para-unidades-de-salida\/#primaryimage\"},\"thumbnailUrl\":\"https:\/\/iconico.es\/wp-content\/uploads\/18.200.010_sifon-line_iconico.jpg\",\"datePublished\":\"2021-12-14T16:32:25+00:00\",\"dateModified\":\"2024-01-15T08:47:50+00:00\",\"description\":\"Sif\u00f3n lineal para unidades de salida antiguas, cumple con requisitos de capacidad y autolimpieza seg\u00fan normas europeas. Aprobado por la VA. Dise\u00f1o, lujo y alta calidad son importantes.\",\"breadcrumb\":{\"@id\":\"https:\/\/iconico.es\/producto\/18-200-010-sifon-lineal-para-unidades-de-salida\/#breadcrumb\"},\"inLanguage\":\"fr-FR\",\"potentialAction\":[{\"@type\":\"ReadAction\",\"target\":[\"https:\/\/iconico.es\/producto\/18-200-010-sifon-lineal-para-unidades-de-salida\/\"]}]},{\"@type\":\"ImageObject\",\"inLanguage\":\"fr-FR\",\"@id\":\"https:\/\/iconico.es\/producto\/18-200-010-sifon-lineal-para-unidades-de-salida\/#primaryimage\",\"url\":\"https:\/\/iconico.es\/wp-content\/uploads\/18.200.010_sifon-line_iconico.jpg\",\"contentUrl\":\"https:\/\/iconico.es\/wp-content\/uploads\/18.200.010_sifon-line_iconico.jpg\",\"width\":449,\"height\":614},{\"@type\":\"BreadcrumbList\",\"@id\":\"https:\/\/iconico.es\/producto\/18-200-010-sifon-lineal-para-unidades-de-salida\/#breadcrumb\",\"itemListElement\":[{\"@type\":\"ListItem\",\"position\":1,\"name\":\"Home\",\"item\":\"https:\/\/iconico.es\/fr\/\"},{\"@type\":\"ListItem\",\"position\":2,\"name\":\"Boutique\",\"item\":\"https:\/\/iconico.es\/fr\/boutique\/\"},{\"@type\":\"ListItem\",\"position\":3,\"name\":\"18.200.010\"}]},{\"@type\":\"WebSite\",\"@id\":\"https:\/\/iconico.es\/en\/#website\",\"url\":\"https:\/\/iconico.es\/en\/\",\"name\":\"IC\u00d3NICO - Dise\u00f1os para la arquitectura\",\"description\":\"IC\u00d3NICO dise\u00f1a productos atemporales para la arquitectura que responden a los mismos criterios tanto en sus formas como en sus acabados, lujo y calidad.\",\"publisher\":{\"@id\":\"https:\/\/iconico.es\/en\/#organization\"},\"potentialAction\":[{\"@type\":\"SearchAction\",\"target\":{\"@type\":\"EntryPoint\",\"urlTemplate\":\"https:\/\/iconico.es\/en\/?s={search_term_string}\"},\"query-input\":\"required name=search_term_string\"}],\"inLanguage\":\"fr-FR\"},{\"@type\":\"Organization\",\"@id\":\"https:\/\/iconico.es\/en\/#organization\",\"name\":\"Dise\u00f1o Ic\u00f3nico, s.l.\",\"url\":\"https:\/\/iconico.es\/en\/\",\"logo\":{\"@type\":\"ImageObject\",\"inLanguage\":\"fr-FR\",\"@id\":\"https:\/\/iconico.es\/en\/#\/schema\/logo\/image\/\",\"url\":\"https:\/\/iconico.es\/wp-content\/uploads\/2021\/09\/cropped-iconico_Logotipo.png\",\"contentUrl\":\"https:\/\/iconico.es\/wp-content\/uploads\/2021\/09\/cropped-iconico_Logotipo.png\",\"width\":322,\"height\":80,\"caption\":\"Dise\u00f1o Ic\u00f3nico, s.l.\"},\"image\":{\"@id\":\"https:\/\/iconico.es\/en\/#\/schema\/logo\/image\/\"},\"sameAs\":[\"https:\/\/www.facebook.com\/iconicospain\",\"https:\/\/www.instagram.com\/iconico\/\",\"https:\/\/www.linkedin.com\/company\/iconico-elements-for-architecture\",\"https:\/\/www.pinterest.es\/iconico_es\/\"]}]}<\/script>\r\n<!-- \/ Yoast SEO plugin. -->","yoast_head_json":{"title":"18.200.010-Sif\u00f3n lineal para unidades de salida - BY IC\u00d3NICO","description":"Sif\u00f3n lineal para unidades de salida antiguas, cumple con requisitos de capacidad y autolimpieza seg\u00fan normas europeas. Aprobado por la VA. Dise\u00f1o, lujo y alta calidad son importantes.","robots":{"index":"index","follow":"follow","max-snippet":"max-snippet:-1","max-image-preview":"max-image-preview:large","max-video-preview":"max-video-preview:-1"},"canonical":"https:\/\/iconico.es\/producto\/18-200-010-sifon-lineal-para-unidades-de-salida\/","og_locale":"fr_FR","og_type":"article","og_title":"18.200.010-Sif\u00f3n lineal para unidades de salida - BY IC\u00d3NICO","og_description":"Sif\u00f3n lineal para unidades de salida antiguas, cumple con requisitos de capacidad y autolimpieza seg\u00fan normas europeas. Aprobado por la VA. Dise\u00f1o, lujo y alta calidad son importantes.","og_url":"https:\/\/iconico.es\/producto\/18-200-010-sifon-lineal-para-unidades-de-salida\/","og_site_name":"IC\u00d3NICO - Dise\u00f1os para la arquitectura","article_publisher":"https:\/\/www.facebook.com\/iconicospain","article_modified_time":"2024-01-15T08:47:50+00:00","og_image":[{"width":449,"height":614,"url":"https:\/\/iconico.es\/wp-content\/uploads\/18.200.010_sifon-line_iconico.jpg","type":"image\/jpeg"}],"twitter_card":"summary_large_image","schema":{"@context":"https:\/\/schema.org","@graph":[{"@type":"WebPage","@id":"https:\/\/iconico.es\/producto\/18-200-010-sifon-lineal-para-unidades-de-salida\/","url":"https:\/\/iconico.es\/producto\/18-200-010-sifon-lineal-para-unidades-de-salida\/","name":"18.200.010-Sif\u00f3n lineal para unidades de salida - BY IC\u00d3NICO","isPartOf":{"@id":"https:\/\/iconico.es\/en\/#website"},"primaryImageOfPage":{"@id":"https:\/\/iconico.es\/producto\/18-200-010-sifon-lineal-para-unidades-de-salida\/#primaryimage"},"image":{"@id":"https:\/\/iconico.es\/producto\/18-200-010-sifon-lineal-para-unidades-de-salida\/#primaryimage"},"thumbnailUrl":"https:\/\/iconico.es\/wp-content\/uploads\/18.200.010_sifon-line_iconico.jpg","datePublished":"2021-12-14T16:32:25+00:00","dateModified":"2024-01-15T08:47:50+00:00","description":"Sif\u00f3n lineal para unidades de salida antiguas, cumple con requisitos de capacidad y autolimpieza seg\u00fan normas europeas. Aprobado por la VA. Dise\u00f1o, lujo y alta calidad son importantes.","breadcrumb":{"@id":"https:\/\/iconico.es\/producto\/18-200-010-sifon-lineal-para-unidades-de-salida\/#breadcrumb"},"inLanguage":"fr-FR","potentialAction":[{"@type":"ReadAction","target":["https:\/\/iconico.es\/producto\/18-200-010-sifon-lineal-para-unidades-de-salida\/"]}]},{"@type":"ImageObject","inLanguage":"fr-FR","@id":"https:\/\/iconico.es\/producto\/18-200-010-sifon-lineal-para-unidades-de-salida\/#primaryimage","url":"https:\/\/iconico.es\/wp-content\/uploads\/18.200.010_sifon-line_iconico.jpg","contentUrl":"https:\/\/iconico.es\/wp-content\/uploads\/18.200.010_sifon-line_iconico.jpg","width":449,"height":614},{"@type":"BreadcrumbList","@id":"https:\/\/iconico.es\/producto\/18-200-010-sifon-lineal-para-unidades-de-salida\/#breadcrumb","itemListElement":[{"@type":"ListItem","position":1,"name":"Home","item":"https:\/\/iconico.es\/fr\/"},{"@type":"ListItem","position":2,"name":"Boutique","item":"https:\/\/iconico.es\/fr\/boutique\/"},{"@type":"ListItem","position":3,"name":"18.200.010"}]},{"@type":"WebSite","@id":"https:\/\/iconico.es\/en\/#website","url":"https:\/\/iconico.es\/en\/","name":"IC\u00d3NICO - Dise\u00f1os para la arquitectura","description":"IC\u00d3NICO dise\u00f1a productos atemporales para la arquitectura que responden a los mismos criterios tanto en sus formas como en sus acabados, lujo y calidad.","publisher":{"@id":"https:\/\/iconico.es\/en\/#organization"},"potentialAction":[{"@type":"SearchAction","target":{"@type":"EntryPoint","urlTemplate":"https:\/\/iconico.es\/en\/?s={search_term_string}"},"query-input":"required name=search_term_string"}],"inLanguage":"fr-FR"},{"@type":"Organization","@id":"https:\/\/iconico.es\/en\/#organization","name":"Dise\u00f1o Ic\u00f3nico, s.l.","url":"https:\/\/iconico.es\/en\/","logo":{"@type":"ImageObject","inLanguage":"fr-FR","@id":"https:\/\/iconico.es\/en\/#\/schema\/logo\/image\/","url":"https:\/\/iconico.es\/wp-content\/uploads\/2021\/09\/cropped-iconico_Logotipo.png","contentUrl":"https:\/\/iconico.es\/wp-content\/uploads\/2021\/09\/cropped-iconico_Logotipo.png","width":322,"height":80,"caption":"Dise\u00f1o Ic\u00f3nico, s.l."},"image":{"@id":"https:\/\/iconico.es\/en\/#\/schema\/logo\/image\/"},"sameAs":["https:\/\/www.facebook.com\/iconicospain","https:\/\/www.instagram.com\/iconico\/","https:\/\/www.linkedin.com\/company\/iconico-elements-for-architecture","https:\/\/www.pinterest.es\/iconico_es\/"]}]}},"_links":{"self":[{"href":"https:\/\/iconico.es\/fr\/wp-json\/wp\/v2\/product\/39929","targetHints":{"allow":["GET"]}}],"collection":[{"href":"https:\/\/iconico.es\/fr\/wp-json\/wp\/v2\/product"}],"about":[{"href":"https:\/\/iconico.es\/fr\/wp-json\/wp\/v2\/types\/product"}],"wp:featuredmedia":[{"embeddable":true,"href":"https:\/\/iconico.es\/fr\/wp-json\/wp\/v2\/media\/26707"}],"wp:attachment":[{"href":"https:\/\/iconico.es\/fr\/wp-json\/wp\/v2\/media?parent=39929"}],"wp:term":[{"taxonomy":"product_cat","embeddable":true,"href":"https:\/\/iconico.es\/fr\/wp-json\/wp\/v2\/product_cat?post=39929"},{"taxonomy":"product_tag","embeddable":true,"href":"https:\/\/iconico.es\/fr\/wp-json\/wp\/v2\/product_tag?post=39929"}],"curies":[{"name":"wp","href":"https:\/\/api.w.org\/{rel}","templated":true}]}}