{"id":39939,"date":"2021-12-14T16:32:22","date_gmt":"2021-12-14T16:32:22","guid":{"rendered":"https:\/\/iconico.es\/producto\/column-cuadrado-sv\/"},"modified":"2023-09-29T08:16:36","modified_gmt":"2023-09-29T08:16:36","slug":"column-cuadrado-s-v-set-completo-de-desague-cuadrado-con-troquelado-lineal-en-acero-inoxidable-aisi-304","status":"publish","type":"product","link":"https:\/\/iconico.es\/fr\/produit\/column-cuadrado-s-v-set-completo-de-desague-cuadrado-con-troquelado-lineal-en-acero-inoxidable-aisi-304\/","title":{"rendered":"COLUMN-CUADRADO S-V"},"content":{"rendered":"<p>Set completo de desag\u00fce cuadrado con troquelado lineal de 15&#215;15 cm, en acero inoxidable AISI 304, con sif\u00f3n vertical.<\/p>\n<p>El set incluye:<\/p>\n<p>\u2014 Rejilla y marco ClassicLine Column de 15&#215;15 cm<\/p>\n<p>\u2014 Unidad de desag\u00fce de acero<\/p>\n<p>\u2014 Sif\u00f3n en posici\u00f3n vertical. Con unidad de salida horizontal de \u00d875 mm y entradas laterales, 3 adaptadores (2 piezas para tuber\u00edas de 40 mm y 1 pieza para tuber\u00eda de 32 mm)<\/p>\n<p>* La altura de la unidad se puede ajustar +\/- 10 mm y girar 360\u00ba en la unidad de salida.<\/p>\n<p>* Truncar el marco ClassicLine Column hasta el nivel de las baldosas.<\/p>\n<p>* Capa m\u00ednima de azulejos de 8 mm.<\/p>\n<p>\u2014 Pa\u00f1o de limpieza<\/p>\n","protected":false},"excerpt":{"rendered":"<p>Set completo de desag\u00fce cuadrado con troquelado lineal<\/p>\n","protected":false},"featured_media":39480,"template":"","meta":{"_acf_changed":false},"product_cat":[564],"product_tag":[],"class_list":["post-39939","product","type-product","status-publish","has-post-thumbnail","hentry","product_cat-carree","pa_acabados-acier-inoxydable-brosse"],"acf":[],"yoast_head":"<!-- This site is optimized with the Yoast SEO plugin v22.6 - https:\/\/yoast.com\/wordpress\/plugins\/seo\/ -->\r\n<title>COLUMN-CUADRADO S-V-Set completo de desag\u00fce cuadrado con troquelado lineal en acero inoxidable AISI 304 - BY IC\u00d3NICO<\/title>\r\n<meta name=\"description\" content=\"Set completo de desag\u00fce cuadrado de 15x15 cm en acero inoxidable AISI 304. Incluye rejilla y marco ClassicLine Column, unidad de desag\u00fce de acero y sif\u00f3n vertical. Altura ajustable y giratorio. Pa\u00f1o de limpieza incluido.\" \/>\r\n<meta name=\"robots\" content=\"index, follow, max-snippet:-1, max-image-preview:large, max-video-preview:-1\" \/>\r\n<link rel=\"canonical\" href=\"https:\/\/iconico.es\/fr\/produit\/column-cuadrado-s-v-set-completo-de-desague-cuadrado-con-troquelado-lineal-en-acero-inoxidable-aisi-304\/\" \/>\r\n<meta property=\"og:locale\" content=\"fr_FR\" \/>\r\n<meta property=\"og:type\" content=\"article\" \/>\r\n<meta property=\"og:title\" content=\"COLUMN-CUADRADO S-V-Set completo de desag\u00fce cuadrado con troquelado lineal en acero inoxidable AISI 304 - BY IC\u00d3NICO\" \/>\r\n<meta property=\"og:description\" content=\"Set completo de desag\u00fce cuadrado de 15x15 cm en acero inoxidable AISI 304. Incluye rejilla y marco ClassicLine Column, unidad de desag\u00fce de acero y sif\u00f3n vertical. Altura ajustable y giratorio. Pa\u00f1o de limpieza incluido.\" \/>\r\n<meta property=\"og:url\" content=\"https:\/\/iconico.es\/fr\/produit\/column-cuadrado-s-v-set-completo-de-desague-cuadrado-con-troquelado-lineal-en-acero-inoxidable-aisi-304\/\" \/>\r\n<meta property=\"og:site_name\" content=\"IC\u00d3NICO - Dise\u00f1os para la arquitectura\" \/>\r\n<meta property=\"article:publisher\" content=\"https:\/\/www.facebook.com\/iconicospain\" \/>\r\n<meta property=\"article:modified_time\" content=\"2023-09-29T08:16:36+00:00\" \/>\r\n<meta property=\"og:image\" content=\"https:\/\/iconico.es\/wp-content\/uploads\/COLUMN-CUADRADO_sifon-vertical_desague_iconico.jpg\" \/>\r\n\t<meta property=\"og:image:width\" content=\"1600\" \/>\r\n\t<meta property=\"og:image:height\" content=\"1000\" \/>\r\n\t<meta property=\"og:image:type\" content=\"image\/jpeg\" \/>\r\n<meta name=\"twitter:card\" content=\"summary_large_image\" \/>\r\n<meta name=\"twitter:label1\" content=\"Dur\u00e9e de lecture estim\u00e9e\" \/>\n\t<meta name=\"twitter:data1\" content=\"1 minute\" \/>\r\n<script type=\"application\/ld+json\" class=\"yoast-schema-graph\">{\"@context\":\"https:\/\/schema.org\",\"@graph\":[{\"@type\":\"WebPage\",\"@id\":\"https:\/\/iconico.es\/fr\/produit\/column-cuadrado-s-v-set-completo-de-desague-cuadrado-con-troquelado-lineal-en-acero-inoxidable-aisi-304\/\",\"url\":\"https:\/\/iconico.es\/fr\/produit\/column-cuadrado-s-v-set-completo-de-desague-cuadrado-con-troquelado-lineal-en-acero-inoxidable-aisi-304\/\",\"name\":\"COLUMN-CUADRADO S-V-Set completo de desag\u00fce cuadrado con troquelado lineal en acero inoxidable AISI 304 - BY IC\u00d3NICO\",\"isPartOf\":{\"@id\":\"https:\/\/iconico.es\/en\/#website\"},\"primaryImageOfPage\":{\"@id\":\"https:\/\/iconico.es\/fr\/produit\/column-cuadrado-s-v-set-completo-de-desague-cuadrado-con-troquelado-lineal-en-acero-inoxidable-aisi-304\/#primaryimage\"},\"image\":{\"@id\":\"https:\/\/iconico.es\/fr\/produit\/column-cuadrado-s-v-set-completo-de-desague-cuadrado-con-troquelado-lineal-en-acero-inoxidable-aisi-304\/#primaryimage\"},\"thumbnailUrl\":\"https:\/\/iconico.es\/wp-content\/uploads\/COLUMN-CUADRADO_sifon-vertical_desague_iconico.jpg\",\"datePublished\":\"2021-12-14T16:32:22+00:00\",\"dateModified\":\"2023-09-29T08:16:36+00:00\",\"description\":\"Set completo de desag\u00fce cuadrado de 15x15 cm en acero inoxidable AISI 304. Incluye rejilla y marco ClassicLine Column, unidad de desag\u00fce de acero y sif\u00f3n vertical. Altura ajustable y giratorio. Pa\u00f1o de limpieza incluido.\",\"breadcrumb\":{\"@id\":\"https:\/\/iconico.es\/fr\/produit\/column-cuadrado-s-v-set-completo-de-desague-cuadrado-con-troquelado-lineal-en-acero-inoxidable-aisi-304\/#breadcrumb\"},\"inLanguage\":\"fr-FR\",\"potentialAction\":[{\"@type\":\"ReadAction\",\"target\":[\"https:\/\/iconico.es\/fr\/produit\/column-cuadrado-s-v-set-completo-de-desague-cuadrado-con-troquelado-lineal-en-acero-inoxidable-aisi-304\/\"]}]},{\"@type\":\"ImageObject\",\"inLanguage\":\"fr-FR\",\"@id\":\"https:\/\/iconico.es\/fr\/produit\/column-cuadrado-s-v-set-completo-de-desague-cuadrado-con-troquelado-lineal-en-acero-inoxidable-aisi-304\/#primaryimage\",\"url\":\"https:\/\/iconico.es\/wp-content\/uploads\/COLUMN-CUADRADO_sifon-vertical_desague_iconico.jpg\",\"contentUrl\":\"https:\/\/iconico.es\/wp-content\/uploads\/COLUMN-CUADRADO_sifon-vertical_desague_iconico.jpg\",\"width\":1600,\"height\":1000},{\"@type\":\"BreadcrumbList\",\"@id\":\"https:\/\/iconico.es\/fr\/produit\/column-cuadrado-s-v-set-completo-de-desague-cuadrado-con-troquelado-lineal-en-acero-inoxidable-aisi-304\/#breadcrumb\",\"itemListElement\":[{\"@type\":\"ListItem\",\"position\":1,\"name\":\"Home\",\"item\":\"https:\/\/iconico.es\/fr\/\"},{\"@type\":\"ListItem\",\"position\":2,\"name\":\"Boutique\",\"item\":\"https:\/\/iconico.es\/fr\/boutique\/\"},{\"@type\":\"ListItem\",\"position\":3,\"name\":\"COLUMN-CUADRADO S-V\"}]},{\"@type\":\"WebSite\",\"@id\":\"https:\/\/iconico.es\/en\/#website\",\"url\":\"https:\/\/iconico.es\/en\/\",\"name\":\"IC\u00d3NICO - Dise\u00f1os para la arquitectura\",\"description\":\"IC\u00d3NICO dise\u00f1a productos atemporales para la arquitectura que responden a los mismos criterios tanto en sus formas como en sus acabados, lujo y calidad.\",\"publisher\":{\"@id\":\"https:\/\/iconico.es\/en\/#organization\"},\"potentialAction\":[{\"@type\":\"SearchAction\",\"target\":{\"@type\":\"EntryPoint\",\"urlTemplate\":\"https:\/\/iconico.es\/en\/?s={search_term_string}\"},\"query-input\":\"required name=search_term_string\"}],\"inLanguage\":\"fr-FR\"},{\"@type\":\"Organization\",\"@id\":\"https:\/\/iconico.es\/en\/#organization\",\"name\":\"Dise\u00f1o Ic\u00f3nico, s.l.\",\"url\":\"https:\/\/iconico.es\/en\/\",\"logo\":{\"@type\":\"ImageObject\",\"inLanguage\":\"fr-FR\",\"@id\":\"https:\/\/iconico.es\/en\/#\/schema\/logo\/image\/\",\"url\":\"https:\/\/iconico.es\/wp-content\/uploads\/2021\/09\/cropped-iconico_Logotipo.png\",\"contentUrl\":\"https:\/\/iconico.es\/wp-content\/uploads\/2021\/09\/cropped-iconico_Logotipo.png\",\"width\":322,\"height\":80,\"caption\":\"Dise\u00f1o Ic\u00f3nico, s.l.\"},\"image\":{\"@id\":\"https:\/\/iconico.es\/en\/#\/schema\/logo\/image\/\"},\"sameAs\":[\"https:\/\/www.facebook.com\/iconicospain\",\"https:\/\/www.instagram.com\/iconico\/\",\"https:\/\/www.linkedin.com\/company\/iconico-elements-for-architecture\",\"https:\/\/www.pinterest.es\/iconico_es\/\"]}]}<\/script>\r\n<!-- \/ Yoast SEO plugin. -->","yoast_head_json":{"title":"COLUMN-CUADRADO S-V-Set completo de desag\u00fce cuadrado con troquelado lineal en acero inoxidable AISI 304 - BY IC\u00d3NICO","description":"Set completo de desag\u00fce cuadrado de 15x15 cm en acero inoxidable AISI 304. Incluye rejilla y marco ClassicLine Column, unidad de desag\u00fce de acero y sif\u00f3n vertical. Altura ajustable y giratorio. Pa\u00f1o de limpieza incluido.","robots":{"index":"index","follow":"follow","max-snippet":"max-snippet:-1","max-image-preview":"max-image-preview:large","max-video-preview":"max-video-preview:-1"},"canonical":"https:\/\/iconico.es\/fr\/produit\/column-cuadrado-s-v-set-completo-de-desague-cuadrado-con-troquelado-lineal-en-acero-inoxidable-aisi-304\/","og_locale":"fr_FR","og_type":"article","og_title":"COLUMN-CUADRADO S-V-Set completo de desag\u00fce cuadrado con troquelado lineal en acero inoxidable AISI 304 - BY IC\u00d3NICO","og_description":"Set completo de desag\u00fce cuadrado de 15x15 cm en acero inoxidable AISI 304. Incluye rejilla y marco ClassicLine Column, unidad de desag\u00fce de acero y sif\u00f3n vertical. Altura ajustable y giratorio. Pa\u00f1o de limpieza incluido.","og_url":"https:\/\/iconico.es\/fr\/produit\/column-cuadrado-s-v-set-completo-de-desague-cuadrado-con-troquelado-lineal-en-acero-inoxidable-aisi-304\/","og_site_name":"IC\u00d3NICO - Dise\u00f1os para la arquitectura","article_publisher":"https:\/\/www.facebook.com\/iconicospain","article_modified_time":"2023-09-29T08:16:36+00:00","og_image":[{"width":1600,"height":1000,"url":"https:\/\/iconico.es\/wp-content\/uploads\/COLUMN-CUADRADO_sifon-vertical_desague_iconico.jpg","type":"image\/jpeg"}],"twitter_card":"summary_large_image","twitter_misc":{"Dur\u00e9e de lecture estim\u00e9e":"1 minute"},"schema":{"@context":"https:\/\/schema.org","@graph":[{"@type":"WebPage","@id":"https:\/\/iconico.es\/fr\/produit\/column-cuadrado-s-v-set-completo-de-desague-cuadrado-con-troquelado-lineal-en-acero-inoxidable-aisi-304\/","url":"https:\/\/iconico.es\/fr\/produit\/column-cuadrado-s-v-set-completo-de-desague-cuadrado-con-troquelado-lineal-en-acero-inoxidable-aisi-304\/","name":"COLUMN-CUADRADO S-V-Set completo de desag\u00fce cuadrado con troquelado lineal en acero inoxidable AISI 304 - BY IC\u00d3NICO","isPartOf":{"@id":"https:\/\/iconico.es\/en\/#website"},"primaryImageOfPage":{"@id":"https:\/\/iconico.es\/fr\/produit\/column-cuadrado-s-v-set-completo-de-desague-cuadrado-con-troquelado-lineal-en-acero-inoxidable-aisi-304\/#primaryimage"},"image":{"@id":"https:\/\/iconico.es\/fr\/produit\/column-cuadrado-s-v-set-completo-de-desague-cuadrado-con-troquelado-lineal-en-acero-inoxidable-aisi-304\/#primaryimage"},"thumbnailUrl":"https:\/\/iconico.es\/wp-content\/uploads\/COLUMN-CUADRADO_sifon-vertical_desague_iconico.jpg","datePublished":"2021-12-14T16:32:22+00:00","dateModified":"2023-09-29T08:16:36+00:00","description":"Set completo de desag\u00fce cuadrado de 15x15 cm en acero inoxidable AISI 304. Incluye rejilla y marco ClassicLine Column, unidad de desag\u00fce de acero y sif\u00f3n vertical. Altura ajustable y giratorio. Pa\u00f1o de limpieza incluido.","breadcrumb":{"@id":"https:\/\/iconico.es\/fr\/produit\/column-cuadrado-s-v-set-completo-de-desague-cuadrado-con-troquelado-lineal-en-acero-inoxidable-aisi-304\/#breadcrumb"},"inLanguage":"fr-FR","potentialAction":[{"@type":"ReadAction","target":["https:\/\/iconico.es\/fr\/produit\/column-cuadrado-s-v-set-completo-de-desague-cuadrado-con-troquelado-lineal-en-acero-inoxidable-aisi-304\/"]}]},{"@type":"ImageObject","inLanguage":"fr-FR","@id":"https:\/\/iconico.es\/fr\/produit\/column-cuadrado-s-v-set-completo-de-desague-cuadrado-con-troquelado-lineal-en-acero-inoxidable-aisi-304\/#primaryimage","url":"https:\/\/iconico.es\/wp-content\/uploads\/COLUMN-CUADRADO_sifon-vertical_desague_iconico.jpg","contentUrl":"https:\/\/iconico.es\/wp-content\/uploads\/COLUMN-CUADRADO_sifon-vertical_desague_iconico.jpg","width":1600,"height":1000},{"@type":"BreadcrumbList","@id":"https:\/\/iconico.es\/fr\/produit\/column-cuadrado-s-v-set-completo-de-desague-cuadrado-con-troquelado-lineal-en-acero-inoxidable-aisi-304\/#breadcrumb","itemListElement":[{"@type":"ListItem","position":1,"name":"Home","item":"https:\/\/iconico.es\/fr\/"},{"@type":"ListItem","position":2,"name":"Boutique","item":"https:\/\/iconico.es\/fr\/boutique\/"},{"@type":"ListItem","position":3,"name":"COLUMN-CUADRADO S-V"}]},{"@type":"WebSite","@id":"https:\/\/iconico.es\/en\/#website","url":"https:\/\/iconico.es\/en\/","name":"IC\u00d3NICO - Dise\u00f1os para la arquitectura","description":"IC\u00d3NICO dise\u00f1a productos atemporales para la arquitectura que responden a los mismos criterios tanto en sus formas como en sus acabados, lujo y calidad.","publisher":{"@id":"https:\/\/iconico.es\/en\/#organization"},"potentialAction":[{"@type":"SearchAction","target":{"@type":"EntryPoint","urlTemplate":"https:\/\/iconico.es\/en\/?s={search_term_string}"},"query-input":"required name=search_term_string"}],"inLanguage":"fr-FR"},{"@type":"Organization","@id":"https:\/\/iconico.es\/en\/#organization","name":"Dise\u00f1o Ic\u00f3nico, s.l.","url":"https:\/\/iconico.es\/en\/","logo":{"@type":"ImageObject","inLanguage":"fr-FR","@id":"https:\/\/iconico.es\/en\/#\/schema\/logo\/image\/","url":"https:\/\/iconico.es\/wp-content\/uploads\/2021\/09\/cropped-iconico_Logotipo.png","contentUrl":"https:\/\/iconico.es\/wp-content\/uploads\/2021\/09\/cropped-iconico_Logotipo.png","width":322,"height":80,"caption":"Dise\u00f1o Ic\u00f3nico, s.l."},"image":{"@id":"https:\/\/iconico.es\/en\/#\/schema\/logo\/image\/"},"sameAs":["https:\/\/www.facebook.com\/iconicospain","https:\/\/www.instagram.com\/iconico\/","https:\/\/www.linkedin.com\/company\/iconico-elements-for-architecture","https:\/\/www.pinterest.es\/iconico_es\/"]}]}},"_links":{"self":[{"href":"https:\/\/iconico.es\/fr\/wp-json\/wp\/v2\/product\/39939","targetHints":{"allow":["GET"]}}],"collection":[{"href":"https:\/\/iconico.es\/fr\/wp-json\/wp\/v2\/product"}],"about":[{"href":"https:\/\/iconico.es\/fr\/wp-json\/wp\/v2\/types\/product"}],"wp:featuredmedia":[{"embeddable":true,"href":"https:\/\/iconico.es\/fr\/wp-json\/wp\/v2\/media\/39480"}],"wp:attachment":[{"href":"https:\/\/iconico.es\/fr\/wp-json\/wp\/v2\/media?parent=39939"}],"wp:term":[{"taxonomy":"product_cat","embeddable":true,"href":"https:\/\/iconico.es\/fr\/wp-json\/wp\/v2\/product_cat?post=39939"},{"taxonomy":"product_tag","embeddable":true,"href":"https:\/\/iconico.es\/fr\/wp-json\/wp\/v2\/product_tag?post=39939"}],"curies":[{"name":"wp","href":"https:\/\/api.w.org\/{rel}","templated":true}]}}