{"id":39989,"date":"2021-12-14T16:32:17","date_gmt":"2021-12-14T16:32:17","guid":{"rendered":"https:\/\/iconico.es\/producto\/b12\/"},"modified":"2023-09-29T08:15:12","modified_gmt":"2023-09-29T08:15:12","slug":"b12-banera-rectangular-exenta-de-solid-surface-con-paneles-exteriores-personalizables","status":"publish","type":"product","link":"https:\/\/iconico.es\/fr\/produit\/b12-banera-rectangular-exenta-de-solid-surface-con-paneles-exteriores-personalizables\/","title":{"rendered":"B12"},"content":{"rendered":"<p>Ba\u00f1era rectangular exenta fabricada en Solid Surface. Los paneles exteriores se pueden colorear seg\u00fan colores de la carta RAL Classic.<\/p>\n<p>\u2014 Dimensiones 170x75x62,5 cm<\/p>\n<p>\u2014 Capacidad 270 L<\/p>\n<p>\u2014\u00a0Peso 120 Kg.<\/p>\n<p>Posibilidad de instalarla en la pared, a la derecha o a la izquierda B12 W\/L\/R:<\/p>\n<p>\u2014 Fijada a pared W. Peso 115 Kg.<\/p>\n<p>\u2014 Fijada a la izquierda L. Peso 100 Kg<\/p>\n<p>\u2014 Fijada a la derecha R. Peso 100 Kg.<\/p>\n","protected":false},"excerpt":{"rendered":"<p>Ba\u00f1era rectangular 169x74x63 cm<\/p>\n","protected":false},"featured_media":27474,"template":"","meta":{"_acf_changed":false},"product_cat":[532],"product_tag":[],"class_list":["post-39989","product","type-product","status-publish","has-post-thumbnail","hentry","product_cat-baignoires","pa_acabados-blanc-mat","pa_acabados-couleur-systeme-ral-classic","pa_forma-rectangulaire"],"acf":[],"yoast_head":"<!-- This site is optimized with the Yoast SEO plugin v22.6 - https:\/\/yoast.com\/wordpress\/plugins\/seo\/ -->\r\n<title>B12-Ba\u00f1era rectangular exenta de Solid Surface con paneles exteriores personalizables - BY IC\u00d3NICO<\/title>\r\n<meta name=\"description\" content=\"Rectangular freestanding bathtub made of Solid Surface. Exterior panels can be colored according to RAL Classic colors. Dimensions 170x75x62.5 cm. Capacity 270 L. Weight 120 Kg. Can be installed on the wall, on the left or right. Design, luxury, and high quality.\" \/>\r\n<meta name=\"robots\" content=\"index, follow, max-snippet:-1, max-image-preview:large, max-video-preview:-1\" \/>\r\n<link rel=\"canonical\" href=\"https:\/\/iconico.es\/fr\/produit\/b12-banera-rectangular-exenta-de-solid-surface-con-paneles-exteriores-personalizables\/\" \/>\r\n<meta property=\"og:locale\" content=\"fr_FR\" \/>\r\n<meta property=\"og:type\" content=\"article\" \/>\r\n<meta property=\"og:title\" content=\"B12-Ba\u00f1era rectangular exenta de Solid Surface con paneles exteriores personalizables - BY IC\u00d3NICO\" \/>\r\n<meta property=\"og:description\" content=\"Rectangular freestanding bathtub made of Solid Surface. Exterior panels can be colored according to RAL Classic colors. Dimensions 170x75x62.5 cm. Capacity 270 L. Weight 120 Kg. Can be installed on the wall, on the left or right. Design, luxury, and high quality.\" \/>\r\n<meta property=\"og:url\" content=\"https:\/\/iconico.es\/fr\/produit\/b12-banera-rectangular-exenta-de-solid-surface-con-paneles-exteriores-personalizables\/\" \/>\r\n<meta property=\"og:site_name\" content=\"IC\u00d3NICO - Dise\u00f1os para la arquitectura\" \/>\r\n<meta property=\"article:publisher\" content=\"https:\/\/www.facebook.com\/iconicospain\" \/>\r\n<meta property=\"article:modified_time\" content=\"2023-09-29T08:15:12+00:00\" \/>\r\n<meta property=\"og:image\" content=\"https:\/\/iconico.es\/wp-content\/uploads\/B12-Banera_solid-surface_iconico-scaled.jpg\" \/>\r\n\t<meta property=\"og:image:width\" content=\"2000\" \/>\r\n\t<meta property=\"og:image:height\" content=\"1313\" \/>\r\n\t<meta property=\"og:image:type\" content=\"image\/jpeg\" \/>\r\n<meta name=\"twitter:card\" content=\"summary_large_image\" \/>\r\n<script type=\"application\/ld+json\" class=\"yoast-schema-graph\">{\"@context\":\"https:\/\/schema.org\",\"@graph\":[{\"@type\":\"WebPage\",\"@id\":\"https:\/\/iconico.es\/fr\/produit\/b12-banera-rectangular-exenta-de-solid-surface-con-paneles-exteriores-personalizables\/\",\"url\":\"https:\/\/iconico.es\/fr\/produit\/b12-banera-rectangular-exenta-de-solid-surface-con-paneles-exteriores-personalizables\/\",\"name\":\"B12-Ba\u00f1era rectangular exenta de Solid Surface con paneles exteriores personalizables - BY IC\u00d3NICO\",\"isPartOf\":{\"@id\":\"https:\/\/iconico.es\/en\/#website\"},\"primaryImageOfPage\":{\"@id\":\"https:\/\/iconico.es\/fr\/produit\/b12-banera-rectangular-exenta-de-solid-surface-con-paneles-exteriores-personalizables\/#primaryimage\"},\"image\":{\"@id\":\"https:\/\/iconico.es\/fr\/produit\/b12-banera-rectangular-exenta-de-solid-surface-con-paneles-exteriores-personalizables\/#primaryimage\"},\"thumbnailUrl\":\"https:\/\/iconico.es\/wp-content\/uploads\/B12-Banera_solid-surface_iconico-scaled.jpg\",\"datePublished\":\"2021-12-14T16:32:17+00:00\",\"dateModified\":\"2023-09-29T08:15:12+00:00\",\"description\":\"Rectangular freestanding bathtub made of Solid Surface. Exterior panels can be colored according to RAL Classic colors. Dimensions 170x75x62.5 cm. Capacity 270 L. Weight 120 Kg. Can be installed on the wall, on the left or right. Design, luxury, and high quality.\",\"breadcrumb\":{\"@id\":\"https:\/\/iconico.es\/fr\/produit\/b12-banera-rectangular-exenta-de-solid-surface-con-paneles-exteriores-personalizables\/#breadcrumb\"},\"inLanguage\":\"fr-FR\",\"potentialAction\":[{\"@type\":\"ReadAction\",\"target\":[\"https:\/\/iconico.es\/fr\/produit\/b12-banera-rectangular-exenta-de-solid-surface-con-paneles-exteriores-personalizables\/\"]}]},{\"@type\":\"ImageObject\",\"inLanguage\":\"fr-FR\",\"@id\":\"https:\/\/iconico.es\/fr\/produit\/b12-banera-rectangular-exenta-de-solid-surface-con-paneles-exteriores-personalizables\/#primaryimage\",\"url\":\"https:\/\/iconico.es\/wp-content\/uploads\/B12-Banera_solid-surface_iconico-scaled.jpg\",\"contentUrl\":\"https:\/\/iconico.es\/wp-content\/uploads\/B12-Banera_solid-surface_iconico-scaled.jpg\",\"width\":2000,\"height\":1313},{\"@type\":\"BreadcrumbList\",\"@id\":\"https:\/\/iconico.es\/fr\/produit\/b12-banera-rectangular-exenta-de-solid-surface-con-paneles-exteriores-personalizables\/#breadcrumb\",\"itemListElement\":[{\"@type\":\"ListItem\",\"position\":1,\"name\":\"Home\",\"item\":\"https:\/\/iconico.es\/fr\/\"},{\"@type\":\"ListItem\",\"position\":2,\"name\":\"Boutique\",\"item\":\"https:\/\/iconico.es\/fr\/boutique\/\"},{\"@type\":\"ListItem\",\"position\":3,\"name\":\"B12\"}]},{\"@type\":\"WebSite\",\"@id\":\"https:\/\/iconico.es\/en\/#website\",\"url\":\"https:\/\/iconico.es\/en\/\",\"name\":\"IC\u00d3NICO - Dise\u00f1os para la arquitectura\",\"description\":\"IC\u00d3NICO dise\u00f1a productos atemporales para la arquitectura que responden a los mismos criterios tanto en sus formas como en sus acabados, lujo y calidad.\",\"publisher\":{\"@id\":\"https:\/\/iconico.es\/en\/#organization\"},\"potentialAction\":[{\"@type\":\"SearchAction\",\"target\":{\"@type\":\"EntryPoint\",\"urlTemplate\":\"https:\/\/iconico.es\/en\/?s={search_term_string}\"},\"query-input\":\"required name=search_term_string\"}],\"inLanguage\":\"fr-FR\"},{\"@type\":\"Organization\",\"@id\":\"https:\/\/iconico.es\/en\/#organization\",\"name\":\"Dise\u00f1o Ic\u00f3nico, s.l.\",\"url\":\"https:\/\/iconico.es\/en\/\",\"logo\":{\"@type\":\"ImageObject\",\"inLanguage\":\"fr-FR\",\"@id\":\"https:\/\/iconico.es\/en\/#\/schema\/logo\/image\/\",\"url\":\"https:\/\/iconico.es\/wp-content\/uploads\/2021\/09\/cropped-iconico_Logotipo.png\",\"contentUrl\":\"https:\/\/iconico.es\/wp-content\/uploads\/2021\/09\/cropped-iconico_Logotipo.png\",\"width\":322,\"height\":80,\"caption\":\"Dise\u00f1o Ic\u00f3nico, s.l.\"},\"image\":{\"@id\":\"https:\/\/iconico.es\/en\/#\/schema\/logo\/image\/\"},\"sameAs\":[\"https:\/\/www.facebook.com\/iconicospain\",\"https:\/\/www.instagram.com\/iconico\/\",\"https:\/\/www.linkedin.com\/company\/iconico-elements-for-architecture\",\"https:\/\/www.pinterest.es\/iconico_es\/\"]}]}<\/script>\r\n<!-- \/ Yoast SEO plugin. -->","yoast_head_json":{"title":"B12-Ba\u00f1era rectangular exenta de Solid Surface con paneles exteriores personalizables - BY IC\u00d3NICO","description":"Rectangular freestanding bathtub made of Solid Surface. Exterior panels can be colored according to RAL Classic colors. Dimensions 170x75x62.5 cm. Capacity 270 L. Weight 120 Kg. Can be installed on the wall, on the left or right. Design, luxury, and high quality.","robots":{"index":"index","follow":"follow","max-snippet":"max-snippet:-1","max-image-preview":"max-image-preview:large","max-video-preview":"max-video-preview:-1"},"canonical":"https:\/\/iconico.es\/fr\/produit\/b12-banera-rectangular-exenta-de-solid-surface-con-paneles-exteriores-personalizables\/","og_locale":"fr_FR","og_type":"article","og_title":"B12-Ba\u00f1era rectangular exenta de Solid Surface con paneles exteriores personalizables - BY IC\u00d3NICO","og_description":"Rectangular freestanding bathtub made of Solid Surface. Exterior panels can be colored according to RAL Classic colors. Dimensions 170x75x62.5 cm. Capacity 270 L. Weight 120 Kg. Can be installed on the wall, on the left or right. Design, luxury, and high quality.","og_url":"https:\/\/iconico.es\/fr\/produit\/b12-banera-rectangular-exenta-de-solid-surface-con-paneles-exteriores-personalizables\/","og_site_name":"IC\u00d3NICO - Dise\u00f1os para la arquitectura","article_publisher":"https:\/\/www.facebook.com\/iconicospain","article_modified_time":"2023-09-29T08:15:12+00:00","og_image":[{"width":2000,"height":1313,"url":"https:\/\/iconico.es\/wp-content\/uploads\/B12-Banera_solid-surface_iconico-scaled.jpg","type":"image\/jpeg"}],"twitter_card":"summary_large_image","schema":{"@context":"https:\/\/schema.org","@graph":[{"@type":"WebPage","@id":"https:\/\/iconico.es\/fr\/produit\/b12-banera-rectangular-exenta-de-solid-surface-con-paneles-exteriores-personalizables\/","url":"https:\/\/iconico.es\/fr\/produit\/b12-banera-rectangular-exenta-de-solid-surface-con-paneles-exteriores-personalizables\/","name":"B12-Ba\u00f1era rectangular exenta de Solid Surface con paneles exteriores personalizables - BY IC\u00d3NICO","isPartOf":{"@id":"https:\/\/iconico.es\/en\/#website"},"primaryImageOfPage":{"@id":"https:\/\/iconico.es\/fr\/produit\/b12-banera-rectangular-exenta-de-solid-surface-con-paneles-exteriores-personalizables\/#primaryimage"},"image":{"@id":"https:\/\/iconico.es\/fr\/produit\/b12-banera-rectangular-exenta-de-solid-surface-con-paneles-exteriores-personalizables\/#primaryimage"},"thumbnailUrl":"https:\/\/iconico.es\/wp-content\/uploads\/B12-Banera_solid-surface_iconico-scaled.jpg","datePublished":"2021-12-14T16:32:17+00:00","dateModified":"2023-09-29T08:15:12+00:00","description":"Rectangular freestanding bathtub made of Solid Surface. Exterior panels can be colored according to RAL Classic colors. Dimensions 170x75x62.5 cm. Capacity 270 L. Weight 120 Kg. Can be installed on the wall, on the left or right. Design, luxury, and high quality.","breadcrumb":{"@id":"https:\/\/iconico.es\/fr\/produit\/b12-banera-rectangular-exenta-de-solid-surface-con-paneles-exteriores-personalizables\/#breadcrumb"},"inLanguage":"fr-FR","potentialAction":[{"@type":"ReadAction","target":["https:\/\/iconico.es\/fr\/produit\/b12-banera-rectangular-exenta-de-solid-surface-con-paneles-exteriores-personalizables\/"]}]},{"@type":"ImageObject","inLanguage":"fr-FR","@id":"https:\/\/iconico.es\/fr\/produit\/b12-banera-rectangular-exenta-de-solid-surface-con-paneles-exteriores-personalizables\/#primaryimage","url":"https:\/\/iconico.es\/wp-content\/uploads\/B12-Banera_solid-surface_iconico-scaled.jpg","contentUrl":"https:\/\/iconico.es\/wp-content\/uploads\/B12-Banera_solid-surface_iconico-scaled.jpg","width":2000,"height":1313},{"@type":"BreadcrumbList","@id":"https:\/\/iconico.es\/fr\/produit\/b12-banera-rectangular-exenta-de-solid-surface-con-paneles-exteriores-personalizables\/#breadcrumb","itemListElement":[{"@type":"ListItem","position":1,"name":"Home","item":"https:\/\/iconico.es\/fr\/"},{"@type":"ListItem","position":2,"name":"Boutique","item":"https:\/\/iconico.es\/fr\/boutique\/"},{"@type":"ListItem","position":3,"name":"B12"}]},{"@type":"WebSite","@id":"https:\/\/iconico.es\/en\/#website","url":"https:\/\/iconico.es\/en\/","name":"IC\u00d3NICO - Dise\u00f1os para la arquitectura","description":"IC\u00d3NICO dise\u00f1a productos atemporales para la arquitectura que responden a los mismos criterios tanto en sus formas como en sus acabados, lujo y calidad.","publisher":{"@id":"https:\/\/iconico.es\/en\/#organization"},"potentialAction":[{"@type":"SearchAction","target":{"@type":"EntryPoint","urlTemplate":"https:\/\/iconico.es\/en\/?s={search_term_string}"},"query-input":"required name=search_term_string"}],"inLanguage":"fr-FR"},{"@type":"Organization","@id":"https:\/\/iconico.es\/en\/#organization","name":"Dise\u00f1o Ic\u00f3nico, s.l.","url":"https:\/\/iconico.es\/en\/","logo":{"@type":"ImageObject","inLanguage":"fr-FR","@id":"https:\/\/iconico.es\/en\/#\/schema\/logo\/image\/","url":"https:\/\/iconico.es\/wp-content\/uploads\/2021\/09\/cropped-iconico_Logotipo.png","contentUrl":"https:\/\/iconico.es\/wp-content\/uploads\/2021\/09\/cropped-iconico_Logotipo.png","width":322,"height":80,"caption":"Dise\u00f1o Ic\u00f3nico, s.l."},"image":{"@id":"https:\/\/iconico.es\/en\/#\/schema\/logo\/image\/"},"sameAs":["https:\/\/www.facebook.com\/iconicospain","https:\/\/www.instagram.com\/iconico\/","https:\/\/www.linkedin.com\/company\/iconico-elements-for-architecture","https:\/\/www.pinterest.es\/iconico_es\/"]}]}},"_links":{"self":[{"href":"https:\/\/iconico.es\/fr\/wp-json\/wp\/v2\/product\/39989","targetHints":{"allow":["GET"]}}],"collection":[{"href":"https:\/\/iconico.es\/fr\/wp-json\/wp\/v2\/product"}],"about":[{"href":"https:\/\/iconico.es\/fr\/wp-json\/wp\/v2\/types\/product"}],"wp:featuredmedia":[{"embeddable":true,"href":"https:\/\/iconico.es\/fr\/wp-json\/wp\/v2\/media\/27474"}],"wp:attachment":[{"href":"https:\/\/iconico.es\/fr\/wp-json\/wp\/v2\/media?parent=39989"}],"wp:term":[{"taxonomy":"product_cat","embeddable":true,"href":"https:\/\/iconico.es\/fr\/wp-json\/wp\/v2\/product_cat?post=39989"},{"taxonomy":"product_tag","embeddable":true,"href":"https:\/\/iconico.es\/fr\/wp-json\/wp\/v2\/product_tag?post=39989"}],"curies":[{"name":"wp","href":"https:\/\/api.w.org\/{rel}","templated":true}]}}