{"id":40451,"date":"2021-12-14T16:31:00","date_gmt":"2021-12-14T16:31:00","guid":{"rendered":"https:\/\/iconico.es\/producto\/dexter-1a\/"},"modified":"2023-09-29T08:49:00","modified_gmt":"2023-09-29T08:49:00","slug":"dexter-1a-ducha-para-exterior","status":"publish","type":"product","link":"https:\/\/iconico.es\/fr\/produit\/dexter-1a-ducha-para-exterior\/","title":{"rendered":"DEXTER-1A"},"content":{"rendered":"<p>Ducha para exterior de 2.300 mm de alto y \u00d850 mm. Para agua fr\u00eda y caliente. Disponibles reductores de caudal para requerimientos BREEAM.<\/p>\n","protected":false},"excerpt":{"rendered":"<p>Ducha exterior 2.300 mm agua fr\u00eda y caliente<\/p>\n","protected":false},"featured_media":25598,"template":"","meta":{"_acf_changed":false},"product_cat":[520],"product_tag":[],"class_list":["post-40451","product","type-product","status-publish","has-post-thumbnail","hentry","product_cat-douches-exterieurs","pa_acabados-acier-inoxydable-brillant","pa_acabados-acier-inoxydable-brosse","pa_acabados-blanc-mat","pa_acabados-bronze-emaille","pa_acabados-cuivre-rose-emaille","pa_acabados-noir-mat","pa_acabados-or-emaille","pa_ducha-mano-sans","pa_tipo-agua-chaude-et-froide"],"acf":[],"yoast_head":"<!-- This site is optimized with the Yoast SEO plugin v22.6 - https:\/\/yoast.com\/wordpress\/plugins\/seo\/ -->\r\n<title>DEXTER-1A-Ducha para exterior - BY IC\u00d3NICO<\/title>\r\n<meta name=\"description\" content=\"Ducha exterior de alta calidad y dise\u00f1o, 2.300 mm de alto y \u00d850 mm. Agua fr\u00eda y caliente. Reductores de caudal disponibles. BREEAM.\" \/>\r\n<meta name=\"robots\" content=\"index, follow, max-snippet:-1, max-image-preview:large, max-video-preview:-1\" \/>\r\n<link rel=\"canonical\" href=\"https:\/\/iconico.es\/fr\/produit\/dexter-1a-ducha-para-exterior\/\" \/>\r\n<meta property=\"og:locale\" content=\"fr_FR\" \/>\r\n<meta property=\"og:type\" content=\"article\" \/>\r\n<meta property=\"og:title\" content=\"DEXTER-1A-Ducha para exterior - BY IC\u00d3NICO\" \/>\r\n<meta property=\"og:description\" content=\"Ducha exterior de alta calidad y dise\u00f1o, 2.300 mm de alto y \u00d850 mm. Agua fr\u00eda y caliente. Reductores de caudal disponibles. BREEAM.\" \/>\r\n<meta property=\"og:url\" content=\"https:\/\/iconico.es\/fr\/produit\/dexter-1a-ducha-para-exterior\/\" \/>\r\n<meta property=\"og:site_name\" content=\"IC\u00d3NICO - Dise\u00f1os para la arquitectura\" \/>\r\n<meta property=\"article:publisher\" content=\"https:\/\/www.facebook.com\/iconicospain\" \/>\r\n<meta property=\"article:modified_time\" content=\"2023-09-29T08:49:00+00:00\" \/>\r\n<meta property=\"og:image\" content=\"https:\/\/iconico.es\/wp-content\/uploads\/DEXTER-1A-16_ducha-exterior_suelo_cromo_iconico-e1666007568474.png\" \/>\r\n\t<meta property=\"og:image:width\" content=\"2667\" \/>\r\n\t<meta property=\"og:image:height\" content=\"1750\" \/>\r\n\t<meta property=\"og:image:type\" content=\"image\/png\" \/>\r\n<meta name=\"twitter:card\" content=\"summary_large_image\" \/>\r\n<script type=\"application\/ld+json\" class=\"yoast-schema-graph\">{\"@context\":\"https:\/\/schema.org\",\"@graph\":[{\"@type\":\"WebPage\",\"@id\":\"https:\/\/iconico.es\/fr\/produit\/dexter-1a-ducha-para-exterior\/\",\"url\":\"https:\/\/iconico.es\/fr\/produit\/dexter-1a-ducha-para-exterior\/\",\"name\":\"DEXTER-1A-Ducha para exterior - BY IC\u00d3NICO\",\"isPartOf\":{\"@id\":\"https:\/\/iconico.es\/en\/#website\"},\"primaryImageOfPage\":{\"@id\":\"https:\/\/iconico.es\/fr\/produit\/dexter-1a-ducha-para-exterior\/#primaryimage\"},\"image\":{\"@id\":\"https:\/\/iconico.es\/fr\/produit\/dexter-1a-ducha-para-exterior\/#primaryimage\"},\"thumbnailUrl\":\"https:\/\/iconico.es\/wp-content\/uploads\/DEXTER-1A-16_ducha-exterior_suelo_cromo_iconico-e1666007568474.png\",\"datePublished\":\"2021-12-14T16:31:00+00:00\",\"dateModified\":\"2023-09-29T08:49:00+00:00\",\"description\":\"Ducha exterior de alta calidad y dise\u00f1o, 2.300 mm de alto y \u00d850 mm. Agua fr\u00eda y caliente. Reductores de caudal disponibles. BREEAM.\",\"breadcrumb\":{\"@id\":\"https:\/\/iconico.es\/fr\/produit\/dexter-1a-ducha-para-exterior\/#breadcrumb\"},\"inLanguage\":\"fr-FR\",\"potentialAction\":[{\"@type\":\"ReadAction\",\"target\":[\"https:\/\/iconico.es\/fr\/produit\/dexter-1a-ducha-para-exterior\/\"]}]},{\"@type\":\"ImageObject\",\"inLanguage\":\"fr-FR\",\"@id\":\"https:\/\/iconico.es\/fr\/produit\/dexter-1a-ducha-para-exterior\/#primaryimage\",\"url\":\"https:\/\/iconico.es\/wp-content\/uploads\/DEXTER-1A-16_ducha-exterior_suelo_cromo_iconico-e1666007568474.png\",\"contentUrl\":\"https:\/\/iconico.es\/wp-content\/uploads\/DEXTER-1A-16_ducha-exterior_suelo_cromo_iconico-e1666007568474.png\",\"width\":2667,\"height\":1750},{\"@type\":\"BreadcrumbList\",\"@id\":\"https:\/\/iconico.es\/fr\/produit\/dexter-1a-ducha-para-exterior\/#breadcrumb\",\"itemListElement\":[{\"@type\":\"ListItem\",\"position\":1,\"name\":\"Home\",\"item\":\"https:\/\/iconico.es\/fr\/\"},{\"@type\":\"ListItem\",\"position\":2,\"name\":\"Boutique\",\"item\":\"https:\/\/iconico.es\/fr\/boutique\/\"},{\"@type\":\"ListItem\",\"position\":3,\"name\":\"DEXTER-1A\"}]},{\"@type\":\"WebSite\",\"@id\":\"https:\/\/iconico.es\/en\/#website\",\"url\":\"https:\/\/iconico.es\/en\/\",\"name\":\"IC\u00d3NICO - Dise\u00f1os para la arquitectura\",\"description\":\"IC\u00d3NICO dise\u00f1a productos atemporales para la arquitectura que responden a los mismos criterios tanto en sus formas como en sus acabados, lujo y calidad.\",\"publisher\":{\"@id\":\"https:\/\/iconico.es\/en\/#organization\"},\"potentialAction\":[{\"@type\":\"SearchAction\",\"target\":{\"@type\":\"EntryPoint\",\"urlTemplate\":\"https:\/\/iconico.es\/en\/?s={search_term_string}\"},\"query-input\":\"required name=search_term_string\"}],\"inLanguage\":\"fr-FR\"},{\"@type\":\"Organization\",\"@id\":\"https:\/\/iconico.es\/en\/#organization\",\"name\":\"Dise\u00f1o Ic\u00f3nico, s.l.\",\"url\":\"https:\/\/iconico.es\/en\/\",\"logo\":{\"@type\":\"ImageObject\",\"inLanguage\":\"fr-FR\",\"@id\":\"https:\/\/iconico.es\/en\/#\/schema\/logo\/image\/\",\"url\":\"https:\/\/iconico.es\/wp-content\/uploads\/2021\/09\/cropped-iconico_Logotipo.png\",\"contentUrl\":\"https:\/\/iconico.es\/wp-content\/uploads\/2021\/09\/cropped-iconico_Logotipo.png\",\"width\":322,\"height\":80,\"caption\":\"Dise\u00f1o Ic\u00f3nico, s.l.\"},\"image\":{\"@id\":\"https:\/\/iconico.es\/en\/#\/schema\/logo\/image\/\"},\"sameAs\":[\"https:\/\/www.facebook.com\/iconicospain\",\"https:\/\/www.instagram.com\/iconico\/\",\"https:\/\/www.linkedin.com\/company\/iconico-elements-for-architecture\",\"https:\/\/www.pinterest.es\/iconico_es\/\"]}]}<\/script>\r\n<!-- \/ Yoast SEO plugin. -->","yoast_head_json":{"title":"DEXTER-1A-Ducha para exterior - BY IC\u00d3NICO","description":"Ducha exterior de alta calidad y dise\u00f1o, 2.300 mm de alto y \u00d850 mm. Agua fr\u00eda y caliente. Reductores de caudal disponibles. BREEAM.","robots":{"index":"index","follow":"follow","max-snippet":"max-snippet:-1","max-image-preview":"max-image-preview:large","max-video-preview":"max-video-preview:-1"},"canonical":"https:\/\/iconico.es\/fr\/produit\/dexter-1a-ducha-para-exterior\/","og_locale":"fr_FR","og_type":"article","og_title":"DEXTER-1A-Ducha para exterior - BY IC\u00d3NICO","og_description":"Ducha exterior de alta calidad y dise\u00f1o, 2.300 mm de alto y \u00d850 mm. Agua fr\u00eda y caliente. Reductores de caudal disponibles. BREEAM.","og_url":"https:\/\/iconico.es\/fr\/produit\/dexter-1a-ducha-para-exterior\/","og_site_name":"IC\u00d3NICO - Dise\u00f1os para la arquitectura","article_publisher":"https:\/\/www.facebook.com\/iconicospain","article_modified_time":"2023-09-29T08:49:00+00:00","og_image":[{"width":2667,"height":1750,"url":"https:\/\/iconico.es\/wp-content\/uploads\/DEXTER-1A-16_ducha-exterior_suelo_cromo_iconico-e1666007568474.png","type":"image\/png"}],"twitter_card":"summary_large_image","schema":{"@context":"https:\/\/schema.org","@graph":[{"@type":"WebPage","@id":"https:\/\/iconico.es\/fr\/produit\/dexter-1a-ducha-para-exterior\/","url":"https:\/\/iconico.es\/fr\/produit\/dexter-1a-ducha-para-exterior\/","name":"DEXTER-1A-Ducha para exterior - BY IC\u00d3NICO","isPartOf":{"@id":"https:\/\/iconico.es\/en\/#website"},"primaryImageOfPage":{"@id":"https:\/\/iconico.es\/fr\/produit\/dexter-1a-ducha-para-exterior\/#primaryimage"},"image":{"@id":"https:\/\/iconico.es\/fr\/produit\/dexter-1a-ducha-para-exterior\/#primaryimage"},"thumbnailUrl":"https:\/\/iconico.es\/wp-content\/uploads\/DEXTER-1A-16_ducha-exterior_suelo_cromo_iconico-e1666007568474.png","datePublished":"2021-12-14T16:31:00+00:00","dateModified":"2023-09-29T08:49:00+00:00","description":"Ducha exterior de alta calidad y dise\u00f1o, 2.300 mm de alto y \u00d850 mm. Agua fr\u00eda y caliente. Reductores de caudal disponibles. BREEAM.","breadcrumb":{"@id":"https:\/\/iconico.es\/fr\/produit\/dexter-1a-ducha-para-exterior\/#breadcrumb"},"inLanguage":"fr-FR","potentialAction":[{"@type":"ReadAction","target":["https:\/\/iconico.es\/fr\/produit\/dexter-1a-ducha-para-exterior\/"]}]},{"@type":"ImageObject","inLanguage":"fr-FR","@id":"https:\/\/iconico.es\/fr\/produit\/dexter-1a-ducha-para-exterior\/#primaryimage","url":"https:\/\/iconico.es\/wp-content\/uploads\/DEXTER-1A-16_ducha-exterior_suelo_cromo_iconico-e1666007568474.png","contentUrl":"https:\/\/iconico.es\/wp-content\/uploads\/DEXTER-1A-16_ducha-exterior_suelo_cromo_iconico-e1666007568474.png","width":2667,"height":1750},{"@type":"BreadcrumbList","@id":"https:\/\/iconico.es\/fr\/produit\/dexter-1a-ducha-para-exterior\/#breadcrumb","itemListElement":[{"@type":"ListItem","position":1,"name":"Home","item":"https:\/\/iconico.es\/fr\/"},{"@type":"ListItem","position":2,"name":"Boutique","item":"https:\/\/iconico.es\/fr\/boutique\/"},{"@type":"ListItem","position":3,"name":"DEXTER-1A"}]},{"@type":"WebSite","@id":"https:\/\/iconico.es\/en\/#website","url":"https:\/\/iconico.es\/en\/","name":"IC\u00d3NICO - Dise\u00f1os para la arquitectura","description":"IC\u00d3NICO dise\u00f1a productos atemporales para la arquitectura que responden a los mismos criterios tanto en sus formas como en sus acabados, lujo y calidad.","publisher":{"@id":"https:\/\/iconico.es\/en\/#organization"},"potentialAction":[{"@type":"SearchAction","target":{"@type":"EntryPoint","urlTemplate":"https:\/\/iconico.es\/en\/?s={search_term_string}"},"query-input":"required name=search_term_string"}],"inLanguage":"fr-FR"},{"@type":"Organization","@id":"https:\/\/iconico.es\/en\/#organization","name":"Dise\u00f1o Ic\u00f3nico, s.l.","url":"https:\/\/iconico.es\/en\/","logo":{"@type":"ImageObject","inLanguage":"fr-FR","@id":"https:\/\/iconico.es\/en\/#\/schema\/logo\/image\/","url":"https:\/\/iconico.es\/wp-content\/uploads\/2021\/09\/cropped-iconico_Logotipo.png","contentUrl":"https:\/\/iconico.es\/wp-content\/uploads\/2021\/09\/cropped-iconico_Logotipo.png","width":322,"height":80,"caption":"Dise\u00f1o Ic\u00f3nico, s.l."},"image":{"@id":"https:\/\/iconico.es\/en\/#\/schema\/logo\/image\/"},"sameAs":["https:\/\/www.facebook.com\/iconicospain","https:\/\/www.instagram.com\/iconico\/","https:\/\/www.linkedin.com\/company\/iconico-elements-for-architecture","https:\/\/www.pinterest.es\/iconico_es\/"]}]}},"_links":{"self":[{"href":"https:\/\/iconico.es\/fr\/wp-json\/wp\/v2\/product\/40451","targetHints":{"allow":["GET"]}}],"collection":[{"href":"https:\/\/iconico.es\/fr\/wp-json\/wp\/v2\/product"}],"about":[{"href":"https:\/\/iconico.es\/fr\/wp-json\/wp\/v2\/types\/product"}],"wp:featuredmedia":[{"embeddable":true,"href":"https:\/\/iconico.es\/fr\/wp-json\/wp\/v2\/media\/25598"}],"wp:attachment":[{"href":"https:\/\/iconico.es\/fr\/wp-json\/wp\/v2\/media?parent=40451"}],"wp:term":[{"taxonomy":"product_cat","embeddable":true,"href":"https:\/\/iconico.es\/fr\/wp-json\/wp\/v2\/product_cat?post=40451"},{"taxonomy":"product_tag","embeddable":true,"href":"https:\/\/iconico.es\/fr\/wp-json\/wp\/v2\/product_tag?post=40451"}],"curies":[{"name":"wp","href":"https:\/\/api.w.org\/{rel}","templated":true}]}}