{"id":40461,"date":"2021-12-14T16:30:54","date_gmt":"2021-12-14T16:30:54","guid":{"rendered":"https:\/\/iconico.es\/producto\/e-le12\/"},"modified":"2023-09-29T08:57:26","modified_gmt":"2023-09-29T08:57:26","slug":"e-le12-grifo-electronico-de-agua-fria-o-premezclada-220v","status":"publish","type":"product","link":"https:\/\/iconico.es\/fr\/produit\/e-le12-grifo-electronico-de-agua-fria-o-premezclada-220v\/","title":{"rendered":"E-LE12"},"content":{"rendered":"<p>Grifo electr\u00f3nico para agua fr\u00eda o premezclada de 285 mm de alto con connexi\u00f3n a 220V de sobre encimera.<\/p>\n","protected":false},"excerpt":{"rendered":"<p>Grifo electr\u00f3nico 285 mm<\/p>\n","protected":false},"featured_media":25644,"template":"","meta":{"_acf_changed":false},"product_cat":[689],"product_tag":[],"class_list":["post-40461","product","type-product","status-publish","has-post-thumbnail","hentry","product_cat-hands-free-fr","pa_acabados-blanc-mat","pa_acabados-chrome-fr","pa_acabados-nickel-brosse","pa_acabados-noir-mat","pa_instalacion-a-poser","pa_tipologia-robinet"],"acf":[],"yoast_head":"<!-- This site is optimized with the Yoast SEO plugin v22.6 - https:\/\/yoast.com\/wordpress\/plugins\/seo\/ -->\r\n<title>E-LE12-Grifo electr\u00f3nico de agua fr\u00eda o premezclada 220V - BY IC\u00d3NICO<\/title>\r\n<meta name=\"description\" content=\"Grifo electr\u00f3nico de alta calidad y dise\u00f1o elegante para agua fr\u00eda o premezclada. Conexi\u00f3n a 220V, ideal para encimera.\" \/>\r\n<meta name=\"robots\" content=\"index, follow, max-snippet:-1, max-image-preview:large, max-video-preview:-1\" \/>\r\n<link rel=\"canonical\" href=\"https:\/\/iconico.es\/fr\/produit\/e-le12-grifo-electronico-de-agua-fria-o-premezclada-220v\/\" \/>\r\n<meta property=\"og:locale\" content=\"fr_FR\" \/>\r\n<meta property=\"og:type\" content=\"article\" \/>\r\n<meta property=\"og:title\" content=\"E-LE12-Grifo electr\u00f3nico de agua fr\u00eda o premezclada 220V - BY IC\u00d3NICO\" \/>\r\n<meta property=\"og:description\" content=\"Grifo electr\u00f3nico de alta calidad y dise\u00f1o elegante para agua fr\u00eda o premezclada. Conexi\u00f3n a 220V, ideal para encimera.\" \/>\r\n<meta property=\"og:url\" content=\"https:\/\/iconico.es\/fr\/produit\/e-le12-grifo-electronico-de-agua-fria-o-premezclada-220v\/\" \/>\r\n<meta property=\"og:site_name\" content=\"IC\u00d3NICO - Dise\u00f1os para la arquitectura\" \/>\r\n<meta property=\"article:publisher\" content=\"https:\/\/www.facebook.com\/iconicospain\" \/>\r\n<meta property=\"article:modified_time\" content=\"2023-09-29T08:57:26+00:00\" \/>\r\n<meta property=\"og:image\" content=\"https:\/\/iconico.es\/wp-content\/uploads\/E-LE12-16_grifo-electronico-sobre-encimera_cromo_iconico.jpg\" \/>\r\n\t<meta property=\"og:image:width\" content=\"1920\" \/>\r\n\t<meta property=\"og:image:height\" content=\"1260\" \/>\r\n\t<meta property=\"og:image:type\" content=\"image\/jpeg\" \/>\r\n<meta name=\"twitter:card\" content=\"summary_large_image\" \/>\r\n<script type=\"application\/ld+json\" class=\"yoast-schema-graph\">{\"@context\":\"https:\/\/schema.org\",\"@graph\":[{\"@type\":\"WebPage\",\"@id\":\"https:\/\/iconico.es\/fr\/produit\/e-le12-grifo-electronico-de-agua-fria-o-premezclada-220v\/\",\"url\":\"https:\/\/iconico.es\/fr\/produit\/e-le12-grifo-electronico-de-agua-fria-o-premezclada-220v\/\",\"name\":\"E-LE12-Grifo electr\u00f3nico de agua fr\u00eda o premezclada 220V - BY IC\u00d3NICO\",\"isPartOf\":{\"@id\":\"https:\/\/iconico.es\/en\/#website\"},\"primaryImageOfPage\":{\"@id\":\"https:\/\/iconico.es\/fr\/produit\/e-le12-grifo-electronico-de-agua-fria-o-premezclada-220v\/#primaryimage\"},\"image\":{\"@id\":\"https:\/\/iconico.es\/fr\/produit\/e-le12-grifo-electronico-de-agua-fria-o-premezclada-220v\/#primaryimage\"},\"thumbnailUrl\":\"https:\/\/iconico.es\/wp-content\/uploads\/E-LE12-16_grifo-electronico-sobre-encimera_cromo_iconico.jpg\",\"datePublished\":\"2021-12-14T16:30:54+00:00\",\"dateModified\":\"2023-09-29T08:57:26+00:00\",\"description\":\"Grifo electr\u00f3nico de alta calidad y dise\u00f1o elegante para agua fr\u00eda o premezclada. Conexi\u00f3n a 220V, ideal para encimera.\",\"breadcrumb\":{\"@id\":\"https:\/\/iconico.es\/fr\/produit\/e-le12-grifo-electronico-de-agua-fria-o-premezclada-220v\/#breadcrumb\"},\"inLanguage\":\"fr-FR\",\"potentialAction\":[{\"@type\":\"ReadAction\",\"target\":[\"https:\/\/iconico.es\/fr\/produit\/e-le12-grifo-electronico-de-agua-fria-o-premezclada-220v\/\"]}]},{\"@type\":\"ImageObject\",\"inLanguage\":\"fr-FR\",\"@id\":\"https:\/\/iconico.es\/fr\/produit\/e-le12-grifo-electronico-de-agua-fria-o-premezclada-220v\/#primaryimage\",\"url\":\"https:\/\/iconico.es\/wp-content\/uploads\/E-LE12-16_grifo-electronico-sobre-encimera_cromo_iconico.jpg\",\"contentUrl\":\"https:\/\/iconico.es\/wp-content\/uploads\/E-LE12-16_grifo-electronico-sobre-encimera_cromo_iconico.jpg\",\"width\":1920,\"height\":1260},{\"@type\":\"BreadcrumbList\",\"@id\":\"https:\/\/iconico.es\/fr\/produit\/e-le12-grifo-electronico-de-agua-fria-o-premezclada-220v\/#breadcrumb\",\"itemListElement\":[{\"@type\":\"ListItem\",\"position\":1,\"name\":\"Home\",\"item\":\"https:\/\/iconico.es\/fr\/\"},{\"@type\":\"ListItem\",\"position\":2,\"name\":\"Boutique\",\"item\":\"https:\/\/iconico.es\/fr\/boutique\/\"},{\"@type\":\"ListItem\",\"position\":3,\"name\":\"E-LE12\"}]},{\"@type\":\"WebSite\",\"@id\":\"https:\/\/iconico.es\/en\/#website\",\"url\":\"https:\/\/iconico.es\/en\/\",\"name\":\"IC\u00d3NICO - Dise\u00f1os para la arquitectura\",\"description\":\"IC\u00d3NICO dise\u00f1a productos atemporales para la arquitectura que responden a los mismos criterios tanto en sus formas como en sus acabados, lujo y calidad.\",\"publisher\":{\"@id\":\"https:\/\/iconico.es\/en\/#organization\"},\"potentialAction\":[{\"@type\":\"SearchAction\",\"target\":{\"@type\":\"EntryPoint\",\"urlTemplate\":\"https:\/\/iconico.es\/en\/?s={search_term_string}\"},\"query-input\":\"required name=search_term_string\"}],\"inLanguage\":\"fr-FR\"},{\"@type\":\"Organization\",\"@id\":\"https:\/\/iconico.es\/en\/#organization\",\"name\":\"Dise\u00f1o Ic\u00f3nico, s.l.\",\"url\":\"https:\/\/iconico.es\/en\/\",\"logo\":{\"@type\":\"ImageObject\",\"inLanguage\":\"fr-FR\",\"@id\":\"https:\/\/iconico.es\/en\/#\/schema\/logo\/image\/\",\"url\":\"https:\/\/iconico.es\/wp-content\/uploads\/2021\/09\/cropped-iconico_Logotipo.png\",\"contentUrl\":\"https:\/\/iconico.es\/wp-content\/uploads\/2021\/09\/cropped-iconico_Logotipo.png\",\"width\":322,\"height\":80,\"caption\":\"Dise\u00f1o Ic\u00f3nico, s.l.\"},\"image\":{\"@id\":\"https:\/\/iconico.es\/en\/#\/schema\/logo\/image\/\"},\"sameAs\":[\"https:\/\/www.facebook.com\/iconicospain\",\"https:\/\/www.instagram.com\/iconico\/\",\"https:\/\/www.linkedin.com\/company\/iconico-elements-for-architecture\",\"https:\/\/www.pinterest.es\/iconico_es\/\"]}]}<\/script>\r\n<!-- \/ Yoast SEO plugin. -->","yoast_head_json":{"title":"E-LE12-Grifo electr\u00f3nico de agua fr\u00eda o premezclada 220V - BY IC\u00d3NICO","description":"Grifo electr\u00f3nico de alta calidad y dise\u00f1o elegante para agua fr\u00eda o premezclada. Conexi\u00f3n a 220V, ideal para encimera.","robots":{"index":"index","follow":"follow","max-snippet":"max-snippet:-1","max-image-preview":"max-image-preview:large","max-video-preview":"max-video-preview:-1"},"canonical":"https:\/\/iconico.es\/fr\/produit\/e-le12-grifo-electronico-de-agua-fria-o-premezclada-220v\/","og_locale":"fr_FR","og_type":"article","og_title":"E-LE12-Grifo electr\u00f3nico de agua fr\u00eda o premezclada 220V - BY IC\u00d3NICO","og_description":"Grifo electr\u00f3nico de alta calidad y dise\u00f1o elegante para agua fr\u00eda o premezclada. Conexi\u00f3n a 220V, ideal para encimera.","og_url":"https:\/\/iconico.es\/fr\/produit\/e-le12-grifo-electronico-de-agua-fria-o-premezclada-220v\/","og_site_name":"IC\u00d3NICO - Dise\u00f1os para la arquitectura","article_publisher":"https:\/\/www.facebook.com\/iconicospain","article_modified_time":"2023-09-29T08:57:26+00:00","og_image":[{"width":1920,"height":1260,"url":"https:\/\/iconico.es\/wp-content\/uploads\/E-LE12-16_grifo-electronico-sobre-encimera_cromo_iconico.jpg","type":"image\/jpeg"}],"twitter_card":"summary_large_image","schema":{"@context":"https:\/\/schema.org","@graph":[{"@type":"WebPage","@id":"https:\/\/iconico.es\/fr\/produit\/e-le12-grifo-electronico-de-agua-fria-o-premezclada-220v\/","url":"https:\/\/iconico.es\/fr\/produit\/e-le12-grifo-electronico-de-agua-fria-o-premezclada-220v\/","name":"E-LE12-Grifo electr\u00f3nico de agua fr\u00eda o premezclada 220V - BY IC\u00d3NICO","isPartOf":{"@id":"https:\/\/iconico.es\/en\/#website"},"primaryImageOfPage":{"@id":"https:\/\/iconico.es\/fr\/produit\/e-le12-grifo-electronico-de-agua-fria-o-premezclada-220v\/#primaryimage"},"image":{"@id":"https:\/\/iconico.es\/fr\/produit\/e-le12-grifo-electronico-de-agua-fria-o-premezclada-220v\/#primaryimage"},"thumbnailUrl":"https:\/\/iconico.es\/wp-content\/uploads\/E-LE12-16_grifo-electronico-sobre-encimera_cromo_iconico.jpg","datePublished":"2021-12-14T16:30:54+00:00","dateModified":"2023-09-29T08:57:26+00:00","description":"Grifo electr\u00f3nico de alta calidad y dise\u00f1o elegante para agua fr\u00eda o premezclada. Conexi\u00f3n a 220V, ideal para encimera.","breadcrumb":{"@id":"https:\/\/iconico.es\/fr\/produit\/e-le12-grifo-electronico-de-agua-fria-o-premezclada-220v\/#breadcrumb"},"inLanguage":"fr-FR","potentialAction":[{"@type":"ReadAction","target":["https:\/\/iconico.es\/fr\/produit\/e-le12-grifo-electronico-de-agua-fria-o-premezclada-220v\/"]}]},{"@type":"ImageObject","inLanguage":"fr-FR","@id":"https:\/\/iconico.es\/fr\/produit\/e-le12-grifo-electronico-de-agua-fria-o-premezclada-220v\/#primaryimage","url":"https:\/\/iconico.es\/wp-content\/uploads\/E-LE12-16_grifo-electronico-sobre-encimera_cromo_iconico.jpg","contentUrl":"https:\/\/iconico.es\/wp-content\/uploads\/E-LE12-16_grifo-electronico-sobre-encimera_cromo_iconico.jpg","width":1920,"height":1260},{"@type":"BreadcrumbList","@id":"https:\/\/iconico.es\/fr\/produit\/e-le12-grifo-electronico-de-agua-fria-o-premezclada-220v\/#breadcrumb","itemListElement":[{"@type":"ListItem","position":1,"name":"Home","item":"https:\/\/iconico.es\/fr\/"},{"@type":"ListItem","position":2,"name":"Boutique","item":"https:\/\/iconico.es\/fr\/boutique\/"},{"@type":"ListItem","position":3,"name":"E-LE12"}]},{"@type":"WebSite","@id":"https:\/\/iconico.es\/en\/#website","url":"https:\/\/iconico.es\/en\/","name":"IC\u00d3NICO - Dise\u00f1os para la arquitectura","description":"IC\u00d3NICO dise\u00f1a productos atemporales para la arquitectura que responden a los mismos criterios tanto en sus formas como en sus acabados, lujo y calidad.","publisher":{"@id":"https:\/\/iconico.es\/en\/#organization"},"potentialAction":[{"@type":"SearchAction","target":{"@type":"EntryPoint","urlTemplate":"https:\/\/iconico.es\/en\/?s={search_term_string}"},"query-input":"required name=search_term_string"}],"inLanguage":"fr-FR"},{"@type":"Organization","@id":"https:\/\/iconico.es\/en\/#organization","name":"Dise\u00f1o Ic\u00f3nico, s.l.","url":"https:\/\/iconico.es\/en\/","logo":{"@type":"ImageObject","inLanguage":"fr-FR","@id":"https:\/\/iconico.es\/en\/#\/schema\/logo\/image\/","url":"https:\/\/iconico.es\/wp-content\/uploads\/2021\/09\/cropped-iconico_Logotipo.png","contentUrl":"https:\/\/iconico.es\/wp-content\/uploads\/2021\/09\/cropped-iconico_Logotipo.png","width":322,"height":80,"caption":"Dise\u00f1o Ic\u00f3nico, s.l."},"image":{"@id":"https:\/\/iconico.es\/en\/#\/schema\/logo\/image\/"},"sameAs":["https:\/\/www.facebook.com\/iconicospain","https:\/\/www.instagram.com\/iconico\/","https:\/\/www.linkedin.com\/company\/iconico-elements-for-architecture","https:\/\/www.pinterest.es\/iconico_es\/"]}]}},"_links":{"self":[{"href":"https:\/\/iconico.es\/fr\/wp-json\/wp\/v2\/product\/40461","targetHints":{"allow":["GET"]}}],"collection":[{"href":"https:\/\/iconico.es\/fr\/wp-json\/wp\/v2\/product"}],"about":[{"href":"https:\/\/iconico.es\/fr\/wp-json\/wp\/v2\/types\/product"}],"wp:featuredmedia":[{"embeddable":true,"href":"https:\/\/iconico.es\/fr\/wp-json\/wp\/v2\/media\/25644"}],"wp:attachment":[{"href":"https:\/\/iconico.es\/fr\/wp-json\/wp\/v2\/media?parent=40461"}],"wp:term":[{"taxonomy":"product_cat","embeddable":true,"href":"https:\/\/iconico.es\/fr\/wp-json\/wp\/v2\/product_cat?post=40461"},{"taxonomy":"product_tag","embeddable":true,"href":"https:\/\/iconico.es\/fr\/wp-json\/wp\/v2\/product_tag?post=40461"}],"curies":[{"name":"wp","href":"https:\/\/api.w.org\/{rel}","templated":true}]}}