{"id":40476,"date":"2021-12-14T16:30:52","date_gmt":"2021-12-14T16:30:52","guid":{"rendered":"https:\/\/iconico.es\/producto\/mtvpr1-ap\/"},"modified":"2023-09-29T09:01:40","modified_gmt":"2023-09-29T09:01:40","slug":"mtvpr1-ap-mando-termostatico-de-1-o-2-vias-con-pletina-rectangular","status":"publish","type":"product","link":"https:\/\/iconico.es\/fr\/produit\/mtvpr1-ap-mando-termostatico-de-1-o-2-vias-con-pletina-rectangular\/","title":{"rendered":"MTVPR1-AP"},"content":{"rendered":"<p>Mando termost\u00e1tico de 1 o 2 v\u00edas con pletina rectangular. Posibilidades de instalaci\u00f3n: vertical u horizontal. Compatible con los cuerpos empotrados MTV1-UP y MTI2.<\/p>\n","protected":false},"excerpt":{"rendered":"<p>Mando termost\u00e1tico rectangular 1 o 2 v\u00edas.<\/p>\n","protected":false},"featured_media":27070,"template":"","meta":{"_acf_changed":false},"product_cat":[569],"product_tag":[],"class_list":["post-40476","product","type-product","status-publish","has-post-thumbnail","hentry","product_cat-commandes","pa_acabados-blanc-mat","pa_acabados-chrome-fr","pa_acabados-cuivre-brosse","pa_acabados-gunmetal-fr","pa_acabados-nickel-brosse","pa_acabados-noir-mat","pa_acabados-or-brillant-fr-2","pa_acabados-or-brosse","pa_forma-rectangulaire","pa_vias-1-voie","pa_vias-2-voies"],"acf":[],"yoast_head":"<!-- This site is optimized with the Yoast SEO plugin v22.6 - https:\/\/yoast.com\/wordpress\/plugins\/seo\/ -->\r\n<title>MTVPR1-AP-Mando termost\u00e1tico de 1 o 2 v\u00edas con pletina rectangular - BY IC\u00d3NICO<\/title>\r\n<meta name=\"description\" content=\"Mando termost\u00e1tico de 1 o 2 v\u00edas con pletina rectangular. Compatible con cuerpos empotrados MTV1-UP y MTI2. Posibilidad de instalaci\u00f3n vertical u horizontal. Dise\u00f1o, lujo y alta calidad.\" \/>\r\n<meta name=\"robots\" content=\"index, follow, max-snippet:-1, max-image-preview:large, max-video-preview:-1\" \/>\r\n<link rel=\"canonical\" href=\"https:\/\/iconico.es\/fr\/produit\/mtvpr1-ap-mando-termostatico-de-1-o-2-vias-con-pletina-rectangular\/\" \/>\r\n<meta property=\"og:locale\" content=\"fr_FR\" \/>\r\n<meta property=\"og:type\" content=\"article\" \/>\r\n<meta property=\"og:title\" content=\"MTVPR1-AP-Mando termost\u00e1tico de 1 o 2 v\u00edas con pletina rectangular - BY IC\u00d3NICO\" \/>\r\n<meta property=\"og:description\" content=\"Mando termost\u00e1tico de 1 o 2 v\u00edas con pletina rectangular. Compatible con cuerpos empotrados MTV1-UP y MTI2. Posibilidad de instalaci\u00f3n vertical u horizontal. Dise\u00f1o, lujo y alta calidad.\" \/>\r\n<meta property=\"og:url\" content=\"https:\/\/iconico.es\/fr\/produit\/mtvpr1-ap-mando-termostatico-de-1-o-2-vias-con-pletina-rectangular\/\" \/>\r\n<meta property=\"og:site_name\" content=\"IC\u00d3NICO - Dise\u00f1os para la arquitectura\" \/>\r\n<meta property=\"article:publisher\" content=\"https:\/\/www.facebook.com\/iconicospain\" \/>\r\n<meta property=\"article:modified_time\" content=\"2023-09-29T09:01:40+00:00\" \/>\r\n<meta property=\"og:image\" content=\"https:\/\/iconico.es\/wp-content\/uploads\/MTVPR1-AP-16_mando-termostatico_cromo_iconico20copia-scaled-1.jpg\" \/>\r\n\t<meta property=\"og:image:width\" content=\"1920\" \/>\r\n\t<meta property=\"og:image:height\" content=\"1260\" \/>\r\n\t<meta property=\"og:image:type\" content=\"image\/jpeg\" \/>\r\n<meta name=\"twitter:card\" content=\"summary_large_image\" \/>\r\n<script type=\"application\/ld+json\" class=\"yoast-schema-graph\">{\"@context\":\"https:\/\/schema.org\",\"@graph\":[{\"@type\":\"WebPage\",\"@id\":\"https:\/\/iconico.es\/fr\/produit\/mtvpr1-ap-mando-termostatico-de-1-o-2-vias-con-pletina-rectangular\/\",\"url\":\"https:\/\/iconico.es\/fr\/produit\/mtvpr1-ap-mando-termostatico-de-1-o-2-vias-con-pletina-rectangular\/\",\"name\":\"MTVPR1-AP-Mando termost\u00e1tico de 1 o 2 v\u00edas con pletina rectangular - BY IC\u00d3NICO\",\"isPartOf\":{\"@id\":\"https:\/\/iconico.es\/en\/#website\"},\"primaryImageOfPage\":{\"@id\":\"https:\/\/iconico.es\/fr\/produit\/mtvpr1-ap-mando-termostatico-de-1-o-2-vias-con-pletina-rectangular\/#primaryimage\"},\"image\":{\"@id\":\"https:\/\/iconico.es\/fr\/produit\/mtvpr1-ap-mando-termostatico-de-1-o-2-vias-con-pletina-rectangular\/#primaryimage\"},\"thumbnailUrl\":\"https:\/\/iconico.es\/wp-content\/uploads\/MTVPR1-AP-16_mando-termostatico_cromo_iconico20copia-scaled-1.jpg\",\"datePublished\":\"2021-12-14T16:30:52+00:00\",\"dateModified\":\"2023-09-29T09:01:40+00:00\",\"description\":\"Mando termost\u00e1tico de 1 o 2 v\u00edas con pletina rectangular. Compatible con cuerpos empotrados MTV1-UP y MTI2. Posibilidad de instalaci\u00f3n vertical u horizontal. Dise\u00f1o, lujo y alta calidad.\",\"breadcrumb\":{\"@id\":\"https:\/\/iconico.es\/fr\/produit\/mtvpr1-ap-mando-termostatico-de-1-o-2-vias-con-pletina-rectangular\/#breadcrumb\"},\"inLanguage\":\"fr-FR\",\"potentialAction\":[{\"@type\":\"ReadAction\",\"target\":[\"https:\/\/iconico.es\/fr\/produit\/mtvpr1-ap-mando-termostatico-de-1-o-2-vias-con-pletina-rectangular\/\"]}]},{\"@type\":\"ImageObject\",\"inLanguage\":\"fr-FR\",\"@id\":\"https:\/\/iconico.es\/fr\/produit\/mtvpr1-ap-mando-termostatico-de-1-o-2-vias-con-pletina-rectangular\/#primaryimage\",\"url\":\"https:\/\/iconico.es\/wp-content\/uploads\/MTVPR1-AP-16_mando-termostatico_cromo_iconico20copia-scaled-1.jpg\",\"contentUrl\":\"https:\/\/iconico.es\/wp-content\/uploads\/MTVPR1-AP-16_mando-termostatico_cromo_iconico20copia-scaled-1.jpg\",\"width\":1920,\"height\":1260},{\"@type\":\"BreadcrumbList\",\"@id\":\"https:\/\/iconico.es\/fr\/produit\/mtvpr1-ap-mando-termostatico-de-1-o-2-vias-con-pletina-rectangular\/#breadcrumb\",\"itemListElement\":[{\"@type\":\"ListItem\",\"position\":1,\"name\":\"Home\",\"item\":\"https:\/\/iconico.es\/fr\/\"},{\"@type\":\"ListItem\",\"position\":2,\"name\":\"Boutique\",\"item\":\"https:\/\/iconico.es\/fr\/boutique\/\"},{\"@type\":\"ListItem\",\"position\":3,\"name\":\"MTVPR1-AP\"}]},{\"@type\":\"WebSite\",\"@id\":\"https:\/\/iconico.es\/en\/#website\",\"url\":\"https:\/\/iconico.es\/en\/\",\"name\":\"IC\u00d3NICO - Dise\u00f1os para la arquitectura\",\"description\":\"IC\u00d3NICO dise\u00f1a productos atemporales para la arquitectura que responden a los mismos criterios tanto en sus formas como en sus acabados, lujo y calidad.\",\"publisher\":{\"@id\":\"https:\/\/iconico.es\/en\/#organization\"},\"potentialAction\":[{\"@type\":\"SearchAction\",\"target\":{\"@type\":\"EntryPoint\",\"urlTemplate\":\"https:\/\/iconico.es\/en\/?s={search_term_string}\"},\"query-input\":\"required name=search_term_string\"}],\"inLanguage\":\"fr-FR\"},{\"@type\":\"Organization\",\"@id\":\"https:\/\/iconico.es\/en\/#organization\",\"name\":\"Dise\u00f1o Ic\u00f3nico, s.l.\",\"url\":\"https:\/\/iconico.es\/en\/\",\"logo\":{\"@type\":\"ImageObject\",\"inLanguage\":\"fr-FR\",\"@id\":\"https:\/\/iconico.es\/en\/#\/schema\/logo\/image\/\",\"url\":\"https:\/\/iconico.es\/wp-content\/uploads\/2021\/09\/cropped-iconico_Logotipo.png\",\"contentUrl\":\"https:\/\/iconico.es\/wp-content\/uploads\/2021\/09\/cropped-iconico_Logotipo.png\",\"width\":322,\"height\":80,\"caption\":\"Dise\u00f1o Ic\u00f3nico, s.l.\"},\"image\":{\"@id\":\"https:\/\/iconico.es\/en\/#\/schema\/logo\/image\/\"},\"sameAs\":[\"https:\/\/www.facebook.com\/iconicospain\",\"https:\/\/www.instagram.com\/iconico\/\",\"https:\/\/www.linkedin.com\/company\/iconico-elements-for-architecture\",\"https:\/\/www.pinterest.es\/iconico_es\/\"]}]}<\/script>\r\n<!-- \/ Yoast SEO plugin. -->","yoast_head_json":{"title":"MTVPR1-AP-Mando termost\u00e1tico de 1 o 2 v\u00edas con pletina rectangular - BY IC\u00d3NICO","description":"Mando termost\u00e1tico de 1 o 2 v\u00edas con pletina rectangular. Compatible con cuerpos empotrados MTV1-UP y MTI2. Posibilidad de instalaci\u00f3n vertical u horizontal. Dise\u00f1o, lujo y alta calidad.","robots":{"index":"index","follow":"follow","max-snippet":"max-snippet:-1","max-image-preview":"max-image-preview:large","max-video-preview":"max-video-preview:-1"},"canonical":"https:\/\/iconico.es\/fr\/produit\/mtvpr1-ap-mando-termostatico-de-1-o-2-vias-con-pletina-rectangular\/","og_locale":"fr_FR","og_type":"article","og_title":"MTVPR1-AP-Mando termost\u00e1tico de 1 o 2 v\u00edas con pletina rectangular - BY IC\u00d3NICO","og_description":"Mando termost\u00e1tico de 1 o 2 v\u00edas con pletina rectangular. Compatible con cuerpos empotrados MTV1-UP y MTI2. Posibilidad de instalaci\u00f3n vertical u horizontal. Dise\u00f1o, lujo y alta calidad.","og_url":"https:\/\/iconico.es\/fr\/produit\/mtvpr1-ap-mando-termostatico-de-1-o-2-vias-con-pletina-rectangular\/","og_site_name":"IC\u00d3NICO - Dise\u00f1os para la arquitectura","article_publisher":"https:\/\/www.facebook.com\/iconicospain","article_modified_time":"2023-09-29T09:01:40+00:00","og_image":[{"width":1920,"height":1260,"url":"https:\/\/iconico.es\/wp-content\/uploads\/MTVPR1-AP-16_mando-termostatico_cromo_iconico20copia-scaled-1.jpg","type":"image\/jpeg"}],"twitter_card":"summary_large_image","schema":{"@context":"https:\/\/schema.org","@graph":[{"@type":"WebPage","@id":"https:\/\/iconico.es\/fr\/produit\/mtvpr1-ap-mando-termostatico-de-1-o-2-vias-con-pletina-rectangular\/","url":"https:\/\/iconico.es\/fr\/produit\/mtvpr1-ap-mando-termostatico-de-1-o-2-vias-con-pletina-rectangular\/","name":"MTVPR1-AP-Mando termost\u00e1tico de 1 o 2 v\u00edas con pletina rectangular - BY IC\u00d3NICO","isPartOf":{"@id":"https:\/\/iconico.es\/en\/#website"},"primaryImageOfPage":{"@id":"https:\/\/iconico.es\/fr\/produit\/mtvpr1-ap-mando-termostatico-de-1-o-2-vias-con-pletina-rectangular\/#primaryimage"},"image":{"@id":"https:\/\/iconico.es\/fr\/produit\/mtvpr1-ap-mando-termostatico-de-1-o-2-vias-con-pletina-rectangular\/#primaryimage"},"thumbnailUrl":"https:\/\/iconico.es\/wp-content\/uploads\/MTVPR1-AP-16_mando-termostatico_cromo_iconico20copia-scaled-1.jpg","datePublished":"2021-12-14T16:30:52+00:00","dateModified":"2023-09-29T09:01:40+00:00","description":"Mando termost\u00e1tico de 1 o 2 v\u00edas con pletina rectangular. Compatible con cuerpos empotrados MTV1-UP y MTI2. Posibilidad de instalaci\u00f3n vertical u horizontal. Dise\u00f1o, lujo y alta calidad.","breadcrumb":{"@id":"https:\/\/iconico.es\/fr\/produit\/mtvpr1-ap-mando-termostatico-de-1-o-2-vias-con-pletina-rectangular\/#breadcrumb"},"inLanguage":"fr-FR","potentialAction":[{"@type":"ReadAction","target":["https:\/\/iconico.es\/fr\/produit\/mtvpr1-ap-mando-termostatico-de-1-o-2-vias-con-pletina-rectangular\/"]}]},{"@type":"ImageObject","inLanguage":"fr-FR","@id":"https:\/\/iconico.es\/fr\/produit\/mtvpr1-ap-mando-termostatico-de-1-o-2-vias-con-pletina-rectangular\/#primaryimage","url":"https:\/\/iconico.es\/wp-content\/uploads\/MTVPR1-AP-16_mando-termostatico_cromo_iconico20copia-scaled-1.jpg","contentUrl":"https:\/\/iconico.es\/wp-content\/uploads\/MTVPR1-AP-16_mando-termostatico_cromo_iconico20copia-scaled-1.jpg","width":1920,"height":1260},{"@type":"BreadcrumbList","@id":"https:\/\/iconico.es\/fr\/produit\/mtvpr1-ap-mando-termostatico-de-1-o-2-vias-con-pletina-rectangular\/#breadcrumb","itemListElement":[{"@type":"ListItem","position":1,"name":"Home","item":"https:\/\/iconico.es\/fr\/"},{"@type":"ListItem","position":2,"name":"Boutique","item":"https:\/\/iconico.es\/fr\/boutique\/"},{"@type":"ListItem","position":3,"name":"MTVPR1-AP"}]},{"@type":"WebSite","@id":"https:\/\/iconico.es\/en\/#website","url":"https:\/\/iconico.es\/en\/","name":"IC\u00d3NICO - Dise\u00f1os para la arquitectura","description":"IC\u00d3NICO dise\u00f1a productos atemporales para la arquitectura que responden a los mismos criterios tanto en sus formas como en sus acabados, lujo y calidad.","publisher":{"@id":"https:\/\/iconico.es\/en\/#organization"},"potentialAction":[{"@type":"SearchAction","target":{"@type":"EntryPoint","urlTemplate":"https:\/\/iconico.es\/en\/?s={search_term_string}"},"query-input":"required name=search_term_string"}],"inLanguage":"fr-FR"},{"@type":"Organization","@id":"https:\/\/iconico.es\/en\/#organization","name":"Dise\u00f1o Ic\u00f3nico, s.l.","url":"https:\/\/iconico.es\/en\/","logo":{"@type":"ImageObject","inLanguage":"fr-FR","@id":"https:\/\/iconico.es\/en\/#\/schema\/logo\/image\/","url":"https:\/\/iconico.es\/wp-content\/uploads\/2021\/09\/cropped-iconico_Logotipo.png","contentUrl":"https:\/\/iconico.es\/wp-content\/uploads\/2021\/09\/cropped-iconico_Logotipo.png","width":322,"height":80,"caption":"Dise\u00f1o Ic\u00f3nico, s.l."},"image":{"@id":"https:\/\/iconico.es\/en\/#\/schema\/logo\/image\/"},"sameAs":["https:\/\/www.facebook.com\/iconicospain","https:\/\/www.instagram.com\/iconico\/","https:\/\/www.linkedin.com\/company\/iconico-elements-for-architecture","https:\/\/www.pinterest.es\/iconico_es\/"]}]}},"_links":{"self":[{"href":"https:\/\/iconico.es\/fr\/wp-json\/wp\/v2\/product\/40476","targetHints":{"allow":["GET"]}}],"collection":[{"href":"https:\/\/iconico.es\/fr\/wp-json\/wp\/v2\/product"}],"about":[{"href":"https:\/\/iconico.es\/fr\/wp-json\/wp\/v2\/types\/product"}],"wp:featuredmedia":[{"embeddable":true,"href":"https:\/\/iconico.es\/fr\/wp-json\/wp\/v2\/media\/27070"}],"wp:attachment":[{"href":"https:\/\/iconico.es\/fr\/wp-json\/wp\/v2\/media?parent=40476"}],"wp:term":[{"taxonomy":"product_cat","embeddable":true,"href":"https:\/\/iconico.es\/fr\/wp-json\/wp\/v2\/product_cat?post=40476"},{"taxonomy":"product_tag","embeddable":true,"href":"https:\/\/iconico.es\/fr\/wp-json\/wp\/v2\/product_tag?post=40476"}],"curies":[{"name":"wp","href":"https:\/\/api.w.org\/{rel}","templated":true}]}}