{"id":48730,"date":"2023-05-23T10:57:16","date_gmt":"2023-05-30T07:02:35","guid":{"rendered":"https:\/\/iconico.es\/?post_type=product&#038;p=48730"},"modified":"2023-09-27T23:36:20","modified_gmt":"2023-09-27T23:36:20","slug":"pd4-receveur-de-douche-extra-plat-avec-texture-b","status":"publish","type":"product","link":"https:\/\/iconico.es\/fr\/produit\/pd4-receveur-de-douche-extra-plat-avec-texture-b\/","title":{"rendered":"PD4"},"content":{"rendered":"<p>Receveur de douche extra plat avec texture B. Fabriqu\u00e9 \u00e0 partir d\u2019un composite de r\u00e9sines et de charges min\u00e9rales, avec un rev\u00eatement thermofusible Gel Coat sanitaire.<\/p>\n<p>&#8211; Hauteur ou \u00e9paisseur du receveur de douche 3 cm.<br \/>\n&#8211; Drainage \u00e0 haut debit avec embelliseur du m\u00eame mat\u00e9riau et m\u00eame couleur que le receveur de douche.<br \/>\n&#8211; Surface antid\u00e9rapante avec traitement antibact\u00e9rien.<br \/>\n&#8211; Densit\u00e9 : Absorption 0,01%. (24 heures d\u2019immersion).<\/p>\n","protected":false},"excerpt":{"rendered":"<p><span style=\"font-weight: 300;\">Receveur de douche con\u00e7u pour \u00e9viter les d\u00e9bordements d&rsquo;eau lors de l&rsquo;installation d&rsquo;une paroi de douche, gr\u00e2ce \u00e0 son plan central baiss\u00e9 du bord. Conseill\u00e9 pour satisfaire aux exigences les plus strictes des espaces contractuels et pour une solution o\u00f9 la praticit\u00e9 est une priorit\u00e9.<\/span><\/p>\n","protected":false},"featured_media":48720,"template":"","meta":{"_acf_changed":false},"product_cat":[830],"product_tag":[],"class_list":["post-48730","product","type-product","status-publish","has-post-thumbnail","hentry","product_cat-receveur-de-douche","pa_acabados-blanc","pa_acabados-couleur-systeme-ral-classic"],"acf":[],"yoast_head":"<!-- This site is optimized with the Yoast SEO plugin v22.6 - https:\/\/yoast.com\/wordpress\/plugins\/seo\/ -->\r\n<title>PD4-Receveur de douche extra plat avec texture B - BY IC\u00d3NICO<\/title>\r\n<meta name=\"description\" content=\"Receveur de douche extra plat avec texture B. Fabriqu\u00e9 \u00e0 partir d\u2019un composite de r\u00e9sines et de charges min\u00e9rales, avec un rev\u00eatement thermofusible Gel Coat sanitaire. Hauteur ou \u00e9paisseur du receveur de douche 3 cm. Drainage \u00e0 haut debit avec embelliseur du m\u00eame mat\u00e9riau et m\u00eame couleur que le receveur de douche. Surface antid\u00e9rapante avec traitement antibact\u00e9rien. Densit\u00e9 : Absorption 0,01%. (24 heures d\u2019immersion). Un receveur de douche design, luxueux et de haute qualit\u00e9.\" \/>\r\n<meta name=\"robots\" content=\"index, follow, max-snippet:-1, max-image-preview:large, max-video-preview:-1\" \/>\r\n<link rel=\"canonical\" href=\"https:\/\/iconico.es\/fr\/produit\/pd4-receveur-de-douche-extra-plat-avec-texture-b\/\" \/>\r\n<meta property=\"og:locale\" content=\"fr_FR\" \/>\r\n<meta property=\"og:type\" content=\"article\" \/>\r\n<meta property=\"og:title\" content=\"PD4-Receveur de douche extra plat avec texture B - BY IC\u00d3NICO\" \/>\r\n<meta property=\"og:description\" content=\"Receveur de douche extra plat avec texture B. Fabriqu\u00e9 \u00e0 partir d\u2019un composite de r\u00e9sines et de charges min\u00e9rales, avec un rev\u00eatement thermofusible Gel Coat sanitaire. Hauteur ou \u00e9paisseur du receveur de douche 3 cm. Drainage \u00e0 haut debit avec embelliseur du m\u00eame mat\u00e9riau et m\u00eame couleur que le receveur de douche. Surface antid\u00e9rapante avec traitement antibact\u00e9rien. Densit\u00e9 : Absorption 0,01%. (24 heures d\u2019immersion). Un receveur de douche design, luxueux et de haute qualit\u00e9.\" \/>\r\n<meta property=\"og:url\" content=\"https:\/\/iconico.es\/fr\/produit\/pd4-receveur-de-douche-extra-plat-avec-texture-b\/\" \/>\r\n<meta property=\"og:site_name\" content=\"IC\u00d3NICO - Dise\u00f1os para la arquitectura\" \/>\r\n<meta property=\"article:publisher\" content=\"https:\/\/www.facebook.com\/iconicospain\" \/>\r\n<meta property=\"article:modified_time\" content=\"2023-09-27T23:36:20+00:00\" \/>\r\n<meta property=\"og:image\" content=\"https:\/\/iconico.es\/wp-content\/uploads\/P4.jpg\" \/>\r\n\t<meta property=\"og:image:width\" content=\"900\" \/>\r\n\t<meta property=\"og:image:height\" content=\"591\" \/>\r\n\t<meta property=\"og:image:type\" content=\"image\/jpeg\" \/>\r\n<meta name=\"twitter:card\" content=\"summary_large_image\" \/>\r\n<script type=\"application\/ld+json\" class=\"yoast-schema-graph\">{\"@context\":\"https:\/\/schema.org\",\"@graph\":[{\"@type\":\"WebPage\",\"@id\":\"https:\/\/iconico.es\/fr\/produit\/pd4-receveur-de-douche-extra-plat-avec-texture-b\/\",\"url\":\"https:\/\/iconico.es\/fr\/produit\/pd4-receveur-de-douche-extra-plat-avec-texture-b\/\",\"name\":\"PD4-Receveur de douche extra plat avec texture B - BY IC\u00d3NICO\",\"isPartOf\":{\"@id\":\"https:\/\/iconico.es\/en\/#website\"},\"primaryImageOfPage\":{\"@id\":\"https:\/\/iconico.es\/fr\/produit\/pd4-receveur-de-douche-extra-plat-avec-texture-b\/#primaryimage\"},\"image\":{\"@id\":\"https:\/\/iconico.es\/fr\/produit\/pd4-receveur-de-douche-extra-plat-avec-texture-b\/#primaryimage\"},\"thumbnailUrl\":\"https:\/\/iconico.es\/wp-content\/uploads\/P4.jpg\",\"datePublished\":\"2023-05-30T07:02:35+00:00\",\"dateModified\":\"2023-09-27T23:36:20+00:00\",\"description\":\"Receveur de douche extra plat avec texture B. Fabriqu\u00e9 \u00e0 partir d\u2019un composite de r\u00e9sines et de charges min\u00e9rales, avec un rev\u00eatement thermofusible Gel Coat sanitaire. Hauteur ou \u00e9paisseur du receveur de douche 3 cm. Drainage \u00e0 haut debit avec embelliseur du m\u00eame mat\u00e9riau et m\u00eame couleur que le receveur de douche. Surface antid\u00e9rapante avec traitement antibact\u00e9rien. Densit\u00e9 : Absorption 0,01%. (24 heures d\u2019immersion). Un receveur de douche design, luxueux et de haute qualit\u00e9.\",\"breadcrumb\":{\"@id\":\"https:\/\/iconico.es\/fr\/produit\/pd4-receveur-de-douche-extra-plat-avec-texture-b\/#breadcrumb\"},\"inLanguage\":\"fr-FR\",\"potentialAction\":[{\"@type\":\"ReadAction\",\"target\":[\"https:\/\/iconico.es\/fr\/produit\/pd4-receveur-de-douche-extra-plat-avec-texture-b\/\"]}]},{\"@type\":\"ImageObject\",\"inLanguage\":\"fr-FR\",\"@id\":\"https:\/\/iconico.es\/fr\/produit\/pd4-receveur-de-douche-extra-plat-avec-texture-b\/#primaryimage\",\"url\":\"https:\/\/iconico.es\/wp-content\/uploads\/P4.jpg\",\"contentUrl\":\"https:\/\/iconico.es\/wp-content\/uploads\/P4.jpg\",\"width\":900,\"height\":591,\"caption\":\"Receveur de douche PD4\"},{\"@type\":\"BreadcrumbList\",\"@id\":\"https:\/\/iconico.es\/fr\/produit\/pd4-receveur-de-douche-extra-plat-avec-texture-b\/#breadcrumb\",\"itemListElement\":[{\"@type\":\"ListItem\",\"position\":1,\"name\":\"Home\",\"item\":\"https:\/\/iconico.es\/fr\/\"},{\"@type\":\"ListItem\",\"position\":2,\"name\":\"Boutique\",\"item\":\"https:\/\/iconico.es\/fr\/boutique\/\"},{\"@type\":\"ListItem\",\"position\":3,\"name\":\"PD4\"}]},{\"@type\":\"WebSite\",\"@id\":\"https:\/\/iconico.es\/en\/#website\",\"url\":\"https:\/\/iconico.es\/en\/\",\"name\":\"IC\u00d3NICO - Dise\u00f1os para la arquitectura\",\"description\":\"IC\u00d3NICO dise\u00f1a productos atemporales para la arquitectura que responden a los mismos criterios tanto en sus formas como en sus acabados, lujo y calidad.\",\"publisher\":{\"@id\":\"https:\/\/iconico.es\/en\/#organization\"},\"potentialAction\":[{\"@type\":\"SearchAction\",\"target\":{\"@type\":\"EntryPoint\",\"urlTemplate\":\"https:\/\/iconico.es\/en\/?s={search_term_string}\"},\"query-input\":\"required name=search_term_string\"}],\"inLanguage\":\"fr-FR\"},{\"@type\":\"Organization\",\"@id\":\"https:\/\/iconico.es\/en\/#organization\",\"name\":\"Dise\u00f1o Ic\u00f3nico, s.l.\",\"url\":\"https:\/\/iconico.es\/en\/\",\"logo\":{\"@type\":\"ImageObject\",\"inLanguage\":\"fr-FR\",\"@id\":\"https:\/\/iconico.es\/en\/#\/schema\/logo\/image\/\",\"url\":\"https:\/\/iconico.es\/wp-content\/uploads\/2021\/09\/cropped-iconico_Logotipo.png\",\"contentUrl\":\"https:\/\/iconico.es\/wp-content\/uploads\/2021\/09\/cropped-iconico_Logotipo.png\",\"width\":322,\"height\":80,\"caption\":\"Dise\u00f1o Ic\u00f3nico, s.l.\"},\"image\":{\"@id\":\"https:\/\/iconico.es\/en\/#\/schema\/logo\/image\/\"},\"sameAs\":[\"https:\/\/www.facebook.com\/iconicospain\",\"https:\/\/www.instagram.com\/iconico\/\",\"https:\/\/www.linkedin.com\/company\/iconico-elements-for-architecture\",\"https:\/\/www.pinterest.es\/iconico_es\/\"]}]}<\/script>\r\n<!-- \/ Yoast SEO plugin. -->","yoast_head_json":{"title":"PD4-Receveur de douche extra plat avec texture B - BY IC\u00d3NICO","description":"Receveur de douche extra plat avec texture B. Fabriqu\u00e9 \u00e0 partir d\u2019un composite de r\u00e9sines et de charges min\u00e9rales, avec un rev\u00eatement thermofusible Gel Coat sanitaire. Hauteur ou \u00e9paisseur du receveur de douche 3 cm. Drainage \u00e0 haut debit avec embelliseur du m\u00eame mat\u00e9riau et m\u00eame couleur que le receveur de douche. Surface antid\u00e9rapante avec traitement antibact\u00e9rien. Densit\u00e9 : Absorption 0,01%. (24 heures d\u2019immersion). Un receveur de douche design, luxueux et de haute qualit\u00e9.","robots":{"index":"index","follow":"follow","max-snippet":"max-snippet:-1","max-image-preview":"max-image-preview:large","max-video-preview":"max-video-preview:-1"},"canonical":"https:\/\/iconico.es\/fr\/produit\/pd4-receveur-de-douche-extra-plat-avec-texture-b\/","og_locale":"fr_FR","og_type":"article","og_title":"PD4-Receveur de douche extra plat avec texture B - BY IC\u00d3NICO","og_description":"Receveur de douche extra plat avec texture B. Fabriqu\u00e9 \u00e0 partir d\u2019un composite de r\u00e9sines et de charges min\u00e9rales, avec un rev\u00eatement thermofusible Gel Coat sanitaire. Hauteur ou \u00e9paisseur du receveur de douche 3 cm. Drainage \u00e0 haut debit avec embelliseur du m\u00eame mat\u00e9riau et m\u00eame couleur que le receveur de douche. Surface antid\u00e9rapante avec traitement antibact\u00e9rien. Densit\u00e9 : Absorption 0,01%. (24 heures d\u2019immersion). Un receveur de douche design, luxueux et de haute qualit\u00e9.","og_url":"https:\/\/iconico.es\/fr\/produit\/pd4-receveur-de-douche-extra-plat-avec-texture-b\/","og_site_name":"IC\u00d3NICO - Dise\u00f1os para la arquitectura","article_publisher":"https:\/\/www.facebook.com\/iconicospain","article_modified_time":"2023-09-27T23:36:20+00:00","og_image":[{"width":900,"height":591,"url":"https:\/\/iconico.es\/wp-content\/uploads\/P4.jpg","type":"image\/jpeg"}],"twitter_card":"summary_large_image","schema":{"@context":"https:\/\/schema.org","@graph":[{"@type":"WebPage","@id":"https:\/\/iconico.es\/fr\/produit\/pd4-receveur-de-douche-extra-plat-avec-texture-b\/","url":"https:\/\/iconico.es\/fr\/produit\/pd4-receveur-de-douche-extra-plat-avec-texture-b\/","name":"PD4-Receveur de douche extra plat avec texture B - BY IC\u00d3NICO","isPartOf":{"@id":"https:\/\/iconico.es\/en\/#website"},"primaryImageOfPage":{"@id":"https:\/\/iconico.es\/fr\/produit\/pd4-receveur-de-douche-extra-plat-avec-texture-b\/#primaryimage"},"image":{"@id":"https:\/\/iconico.es\/fr\/produit\/pd4-receveur-de-douche-extra-plat-avec-texture-b\/#primaryimage"},"thumbnailUrl":"https:\/\/iconico.es\/wp-content\/uploads\/P4.jpg","datePublished":"2023-05-30T07:02:35+00:00","dateModified":"2023-09-27T23:36:20+00:00","description":"Receveur de douche extra plat avec texture B. Fabriqu\u00e9 \u00e0 partir d\u2019un composite de r\u00e9sines et de charges min\u00e9rales, avec un rev\u00eatement thermofusible Gel Coat sanitaire. Hauteur ou \u00e9paisseur du receveur de douche 3 cm. Drainage \u00e0 haut debit avec embelliseur du m\u00eame mat\u00e9riau et m\u00eame couleur que le receveur de douche. Surface antid\u00e9rapante avec traitement antibact\u00e9rien. Densit\u00e9 : Absorption 0,01%. (24 heures d\u2019immersion). Un receveur de douche design, luxueux et de haute qualit\u00e9.","breadcrumb":{"@id":"https:\/\/iconico.es\/fr\/produit\/pd4-receveur-de-douche-extra-plat-avec-texture-b\/#breadcrumb"},"inLanguage":"fr-FR","potentialAction":[{"@type":"ReadAction","target":["https:\/\/iconico.es\/fr\/produit\/pd4-receveur-de-douche-extra-plat-avec-texture-b\/"]}]},{"@type":"ImageObject","inLanguage":"fr-FR","@id":"https:\/\/iconico.es\/fr\/produit\/pd4-receveur-de-douche-extra-plat-avec-texture-b\/#primaryimage","url":"https:\/\/iconico.es\/wp-content\/uploads\/P4.jpg","contentUrl":"https:\/\/iconico.es\/wp-content\/uploads\/P4.jpg","width":900,"height":591,"caption":"Receveur de douche PD4"},{"@type":"BreadcrumbList","@id":"https:\/\/iconico.es\/fr\/produit\/pd4-receveur-de-douche-extra-plat-avec-texture-b\/#breadcrumb","itemListElement":[{"@type":"ListItem","position":1,"name":"Home","item":"https:\/\/iconico.es\/fr\/"},{"@type":"ListItem","position":2,"name":"Boutique","item":"https:\/\/iconico.es\/fr\/boutique\/"},{"@type":"ListItem","position":3,"name":"PD4"}]},{"@type":"WebSite","@id":"https:\/\/iconico.es\/en\/#website","url":"https:\/\/iconico.es\/en\/","name":"IC\u00d3NICO - Dise\u00f1os para la arquitectura","description":"IC\u00d3NICO dise\u00f1a productos atemporales para la arquitectura que responden a los mismos criterios tanto en sus formas como en sus acabados, lujo y calidad.","publisher":{"@id":"https:\/\/iconico.es\/en\/#organization"},"potentialAction":[{"@type":"SearchAction","target":{"@type":"EntryPoint","urlTemplate":"https:\/\/iconico.es\/en\/?s={search_term_string}"},"query-input":"required name=search_term_string"}],"inLanguage":"fr-FR"},{"@type":"Organization","@id":"https:\/\/iconico.es\/en\/#organization","name":"Dise\u00f1o Ic\u00f3nico, s.l.","url":"https:\/\/iconico.es\/en\/","logo":{"@type":"ImageObject","inLanguage":"fr-FR","@id":"https:\/\/iconico.es\/en\/#\/schema\/logo\/image\/","url":"https:\/\/iconico.es\/wp-content\/uploads\/2021\/09\/cropped-iconico_Logotipo.png","contentUrl":"https:\/\/iconico.es\/wp-content\/uploads\/2021\/09\/cropped-iconico_Logotipo.png","width":322,"height":80,"caption":"Dise\u00f1o Ic\u00f3nico, s.l."},"image":{"@id":"https:\/\/iconico.es\/en\/#\/schema\/logo\/image\/"},"sameAs":["https:\/\/www.facebook.com\/iconicospain","https:\/\/www.instagram.com\/iconico\/","https:\/\/www.linkedin.com\/company\/iconico-elements-for-architecture","https:\/\/www.pinterest.es\/iconico_es\/"]}]}},"_links":{"self":[{"href":"https:\/\/iconico.es\/fr\/wp-json\/wp\/v2\/product\/48730","targetHints":{"allow":["GET"]}}],"collection":[{"href":"https:\/\/iconico.es\/fr\/wp-json\/wp\/v2\/product"}],"about":[{"href":"https:\/\/iconico.es\/fr\/wp-json\/wp\/v2\/types\/product"}],"wp:featuredmedia":[{"embeddable":true,"href":"https:\/\/iconico.es\/fr\/wp-json\/wp\/v2\/media\/48720"}],"wp:attachment":[{"href":"https:\/\/iconico.es\/fr\/wp-json\/wp\/v2\/media?parent=48730"}],"wp:term":[{"taxonomy":"product_cat","embeddable":true,"href":"https:\/\/iconico.es\/fr\/wp-json\/wp\/v2\/product_cat?post=48730"},{"taxonomy":"product_tag","embeddable":true,"href":"https:\/\/iconico.es\/fr\/wp-json\/wp\/v2\/product_tag?post=48730"}],"curies":[{"name":"wp","href":"https:\/\/api.w.org\/{rel}","templated":true}]}}