{"id":49068,"date":"2023-06-08T11:31:46","date_gmt":"2023-06-08T11:31:46","guid":{"rendered":"https:\/\/iconico.es\/?post_type=product&#038;p=49068"},"modified":"2023-09-29T07:35:52","modified_gmt":"2023-09-29T07:35:52","slug":"d-f150m-flexo-metalico-150cm","status":"publish","type":"product","link":"https:\/\/iconico.es\/fr\/produit\/d-f150m-flexo-metalico-150cm\/","title":{"rendered":"D-F150M"},"content":{"rendered":"<p>Flexo mat\u00e1lico de 150 cm de largo.<\/p>\n","protected":false},"excerpt":{"rendered":"<p>Flexo mat\u00e1lico de 150 cm de largo.<br \/>\nFabricado en lat\u00f3n y acero inoxidable AISI 316.<\/p>\n","protected":false},"featured_media":49071,"template":"","meta":{"_acf_changed":false},"product_cat":[511],"product_tag":[],"class_list":["post-49068","product","type-product","status-publish","has-post-thumbnail","hentry","product_cat-douchette-main-complements","pa_acabados-acier-inoxydable-brosse","pa_acabados-chrome-fr","pa_acabados-cuivre-brosse","pa_acabados-gunmetal-fr","pa_acabados-or-brillant-fr-2","pa_acabados-or-brosse"],"acf":[],"yoast_head":"<!-- This site is optimized with the Yoast SEO plugin v22.6 - https:\/\/yoast.com\/wordpress\/plugins\/seo\/ -->\r\n<title>D-F150M-Flexo met\u00e1lico 150cm - BY IC\u00d3NICO<\/title>\r\n<meta name=\"description\" content=\"Flexo met\u00e1lico de 150 cm de largo, dise\u00f1o de lujo y alta calidad.\" \/>\r\n<meta name=\"robots\" content=\"index, follow, max-snippet:-1, max-image-preview:large, max-video-preview:-1\" \/>\r\n<link rel=\"canonical\" href=\"https:\/\/iconico.es\/fr\/produit\/d-f150m-flexo-metalico-150cm\/\" \/>\r\n<meta property=\"og:locale\" content=\"fr_FR\" \/>\r\n<meta property=\"og:type\" content=\"article\" \/>\r\n<meta property=\"og:title\" content=\"D-F150M-Flexo met\u00e1lico 150cm - BY IC\u00d3NICO\" \/>\r\n<meta property=\"og:description\" content=\"Flexo met\u00e1lico de 150 cm de largo, dise\u00f1o de lujo y alta calidad.\" \/>\r\n<meta property=\"og:url\" content=\"https:\/\/iconico.es\/fr\/produit\/d-f150m-flexo-metalico-150cm\/\" \/>\r\n<meta property=\"og:site_name\" content=\"IC\u00d3NICO - Dise\u00f1os para la arquitectura\" \/>\r\n<meta property=\"article:publisher\" content=\"https:\/\/www.facebook.com\/iconicospain\" \/>\r\n<meta property=\"article:modified_time\" content=\"2023-09-29T07:35:52+00:00\" \/>\r\n<meta property=\"og:image\" content=\"https:\/\/iconico.es\/wp-content\/uploads\/D-F150M-16_flexo-metalico_cromo_iconico.jpg\" \/>\r\n\t<meta property=\"og:image:width\" content=\"600\" \/>\r\n\t<meta property=\"og:image:height\" content=\"450\" \/>\r\n\t<meta property=\"og:image:type\" content=\"image\/jpeg\" \/>\r\n<meta name=\"twitter:card\" content=\"summary_large_image\" \/>\r\n<script type=\"application\/ld+json\" class=\"yoast-schema-graph\">{\"@context\":\"https:\/\/schema.org\",\"@graph\":[{\"@type\":\"WebPage\",\"@id\":\"https:\/\/iconico.es\/fr\/produit\/d-f150m-flexo-metalico-150cm\/\",\"url\":\"https:\/\/iconico.es\/fr\/produit\/d-f150m-flexo-metalico-150cm\/\",\"name\":\"D-F150M-Flexo met\u00e1lico 150cm - BY IC\u00d3NICO\",\"isPartOf\":{\"@id\":\"https:\/\/iconico.es\/en\/#website\"},\"primaryImageOfPage\":{\"@id\":\"https:\/\/iconico.es\/fr\/produit\/d-f150m-flexo-metalico-150cm\/#primaryimage\"},\"image\":{\"@id\":\"https:\/\/iconico.es\/fr\/produit\/d-f150m-flexo-metalico-150cm\/#primaryimage\"},\"thumbnailUrl\":\"https:\/\/iconico.es\/wp-content\/uploads\/D-F150M-16_flexo-metalico_cromo_iconico.jpg\",\"datePublished\":\"2023-06-08T11:31:46+00:00\",\"dateModified\":\"2023-09-29T07:35:52+00:00\",\"description\":\"Flexo met\u00e1lico de 150 cm de largo, dise\u00f1o de lujo y alta calidad.\",\"breadcrumb\":{\"@id\":\"https:\/\/iconico.es\/fr\/produit\/d-f150m-flexo-metalico-150cm\/#breadcrumb\"},\"inLanguage\":\"fr-FR\",\"potentialAction\":[{\"@type\":\"ReadAction\",\"target\":[\"https:\/\/iconico.es\/fr\/produit\/d-f150m-flexo-metalico-150cm\/\"]}]},{\"@type\":\"ImageObject\",\"inLanguage\":\"fr-FR\",\"@id\":\"https:\/\/iconico.es\/fr\/produit\/d-f150m-flexo-metalico-150cm\/#primaryimage\",\"url\":\"https:\/\/iconico.es\/wp-content\/uploads\/D-F150M-16_flexo-metalico_cromo_iconico.jpg\",\"contentUrl\":\"https:\/\/iconico.es\/wp-content\/uploads\/D-F150M-16_flexo-metalico_cromo_iconico.jpg\",\"width\":600,\"height\":450},{\"@type\":\"BreadcrumbList\",\"@id\":\"https:\/\/iconico.es\/fr\/produit\/d-f150m-flexo-metalico-150cm\/#breadcrumb\",\"itemListElement\":[{\"@type\":\"ListItem\",\"position\":1,\"name\":\"Home\",\"item\":\"https:\/\/iconico.es\/fr\/\"},{\"@type\":\"ListItem\",\"position\":2,\"name\":\"Boutique\",\"item\":\"https:\/\/iconico.es\/fr\/boutique\/\"},{\"@type\":\"ListItem\",\"position\":3,\"name\":\"D-F150M\"}]},{\"@type\":\"WebSite\",\"@id\":\"https:\/\/iconico.es\/en\/#website\",\"url\":\"https:\/\/iconico.es\/en\/\",\"name\":\"IC\u00d3NICO - Dise\u00f1os para la arquitectura\",\"description\":\"IC\u00d3NICO dise\u00f1a productos atemporales para la arquitectura que responden a los mismos criterios tanto en sus formas como en sus acabados, lujo y calidad.\",\"publisher\":{\"@id\":\"https:\/\/iconico.es\/en\/#organization\"},\"potentialAction\":[{\"@type\":\"SearchAction\",\"target\":{\"@type\":\"EntryPoint\",\"urlTemplate\":\"https:\/\/iconico.es\/en\/?s={search_term_string}\"},\"query-input\":\"required name=search_term_string\"}],\"inLanguage\":\"fr-FR\"},{\"@type\":\"Organization\",\"@id\":\"https:\/\/iconico.es\/en\/#organization\",\"name\":\"Dise\u00f1o Ic\u00f3nico, s.l.\",\"url\":\"https:\/\/iconico.es\/en\/\",\"logo\":{\"@type\":\"ImageObject\",\"inLanguage\":\"fr-FR\",\"@id\":\"https:\/\/iconico.es\/en\/#\/schema\/logo\/image\/\",\"url\":\"https:\/\/iconico.es\/wp-content\/uploads\/2021\/09\/cropped-iconico_Logotipo.png\",\"contentUrl\":\"https:\/\/iconico.es\/wp-content\/uploads\/2021\/09\/cropped-iconico_Logotipo.png\",\"width\":322,\"height\":80,\"caption\":\"Dise\u00f1o Ic\u00f3nico, s.l.\"},\"image\":{\"@id\":\"https:\/\/iconico.es\/en\/#\/schema\/logo\/image\/\"},\"sameAs\":[\"https:\/\/www.facebook.com\/iconicospain\",\"https:\/\/www.instagram.com\/iconico\/\",\"https:\/\/www.linkedin.com\/company\/iconico-elements-for-architecture\",\"https:\/\/www.pinterest.es\/iconico_es\/\"]}]}<\/script>\r\n<!-- \/ Yoast SEO plugin. -->","yoast_head_json":{"title":"D-F150M-Flexo met\u00e1lico 150cm - BY IC\u00d3NICO","description":"Flexo met\u00e1lico de 150 cm de largo, dise\u00f1o de lujo y alta calidad.","robots":{"index":"index","follow":"follow","max-snippet":"max-snippet:-1","max-image-preview":"max-image-preview:large","max-video-preview":"max-video-preview:-1"},"canonical":"https:\/\/iconico.es\/fr\/produit\/d-f150m-flexo-metalico-150cm\/","og_locale":"fr_FR","og_type":"article","og_title":"D-F150M-Flexo met\u00e1lico 150cm - BY IC\u00d3NICO","og_description":"Flexo met\u00e1lico de 150 cm de largo, dise\u00f1o de lujo y alta calidad.","og_url":"https:\/\/iconico.es\/fr\/produit\/d-f150m-flexo-metalico-150cm\/","og_site_name":"IC\u00d3NICO - Dise\u00f1os para la arquitectura","article_publisher":"https:\/\/www.facebook.com\/iconicospain","article_modified_time":"2023-09-29T07:35:52+00:00","og_image":[{"width":600,"height":450,"url":"https:\/\/iconico.es\/wp-content\/uploads\/D-F150M-16_flexo-metalico_cromo_iconico.jpg","type":"image\/jpeg"}],"twitter_card":"summary_large_image","schema":{"@context":"https:\/\/schema.org","@graph":[{"@type":"WebPage","@id":"https:\/\/iconico.es\/fr\/produit\/d-f150m-flexo-metalico-150cm\/","url":"https:\/\/iconico.es\/fr\/produit\/d-f150m-flexo-metalico-150cm\/","name":"D-F150M-Flexo met\u00e1lico 150cm - BY IC\u00d3NICO","isPartOf":{"@id":"https:\/\/iconico.es\/en\/#website"},"primaryImageOfPage":{"@id":"https:\/\/iconico.es\/fr\/produit\/d-f150m-flexo-metalico-150cm\/#primaryimage"},"image":{"@id":"https:\/\/iconico.es\/fr\/produit\/d-f150m-flexo-metalico-150cm\/#primaryimage"},"thumbnailUrl":"https:\/\/iconico.es\/wp-content\/uploads\/D-F150M-16_flexo-metalico_cromo_iconico.jpg","datePublished":"2023-06-08T11:31:46+00:00","dateModified":"2023-09-29T07:35:52+00:00","description":"Flexo met\u00e1lico de 150 cm de largo, dise\u00f1o de lujo y alta calidad.","breadcrumb":{"@id":"https:\/\/iconico.es\/fr\/produit\/d-f150m-flexo-metalico-150cm\/#breadcrumb"},"inLanguage":"fr-FR","potentialAction":[{"@type":"ReadAction","target":["https:\/\/iconico.es\/fr\/produit\/d-f150m-flexo-metalico-150cm\/"]}]},{"@type":"ImageObject","inLanguage":"fr-FR","@id":"https:\/\/iconico.es\/fr\/produit\/d-f150m-flexo-metalico-150cm\/#primaryimage","url":"https:\/\/iconico.es\/wp-content\/uploads\/D-F150M-16_flexo-metalico_cromo_iconico.jpg","contentUrl":"https:\/\/iconico.es\/wp-content\/uploads\/D-F150M-16_flexo-metalico_cromo_iconico.jpg","width":600,"height":450},{"@type":"BreadcrumbList","@id":"https:\/\/iconico.es\/fr\/produit\/d-f150m-flexo-metalico-150cm\/#breadcrumb","itemListElement":[{"@type":"ListItem","position":1,"name":"Home","item":"https:\/\/iconico.es\/fr\/"},{"@type":"ListItem","position":2,"name":"Boutique","item":"https:\/\/iconico.es\/fr\/boutique\/"},{"@type":"ListItem","position":3,"name":"D-F150M"}]},{"@type":"WebSite","@id":"https:\/\/iconico.es\/en\/#website","url":"https:\/\/iconico.es\/en\/","name":"IC\u00d3NICO - Dise\u00f1os para la arquitectura","description":"IC\u00d3NICO dise\u00f1a productos atemporales para la arquitectura que responden a los mismos criterios tanto en sus formas como en sus acabados, lujo y calidad.","publisher":{"@id":"https:\/\/iconico.es\/en\/#organization"},"potentialAction":[{"@type":"SearchAction","target":{"@type":"EntryPoint","urlTemplate":"https:\/\/iconico.es\/en\/?s={search_term_string}"},"query-input":"required name=search_term_string"}],"inLanguage":"fr-FR"},{"@type":"Organization","@id":"https:\/\/iconico.es\/en\/#organization","name":"Dise\u00f1o Ic\u00f3nico, s.l.","url":"https:\/\/iconico.es\/en\/","logo":{"@type":"ImageObject","inLanguage":"fr-FR","@id":"https:\/\/iconico.es\/en\/#\/schema\/logo\/image\/","url":"https:\/\/iconico.es\/wp-content\/uploads\/2021\/09\/cropped-iconico_Logotipo.png","contentUrl":"https:\/\/iconico.es\/wp-content\/uploads\/2021\/09\/cropped-iconico_Logotipo.png","width":322,"height":80,"caption":"Dise\u00f1o Ic\u00f3nico, s.l."},"image":{"@id":"https:\/\/iconico.es\/en\/#\/schema\/logo\/image\/"},"sameAs":["https:\/\/www.facebook.com\/iconicospain","https:\/\/www.instagram.com\/iconico\/","https:\/\/www.linkedin.com\/company\/iconico-elements-for-architecture","https:\/\/www.pinterest.es\/iconico_es\/"]}]}},"_links":{"self":[{"href":"https:\/\/iconico.es\/fr\/wp-json\/wp\/v2\/product\/49068","targetHints":{"allow":["GET"]}}],"collection":[{"href":"https:\/\/iconico.es\/fr\/wp-json\/wp\/v2\/product"}],"about":[{"href":"https:\/\/iconico.es\/fr\/wp-json\/wp\/v2\/types\/product"}],"wp:featuredmedia":[{"embeddable":true,"href":"https:\/\/iconico.es\/fr\/wp-json\/wp\/v2\/media\/49071"}],"wp:attachment":[{"href":"https:\/\/iconico.es\/fr\/wp-json\/wp\/v2\/media?parent=49068"}],"wp:term":[{"taxonomy":"product_cat","embeddable":true,"href":"https:\/\/iconico.es\/fr\/wp-json\/wp\/v2\/product_cat?post=49068"},{"taxonomy":"product_tag","embeddable":true,"href":"https:\/\/iconico.es\/fr\/wp-json\/wp\/v2\/product_tag?post=49068"}],"curies":[{"name":"wp","href":"https:\/\/api.w.org\/{rel}","templated":true}]}}