{"id":49761,"date":"2023-06-16T12:45:03","date_gmt":"2023-07-18T10:00:23","guid":{"rendered":"https:\/\/iconico.es\/?post_type=product&#038;p=49761"},"modified":"2023-09-27T23:32:27","modified_gmt":"2023-09-27T23:32:27","slug":"lb16r65-vasque-rectangulaire-avec-cuvette-__-gauche","status":"publish","type":"product","link":"https:\/\/iconico.es\/fr\/produit\/lb16r65-vasque-rectangulaire-avec-cuvette-__-gauche\/","title":{"rendered":"LB16R65"},"content":{"rendered":"<p>Vasque rectangulaire avec cuvette \u00e0 gauche et angles avant arrondis, sans trop-plein.<\/p>\n<ul>\n<li>Fabriqu\u00e9 en Solid Surface.<\/li>\n<li>Dimensions: 650x310x100 mm.<\/li>\n<li>Installation du plan de travail ou murale.<\/li>\n<\/ul>\n","protected":false},"excerpt":{"rendered":"<p>Vasque rectangulaire avec cuvette \u00e0 gauche et angles avant arrondis, sans trop-plein.<\/p>\n<p>Fabriqu\u00e9 en Solid Surface.<\/p>\n","protected":false},"featured_media":49167,"template":"","meta":{"_acf_changed":false},"product_cat":[522],"product_tag":[],"class_list":["post-49761","product","type-product","status-publish","has-post-thumbnail","hentry","product_cat-vasques-solid-surface","pa_acabados-blanc-mat","pa_acabados-couleur-systeme-ral-classic"],"acf":[],"yoast_head":"<!-- This site is optimized with the Yoast SEO plugin v22.6 - https:\/\/yoast.com\/wordpress\/plugins\/seo\/ -->\r\n<title>LB16R65-Vasque rectangulaire avec cuvette \u00e0 gauche - BY IC\u00d3NICO<\/title>\r\n<meta name=\"description\" content=\"Vasque rectangulaire en Solid Surface avec cuvette \u00e0 gauche, angles avant arrondis. Dimensions: 650x310x100 mm. Installation murale ou sur plan de travail.\" \/>\r\n<meta name=\"robots\" content=\"index, follow, max-snippet:-1, max-image-preview:large, max-video-preview:-1\" \/>\r\n<link rel=\"canonical\" href=\"https:\/\/iconico.es\/fr\/produit\/lb16r65-vasque-rectangulaire-avec-cuvette-__-gauche\/\" \/>\r\n<meta property=\"og:locale\" content=\"fr_FR\" \/>\r\n<meta property=\"og:type\" content=\"article\" \/>\r\n<meta property=\"og:title\" content=\"LB16R65-Vasque rectangulaire avec cuvette \u00e0 gauche - BY IC\u00d3NICO\" \/>\r\n<meta property=\"og:description\" content=\"Vasque rectangulaire en Solid Surface avec cuvette \u00e0 gauche, angles avant arrondis. Dimensions: 650x310x100 mm. Installation murale ou sur plan de travail.\" \/>\r\n<meta property=\"og:url\" content=\"https:\/\/iconico.es\/fr\/produit\/lb16r65-vasque-rectangulaire-avec-cuvette-__-gauche\/\" \/>\r\n<meta property=\"og:site_name\" content=\"IC\u00d3NICO - Dise\u00f1os para la arquitectura\" \/>\r\n<meta property=\"article:publisher\" content=\"https:\/\/www.facebook.com\/iconicospain\" \/>\r\n<meta property=\"article:modified_time\" content=\"2023-09-27T23:32:27+00:00\" \/>\r\n<meta property=\"og:image\" content=\"https:\/\/iconico.es\/wp-content\/uploads\/LBA16R65_lavabo_apoyo16_rectangular_65_iconico.jpg\" \/>\r\n\t<meta property=\"og:image:width\" content=\"1000\" \/>\r\n\t<meta property=\"og:image:height\" content=\"657\" \/>\r\n\t<meta property=\"og:image:type\" content=\"image\/jpeg\" \/>\r\n<meta name=\"twitter:card\" content=\"summary_large_image\" \/>\r\n<script type=\"application\/ld+json\" class=\"yoast-schema-graph\">{\"@context\":\"https:\/\/schema.org\",\"@graph\":[{\"@type\":\"WebPage\",\"@id\":\"https:\/\/iconico.es\/fr\/produit\/lb16r65-vasque-rectangulaire-avec-cuvette-__-gauche\/\",\"url\":\"https:\/\/iconico.es\/fr\/produit\/lb16r65-vasque-rectangulaire-avec-cuvette-__-gauche\/\",\"name\":\"LB16R65-Vasque rectangulaire avec cuvette \u00e0 gauche - BY IC\u00d3NICO\",\"isPartOf\":{\"@id\":\"https:\/\/iconico.es\/en\/#website\"},\"primaryImageOfPage\":{\"@id\":\"https:\/\/iconico.es\/fr\/produit\/lb16r65-vasque-rectangulaire-avec-cuvette-__-gauche\/#primaryimage\"},\"image\":{\"@id\":\"https:\/\/iconico.es\/fr\/produit\/lb16r65-vasque-rectangulaire-avec-cuvette-__-gauche\/#primaryimage\"},\"thumbnailUrl\":\"https:\/\/iconico.es\/wp-content\/uploads\/LBA16R65_lavabo_apoyo16_rectangular_65_iconico.jpg\",\"datePublished\":\"2023-07-18T10:00:23+00:00\",\"dateModified\":\"2023-09-27T23:32:27+00:00\",\"description\":\"Vasque rectangulaire en Solid Surface avec cuvette \u00e0 gauche, angles avant arrondis. Dimensions: 650x310x100 mm. Installation murale ou sur plan de travail.\",\"breadcrumb\":{\"@id\":\"https:\/\/iconico.es\/fr\/produit\/lb16r65-vasque-rectangulaire-avec-cuvette-__-gauche\/#breadcrumb\"},\"inLanguage\":\"fr-FR\",\"potentialAction\":[{\"@type\":\"ReadAction\",\"target\":[\"https:\/\/iconico.es\/fr\/produit\/lb16r65-vasque-rectangulaire-avec-cuvette-__-gauche\/\"]}]},{\"@type\":\"ImageObject\",\"inLanguage\":\"fr-FR\",\"@id\":\"https:\/\/iconico.es\/fr\/produit\/lb16r65-vasque-rectangulaire-avec-cuvette-__-gauche\/#primaryimage\",\"url\":\"https:\/\/iconico.es\/wp-content\/uploads\/LBA16R65_lavabo_apoyo16_rectangular_65_iconico.jpg\",\"contentUrl\":\"https:\/\/iconico.es\/wp-content\/uploads\/LBA16R65_lavabo_apoyo16_rectangular_65_iconico.jpg\",\"width\":1000,\"height\":657,\"caption\":\"vasque rectangulaire\"},{\"@type\":\"BreadcrumbList\",\"@id\":\"https:\/\/iconico.es\/fr\/produit\/lb16r65-vasque-rectangulaire-avec-cuvette-__-gauche\/#breadcrumb\",\"itemListElement\":[{\"@type\":\"ListItem\",\"position\":1,\"name\":\"Home\",\"item\":\"https:\/\/iconico.es\/fr\/\"},{\"@type\":\"ListItem\",\"position\":2,\"name\":\"Boutique\",\"item\":\"https:\/\/iconico.es\/fr\/boutique\/\"},{\"@type\":\"ListItem\",\"position\":3,\"name\":\"LB16R65\"}]},{\"@type\":\"WebSite\",\"@id\":\"https:\/\/iconico.es\/en\/#website\",\"url\":\"https:\/\/iconico.es\/en\/\",\"name\":\"IC\u00d3NICO - Dise\u00f1os para la arquitectura\",\"description\":\"IC\u00d3NICO dise\u00f1a productos atemporales para la arquitectura que responden a los mismos criterios tanto en sus formas como en sus acabados, lujo y calidad.\",\"publisher\":{\"@id\":\"https:\/\/iconico.es\/en\/#organization\"},\"potentialAction\":[{\"@type\":\"SearchAction\",\"target\":{\"@type\":\"EntryPoint\",\"urlTemplate\":\"https:\/\/iconico.es\/en\/?s={search_term_string}\"},\"query-input\":\"required name=search_term_string\"}],\"inLanguage\":\"fr-FR\"},{\"@type\":\"Organization\",\"@id\":\"https:\/\/iconico.es\/en\/#organization\",\"name\":\"Dise\u00f1o Ic\u00f3nico, s.l.\",\"url\":\"https:\/\/iconico.es\/en\/\",\"logo\":{\"@type\":\"ImageObject\",\"inLanguage\":\"fr-FR\",\"@id\":\"https:\/\/iconico.es\/en\/#\/schema\/logo\/image\/\",\"url\":\"https:\/\/iconico.es\/wp-content\/uploads\/2021\/09\/cropped-iconico_Logotipo.png\",\"contentUrl\":\"https:\/\/iconico.es\/wp-content\/uploads\/2021\/09\/cropped-iconico_Logotipo.png\",\"width\":322,\"height\":80,\"caption\":\"Dise\u00f1o Ic\u00f3nico, s.l.\"},\"image\":{\"@id\":\"https:\/\/iconico.es\/en\/#\/schema\/logo\/image\/\"},\"sameAs\":[\"https:\/\/www.facebook.com\/iconicospain\",\"https:\/\/www.instagram.com\/iconico\/\",\"https:\/\/www.linkedin.com\/company\/iconico-elements-for-architecture\",\"https:\/\/www.pinterest.es\/iconico_es\/\"]}]}<\/script>\r\n<!-- \/ Yoast SEO plugin. -->","yoast_head_json":{"title":"LB16R65-Vasque rectangulaire avec cuvette \u00e0 gauche - BY IC\u00d3NICO","description":"Vasque rectangulaire en Solid Surface avec cuvette \u00e0 gauche, angles avant arrondis. Dimensions: 650x310x100 mm. Installation murale ou sur plan de travail.","robots":{"index":"index","follow":"follow","max-snippet":"max-snippet:-1","max-image-preview":"max-image-preview:large","max-video-preview":"max-video-preview:-1"},"canonical":"https:\/\/iconico.es\/fr\/produit\/lb16r65-vasque-rectangulaire-avec-cuvette-__-gauche\/","og_locale":"fr_FR","og_type":"article","og_title":"LB16R65-Vasque rectangulaire avec cuvette \u00e0 gauche - BY IC\u00d3NICO","og_description":"Vasque rectangulaire en Solid Surface avec cuvette \u00e0 gauche, angles avant arrondis. Dimensions: 650x310x100 mm. Installation murale ou sur plan de travail.","og_url":"https:\/\/iconico.es\/fr\/produit\/lb16r65-vasque-rectangulaire-avec-cuvette-__-gauche\/","og_site_name":"IC\u00d3NICO - Dise\u00f1os para la arquitectura","article_publisher":"https:\/\/www.facebook.com\/iconicospain","article_modified_time":"2023-09-27T23:32:27+00:00","og_image":[{"width":1000,"height":657,"url":"https:\/\/iconico.es\/wp-content\/uploads\/LBA16R65_lavabo_apoyo16_rectangular_65_iconico.jpg","type":"image\/jpeg"}],"twitter_card":"summary_large_image","schema":{"@context":"https:\/\/schema.org","@graph":[{"@type":"WebPage","@id":"https:\/\/iconico.es\/fr\/produit\/lb16r65-vasque-rectangulaire-avec-cuvette-__-gauche\/","url":"https:\/\/iconico.es\/fr\/produit\/lb16r65-vasque-rectangulaire-avec-cuvette-__-gauche\/","name":"LB16R65-Vasque rectangulaire avec cuvette \u00e0 gauche - BY IC\u00d3NICO","isPartOf":{"@id":"https:\/\/iconico.es\/en\/#website"},"primaryImageOfPage":{"@id":"https:\/\/iconico.es\/fr\/produit\/lb16r65-vasque-rectangulaire-avec-cuvette-__-gauche\/#primaryimage"},"image":{"@id":"https:\/\/iconico.es\/fr\/produit\/lb16r65-vasque-rectangulaire-avec-cuvette-__-gauche\/#primaryimage"},"thumbnailUrl":"https:\/\/iconico.es\/wp-content\/uploads\/LBA16R65_lavabo_apoyo16_rectangular_65_iconico.jpg","datePublished":"2023-07-18T10:00:23+00:00","dateModified":"2023-09-27T23:32:27+00:00","description":"Vasque rectangulaire en Solid Surface avec cuvette \u00e0 gauche, angles avant arrondis. Dimensions: 650x310x100 mm. Installation murale ou sur plan de travail.","breadcrumb":{"@id":"https:\/\/iconico.es\/fr\/produit\/lb16r65-vasque-rectangulaire-avec-cuvette-__-gauche\/#breadcrumb"},"inLanguage":"fr-FR","potentialAction":[{"@type":"ReadAction","target":["https:\/\/iconico.es\/fr\/produit\/lb16r65-vasque-rectangulaire-avec-cuvette-__-gauche\/"]}]},{"@type":"ImageObject","inLanguage":"fr-FR","@id":"https:\/\/iconico.es\/fr\/produit\/lb16r65-vasque-rectangulaire-avec-cuvette-__-gauche\/#primaryimage","url":"https:\/\/iconico.es\/wp-content\/uploads\/LBA16R65_lavabo_apoyo16_rectangular_65_iconico.jpg","contentUrl":"https:\/\/iconico.es\/wp-content\/uploads\/LBA16R65_lavabo_apoyo16_rectangular_65_iconico.jpg","width":1000,"height":657,"caption":"vasque rectangulaire"},{"@type":"BreadcrumbList","@id":"https:\/\/iconico.es\/fr\/produit\/lb16r65-vasque-rectangulaire-avec-cuvette-__-gauche\/#breadcrumb","itemListElement":[{"@type":"ListItem","position":1,"name":"Home","item":"https:\/\/iconico.es\/fr\/"},{"@type":"ListItem","position":2,"name":"Boutique","item":"https:\/\/iconico.es\/fr\/boutique\/"},{"@type":"ListItem","position":3,"name":"LB16R65"}]},{"@type":"WebSite","@id":"https:\/\/iconico.es\/en\/#website","url":"https:\/\/iconico.es\/en\/","name":"IC\u00d3NICO - Dise\u00f1os para la arquitectura","description":"IC\u00d3NICO dise\u00f1a productos atemporales para la arquitectura que responden a los mismos criterios tanto en sus formas como en sus acabados, lujo y calidad.","publisher":{"@id":"https:\/\/iconico.es\/en\/#organization"},"potentialAction":[{"@type":"SearchAction","target":{"@type":"EntryPoint","urlTemplate":"https:\/\/iconico.es\/en\/?s={search_term_string}"},"query-input":"required name=search_term_string"}],"inLanguage":"fr-FR"},{"@type":"Organization","@id":"https:\/\/iconico.es\/en\/#organization","name":"Dise\u00f1o Ic\u00f3nico, s.l.","url":"https:\/\/iconico.es\/en\/","logo":{"@type":"ImageObject","inLanguage":"fr-FR","@id":"https:\/\/iconico.es\/en\/#\/schema\/logo\/image\/","url":"https:\/\/iconico.es\/wp-content\/uploads\/2021\/09\/cropped-iconico_Logotipo.png","contentUrl":"https:\/\/iconico.es\/wp-content\/uploads\/2021\/09\/cropped-iconico_Logotipo.png","width":322,"height":80,"caption":"Dise\u00f1o Ic\u00f3nico, s.l."},"image":{"@id":"https:\/\/iconico.es\/en\/#\/schema\/logo\/image\/"},"sameAs":["https:\/\/www.facebook.com\/iconicospain","https:\/\/www.instagram.com\/iconico\/","https:\/\/www.linkedin.com\/company\/iconico-elements-for-architecture","https:\/\/www.pinterest.es\/iconico_es\/"]}]}},"_links":{"self":[{"href":"https:\/\/iconico.es\/fr\/wp-json\/wp\/v2\/product\/49761","targetHints":{"allow":["GET"]}}],"collection":[{"href":"https:\/\/iconico.es\/fr\/wp-json\/wp\/v2\/product"}],"about":[{"href":"https:\/\/iconico.es\/fr\/wp-json\/wp\/v2\/types\/product"}],"wp:featuredmedia":[{"embeddable":true,"href":"https:\/\/iconico.es\/fr\/wp-json\/wp\/v2\/media\/49167"}],"wp:attachment":[{"href":"https:\/\/iconico.es\/fr\/wp-json\/wp\/v2\/media?parent=49761"}],"wp:term":[{"taxonomy":"product_cat","embeddable":true,"href":"https:\/\/iconico.es\/fr\/wp-json\/wp\/v2\/product_cat?post=49761"},{"taxonomy":"product_tag","embeddable":true,"href":"https:\/\/iconico.es\/fr\/wp-json\/wp\/v2\/product_tag?post=49761"}],"curies":[{"name":"wp","href":"https:\/\/api.w.org\/{rel}","templated":true}]}}